{"id":298,"date":"2020-01-08T10:15:46","date_gmt":"2020-01-08T13:15:46","guid":{"rendered":"https:\/\/www.ufsm.br\/pro-reitorias\/prograd\/pet\/letras\/?page_id=298"},"modified":"2022-11-21T20:29:44","modified_gmt":"2022-11-21T23:29:44","slug":"edicoesdigitaisrevistaideias","status":"publish","type":"page","link":"https:\/\/www.ufsm.br\/pet\/letras\/edicoesdigitaisrevistaideias","title":{"rendered":"Edi\u00e7\u00f5es digitais da Revista Ideias"},"content":{"rendered":"\t\t<div data-elementor-type=\"wp-page\" data-elementor-id=\"298\" class=\"elementor elementor-298\">\n\t\t\t\t\t\t<section class=\"elementor-section elementor-top-section elementor-element elementor-element-4e3cee8 elementor-section-boxed elementor-section-height-default elementor-section-height-default\" data-id=\"4e3cee8\" data-element_type=\"section\">\n\t\t\t\t\t\t<div class=\"elementor-container elementor-column-gap-default\">\n\t\t\t\t\t<div class=\"elementor-column elementor-col-100 elementor-top-column elementor-element elementor-element-da7cc72\" data-id=\"da7cc72\" data-element_type=\"column\">\n\t\t\t<div class=\"elementor-widget-wrap elementor-element-populated\">\n\t\t\t\t\t\t<div class=\"elementor-element elementor-element-1ffdb91 elementor-widget elementor-widget-text-editor\" data-id=\"1ffdb91\" data-element_type=\"widget\" data-widget_type=\"text-editor.default\">\n\t\t\t\t<div class=\"elementor-widget-container\">\n\t\t\t\t\t\t\t<p>Devido ao contexto de pandemia e \u00e0 modalidade REDE em que a Universidade Federal de Santa Maria adotou, as \u00faltimas duas edi\u00e7\u00f5es da Revista Ideias est\u00e3o dispon\u00edveis apenas de maneira digital, at\u00e9 que haja um retorno presencial seguro e as edi\u00e7\u00f5es possam ser enviadas para gr\u00e1fica e distribu\u00eddas.<\/p><p>Sendo assim, disponibilizamos os links para o acesso das edi\u00e7\u00f5es de n\u00famero 29 e 30, abaixo:<\/p><h5>Edi\u00e7\u00e3o n\u00b0 29<\/h5><p>Link para a vers\u00e3o digital:\u00a0<a href=\"https:\/\/issuu.com\/revistaideiasletras\/docs\/ideias_29_digital_2_\">https:\/\/issuu.com\/revistaideiasletras\/docs\/ideias_29_digital_2_<\/a><\/p>\t\t\t\t\t\t<\/div>\n\t\t\t\t<\/div>\n\t\t\t\t\t<\/div>\n\t\t<\/div>\n\t\t\t\t\t<\/div>\n\t\t<\/section>\n\t\t\t\t<section class=\"elementor-section elementor-top-section elementor-element elementor-element-626ec54 elementor-section-boxed elementor-section-height-default elementor-section-height-default\" data-id=\"626ec54\" data-element_type=\"section\">\n\t\t\t\t\t\t<div class=\"elementor-container elementor-column-gap-default\">\n\t\t\t\t\t<div class=\"elementor-column elementor-col-100 elementor-top-column elementor-element elementor-element-d0b97b5\" data-id=\"d0b97b5\" data-element_type=\"column\">\n\t\t\t<div class=\"elementor-widget-wrap elementor-element-populated\">\n\t\t\t\t\t\t<div class=\"elementor-element elementor-element-ddbefad elementor-widget elementor-widget-image\" data-id=\"ddbefad\" data-element_type=\"widget\" data-widget_type=\"image.default\">\n\t\t\t\t<div class=\"elementor-widget-container\">\n\t\t\t\t\t\t\t\t\t\t\t\t\t<img fetchpriority=\"high\" decoding=\"async\" width=\"300\" height=\"300\" src=\"https:\/\/www.ufsm.br\/app\/uploads\/sites\/777\/2021\/07\/WhatsApp-Image-2021-07-21-at-18.36.27-300x300.jpeg\" class=\"attachment-medium size-medium wp-image-783\" alt=\"\" srcset=\"https:\/\/www.ufsm.br\/app\/uploads\/sites\/777\/2021\/07\/WhatsApp-Image-2021-07-21-at-18.36.27-300x300.jpeg 300w, https:\/\/www.ufsm.br\/app\/uploads\/sites\/777\/2021\/07\/WhatsApp-Image-2021-07-21-at-18.36.27-1024x1024.jpeg 1024w, https:\/\/www.ufsm.br\/app\/uploads\/sites\/777\/2021\/07\/WhatsApp-Image-2021-07-21-at-18.36.27-150x150.jpeg 150w, https:\/\/www.ufsm.br\/app\/uploads\/sites\/777\/2021\/07\/WhatsApp-Image-2021-07-21-at-18.36.27-768x768.jpeg 768w, https:\/\/www.ufsm.br\/app\/uploads\/sites\/777\/2021\/07\/WhatsApp-Image-2021-07-21-at-18.36.27.jpeg 1080w\" sizes=\"(max-width: 300px) 100vw, 300px\" \/>\t\t\t\t\t\t\t\t\t\t\t\t\t<\/div>\n\t\t\t\t<\/div>\n\t\t\t\t\t<\/div>\n\t\t<\/div>\n\t\t\t\t\t<\/div>\n\t\t<\/section>\n\t\t\t\t<section class=\"elementor-section elementor-top-section elementor-element elementor-element-1e15302 elementor-section-boxed elementor-section-height-default elementor-section-height-default\" data-id=\"1e15302\" data-element_type=\"section\">\n\t\t\t\t\t\t<div class=\"elementor-container elementor-column-gap-default\">\n\t\t\t\t\t<div class=\"elementor-column elementor-col-100 elementor-top-column elementor-element elementor-element-412e2d0\" data-id=\"412e2d0\" data-element_type=\"column\">\n\t\t\t<div class=\"elementor-widget-wrap elementor-element-populated\">\n\t\t\t\t\t\t<div class=\"elementor-element elementor-element-9b53ed8 elementor-widget elementor-widget-text-editor\" data-id=\"9b53ed8\" data-element_type=\"widget\" data-widget_type=\"text-editor.default\">\n\t\t\t\t<div class=\"elementor-widget-container\">\n\t\t\t\t\t\t\t<h5>Edi\u00e7\u00e3o n\u00b0 30<\/h5><p>Link para a vers\u00e3o digital: <a href=\"https:\/\/issuu.com\/revistaideiasletras\/docs\/revista_ideias_n.30_-_arquivo_de_diagrama_o_texto\">https:\/\/issuu.com\/revistaideiasletras\/docs\/revista_ideias_n.30_-_arquivo_de_diagrama_o_texto<\/a><\/p>\t\t\t\t\t\t<\/div>\n\t\t\t\t<\/div>\n\t\t\t\t\t<\/div>\n\t\t<\/div>\n\t\t\t\t\t<\/div>\n\t\t<\/section>\n\t\t\t\t<section class=\"elementor-section elementor-top-section elementor-element elementor-element-f7cc6c5 elementor-section-boxed elementor-section-height-default elementor-section-height-default\" data-id=\"f7cc6c5\" data-element_type=\"section\">\n\t\t\t\t\t\t<div class=\"elementor-container elementor-column-gap-default\">\n\t\t\t\t\t<div class=\"elementor-column elementor-col-100 elementor-top-column elementor-element elementor-element-3ef10ca\" data-id=\"3ef10ca\" data-element_type=\"column\">\n\t\t\t<div class=\"elementor-widget-wrap elementor-element-populated\">\n\t\t\t\t\t\t<div class=\"elementor-element elementor-element-81dec49 elementor-widget elementor-widget-image\" data-id=\"81dec49\" data-element_type=\"widget\" data-widget_type=\"image.default\">\n\t\t\t\t<div class=\"elementor-widget-container\">\n\t\t\t\t\t\t\t\t\t\t\t\t\t<img decoding=\"async\" width=\"300\" height=\"300\" src=\"https:\/\/www.ufsm.br\/app\/uploads\/sites\/777\/2021\/07\/1-300x300.jpg\" class=\"attachment-medium size-medium wp-image-782\" alt=\"\" srcset=\"https:\/\/www.ufsm.br\/app\/uploads\/sites\/777\/2021\/07\/1-300x300.jpg 300w, https:\/\/www.ufsm.br\/app\/uploads\/sites\/777\/2021\/07\/1-1024x1024.jpg 1024w, https:\/\/www.ufsm.br\/app\/uploads\/sites\/777\/2021\/07\/1-150x150.jpg 150w, https:\/\/www.ufsm.br\/app\/uploads\/sites\/777\/2021\/07\/1-768x768.jpg 768w, https:\/\/www.ufsm.br\/app\/uploads\/sites\/777\/2021\/07\/1.jpg 1080w\" sizes=\"(max-width: 300px) 100vw, 300px\" \/>\t\t\t\t\t\t\t\t\t\t\t\t\t<\/div>\n\t\t\t\t<\/div>\n\t\t\t\t\t<\/div>\n\t\t<\/div>\n\t\t\t\t\t<\/div>\n\t\t<\/section>\n\t\t\t\t<section class=\"elementor-section elementor-top-section elementor-element elementor-element-e55f262 elementor-section-boxed elementor-section-height-default elementor-section-height-default\" data-id=\"e55f262\" data-element_type=\"section\">\n\t\t\t\t\t\t<div class=\"elementor-container elementor-column-gap-default\">\n\t\t\t\t\t<div class=\"elementor-column elementor-col-100 elementor-top-column elementor-element elementor-element-e867558\" data-id=\"e867558\" data-element_type=\"column\">\n\t\t\t<div class=\"elementor-widget-wrap elementor-element-populated\">\n\t\t\t\t\t\t<div class=\"elementor-element elementor-element-05510b1 elementor-widget elementor-widget-text-editor\" data-id=\"05510b1\" data-element_type=\"widget\" data-widget_type=\"text-editor.default\">\n\t\t\t\t<div class=\"elementor-widget-container\">\n\t\t\t\t\t\t\t<p><strong><span style=\"font-size: 10pt\">Edi\u00e7\u00e3o n\u00ba 31<\/span><\/strong><span style=\"font-size: 10pt\"><!--nextpage--><\/span><\/p><p>Link para a vers\u00e3o digital: <a href=\"https:\/\/drive.google.com\/drive\/folders\/1mGwErznDpT06edaWgDpbYtnE7DTrk44X?usp=share_link\">https:\/\/drive.google.com\/drive\/folders\/1mGwErznDpT06edaWgDpbYtnE7DTrk44X?usp=share_link\u00a0<\/a><\/p>\t\t\t\t\t\t<\/div>\n\t\t\t\t<\/div>\n\t\t\t\t\t<\/div>\n\t\t<\/div>\n\t\t\t\t\t<\/div>\n\t\t<\/section>\n\t\t\t\t<section class=\"elementor-section elementor-top-section elementor-element elementor-element-6b792ac elementor-section-boxed elementor-section-height-default elementor-section-height-default\" data-id=\"6b792ac\" data-element_type=\"section\">\n\t\t\t\t\t\t<div class=\"elementor-container elementor-column-gap-default\">\n\t\t\t\t\t<div class=\"elementor-column elementor-col-100 elementor-top-column elementor-element elementor-element-596e817\" data-id=\"596e817\" data-element_type=\"column\">\n\t\t\t<div class=\"elementor-widget-wrap elementor-element-populated\">\n\t\t\t\t\t\t<div class=\"elementor-element elementor-element-51f9f79 elementor-widget elementor-widget-image\" data-id=\"51f9f79\" data-element_type=\"widget\" data-widget_type=\"image.default\">\n\t\t\t\t<div class=\"elementor-widget-container\">\n\t\t\t\t\t\t\t\t\t\t\t\t\t<img decoding=\"async\" width=\"210\" height=\"300\" src=\"https:\/\/www.ufsm.br\/app\/uploads\/sites\/777\/2022\/11\/Picsart_22-11-21_13-45-35-856-210x300.jpg\" class=\"attachment-medium size-medium wp-image-927\" alt=\"\" srcset=\"https:\/\/www.ufsm.br\/app\/uploads\/sites\/777\/2022\/11\/Picsart_22-11-21_13-45-35-856-210x300.jpg 210w, https:\/\/www.ufsm.br\/app\/uploads\/sites\/777\/2022\/11\/Picsart_22-11-21_13-45-35-856.jpg 649w\" sizes=\"(max-width: 210px) 100vw, 210px\" \/>\t\t\t\t\t\t\t\t\t\t\t\t\t<\/div>\n\t\t\t\t<\/div>\n\t\t\t\t\t<\/div>\n\t\t<\/div>\n\t\t\t\t\t<\/div>\n\t\t<\/section>\n\t\t\t\t<section class=\"elementor-section elementor-top-section elementor-element elementor-element-3d1d95c elementor-section-boxed elementor-section-height-default elementor-section-height-default\" data-id=\"3d1d95c\" data-element_type=\"section\">\n\t\t\t\t\t\t<div class=\"elementor-container elementor-column-gap-default\">\n\t\t\t\t\t<div class=\"elementor-column elementor-col-100 elementor-top-column elementor-element elementor-element-9912f89\" data-id=\"9912f89\" data-element_type=\"column\">\n\t\t\t<div class=\"elementor-widget-wrap elementor-element-populated\">\n\t\t\t\t\t\t<div class=\"elementor-element elementor-element-640dbcb elementor-widget elementor-widget-text-editor\" data-id=\"640dbcb\" data-element_type=\"widget\" data-widget_type=\"text-editor.default\">\n\t\t\t\t<div class=\"elementor-widget-container\">\n\t\t\t\t\t\t\t<p><strong>Edi\u00e7\u00e3o n\u00b0 32<\/strong><\/p><p>Link para acessar vers\u00e3o digital:\u00a0<a href=\"https:\/\/drive.google.com\/drive\/folders\/1mGwErznDpT06edaWgDpbYtnE7DTrk44X?usp=share_link\">https:\/\/drive.google.com\/drive\/folders\/1mGwErznDpT06edaWgDpbYtnE7DTrk44X?usp=share_link<\/a><\/p>\t\t\t\t\t\t<\/div>\n\t\t\t\t<\/div>\n\t\t\t\t\t<\/div>\n\t\t<\/div>\n\t\t\t\t\t<\/div>\n\t\t<\/section>\n\t\t\t\t<section class=\"elementor-section elementor-top-section elementor-element elementor-element-3ded91c elementor-section-boxed elementor-section-height-default elementor-section-height-default\" data-id=\"3ded91c\" data-element_type=\"section\">\n\t\t\t\t\t\t<div class=\"elementor-container elementor-column-gap-default\">\n\t\t\t\t\t<div class=\"elementor-column elementor-col-100 elementor-top-column elementor-element elementor-element-071af85\" data-id=\"071af85\" data-element_type=\"column\">\n\t\t\t<div class=\"elementor-widget-wrap elementor-element-populated\">\n\t\t\t\t\t\t<div class=\"elementor-element elementor-element-eb5206a elementor-widget elementor-widget-image\" data-id=\"eb5206a\" data-element_type=\"widget\" data-widget_type=\"image.default\">\n\t\t\t\t<div class=\"elementor-widget-container\">\n\t\t\t\t\t\t\t\t\t\t\t\t\t<img loading=\"lazy\" decoding=\"async\" width=\"211\" height=\"300\" src=\"https:\/\/www.ufsm.br\/app\/uploads\/sites\/777\/2022\/11\/Picsart_22-11-21_13-46-20-968-211x300.jpg\" class=\"attachment-medium size-medium wp-image-928\" alt=\"\" srcset=\"https:\/\/www.ufsm.br\/app\/uploads\/sites\/777\/2022\/11\/Picsart_22-11-21_13-46-20-968-211x300.jpg 211w, https:\/\/www.ufsm.br\/app\/uploads\/sites\/777\/2022\/11\/Picsart_22-11-21_13-46-20-968.jpg 656w\" sizes=\"(max-width: 211px) 100vw, 211px\" \/>\t\t\t\t\t\t\t\t\t\t\t\t\t<\/div>\n\t\t\t\t<\/div>\n\t\t\t\t\t<\/div>\n\t\t<\/div>\n\t\t\t\t\t<\/div>\n\t\t<\/section>\n\t\t\t\t<\/div>\n\t\t","protected":false},"excerpt":{"rendered":"<p>Devido ao contexto de pandemia e \u00e0 modalidade REDE em que a Universidade Federal de Santa Maria adotou, as \u00faltimas duas edi\u00e7\u00f5es da Revista Ideias est\u00e3o dispon\u00edveis apenas de maneira digital, at\u00e9 que haja um retorno presencial seguro e as edi\u00e7\u00f5es possam ser enviadas para gr\u00e1fica e distribu\u00eddas. Sendo assim, disponibilizamos os links para o [&hellip;]<\/p>\n","protected":false},"author":2223,"featured_media":0,"parent":0,"menu_order":0,"comment_status":"closed","ping_status":"closed","template":"","meta":{"footnotes":""},"categories":[],"tags":[],"class_list":["post-298","page","type-page","status-publish","hentry"],"acf":[],"_links":{"self":[{"href":"https:\/\/www.ufsm.br\/pet\/letras\/wp-json\/wp\/v2\/pages\/298","targetHints":{"allow":["GET"]}}],"collection":[{"href":"https:\/\/www.ufsm.br\/pet\/letras\/wp-json\/wp\/v2\/pages"}],"about":[{"href":"https:\/\/www.ufsm.br\/pet\/letras\/wp-json\/wp\/v2\/types\/page"}],"author":[{"embeddable":true,"href":"https:\/\/www.ufsm.br\/pet\/letras\/wp-json\/wp\/v2\/users\/2223"}],"replies":[{"embeddable":true,"href":"https:\/\/www.ufsm.br\/pet\/letras\/wp-json\/wp\/v2\/comments?post=298"}],"version-history":[{"count":0,"href":"https:\/\/www.ufsm.br\/pet\/letras\/wp-json\/wp\/v2\/pages\/298\/revisions"}],"wp:attachment":[{"href":"https:\/\/www.ufsm.br\/pet\/letras\/wp-json\/wp\/v2\/media?parent=298"}],"wp:term":[{"taxonomy":"category","embeddable":true,"href":"https:\/\/www.ufsm.br\/pet\/letras\/wp-json\/wp\/v2\/categories?post=298"},{"taxonomy":"post_tag","embeddable":true,"href":"https:\/\/www.ufsm.br\/pet\/letras\/wp-json\/wp\/v2\/tags?post=298"}],"curies":[{"name":"wp","href":"https:\/\/api.w.org\/{rel}","templated":true}]}}