{"id":43,"date":"2020-01-07T10:36:12","date_gmt":"2020-01-07T13:36:12","guid":{"rendered":"https:\/\/www.ufsm.br\/pro-reitorias\/prograd\/pet\/letras\/?page_id=43"},"modified":"2025-07-08T16:20:25","modified_gmt":"2025-07-08T19:20:25","slug":"atividades","status":"publish","type":"page","link":"https:\/\/www.ufsm.br\/pet\/letras\/atividades","title":{"rendered":"Atividades"},"content":{"rendered":"\t\t<div data-elementor-type=\"wp-page\" data-elementor-id=\"43\" class=\"elementor elementor-43\">\n\t\t\t\t\t\t<section class=\"elementor-section elementor-top-section elementor-element elementor-element-db84182 elementor-section-boxed elementor-section-height-default elementor-section-height-default\" data-id=\"db84182\" data-element_type=\"section\">\n\t\t\t\t\t\t<div class=\"elementor-container elementor-column-gap-default\">\n\t\t\t\t\t<div class=\"elementor-column elementor-col-100 elementor-top-column elementor-element elementor-element-6aabfde\" data-id=\"6aabfde\" data-element_type=\"column\">\n\t\t\t<div class=\"elementor-widget-wrap elementor-element-populated\">\n\t\t\t\t\t\t<div class=\"elementor-element elementor-element-8d76c44 elementor-widget elementor-widget-text-editor\" data-id=\"8d76c44\" data-element_type=\"widget\" data-widget_type=\"text-editor.default\">\n\t\t\t\t<div class=\"elementor-widget-container\">\n\t\t\t\t\t\t\t<p>Voc\u00ea conhece os projetos que o PET Letras promove?\u00a0<\/p><p><span style=\"color: #000000;font-size: 1rem\">As abas a seguir est\u00e3o apresentando o que n\u00f3s fazemos no programa e quais s\u00e3o os principais objetivos com cada projeto!<br \/>Todos os projetos acontecem de maneira simult\u00e2nea com diferentes PETianos do grupo em cada projeto.\u00a0 \u00a0<\/span><\/p>\t\t\t\t\t\t<\/div>\n\t\t\t\t<\/div>\n\t\t\t\t\t<\/div>\n\t\t<\/div>\n\t\t\t\t\t<\/div>\n\t\t<\/section>\n\t\t\t\t<section class=\"elementor-section elementor-top-section elementor-element elementor-element-f2dcc17 elementor-section-boxed elementor-section-height-default elementor-section-height-default\" data-id=\"f2dcc17\" data-element_type=\"section\">\n\t\t\t\t\t\t<div class=\"elementor-container elementor-column-gap-default\">\n\t\t\t\t\t<div class=\"elementor-column elementor-col-100 elementor-top-column elementor-element elementor-element-9be0dbc\" data-id=\"9be0dbc\" data-element_type=\"column\">\n\t\t\t<div class=\"elementor-widget-wrap elementor-element-populated\">\n\t\t\t\t\t\t<div class=\"elementor-element elementor-element-be82ec7 elementor-tabs-view-horizontal elementor-widget elementor-widget-tabs\" data-id=\"be82ec7\" data-element_type=\"widget\" data-widget_type=\"tabs.default\">\n\t\t\t\t<div class=\"elementor-widget-container\">\n\t\t\t\t\t<div class=\"elementor-tabs\">\n\t\t\t<div class=\"elementor-tabs-wrapper\" role=\"tablist\" >\n\t\t\t\t\t\t\t\t\t<div id=\"elementor-tab-title-1991\" class=\"elementor-tab-title elementor-tab-desktop-title\" aria-selected=\"true\" data-tab=\"1\" role=\"tab\" tabindex=\"0\" aria-controls=\"elementor-tab-content-1991\" aria-expanded=\"false\">Midias Sociais<\/div>\n\t\t\t\t\t\t\t\t\t<div id=\"elementor-tab-title-1992\" class=\"elementor-tab-title elementor-tab-desktop-title\" aria-selected=\"false\" data-tab=\"2\" role=\"tab\" tabindex=\"-1\" aria-controls=\"elementor-tab-content-1992\" aria-expanded=\"false\">Pralelit<\/div>\n\t\t\t\t\t\t\t\t\t<div id=\"elementor-tab-title-1993\" class=\"elementor-tab-title elementor-tab-desktop-title\" aria-selected=\"false\" data-tab=\"3\" role=\"tab\" tabindex=\"-1\" aria-controls=\"elementor-tab-content-1993\" aria-expanded=\"false\">Impulsionando Saberes<\/div>\n\t\t\t\t\t\t\t\t\t<div id=\"elementor-tab-title-1994\" class=\"elementor-tab-title elementor-tab-desktop-title\" aria-selected=\"false\" data-tab=\"4\" role=\"tab\" tabindex=\"-1\" aria-controls=\"elementor-tab-content-1994\" aria-expanded=\"false\">Ler Traz Prazer<\/div>\n\t\t\t\t\t\t\t\t\t<div id=\"elementor-tab-title-1995\" class=\"elementor-tab-title elementor-tab-desktop-title\" aria-selected=\"false\" data-tab=\"5\" role=\"tab\" tabindex=\"-1\" aria-controls=\"elementor-tab-content-1995\" aria-expanded=\"false\">Zines na Escola<\/div>\n\t\t\t\t\t\t\t\t\t<div id=\"elementor-tab-title-1996\" class=\"elementor-tab-title elementor-tab-desktop-title\" aria-selected=\"false\" data-tab=\"6\" role=\"tab\" tabindex=\"-1\" aria-controls=\"elementor-tab-content-1996\" aria-expanded=\"false\">Letras em Forma\u00e7\u00e3o<\/div>\n\t\t\t\t\t\t\t\t\t<div id=\"elementor-tab-title-1997\" class=\"elementor-tab-title elementor-tab-desktop-title\" aria-selected=\"false\" data-tab=\"7\" role=\"tab\" tabindex=\"-1\" aria-controls=\"elementor-tab-content-1997\" aria-expanded=\"false\">Est\u00fadio Editorial<\/div>\n\t\t\t\t\t\t\t<\/div>\n\t\t\t<div class=\"elementor-tabs-content-wrapper\" role=\"tablist\" aria-orientation=\"vertical\">\n\t\t\t\t\t\t\t\t\t<div class=\"elementor-tab-title elementor-tab-mobile-title\" aria-selected=\"true\" data-tab=\"1\" role=\"tab\" tabindex=\"0\" aria-controls=\"elementor-tab-content-1991\" aria-expanded=\"false\">Midias Sociais<\/div>\n\t\t\t\t\t<div id=\"elementor-tab-content-1991\" class=\"elementor-tab-content elementor-clearfix\" data-tab=\"1\" role=\"tabpanel\" aria-labelledby=\"elementor-tab-title-1991\" tabindex=\"0\" hidden=\"false\"><p>O objetivo \u00e9 divulgar a\u00e7\u00f5es, obras, eventos e participa\u00e7\u00f5es do PET, proporcionando uma integra\u00e7\u00e3o com a comunidade externa. N\u00f3s produzimos conte\u00fados semanais, sempre atualizando nossos canais de comunica\u00e7\u00e3o (principalmente no <a href=\"https:\/\/www.instagram.com\/petletraslabcorpus\/\">Instagram do projeto<\/a>) sobre tudo que rola por aqui!<\/p><p><img fetchpriority=\"high\" decoding=\"async\" class=\"alignnone size-full wp-image-1032\" src=\"https:\/\/www.ufsm.br\/app\/uploads\/sites\/777\/2025\/07\/Captura-de-tela-2025-07-08-151257.jpg\" alt=\"\" width=\"950\" height=\"417\" srcset=\"https:\/\/www.ufsm.br\/app\/uploads\/sites\/777\/2025\/07\/Captura-de-tela-2025-07-08-151257.jpg 950w, https:\/\/www.ufsm.br\/app\/uploads\/sites\/777\/2025\/07\/Captura-de-tela-2025-07-08-151257-300x132.jpg 300w, https:\/\/www.ufsm.br\/app\/uploads\/sites\/777\/2025\/07\/Captura-de-tela-2025-07-08-151257-768x337.jpg 768w\" sizes=\"(max-width: 950px) 100vw, 950px\" \/><img decoding=\"async\" class=\"alignnone size-full wp-image-1033\" src=\"https:\/\/www.ufsm.br\/app\/uploads\/sites\/777\/2025\/07\/Captura-de-tela-2025-07-08-151708.jpg\" alt=\"\" width=\"943\" height=\"418\" srcset=\"https:\/\/www.ufsm.br\/app\/uploads\/sites\/777\/2025\/07\/Captura-de-tela-2025-07-08-151708.jpg 943w, https:\/\/www.ufsm.br\/app\/uploads\/sites\/777\/2025\/07\/Captura-de-tela-2025-07-08-151708-300x133.jpg 300w, https:\/\/www.ufsm.br\/app\/uploads\/sites\/777\/2025\/07\/Captura-de-tela-2025-07-08-151708-768x340.jpg 768w\" sizes=\"(max-width: 943px) 100vw, 943px\" \/><\/p><\/div>\n\t\t\t\t\t\t\t\t\t<div class=\"elementor-tab-title elementor-tab-mobile-title\" aria-selected=\"false\" data-tab=\"2\" role=\"tab\" tabindex=\"-1\" aria-controls=\"elementor-tab-content-1992\" aria-expanded=\"false\">Pralelit<\/div>\n\t\t\t\t\t<div id=\"elementor-tab-content-1992\" class=\"elementor-tab-content elementor-clearfix\" data-tab=\"2\" role=\"tabpanel\" aria-labelledby=\"elementor-tab-title-1992\" tabindex=\"0\" hidden=\"hidden\"><p>O PraLeLit (Pr\u00e1ticas de Letramento Liter\u00e1rio) \u00e9 um grupo vinculado \u00e0 UFSM, coordenado pela professora Andrea do Roccio Souto. Nos reunimos quinzenalmente para discutir textos te\u00f3ricos, sequ\u00eancias did\u00e1ticas e pr\u00e1ticas de ensino inspiradas na proposta de Rildo Cosson.\u00a0<\/p><p>Nosso foco \u00e9 pensar a literatura na sala de aula de forma mais viva e significativa, conectando leitura, forma\u00e7\u00e3o cr\u00edtica e realidade dos alunos. Vem com a gente nessa jornada liter\u00e1ria! <img decoding=\"async\" class=\"alignnone size-large wp-image-1035\" src=\"https:\/\/www.ufsm.br\/app\/uploads\/sites\/777\/2025\/07\/WhatsApp-Image-2025-07-08-at-15.22.19-1-1024x768.jpeg\" alt=\"\" width=\"1024\" height=\"768\" srcset=\"https:\/\/www.ufsm.br\/app\/uploads\/sites\/777\/2025\/07\/WhatsApp-Image-2025-07-08-at-15.22.19-1-1024x768.jpeg 1024w, https:\/\/www.ufsm.br\/app\/uploads\/sites\/777\/2025\/07\/WhatsApp-Image-2025-07-08-at-15.22.19-1-300x225.jpeg 300w, https:\/\/www.ufsm.br\/app\/uploads\/sites\/777\/2025\/07\/WhatsApp-Image-2025-07-08-at-15.22.19-1-768x576.jpeg 768w, https:\/\/www.ufsm.br\/app\/uploads\/sites\/777\/2025\/07\/WhatsApp-Image-2025-07-08-at-15.22.19-1.jpeg 1280w\" sizes=\"(max-width: 1024px) 100vw, 1024px\" \/><\/p><\/div>\n\t\t\t\t\t\t\t\t\t<div class=\"elementor-tab-title elementor-tab-mobile-title\" aria-selected=\"false\" data-tab=\"3\" role=\"tab\" tabindex=\"-1\" aria-controls=\"elementor-tab-content-1993\" aria-expanded=\"false\">Impulsionando Saberes<\/div>\n\t\t\t\t\t<div id=\"elementor-tab-content-1993\" class=\"elementor-tab-content elementor-clearfix\" data-tab=\"3\" role=\"tabpanel\" aria-labelledby=\"elementor-tab-title-1993\" tabindex=\"0\" hidden=\"hidden\"><p>O projeto Impulsionando Saberes nasceu em 2023 com a miss\u00e3o de transformar a forma como os estudantes de institui\u00e7\u00f5es p\u00fablicas desenvolvem suas produ\u00e7\u00f5es textuais. Este ano os petianos do projeto est\u00e3o fornece\u00a0ndo as oficinas de produ\u00e7\u00e3o textual na escola\u00a0<a class=\"x1i10hfl xjbqb8w x1ejq31n x18oe1m7 x1sy0etr xstzfhl x972fbf x10w94by x1qhh985 x14e42zd x9f619 x1ypdohk xt0psk2 xe8uvvx xdj266r x14z9mp xat24cr x1lziwak xexx8yu xyri2b x18d9i69 x1c1uobl x16tdsg8 x1hl2dhg xggy1nq x1a2a7pz notranslate _a6hd\" role=\"link\" href=\"https:\/\/www.instagram.com\/profamargaridalopes\/\">@profamargaridalopes<\/a>\u00a0!<\/p><p>Por meio de atividades din\u00e2micas e reflexivas, buscamos estimular o pensamento cr\u00edtico, explorar a linguagem em conex\u00e3o com a realidade sociocultural dos alunos e fortalecer a argumenta\u00e7\u00e3o e a expressividade em seus textos.<\/p><p>Mais do que escrever bem, queremos impulsionar sonhos, abrindo caminhos para o ingresso no ensino superior e no mundo profissional.\u00a0<\/p><p><img loading=\"lazy\" decoding=\"async\" class=\"alignnone size-full wp-image-1036\" src=\"https:\/\/www.ufsm.br\/app\/uploads\/sites\/777\/2025\/07\/Captura-de-tela-2025-07-08-155213.jpg\" alt=\"\" width=\"570\" height=\"569\" srcset=\"https:\/\/www.ufsm.br\/app\/uploads\/sites\/777\/2025\/07\/Captura-de-tela-2025-07-08-155213.jpg 570w, https:\/\/www.ufsm.br\/app\/uploads\/sites\/777\/2025\/07\/Captura-de-tela-2025-07-08-155213-300x300.jpg 300w, https:\/\/www.ufsm.br\/app\/uploads\/sites\/777\/2025\/07\/Captura-de-tela-2025-07-08-155213-150x150.jpg 150w\" sizes=\"(max-width: 570px) 100vw, 570px\" \/><img loading=\"lazy\" decoding=\"async\" class=\"alignnone size-full wp-image-1037\" src=\"https:\/\/www.ufsm.br\/app\/uploads\/sites\/777\/2025\/07\/Captura-de-tela-2025-07-08-155252.jpg\" alt=\"\" width=\"569\" height=\"545\" srcset=\"https:\/\/www.ufsm.br\/app\/uploads\/sites\/777\/2025\/07\/Captura-de-tela-2025-07-08-155252.jpg 569w, https:\/\/www.ufsm.br\/app\/uploads\/sites\/777\/2025\/07\/Captura-de-tela-2025-07-08-155252-300x287.jpg 300w\" sizes=\"(max-width: 569px) 100vw, 569px\" \/><\/p><\/div>\n\t\t\t\t\t\t\t\t\t<div class=\"elementor-tab-title elementor-tab-mobile-title\" aria-selected=\"false\" data-tab=\"4\" role=\"tab\" tabindex=\"-1\" aria-controls=\"elementor-tab-content-1994\" aria-expanded=\"false\">Ler Traz Prazer<\/div>\n\t\t\t\t\t<div id=\"elementor-tab-content-1994\" class=\"elementor-tab-content elementor-clearfix\" data-tab=\"4\" role=\"tabpanel\" aria-labelledby=\"elementor-tab-title-1994\" tabindex=\"0\" hidden=\"hidden\"><p>O projeto \u201cLer Traz Prazer\u201d \u00e9 uma iniciativa do PET Letras da UFSM que busca promover o letramento liter\u00e1rio e incentivar a leitura como fonte de prazer e lazer entre a comunidade acad\u00eamica. A proposta consiste na realiza\u00e7\u00e3o de encontros mensais para a leitura e discuss\u00e3o de textos liter\u00e1rios \u2014 como contos, novelas e dramas \u2014, com \u00eanfase na literatura contempor\u00e2nea.<\/p><p>Os encontros ocorrem sempre na \u00faltima segunda-feira de cada m\u00eas, em hor\u00e1rio definido junto aos participantes. A cada m\u00eas, um novo texto ser\u00e1 disponibilizado em uma pasta online acess\u00edvel por link divulgado nas redes sociais do PET Letras.<\/p><p>Al\u00e9m da leitura e dos debates, o projeto prev\u00ea a realiza\u00e7\u00e3o de forma\u00e7\u00f5es peri\u00f3dicas para os integrantes da organiza\u00e7\u00e3o, abordando temas como letramento liter\u00e1rio e media\u00e7\u00e3o de leitura, com o objetivo de qualificar as discuss\u00f5es.<\/p><p>Os encontros s\u00e3o abertos aos estudantes, docentes e servidores da UFSM interessados em vivenciar a leitura liter\u00e1ria de forma compartilhada, reflexiva e prazerosa.<\/p><p><img loading=\"lazy\" decoding=\"async\" class=\"size-full wp-image-1038 aligncenter\" src=\"https:\/\/www.ufsm.br\/app\/uploads\/sites\/777\/2025\/07\/Captura-de-tela-2025-07-08-155841.jpg\" alt=\"\" width=\"452\" height=\"571\" srcset=\"https:\/\/www.ufsm.br\/app\/uploads\/sites\/777\/2025\/07\/Captura-de-tela-2025-07-08-155841.jpg 452w, https:\/\/www.ufsm.br\/app\/uploads\/sites\/777\/2025\/07\/Captura-de-tela-2025-07-08-155841-237x300.jpg 237w\" sizes=\"(max-width: 452px) 100vw, 452px\" \/><img loading=\"lazy\" decoding=\"async\" class=\"size-full wp-image-1039 aligncenter\" src=\"https:\/\/www.ufsm.br\/app\/uploads\/sites\/777\/2025\/07\/Captura-de-tela-2025-07-08-160027.jpg\" alt=\"\" width=\"575\" height=\"350\" srcset=\"https:\/\/www.ufsm.br\/app\/uploads\/sites\/777\/2025\/07\/Captura-de-tela-2025-07-08-160027.jpg 575w, https:\/\/www.ufsm.br\/app\/uploads\/sites\/777\/2025\/07\/Captura-de-tela-2025-07-08-160027-300x183.jpg 300w\" sizes=\"(max-width: 575px) 100vw, 575px\" \/><\/p><\/div>\n\t\t\t\t\t\t\t\t\t<div class=\"elementor-tab-title elementor-tab-mobile-title\" aria-selected=\"false\" data-tab=\"5\" role=\"tab\" tabindex=\"-1\" aria-controls=\"elementor-tab-content-1995\" aria-expanded=\"false\">Zines na Escola<\/div>\n\t\t\t\t\t<div id=\"elementor-tab-content-1995\" class=\"elementor-tab-content elementor-clearfix\" data-tab=\"5\" role=\"tabpanel\" aria-labelledby=\"elementor-tab-title-1995\" tabindex=\"0\" hidden=\"hidden\"><p>Nosso projeto &#8220;Zines na escola e a variedade lingu\u00edstica&#8221; est\u00e1 em funcionamento desde 2023 e tem como objetivo dinamizar oficinas criativas que celebrem as varia\u00e7\u00f5es lingu\u00edsticas do Portugu\u00eas Brasileiro, combatam o preconceito lingu\u00edstico e incentivem a produ\u00e7\u00e3o autoral por meio da escrita liter\u00e1ria e da produ\u00e7\u00e3o audiovisual.<\/p><p>Ao longo do processo, estudantes da rede p\u00fablica desenvolvem suas habilidades de leitura, escrita e autonomia criativa \u2014 tudo isso culminando na cria\u00e7\u00e3o de fanzines \u00fanicos, cheios de identidade, voz e pot\u00eancia!\u00a0<\/p><p>Porque toda forma de falar \u00e9 tamb\u00e9m uma forma de existir.\u00a0<\/p><p><img loading=\"lazy\" decoding=\"async\" class=\"alignnone size-full wp-image-1040\" src=\"https:\/\/www.ufsm.br\/app\/uploads\/sites\/777\/2025\/07\/Captura-de-tela-2025-07-08-160405.jpg\" alt=\"\" width=\"341\" height=\"256\" srcset=\"https:\/\/www.ufsm.br\/app\/uploads\/sites\/777\/2025\/07\/Captura-de-tela-2025-07-08-160405.jpg 341w, https:\/\/www.ufsm.br\/app\/uploads\/sites\/777\/2025\/07\/Captura-de-tela-2025-07-08-160405-300x225.jpg 300w\" sizes=\"(max-width: 341px) 100vw, 341px\" \/><\/p><\/div>\n\t\t\t\t\t\t\t\t\t<div class=\"elementor-tab-title elementor-tab-mobile-title\" aria-selected=\"false\" data-tab=\"6\" role=\"tab\" tabindex=\"-1\" aria-controls=\"elementor-tab-content-1996\" aria-expanded=\"false\">Letras em Forma\u00e7\u00e3o<\/div>\n\t\t\t\t\t<div id=\"elementor-tab-content-1996\" class=\"elementor-tab-content elementor-clearfix\" data-tab=\"6\" role=\"tabpanel\" aria-labelledby=\"elementor-tab-title-1996\" tabindex=\"0\" hidden=\"hidden\"><p>Esse \u00e9 mais um dos espa\u00e7os que fazem parte da nossa caminhada acad\u00eamica no PET Letras \u2014 e que foi pensado com muito carinho pra quem est\u00e1 come\u00e7ando no curso!\u00a0<\/p><p>O Letras em Forma\u00e7\u00e3o promove encontros mensais com professores convidados, al\u00e9m de rodas de conversa semanais com os calouros dos cursos de Letras da UFSM. O objetivo? Fortalecer a forma\u00e7\u00e3o dos estudantes, aprofundar conte\u00fados das disciplinas do n\u00facleo comum e criar um espa\u00e7o acolhedor de trocas e aprendizados.\u00a0<\/p><p><img loading=\"lazy\" decoding=\"async\" class=\"alignnone size-large wp-image-1041\" src=\"https:\/\/www.ufsm.br\/app\/uploads\/sites\/777\/2025\/07\/WhatsApp-Image-2025-07-08-at-15.22.19-1-1-1024x768.jpeg\" alt=\"\" width=\"1024\" height=\"768\" srcset=\"https:\/\/www.ufsm.br\/app\/uploads\/sites\/777\/2025\/07\/WhatsApp-Image-2025-07-08-at-15.22.19-1-1-1024x768.jpeg 1024w, https:\/\/www.ufsm.br\/app\/uploads\/sites\/777\/2025\/07\/WhatsApp-Image-2025-07-08-at-15.22.19-1-1-300x225.jpeg 300w, https:\/\/www.ufsm.br\/app\/uploads\/sites\/777\/2025\/07\/WhatsApp-Image-2025-07-08-at-15.22.19-1-1-768x576.jpeg 768w, https:\/\/www.ufsm.br\/app\/uploads\/sites\/777\/2025\/07\/WhatsApp-Image-2025-07-08-at-15.22.19-1-1.jpeg 1280w\" sizes=\"(max-width: 1024px) 100vw, 1024px\" \/><\/p><\/div>\n\t\t\t\t\t\t\t\t\t<div class=\"elementor-tab-title elementor-tab-mobile-title\" aria-selected=\"false\" data-tab=\"7\" role=\"tab\" tabindex=\"-1\" aria-controls=\"elementor-tab-content-1997\" aria-expanded=\"false\">Est\u00fadio Editorial<\/div>\n\t\t\t\t\t<div id=\"elementor-tab-content-1997\" class=\"elementor-tab-content elementor-clearfix\" data-tab=\"7\" role=\"tabpanel\" aria-labelledby=\"elementor-tab-title-1997\" tabindex=\"0\" hidden=\"hidden\"><p>Para ampliar os conhecimentos e trabalhos exercidos na Revista Ideias, criamos o projeto do Est\u00fadio Editorial.<\/p><p>Nosso projeto tem como miss\u00e3o capacitar petianos em t\u00e9cnicas de revis\u00e3o, editora\u00e7\u00e3o e publica\u00e7\u00e3o de conte\u00fados impressos e digitais. Al\u00e9m disso, buscamos divulgar os projetos e pesquisas desenvolvidos pelo grupo, sempre com qualidade, acessibilidade e identidade editorial.<\/p><p>Por meio do Est\u00fadio Editorial, vamos buscar promover a integra\u00e7\u00e3o com a comunidade acad\u00eamica e incentivar o desenvolvimento de habilidades pr\u00e1ticas essenciais ao mercado, como gest\u00e3o de ISSN, design gr\u00e1fico e publica\u00e7\u00f5es em diferentes formatos.<\/p><\/div>\n\t\t\t\t\t\t\t<\/div>\n\t\t<\/div>\n\t\t\t\t<\/div>\n\t\t\t\t<\/div>\n\t\t\t\t\t<\/div>\n\t\t<\/div>\n\t\t\t\t\t<\/div>\n\t\t<\/section>\n\t\t\t\t<\/div>\n\t\t","protected":false},"excerpt":{"rendered":"<p>Voc\u00ea conhece os projetos que o PET Letras promove?\u00a0 As abas a seguir est\u00e3o apresentando o que n\u00f3s fazemos no programa e quais s\u00e3o os principais objetivos com cada projeto!Todos os projetos acontecem de maneira simult\u00e2nea com diferentes PETianos do grupo em cada projeto.\u00a0 \u00a0 Midias Sociais Pralelit Impulsionando Saberes Ler Traz Prazer Zines na [&hellip;]<\/p>\n","protected":false},"author":2223,"featured_media":0,"parent":0,"menu_order":0,"comment_status":"closed","ping_status":"closed","template":"","meta":{"footnotes":""},"categories":[],"tags":[],"class_list":["post-43","page","type-page","status-publish","hentry"],"acf":[],"_links":{"self":[{"href":"https:\/\/www.ufsm.br\/pet\/letras\/wp-json\/wp\/v2\/pages\/43","targetHints":{"allow":["GET"]}}],"collection":[{"href":"https:\/\/www.ufsm.br\/pet\/letras\/wp-json\/wp\/v2\/pages"}],"about":[{"href":"https:\/\/www.ufsm.br\/pet\/letras\/wp-json\/wp\/v2\/types\/page"}],"author":[{"embeddable":true,"href":"https:\/\/www.ufsm.br\/pet\/letras\/wp-json\/wp\/v2\/users\/2223"}],"replies":[{"embeddable":true,"href":"https:\/\/www.ufsm.br\/pet\/letras\/wp-json\/wp\/v2\/comments?post=43"}],"version-history":[{"count":0,"href":"https:\/\/www.ufsm.br\/pet\/letras\/wp-json\/wp\/v2\/pages\/43\/revisions"}],"wp:attachment":[{"href":"https:\/\/www.ufsm.br\/pet\/letras\/wp-json\/wp\/v2\/media?parent=43"}],"wp:term":[{"taxonomy":"category","embeddable":true,"href":"https:\/\/www.ufsm.br\/pet\/letras\/wp-json\/wp\/v2\/categories?post=43"},{"taxonomy":"post_tag","embeddable":true,"href":"https:\/\/www.ufsm.br\/pet\/letras\/wp-json\/wp\/v2\/tags?post=43"}],"curies":[{"name":"wp","href":"https:\/\/api.w.org\/{rel}","templated":true}]}}