{"id":44,"date":"2021-07-07T10:38:00","date_gmt":"2021-07-07T13:38:00","guid":{"rendered":"https:\/\/www.ufsm.br\/pro-reitorias\/prograd\/pet\/letras\/?page_id=44"},"modified":"2022-06-10T20:57:05","modified_gmt":"2022-06-10T23:57:05","slug":"galeria","status":"publish","type":"page","link":"https:\/\/www.ufsm.br\/pet\/letras\/galeria","title":{"rendered":"Galeria"},"content":{"rendered":"<figure><\/figure>\n<figure><\/figure>\n<figure><a href=\"https:\/\/www.ufsm.br\/pet\/letras\/lembrancas-de-2021\/\"><br \/>\n<img fetchpriority=\"high\" decoding=\"async\" src=\"https:\/\/www.ufsm.br\/app\/uploads\/sites\/777\/2021\/06\/base.png\" alt=\"\" width=\"960\" height=\"720\" \/> <\/a><figcaption>LEMBRAN\u00c7AS DE 2021<\/figcaption><\/figure>\n<figure><a href=\"https:\/\/www.ufsm.br\/pet\/letras\/lembrancas-de-2020\/\"><br \/>\n<img fetchpriority=\"high\" decoding=\"async\" src=\"https:\/\/www.ufsm.br\/app\/uploads\/sites\/777\/2021\/06\/base.png\" alt=\"\" width=\"960\" height=\"720\" \/> <\/a><figcaption>LEMBRAN\u00c7AS DE 2020<\/figcaption><\/figure>\n<figure><a href=\"https:\/\/www.ufsm.br\/pet\/letras\/lembrancas-de-2019\/\"><br \/>\n<img fetchpriority=\"high\" decoding=\"async\" src=\"https:\/\/www.ufsm.br\/app\/uploads\/sites\/777\/2021\/06\/base.png\" alt=\"\" width=\"960\" height=\"720\" \/> <\/a><figcaption>LEMBRAN\u00c7AS DE 2019<\/figcaption><\/figure>\n<figure><a href=\"https:\/\/www.ufsm.br\/pet\/letras\/lembrancas-de-2018\/\"><br \/>\n<img fetchpriority=\"high\" decoding=\"async\" src=\"https:\/\/www.ufsm.br\/app\/uploads\/sites\/777\/2021\/06\/base.png\" alt=\"\" width=\"960\" height=\"720\" \/> <\/a><figcaption>LEMBRAN\u00c7AS DE 2018<\/figcaption><\/figure>\n<figure><a href=\"https:\/\/www.ufsm.br\/pet\/letras\/lembrancas-de-2017\/\"><br \/>\n<img fetchpriority=\"high\" decoding=\"async\" src=\"https:\/\/www.ufsm.br\/app\/uploads\/sites\/777\/2021\/06\/base.png\" alt=\"\" width=\"960\" height=\"720\" \/> <\/a><figcaption>LEMBRAN\u00c7AS DE 2017<\/figcaption><\/figure>\n<figure><a href=\"https:\/\/www.ufsm.br\/pet\/letras\/lembrancas-de-2016\/\"><br \/>\n<img fetchpriority=\"high\" decoding=\"async\" src=\"https:\/\/www.ufsm.br\/app\/uploads\/sites\/777\/2021\/06\/base.png\" alt=\"\" width=\"960\" height=\"720\" \/> <\/a><figcaption>LEMBRAN\u00c7AS DE 2016<\/figcaption><\/figure>\n<figure><a href=\"https:\/\/www.ufsm.br\/pet\/letras\/lembrancas-de-2015\/\"><br \/>\n<img fetchpriority=\"high\" decoding=\"async\" src=\"https:\/\/www.ufsm.br\/app\/uploads\/sites\/777\/2021\/06\/base.png\" alt=\"\" width=\"960\" height=\"720\" \/> <\/a><figcaption>LEMBRAN\u00c7AS DE 2015<\/figcaption><\/figure>\n<figure><a href=\"https:\/\/www.ufsm.br\/pet\/letras\/lembrancas-de-2014-2\/\"><br \/>\n<img decoding=\"async\" src=\"https:\/\/www.ufsm.br\/app\/uploads\/sites\/777\/2021\/06\/2014-\u2013-Encerramento-das-atividades-do-PET-Letras.jpg\" alt=\"\" width=\"960\" height=\"720\" \/> <\/a><figcaption>LEMBRAN\u00c7AS DE 2014<\/figcaption><\/figure>\n<figure><a href=\"https:\/\/www.ufsm.br\/pet\/letras\/lembrancas-de-2013\/\"><br \/>\n<img decoding=\"async\" src=\"https:\/\/www.ufsm.br\/app\/uploads\/sites\/777\/2021\/06\/2013-Ciclo-de-Plaestras.jpg\" alt=\"\" width=\"960\" height=\"720\" \/> <\/a><figcaption>LEMBRAN\u00c7AS DE 2013<\/figcaption><\/figure>\n<figure><a href=\"https:\/\/www.ufsm.br\/pet\/letras\/lembrancas-de-2012\/\"><br \/>\n<img fetchpriority=\"high\" decoding=\"async\" src=\"https:\/\/www.ufsm.br\/app\/uploads\/sites\/777\/2021\/06\/base.png\" alt=\"\" width=\"960\" height=\"720\" \/> <\/a><figcaption>LEMBRAN\u00c7AS DE 2012<\/figcaption><\/figure>\n<figure><a href=\"https:\/\/www.ufsm.br\/pet\/letras\/lembrancas-de-2011\/\"><br \/>\n<img fetchpriority=\"high\" decoding=\"async\" src=\"https:\/\/www.ufsm.br\/app\/uploads\/sites\/777\/2021\/06\/base.png\" alt=\"\" width=\"960\" height=\"720\" \/> <\/a><figcaption>LEMBRAN\u00c7AS DE 2011<\/figcaption><\/figure>\n<figure><a href=\"https:\/\/www.ufsm.br\/pet\/letras\/lembrancas-de-2010\/\"><br \/>\n<img loading=\"lazy\" decoding=\"async\" src=\"https:\/\/www.ufsm.br\/app\/uploads\/sites\/777\/2021\/06\/primeira-reuniao.jpg\" alt=\"\" width=\"960\" height=\"720\" \/> <\/a><figcaption>LEMBRANDAS DE 2010<\/figcaption><\/figure>\n<figure><a href=\"https:\/\/www.ufsm.br\/pet\/letras\/encerramento-do-ciclo-de-palestras-pet-letras-2014\/\"><img loading=\"lazy\" decoding=\"async\" src=\"https:\/\/www.ufsm.br\/app\/uploads\/sites\/777\/2020\/01\/6-1.jpg\" alt=\"\" width=\"1299\" height=\"974\" \/><\/a><\/figure>\n<p><a href=\"https:\/\/www.ufsm.br\/pet\/letras\/encerramento-do-ciclo-de-palestras-pet-letras-2014\/\">Parceria PET Letras e PEIF: Experi\u00eancia da constru\u00e7\u00e3o de um Dicion\u00e1rio Compartilhado de L\u00edngua de Fronteira<\/a><\/p>\n<figure><a href=\"https:\/\/www.ufsm.br\/pet\/letras\/pet-letras-no-evento-de-escolas-de-fronteira\/\"><img loading=\"lazy\" decoding=\"async\" src=\"https:\/\/www.ufsm.br\/app\/uploads\/sites\/777\/2020\/01\/2-8.jpg\" alt=\"\" width=\"1299\" height=\"974\" \/><\/a><\/figure>\n<p><a href=\"https:\/\/www.ufsm.br\/pet\/letras\/pet-letras-no-evento-de-escolas-de-fronteira\/\">Pet Letras no evento de Escolas de Fronteira<\/a><\/p>\n<figure><a href=\"https:\/\/www.ufsm.br\/pet\/letras\/pet-letras-e-pet-cisa-oficina-de-analise-de-discurso\/\"><img loading=\"lazy\" decoding=\"async\" src=\"https:\/\/www.ufsm.br\/app\/uploads\/sites\/777\/2020\/01\/1-6.jpg\" alt=\"\" width=\"1299\" height=\"974\" \/><\/a><\/figure>\n<p><a href=\"https:\/\/www.ufsm.br\/pet\/letras\/pet-letras-e-pet-cisa-oficina-de-analise-de-discurso\/\">PET Letras e PET CISA: Oficina de An\u00e1lise de Discurso<\/a><\/p>\n<figure><a href=\"https:\/\/www.ufsm.br\/pet\/letras\/ciclo-de-palestras-diferentes-possibilidades-de-analise-linguisticas\/\"><img loading=\"lazy\" decoding=\"async\" src=\"https:\/\/www.ufsm.br\/app\/uploads\/sites\/777\/2020\/01\/5-2.jpg\" alt=\"\" width=\"1299\" height=\"974\" \/><\/a><\/figure>\n<p><a href=\"https:\/\/www.ufsm.br\/pet\/letras\/ciclo-de-palestras-diferentes-possibilidades-de-analise-linguisticas\/\">Ciclo de Palestras \u2013 \u201cDiferentes possibilidades de an\u00e1lise lingu\u00edsticas\u201d<\/a><\/p>\n<figure><a href=\"https:\/\/www.ufsm.br\/pet\/letras\/cine-escola\/\"><img loading=\"lazy\" decoding=\"async\" src=\"https:\/\/www.ufsm.br\/app\/uploads\/sites\/777\/2020\/01\/12-3.jpg\" alt=\"\" width=\"1299\" height=\"974\" \/><\/a><\/figure>\n<p><a href=\"https:\/\/www.ufsm.br\/pet\/letras\/cine-escola\/\">Cine Escola<\/a><\/p>\n<figure><a href=\"https:\/\/www.ufsm.br\/pet\/letras\/ciclo-de-palestras-com-a-mesa-redonda-lingua-do-outro-que-tambem-e-minha\/\"><img loading=\"lazy\" decoding=\"async\" src=\"https:\/\/www.ufsm.br\/app\/uploads\/sites\/777\/2020\/01\/13-1.jpg\" alt=\"\" width=\"1299\" height=\"974\" \/><\/a><\/figure>\n<p><a href=\"https:\/\/www.ufsm.br\/pet\/letras\/ciclo-de-palestras-com-a-mesa-redonda-lingua-do-outro-que-tambem-e-minha\/\">Ciclo de Palestras com a Mesa Redonda \u201dL\u00edngua do outro que tamb\u00e9m \u00e9 minha\u201d.<\/a><\/p>\n<figure><a href=\"https:\/\/www.ufsm.br\/pet\/letras\/descubra\/\"><img loading=\"lazy\" decoding=\"async\" src=\"https:\/\/www.ufsm.br\/app\/uploads\/sites\/777\/2020\/01\/11-4.jpg\" alt=\"\" width=\"1299\" height=\"974\" \/><\/a><\/figure>\n<p><a href=\"https:\/\/www.ufsm.br\/pet\/letras\/descubra\/\">Descubra<\/a><\/p>\n<figure><a href=\"https:\/\/www.ufsm.br\/pet\/letras\/lembrancas-de-2013\/\"><img loading=\"lazy\" decoding=\"async\" src=\"https:\/\/www.ufsm.br\/app\/uploads\/sites\/777\/2020\/01\/20131010_191936.jpg\" alt=\"\" width=\"1920\" height=\"1440\" \/><\/a><\/figure>\n<p><a href=\"https:\/\/www.ufsm.br\/pet\/letras\/lembrancas-de-2013\/\">Ciclo de Palestras 2013<\/a><\/p>\n<figure><a href=\"https:\/\/www.ufsm.br\/pet\/letras\/ciclo-de-palestras\/\"><img loading=\"lazy\" decoding=\"async\" src=\"https:\/\/www.ufsm.br\/app\/uploads\/sites\/777\/2020\/01\/pedro2.jpg\" alt=\"\" width=\"1920\" height=\"1440\" \/><\/a><\/figure>\n<p><a href=\"https:\/\/www.ufsm.br\/pet\/letras\/ciclo-de-palestras\/\">Ciclo de Palestras<\/a><\/p>\n<figure><a href=\"https:\/\/www.ufsm.br\/pet\/letras\/1a-oficina-cuica\/\"><img loading=\"lazy\" decoding=\"async\" src=\"https:\/\/www.ufsm.br\/app\/uploads\/sites\/777\/2020\/01\/1cuica11.jpg\" alt=\"\" width=\"1152\" height=\"864\" \/><\/a><\/figure>\n<p><a href=\"https:\/\/www.ufsm.br\/pet\/letras\/1a-oficina-cuica\/\">1\u00aa Oficina CUICA<\/a><\/p>\n<figure><a href=\"https:\/\/www.ufsm.br\/pet\/letras\/3a-oficina-cuica\/\"><img loading=\"lazy\" decoding=\"async\" src=\"https:\/\/www.ufsm.br\/app\/uploads\/sites\/777\/2020\/01\/3cuica12.jpg\" alt=\"\" width=\"1920\" height=\"1440\" \/><\/a><\/figure>\n<p><a href=\"https:\/\/www.ufsm.br\/pet\/letras\/3a-oficina-cuica\/\">3\u00aa Oficina CUICA<\/a><\/p>\n<figure><a href=\"https:\/\/www.ufsm.br\/pet\/letras\/2a-oficina-cuica\/\"><img loading=\"lazy\" decoding=\"async\" src=\"https:\/\/www.ufsm.br\/app\/uploads\/sites\/777\/2020\/01\/2cuica8.jpg\" alt=\"\" width=\"1920\" height=\"1440\" \/><\/a><\/figure>\n<p><a href=\"https:\/\/www.ufsm.br\/pet\/letras\/2a-oficina-cuica\/\">2\u00aa Oficina CUICA<\/a><\/p>\n<figure><a href=\"https:\/\/www.ufsm.br\/pet\/letras\/1a-palestra-do-i-ciclo-de-palestras-pet-corpus\/\"><img loading=\"lazy\" decoding=\"async\" src=\"https:\/\/www.ufsm.br\/app\/uploads\/sites\/777\/2020\/01\/palestra.jpg\" alt=\"\" width=\"870\" height=\"652\" \/><\/a><\/figure>\n<p><a href=\"https:\/\/www.ufsm.br\/pet\/letras\/1a-palestra-do-i-ciclo-de-palestras-pet-corpus\/\">1\u00aa Palestra do I Ciclo de Palestras PET Corpus<\/a><\/p>\n<figure><a href=\"https:\/\/www.ufsm.br\/pet\/letras\/workshop-realizado-pelo-professor-dr-marcos-cordeiro-dornellas\/\"><img loading=\"lazy\" decoding=\"async\" src=\"https:\/\/www.ufsm.br\/app\/uploads\/sites\/777\/2020\/01\/workshop.jpg\" alt=\"\" width=\"870\" height=\"652\" \/><\/a><\/figure>\n<p><a href=\"https:\/\/www.ufsm.br\/pet\/letras\/workshop-realizado-pelo-professor-dr-marcos-cordeiro-dornellas\/\">Workshop realizado pelo Professor Dr. Marcos Cordeiro d\u00b4Ornellas<\/a><\/p>\n<figure><a href=\"https:\/\/www.ufsm.br\/pet\/letras\/encontro-pet-enfermagem\/\"><img loading=\"lazy\" decoding=\"async\" src=\"https:\/\/www.ufsm.br\/app\/uploads\/sites\/777\/2020\/01\/encontropet2.jpg\" alt=\"\" width=\"870\" height=\"652\" \/><\/a><\/figure>\n<p><a href=\"https:\/\/www.ufsm.br\/pet\/letras\/encontro-pet-enfermagem\/\">Encontro PET Enfermagem<\/a><\/p>\n","protected":false},"excerpt":{"rendered":"<p>LEMBRAN\u00c7AS DE 2021 LEMBRAN\u00c7AS DE 2020 LEMBRAN\u00c7AS DE 2019 LEMBRAN\u00c7AS DE 2018 LEMBRAN\u00c7AS DE 2017 LEMBRAN\u00c7AS DE 2016 LEMBRAN\u00c7AS DE 2015 LEMBRAN\u00c7AS DE 2014 LEMBRAN\u00c7AS DE 2013 LEMBRAN\u00c7AS DE 2012 LEMBRAN\u00c7AS DE 2011 LEMBRANDAS DE 2010 Parceria PET Letras e PEIF: Experi\u00eancia da constru\u00e7\u00e3o de um Dicion\u00e1rio Compartilhado de L\u00edngua de Fronteira Pet Letras no [&hellip;]<\/p>\n","protected":false},"author":4353,"featured_media":0,"parent":0,"menu_order":0,"comment_status":"closed","ping_status":"closed","template":"","meta":{"footnotes":""},"categories":[1],"tags":[],"class_list":["post-44","page","type-page","status-publish","hentry","category-sem-categoria"],"acf":[],"_links":{"self":[{"href":"https:\/\/www.ufsm.br\/pet\/letras\/wp-json\/wp\/v2\/pages\/44","targetHints":{"allow":["GET"]}}],"collection":[{"href":"https:\/\/www.ufsm.br\/pet\/letras\/wp-json\/wp\/v2\/pages"}],"about":[{"href":"https:\/\/www.ufsm.br\/pet\/letras\/wp-json\/wp\/v2\/types\/page"}],"author":[{"embeddable":true,"href":"https:\/\/www.ufsm.br\/pet\/letras\/wp-json\/wp\/v2\/users\/4353"}],"replies":[{"embeddable":true,"href":"https:\/\/www.ufsm.br\/pet\/letras\/wp-json\/wp\/v2\/comments?post=44"}],"version-history":[{"count":0,"href":"https:\/\/www.ufsm.br\/pet\/letras\/wp-json\/wp\/v2\/pages\/44\/revisions"}],"wp:attachment":[{"href":"https:\/\/www.ufsm.br\/pet\/letras\/wp-json\/wp\/v2\/media?parent=44"}],"wp:term":[{"taxonomy":"category","embeddable":true,"href":"https:\/\/www.ufsm.br\/pet\/letras\/wp-json\/wp\/v2\/categories?post=44"},{"taxonomy":"post_tag","embeddable":true,"href":"https:\/\/www.ufsm.br\/pet\/letras\/wp-json\/wp\/v2\/tags?post=44"}],"curies":[{"name":"wp","href":"https:\/\/api.w.org\/{rel}","templated":true}]}}