{"id":652,"date":"2020-01-08T10:57:40","date_gmt":"2020-01-08T13:57:40","guid":{"rendered":"https:\/\/www.ufsm.br\/pro-reitorias\/prograd\/pet\/letras\/?page_id=652"},"modified":"2020-01-08T10:58:22","modified_gmt":"2020-01-08T13:58:22","slug":"parceria-pet-letras-e-peif-experiencia-da-construcao-de-um-dicionario-compartilhado-de-lingua-de-fronteira","status":"publish","type":"page","link":"https:\/\/www.ufsm.br\/pet\/letras\/parceria-pet-letras-e-peif-experiencia-da-construcao-de-um-dicionario-compartilhado-de-lingua-de-fronteira","title":{"rendered":"Parceria PET Letras e PEIF: Experi\u00eancia da constru\u00e7\u00e3o de um Dicion\u00e1rio Compartilhado de L\u00edngua de Fronteira"},"content":{"rendered":"\t\t<div data-elementor-type=\"wp-page\" data-elementor-id=\"652\" class=\"elementor elementor-652\">\n\t\t\t\t\t\t<section class=\"elementor-section elementor-top-section elementor-element elementor-element-003f351 elementor-section-boxed elementor-section-height-default elementor-section-height-default\" data-id=\"003f351\" data-element_type=\"section\">\n\t\t\t\t\t\t<div class=\"elementor-container elementor-column-gap-default\">\n\t\t\t\t\t<div class=\"elementor-column elementor-col-100 elementor-top-column elementor-element elementor-element-b34103c\" data-id=\"b34103c\" data-element_type=\"column\">\n\t\t\t<div class=\"elementor-widget-wrap elementor-element-populated\">\n\t\t\t\t\t\t<div class=\"elementor-element elementor-element-96644a4 elementor-widget elementor-widget-image-gallery\" data-id=\"96644a4\" data-element_type=\"widget\" data-widget_type=\"image-gallery.default\">\n\t\t\t\t<div class=\"elementor-widget-container\">\n\t\t\t\t\t<div class=\"elementor-image-gallery\">\n\t\t\t<div id='gallery-1' class='gallery galleryid-652 gallery-columns-4 gallery-size-sow-carousel-default'><figure class='gallery-item'>\n\t\t\t<div class='gallery-icon landscape'>\n\t\t\t\t<a data-elementor-open-lightbox=\"yes\" data-elementor-lightbox-slideshow=\"96644a4\" data-elementor-lightbox-title=\"12\" data-e-action-hash=\"#elementor-action%3Aaction%3Dlightbox%26settings%3DeyJpZCI6Mzk3LCJ1cmwiOiJodHRwczpcL1wvd3d3LnVmc20uYnJcL2FwcFwvdXBsb2Fkc1wvc2l0ZXNcLzc3N1wvMjAyMFwvMDFcLzEyLTEuanBnIiwic2xpZGVzaG93IjoiOTY2NDRhNCJ9\" href='https:\/\/www.ufsm.br\/app\/uploads\/sites\/777\/2020\/01\/12-1.jpg'><img decoding=\"async\" width=\"272\" height=\"182\" src=\"https:\/\/www.ufsm.br\/app\/uploads\/sites\/777\/2020\/01\/12-1-272x182.jpg\" class=\"attachment-sow-carousel-default size-sow-carousel-default\" alt=\"\" \/><\/a>\n\t\t\t<\/div><\/figure><figure class='gallery-item'>\n\t\t\t<div class='gallery-icon landscape'>\n\t\t\t\t<a data-elementor-open-lightbox=\"yes\" data-elementor-lightbox-slideshow=\"96644a4\" data-elementor-lightbox-title=\"11\" data-e-action-hash=\"#elementor-action%3Aaction%3Dlightbox%26settings%3DeyJpZCI6Mzk2LCJ1cmwiOiJodHRwczpcL1wvd3d3LnVmc20uYnJcL2FwcFwvdXBsb2Fkc1wvc2l0ZXNcLzc3N1wvMjAyMFwvMDFcLzExLTEuanBnIiwic2xpZGVzaG93IjoiOTY2NDRhNCJ9\" href='https:\/\/www.ufsm.br\/app\/uploads\/sites\/777\/2020\/01\/11-1.jpg'><img decoding=\"async\" width=\"272\" height=\"182\" src=\"https:\/\/www.ufsm.br\/app\/uploads\/sites\/777\/2020\/01\/11-1-272x182.jpg\" class=\"attachment-sow-carousel-default size-sow-carousel-default\" alt=\"\" \/><\/a>\n\t\t\t<\/div><\/figure><figure class='gallery-item'>\n\t\t\t<div class='gallery-icon landscape'>\n\t\t\t\t<a data-elementor-open-lightbox=\"yes\" data-elementor-lightbox-slideshow=\"96644a4\" data-elementor-lightbox-title=\"10\" data-e-action-hash=\"#elementor-action%3Aaction%3Dlightbox%26settings%3DeyJpZCI6Mzk1LCJ1cmwiOiJodHRwczpcL1wvd3d3LnVmc20uYnJcL2FwcFwvdXBsb2Fkc1wvc2l0ZXNcLzc3N1wvMjAyMFwvMDFcLzEwLTEuanBnIiwic2xpZGVzaG93IjoiOTY2NDRhNCJ9\" href='https:\/\/www.ufsm.br\/app\/uploads\/sites\/777\/2020\/01\/10-1.jpg'><img decoding=\"async\" width=\"272\" height=\"182\" src=\"https:\/\/www.ufsm.br\/app\/uploads\/sites\/777\/2020\/01\/10-1-272x182.jpg\" class=\"attachment-sow-carousel-default size-sow-carousel-default\" alt=\"\" \/><\/a>\n\t\t\t<\/div><\/figure><figure class='gallery-item'>\n\t\t\t<div class='gallery-icon landscape'>\n\t\t\t\t<a data-elementor-open-lightbox=\"yes\" data-elementor-lightbox-slideshow=\"96644a4\" data-elementor-lightbox-title=\"9\" data-e-action-hash=\"#elementor-action%3Aaction%3Dlightbox%26settings%3DeyJpZCI6Mzk0LCJ1cmwiOiJodHRwczpcL1wvd3d3LnVmc20uYnJcL2FwcFwvdXBsb2Fkc1wvc2l0ZXNcLzc3N1wvMjAyMFwvMDFcLzktMS5qcGciLCJzbGlkZXNob3ciOiI5NjY0NGE0In0%3D\" href='https:\/\/www.ufsm.br\/app\/uploads\/sites\/777\/2020\/01\/9-1.jpg'><img loading=\"lazy\" decoding=\"async\" width=\"272\" height=\"182\" src=\"https:\/\/www.ufsm.br\/app\/uploads\/sites\/777\/2020\/01\/9-1-272x182.jpg\" class=\"attachment-sow-carousel-default size-sow-carousel-default\" alt=\"\" \/><\/a>\n\t\t\t<\/div><\/figure><figure class='gallery-item'>\n\t\t\t<div class='gallery-icon landscape'>\n\t\t\t\t<a data-elementor-open-lightbox=\"yes\" data-elementor-lightbox-slideshow=\"96644a4\" data-elementor-lightbox-title=\"8\" data-e-action-hash=\"#elementor-action%3Aaction%3Dlightbox%26settings%3DeyJpZCI6MzkzLCJ1cmwiOiJodHRwczpcL1wvd3d3LnVmc20uYnJcL2FwcFwvdXBsb2Fkc1wvc2l0ZXNcLzc3N1wvMjAyMFwvMDFcLzgtMS5qcGciLCJzbGlkZXNob3ciOiI5NjY0NGE0In0%3D\" href='https:\/\/www.ufsm.br\/app\/uploads\/sites\/777\/2020\/01\/8-1.jpg'><img loading=\"lazy\" decoding=\"async\" width=\"272\" height=\"182\" src=\"https:\/\/www.ufsm.br\/app\/uploads\/sites\/777\/2020\/01\/8-1-272x182.jpg\" class=\"attachment-sow-carousel-default size-sow-carousel-default\" alt=\"\" \/><\/a>\n\t\t\t<\/div><\/figure><figure class='gallery-item'>\n\t\t\t<div class='gallery-icon landscape'>\n\t\t\t\t<a data-elementor-open-lightbox=\"yes\" data-elementor-lightbox-slideshow=\"96644a4\" data-elementor-lightbox-title=\"7\" data-e-action-hash=\"#elementor-action%3Aaction%3Dlightbox%26settings%3DeyJpZCI6MzkyLCJ1cmwiOiJodHRwczpcL1wvd3d3LnVmc20uYnJcL2FwcFwvdXBsb2Fkc1wvc2l0ZXNcLzc3N1wvMjAyMFwvMDFcLzctMS5qcGciLCJzbGlkZXNob3ciOiI5NjY0NGE0In0%3D\" href='https:\/\/www.ufsm.br\/app\/uploads\/sites\/777\/2020\/01\/7-1.jpg'><img loading=\"lazy\" decoding=\"async\" width=\"272\" height=\"182\" src=\"https:\/\/www.ufsm.br\/app\/uploads\/sites\/777\/2020\/01\/7-1-272x182.jpg\" class=\"attachment-sow-carousel-default size-sow-carousel-default\" alt=\"\" \/><\/a>\n\t\t\t<\/div><\/figure><figure class='gallery-item'>\n\t\t\t<div class='gallery-icon landscape'>\n\t\t\t\t<a data-elementor-open-lightbox=\"yes\" data-elementor-lightbox-slideshow=\"96644a4\" data-elementor-lightbox-title=\"4\" data-e-action-hash=\"#elementor-action%3Aaction%3Dlightbox%26settings%3DeyJpZCI6MzkwLCJ1cmwiOiJodHRwczpcL1wvd3d3LnVmc20uYnJcL2FwcFwvdXBsb2Fkc1wvc2l0ZXNcLzc3N1wvMjAyMFwvMDFcLzQtMS5qcGciLCJzbGlkZXNob3ciOiI5NjY0NGE0In0%3D\" href='https:\/\/www.ufsm.br\/app\/uploads\/sites\/777\/2020\/01\/4-1.jpg'><img loading=\"lazy\" decoding=\"async\" width=\"272\" height=\"182\" src=\"https:\/\/www.ufsm.br\/app\/uploads\/sites\/777\/2020\/01\/4-1-272x182.jpg\" class=\"attachment-sow-carousel-default size-sow-carousel-default\" alt=\"\" \/><\/a>\n\t\t\t<\/div><\/figure><figure class='gallery-item'>\n\t\t\t<div class='gallery-icon landscape'>\n\t\t\t\t<a data-elementor-open-lightbox=\"yes\" data-elementor-lightbox-slideshow=\"96644a4\" data-elementor-lightbox-title=\"6\" data-e-action-hash=\"#elementor-action%3Aaction%3Dlightbox%26settings%3DeyJpZCI6MzkxLCJ1cmwiOiJodHRwczpcL1wvd3d3LnVmc20uYnJcL2FwcFwvdXBsb2Fkc1wvc2l0ZXNcLzc3N1wvMjAyMFwvMDFcLzYtMS5qcGciLCJzbGlkZXNob3ciOiI5NjY0NGE0In0%3D\" href='https:\/\/www.ufsm.br\/app\/uploads\/sites\/777\/2020\/01\/6-1.jpg'><img loading=\"lazy\" decoding=\"async\" width=\"272\" height=\"182\" src=\"https:\/\/www.ufsm.br\/app\/uploads\/sites\/777\/2020\/01\/6-1-272x182.jpg\" class=\"attachment-sow-carousel-default size-sow-carousel-default\" alt=\"\" \/><\/a>\n\t\t\t<\/div><\/figure><figure class='gallery-item'>\n\t\t\t<div class='gallery-icon landscape'>\n\t\t\t\t<a data-elementor-open-lightbox=\"yes\" data-elementor-lightbox-slideshow=\"96644a4\" data-elementor-lightbox-title=\"1\" data-e-action-hash=\"#elementor-action%3Aaction%3Dlightbox%26settings%3DeyJpZCI6Mzg3LCJ1cmwiOiJodHRwczpcL1wvd3d3LnVmc20uYnJcL2FwcFwvdXBsb2Fkc1wvc2l0ZXNcLzc3N1wvMjAyMFwvMDFcLzEtMS5qcGciLCJzbGlkZXNob3ciOiI5NjY0NGE0In0%3D\" href='https:\/\/www.ufsm.br\/app\/uploads\/sites\/777\/2020\/01\/1-1.jpg'><img loading=\"lazy\" decoding=\"async\" width=\"272\" height=\"182\" src=\"https:\/\/www.ufsm.br\/app\/uploads\/sites\/777\/2020\/01\/1-1-272x182.jpg\" class=\"attachment-sow-carousel-default size-sow-carousel-default\" alt=\"\" \/><\/a>\n\t\t\t<\/div><\/figure><figure class='gallery-item'>\n\t\t\t<div class='gallery-icon landscape'>\n\t\t\t\t<a data-elementor-open-lightbox=\"yes\" data-elementor-lightbox-slideshow=\"96644a4\" data-elementor-lightbox-title=\"3\" data-e-action-hash=\"#elementor-action%3Aaction%3Dlightbox%26settings%3DeyJpZCI6Mzg5LCJ1cmwiOiJodHRwczpcL1wvd3d3LnVmc20uYnJcL2FwcFwvdXBsb2Fkc1wvc2l0ZXNcLzc3N1wvMjAyMFwvMDFcLzMtMS5qcGciLCJzbGlkZXNob3ciOiI5NjY0NGE0In0%3D\" href='https:\/\/www.ufsm.br\/app\/uploads\/sites\/777\/2020\/01\/3-1.jpg'><img loading=\"lazy\" decoding=\"async\" width=\"272\" height=\"182\" src=\"https:\/\/www.ufsm.br\/app\/uploads\/sites\/777\/2020\/01\/3-1-272x182.jpg\" class=\"attachment-sow-carousel-default size-sow-carousel-default\" alt=\"\" \/><\/a>\n\t\t\t<\/div><\/figure><figure class='gallery-item'>\n\t\t\t<div class='gallery-icon landscape'>\n\t\t\t\t<a data-elementor-open-lightbox=\"yes\" data-elementor-lightbox-slideshow=\"96644a4\" data-elementor-lightbox-title=\"2\" data-e-action-hash=\"#elementor-action%3Aaction%3Dlightbox%26settings%3DeyJpZCI6Mzg4LCJ1cmwiOiJodHRwczpcL1wvd3d3LnVmc20uYnJcL2FwcFwvdXBsb2Fkc1wvc2l0ZXNcLzc3N1wvMjAyMFwvMDFcLzItMS5qcGciLCJzbGlkZXNob3ciOiI5NjY0NGE0In0%3D\" href='https:\/\/www.ufsm.br\/app\/uploads\/sites\/777\/2020\/01\/2-1.jpg'><img loading=\"lazy\" decoding=\"async\" width=\"272\" height=\"182\" src=\"https:\/\/www.ufsm.br\/app\/uploads\/sites\/777\/2020\/01\/2-1-272x182.jpg\" class=\"attachment-sow-carousel-default size-sow-carousel-default\" alt=\"\" \/><\/a>\n\t\t\t<\/div><\/figure>\n\t\t<\/div>\n\t\t<\/div>\n\t\t\t\t<\/div>\n\t\t\t\t<\/div>\n\t\t\t\t\t<\/div>\n\t\t<\/div>\n\t\t\t\t\t<\/div>\n\t\t<\/section>\n\t\t\t\t<\/div>\n\t\t","protected":false},"excerpt":{"rendered":"","protected":false},"author":2223,"featured_media":0,"parent":0,"menu_order":0,"comment_status":"closed","ping_status":"closed","template":"","meta":{"footnotes":""},"categories":[],"tags":[],"class_list":["post-652","page","type-page","status-publish","hentry"],"acf":[],"_links":{"self":[{"href":"https:\/\/www.ufsm.br\/pet\/letras\/wp-json\/wp\/v2\/pages\/652","targetHints":{"allow":["GET"]}}],"collection":[{"href":"https:\/\/www.ufsm.br\/pet\/letras\/wp-json\/wp\/v2\/pages"}],"about":[{"href":"https:\/\/www.ufsm.br\/pet\/letras\/wp-json\/wp\/v2\/types\/page"}],"author":[{"embeddable":true,"href":"https:\/\/www.ufsm.br\/pet\/letras\/wp-json\/wp\/v2\/users\/2223"}],"replies":[{"embeddable":true,"href":"https:\/\/www.ufsm.br\/pet\/letras\/wp-json\/wp\/v2\/comments?post=652"}],"version-history":[{"count":0,"href":"https:\/\/www.ufsm.br\/pet\/letras\/wp-json\/wp\/v2\/pages\/652\/revisions"}],"wp:attachment":[{"href":"https:\/\/www.ufsm.br\/pet\/letras\/wp-json\/wp\/v2\/media?parent=652"}],"wp:term":[{"taxonomy":"category","embeddable":true,"href":"https:\/\/www.ufsm.br\/pet\/letras\/wp-json\/wp\/v2\/categories?post=652"},{"taxonomy":"post_tag","embeddable":true,"href":"https:\/\/www.ufsm.br\/pet\/letras\/wp-json\/wp\/v2\/tags?post=652"}],"curies":[{"name":"wp","href":"https:\/\/api.w.org\/{rel}","templated":true}]}}