{"id":711,"date":"2020-12-16T13:30:18","date_gmt":"2020-12-16T16:30:18","guid":{"rendered":"https:\/\/www.ufsm.br\/pet\/letras\/?page_id=711"},"modified":"2020-12-16T17:00:13","modified_gmt":"2020-12-16T20:00:13","slug":"vozes-do-40a","status":"publish","type":"page","link":"https:\/\/www.ufsm.br\/pet\/letras\/vozes-do-40a","title":{"rendered":"Vozes do 40A"},"content":{"rendered":"\t\t<div data-elementor-type=\"wp-page\" data-elementor-id=\"711\" class=\"elementor elementor-711\">\n\t\t\t\t\t\t<section class=\"elementor-section elementor-top-section elementor-element elementor-element-ff16cfe elementor-section-boxed elementor-section-height-default elementor-section-height-default\" data-id=\"ff16cfe\" data-element_type=\"section\">\n\t\t\t\t\t\t<div class=\"elementor-container elementor-column-gap-default\">\n\t\t\t\t\t<div class=\"elementor-column elementor-col-100 elementor-top-column elementor-element elementor-element-0fc20d7\" data-id=\"0fc20d7\" data-element_type=\"column\">\n\t\t\t<div class=\"elementor-widget-wrap\">\n\t\t\t\t\t\t\t<\/div>\n\t\t<\/div>\n\t\t\t\t\t<\/div>\n\t\t<\/section>\n\t\t\t\t<section class=\"elementor-section elementor-top-section elementor-element elementor-element-3381055 elementor-section-boxed elementor-section-height-default elementor-section-height-default\" data-id=\"3381055\" data-element_type=\"section\">\n\t\t\t\t\t\t<div class=\"elementor-container elementor-column-gap-default\">\n\t\t\t\t\t<div class=\"elementor-column elementor-col-100 elementor-top-column elementor-element elementor-element-70aadda\" data-id=\"70aadda\" data-element_type=\"column\">\n\t\t\t<div class=\"elementor-widget-wrap elementor-element-populated\">\n\t\t\t\t\t\t<div class=\"elementor-element elementor-element-7916ce7 elementor-widget elementor-widget-text-editor\" data-id=\"7916ce7\" data-element_type=\"widget\" data-widget_type=\"text-editor.default\">\n\t\t\t\t<div class=\"elementor-widget-container\">\n\t\t\t\t\t\t\t<p>O Projeto<em> \u201cVozes do 40A: circula\u00e7\u00e3o e divulga\u00e7\u00e3o do conhecimento\u201d<\/em>\u00a0 surgiu com o intuito de realizar uma aproxima\u00e7\u00e3o maior entre alunos(as) e professores(as) dos Cursos de Licenciatura e de Bacharelado em Letras. Para tanto, o grupo PET Letras iniciou a produ\u00e7\u00e3o de uma s\u00e9rie de <em>podcasts<\/em> que tem por objetivo desenvolver e gravar uma conversa descontra\u00edda sobre a experi\u00eancia acad\u00eamica e profissional na \u00e1rea de atua\u00e7\u00e3o do(a) professor(a) convidado(a). Durante \u00e0 conversa, o\/a convidado\/a expressa tamb\u00e9m seus interesses fora do espa\u00e7o da sala de aula dando conselhos, fazendo indica\u00e7\u00f5es de livros e mostrando suas perspectivas te\u00f3ricas da sua \u00e1rea de atua\u00e7\u00e3o.<\/p><p>Os epis\u00f3dios podem ser encontrados no <a href=\"https:\/\/www.youtube.com\/channel\/UCHPb2W57VtL3PruTVVWhTXg\/videos\">Youtube<\/a> e no <a href=\"https:\/\/open.spotify.com\/show\/5Rkga14z3a6TJQswfKRwtq?si=GMbfV9fET66kVa6gDKSiTw\">Spotify<\/a>.<\/p>\t\t\t\t\t\t<\/div>\n\t\t\t\t<\/div>\n\t\t\t\t<div class=\"elementor-element elementor-element-79d8134 elementor-widget elementor-widget-heading\" data-id=\"79d8134\" data-element_type=\"widget\" data-widget_type=\"heading.default\">\n\t\t\t\t<div class=\"elementor-widget-container\">\n\t\t\t<div class=\"elementor-heading-title elementor-size-large\">Epis\u00f3dios de 2020<\/div>\t\t<\/div>\n\t\t\t\t<\/div>\n\t\t\t\t\t<\/div>\n\t\t<\/div>\n\t\t\t\t\t<\/div>\n\t\t<\/section>\n\t\t\t\t<section class=\"elementor-section elementor-top-section elementor-element elementor-element-c54e839 elementor-section-boxed elementor-section-height-default elementor-section-height-default\" data-id=\"c54e839\" data-element_type=\"section\">\n\t\t\t\t\t\t<div class=\"elementor-container elementor-column-gap-default\">\n\t\t\t\t\t<div class=\"elementor-column elementor-col-25 elementor-top-column elementor-element elementor-element-a4109c3\" data-id=\"a4109c3\" data-element_type=\"column\">\n\t\t\t<div class=\"elementor-widget-wrap\">\n\t\t\t\t\t\t\t<\/div>\n\t\t<\/div>\n\t\t\t\t<div class=\"elementor-column elementor-col-25 elementor-top-column elementor-element elementor-element-7f9a2c3\" data-id=\"7f9a2c3\" data-element_type=\"column\">\n\t\t\t<div class=\"elementor-widget-wrap\">\n\t\t\t\t\t\t\t<\/div>\n\t\t<\/div>\n\t\t\t\t<div class=\"elementor-column elementor-col-25 elementor-top-column elementor-element elementor-element-68e8216\" data-id=\"68e8216\" data-element_type=\"column\">\n\t\t\t<div class=\"elementor-widget-wrap\">\n\t\t\t\t\t\t\t<\/div>\n\t\t<\/div>\n\t\t\t\t<div class=\"elementor-column elementor-col-25 elementor-top-column elementor-element elementor-element-a268c36\" data-id=\"a268c36\" data-element_type=\"column\">\n\t\t\t<div class=\"elementor-widget-wrap\">\n\t\t\t\t\t\t\t<\/div>\n\t\t<\/div>\n\t\t\t\t\t<\/div>\n\t\t<\/section>\n\t\t\t\t<\/div>\n\t\t","protected":false},"excerpt":{"rendered":"<p>O Projeto \u201cVozes do 40A: circula\u00e7\u00e3o e divulga\u00e7\u00e3o do conhecimento\u201d\u00a0 surgiu com o intuito de realizar uma aproxima\u00e7\u00e3o maior entre alunos(as) e professores(as) dos Cursos de Licenciatura e de Bacharelado em Letras. Para tanto, o grupo PET Letras iniciou a produ\u00e7\u00e3o de uma s\u00e9rie de podcasts que tem por objetivo desenvolver e gravar uma conversa [&hellip;]<\/p>\n","protected":false},"author":3679,"featured_media":0,"parent":0,"menu_order":0,"comment_status":"closed","ping_status":"closed","template":"","meta":{"footnotes":""},"categories":[],"tags":[],"class_list":["post-711","page","type-page","status-publish","hentry"],"acf":[],"_links":{"self":[{"href":"https:\/\/www.ufsm.br\/pet\/letras\/wp-json\/wp\/v2\/pages\/711","targetHints":{"allow":["GET"]}}],"collection":[{"href":"https:\/\/www.ufsm.br\/pet\/letras\/wp-json\/wp\/v2\/pages"}],"about":[{"href":"https:\/\/www.ufsm.br\/pet\/letras\/wp-json\/wp\/v2\/types\/page"}],"author":[{"embeddable":true,"href":"https:\/\/www.ufsm.br\/pet\/letras\/wp-json\/wp\/v2\/users\/3679"}],"replies":[{"embeddable":true,"href":"https:\/\/www.ufsm.br\/pet\/letras\/wp-json\/wp\/v2\/comments?post=711"}],"version-history":[{"count":0,"href":"https:\/\/www.ufsm.br\/pet\/letras\/wp-json\/wp\/v2\/pages\/711\/revisions"}],"wp:attachment":[{"href":"https:\/\/www.ufsm.br\/pet\/letras\/wp-json\/wp\/v2\/media?parent=711"}],"wp:term":[{"taxonomy":"category","embeddable":true,"href":"https:\/\/www.ufsm.br\/pet\/letras\/wp-json\/wp\/v2\/categories?post=711"},{"taxonomy":"post_tag","embeddable":true,"href":"https:\/\/www.ufsm.br\/pet\/letras\/wp-json\/wp\/v2\/tags?post=711"}],"curies":[{"name":"wp","href":"https:\/\/api.w.org\/{rel}","templated":true}]}}