{"id":719,"date":"2020-12-16T15:18:54","date_gmt":"2020-12-16T18:18:54","guid":{"rendered":"https:\/\/www.ufsm.br\/pet\/letras\/?page_id=719"},"modified":"2020-12-16T15:19:47","modified_gmt":"2020-12-16T18:19:47","slug":"pet-e-letras-rodas-de-conversa","status":"publish","type":"page","link":"https:\/\/www.ufsm.br\/pet\/letras\/pet-e-letras-rodas-de-conversa","title":{"rendered":"PET \u00c9 Letras: Rodas de Conversa"},"content":{"rendered":"\t\t<div data-elementor-type=\"wp-page\" data-elementor-id=\"719\" class=\"elementor elementor-719\">\n\t\t\t\t\t\t<section class=\"elementor-section elementor-top-section elementor-element elementor-element-487cadc elementor-section-boxed elementor-section-height-default elementor-section-height-default\" data-id=\"487cadc\" data-element_type=\"section\">\n\t\t\t\t\t\t<div class=\"elementor-container elementor-column-gap-default\">\n\t\t\t\t\t<div class=\"elementor-column elementor-col-100 elementor-top-column elementor-element elementor-element-1510d3f\" data-id=\"1510d3f\" data-element_type=\"column\">\n\t\t\t<div class=\"elementor-widget-wrap\">\n\t\t\t\t\t\t\t<\/div>\n\t\t<\/div>\n\t\t\t\t\t<\/div>\n\t\t<\/section>\n\t\t\t\t<section class=\"elementor-section elementor-top-section elementor-element elementor-element-9f59e58 elementor-section-boxed elementor-section-height-default elementor-section-height-default\" data-id=\"9f59e58\" data-element_type=\"section\">\n\t\t\t\t\t\t<div class=\"elementor-container elementor-column-gap-default\">\n\t\t\t\t\t<div class=\"elementor-column elementor-col-100 elementor-top-column elementor-element elementor-element-acbca24\" data-id=\"acbca24\" data-element_type=\"column\">\n\t\t\t<div class=\"elementor-widget-wrap elementor-element-populated\">\n\t\t\t\t\t\t<div class=\"elementor-element elementor-element-015e6a6 elementor-widget elementor-widget-text-editor\" data-id=\"015e6a6\" data-element_type=\"widget\" data-widget_type=\"text-editor.default\">\n\t\t\t\t<div class=\"elementor-widget-container\">\n\t\t\t\t\t\t\t<p>O projeto de extens\u00e3o <em>\u201cPET \u00e9 Letras: \u00a0 rodas de conversa\u201d<\/em> \u00e9 uma atividade que possui um car\u00e1ter coletivo e integrador, que visa auxiliar estudantes dos Cursos de Letras Licenciatura e Bacharelado a constru\u00edrem sua identidade enquanto acad\u00eamicas e acad\u00eamicos inseridos no universo dos Cursos de Letras e suas especificidades, bem como proporcionar um v\u00ednculo maior entre institui\u00e7\u00e3o de ensino e corpo discente. Igualmente, \u00e9 com esse intuito que esse trabalho busca fortalecer a identidade do grupo PET Letras com os quatro cursos que o comp\u00f5em. Com isso, o objetivo deste trabalho \u00e9 estimular a perman\u00eancia dos discentes no curso, al\u00e9m de desenvolver uma identidade de grupo fundamental no Programa de Educa\u00e7\u00e3o Tutorial.<\/p>\t\t\t\t\t\t<\/div>\n\t\t\t\t<\/div>\n\t\t\t\t\t<\/div>\n\t\t<\/div>\n\t\t\t\t\t<\/div>\n\t\t<\/section>\n\t\t\t\t<\/div>\n\t\t","protected":false},"excerpt":{"rendered":"<p>O projeto de extens\u00e3o \u201cPET \u00e9 Letras: \u00a0 rodas de conversa\u201d \u00e9 uma atividade que possui um car\u00e1ter coletivo e integrador, que visa auxiliar estudantes dos Cursos de Letras Licenciatura e Bacharelado a constru\u00edrem sua identidade enquanto acad\u00eamicas e acad\u00eamicos inseridos no universo dos Cursos de Letras e suas especificidades, bem como proporcionar um v\u00ednculo [&hellip;]<\/p>\n","protected":false},"author":3679,"featured_media":0,"parent":0,"menu_order":0,"comment_status":"closed","ping_status":"closed","template":"","meta":{"footnotes":""},"categories":[],"tags":[],"class_list":["post-719","page","type-page","status-publish","hentry"],"acf":[],"_links":{"self":[{"href":"https:\/\/www.ufsm.br\/pet\/letras\/wp-json\/wp\/v2\/pages\/719","targetHints":{"allow":["GET"]}}],"collection":[{"href":"https:\/\/www.ufsm.br\/pet\/letras\/wp-json\/wp\/v2\/pages"}],"about":[{"href":"https:\/\/www.ufsm.br\/pet\/letras\/wp-json\/wp\/v2\/types\/page"}],"author":[{"embeddable":true,"href":"https:\/\/www.ufsm.br\/pet\/letras\/wp-json\/wp\/v2\/users\/3679"}],"replies":[{"embeddable":true,"href":"https:\/\/www.ufsm.br\/pet\/letras\/wp-json\/wp\/v2\/comments?post=719"}],"version-history":[{"count":0,"href":"https:\/\/www.ufsm.br\/pet\/letras\/wp-json\/wp\/v2\/pages\/719\/revisions"}],"wp:attachment":[{"href":"https:\/\/www.ufsm.br\/pet\/letras\/wp-json\/wp\/v2\/media?parent=719"}],"wp:term":[{"taxonomy":"category","embeddable":true,"href":"https:\/\/www.ufsm.br\/pet\/letras\/wp-json\/wp\/v2\/categories?post=719"},{"taxonomy":"post_tag","embeddable":true,"href":"https:\/\/www.ufsm.br\/pet\/letras\/wp-json\/wp\/v2\/tags?post=719"}],"curies":[{"name":"wp","href":"https:\/\/api.w.org\/{rel}","templated":true}]}}