{"id":720,"date":"2020-12-16T15:21:51","date_gmt":"2020-12-16T18:21:51","guid":{"rendered":"https:\/\/www.ufsm.br\/pet\/letras\/?page_id=720"},"modified":"2020-12-16T17:04:11","modified_gmt":"2020-12-16T20:04:11","slug":"manual-de-linguagem-inclusiva","status":"publish","type":"page","link":"https:\/\/www.ufsm.br\/pet\/letras\/manual-de-linguagem-inclusiva","title":{"rendered":"A manualiza\u00e7\u00e3o do saber Lingu\u00edstico: o processo de produ\u00e7\u00e3o de Guias de Linguagem Inclusiva"},"content":{"rendered":"\t\t<div data-elementor-type=\"wp-page\" data-elementor-id=\"720\" class=\"elementor elementor-720\">\n\t\t\t\t\t\t<section class=\"elementor-section elementor-top-section elementor-element elementor-element-7dfe06d elementor-section-boxed elementor-section-height-default elementor-section-height-default\" data-id=\"7dfe06d\" data-element_type=\"section\">\n\t\t\t\t\t\t<div class=\"elementor-container elementor-column-gap-default\">\n\t\t\t\t\t<div class=\"elementor-column elementor-col-100 elementor-top-column elementor-element elementor-element-b63df56\" data-id=\"b63df56\" data-element_type=\"column\">\n\t\t\t<div class=\"elementor-widget-wrap\">\n\t\t\t\t\t\t\t<\/div>\n\t\t<\/div>\n\t\t\t\t\t<\/div>\n\t\t<\/section>\n\t\t\t\t<section class=\"elementor-section elementor-top-section elementor-element elementor-element-dd58a62 elementor-section-boxed elementor-section-height-default elementor-section-height-default\" data-id=\"dd58a62\" data-element_type=\"section\">\n\t\t\t\t\t\t<div class=\"elementor-container elementor-column-gap-default\">\n\t\t\t\t\t<div class=\"elementor-column elementor-col-100 elementor-top-column elementor-element elementor-element-0a2a9ec\" data-id=\"0a2a9ec\" data-element_type=\"column\">\n\t\t\t<div class=\"elementor-widget-wrap elementor-element-populated\">\n\t\t\t\t\t\t<div class=\"elementor-element elementor-element-2960363 elementor-widget elementor-widget-text-editor\" data-id=\"2960363\" data-element_type=\"widget\" data-widget_type=\"text-editor.default\">\n\t\t\t\t<div class=\"elementor-widget-container\">\n\t\t\t\t\t\t\t<p>Este projeto de extens\u00e3o, vinculado ao projeto de pesquisa L\u00edngua, Pol\u00edtica e Hist\u00f3ria, visa \u00e0 elabora\u00e7\u00e3o de um Guia de Linguagem Inclusiva, sendo uma iniciativa de um grupo de acad\u00eamicas do PET Letras e destinado ao uso na reda\u00e7\u00e3o de documentos oficiais do programa do Minist\u00e9rio da Educa\u00e7\u00e3o (MEC), desenvolvido na UFSM: Programa de Educa\u00e7\u00e3o Tutorial (PET). O objetivo principal \u00e9 propor um guia de linguagem inclusiva que recomende uma cultura n\u00e3o sexista e n\u00e3o discriminat\u00f3ria, buscando a equidade de g\u00eanero nos usos lingu\u00edsticos no \u00e2mbito acad\u00eamico da pesquisa, do ensino e da extens\u00e3o, tr\u00edade fundamental dos grupos PET. Consideramos que o uso de uma linguagem inclusiva \u00e9 primordial na atualidade, levando em conta que todos os g\u00eaneros formam parte de nossa sociedade e, muitas vezes, s\u00e3o invisibilizados pelo uso de uma linguagem majoritariamente masculinizada. Neste projeto, entendemos o conceito de identidade de g\u00eanero como uma constru\u00e7\u00e3o social que n\u00e3o se limita \u00e0 dualidade feminino e masculino, incluindo tamb\u00e9m pessoas que se identificam com outros g\u00eaneros. Portanto, acreditamos que o uso de uma linguagem inclusiva consiste em n\u00e3o ignorar as diversas formas de discrimina\u00e7\u00e3o que a linguagem pode apresentar, pois o uso do masculino gen\u00e9rico, por exemplo, pode discriminar os outros g\u00eaneros existentes.<\/p>\t\t\t\t\t\t<\/div>\n\t\t\t\t<\/div>\n\t\t\t\t\t<\/div>\n\t\t<\/div>\n\t\t\t\t\t<\/div>\n\t\t<\/section>\n\t\t\t\t<\/div>\n\t\t","protected":false},"excerpt":{"rendered":"<p>Este projeto de extens\u00e3o, vinculado ao projeto de pesquisa L\u00edngua, Pol\u00edtica e Hist\u00f3ria, visa \u00e0 elabora\u00e7\u00e3o de um Guia de Linguagem Inclusiva, sendo uma iniciativa de um grupo de acad\u00eamicas do PET Letras e destinado ao uso na reda\u00e7\u00e3o de documentos oficiais do programa do Minist\u00e9rio da Educa\u00e7\u00e3o (MEC), desenvolvido na UFSM: Programa de Educa\u00e7\u00e3o [&hellip;]<\/p>\n","protected":false},"author":3679,"featured_media":0,"parent":0,"menu_order":0,"comment_status":"closed","ping_status":"closed","template":"","meta":{"footnotes":""},"categories":[],"tags":[],"class_list":["post-720","page","type-page","status-publish","hentry"],"acf":[],"_links":{"self":[{"href":"https:\/\/www.ufsm.br\/pet\/letras\/wp-json\/wp\/v2\/pages\/720","targetHints":{"allow":["GET"]}}],"collection":[{"href":"https:\/\/www.ufsm.br\/pet\/letras\/wp-json\/wp\/v2\/pages"}],"about":[{"href":"https:\/\/www.ufsm.br\/pet\/letras\/wp-json\/wp\/v2\/types\/page"}],"author":[{"embeddable":true,"href":"https:\/\/www.ufsm.br\/pet\/letras\/wp-json\/wp\/v2\/users\/3679"}],"replies":[{"embeddable":true,"href":"https:\/\/www.ufsm.br\/pet\/letras\/wp-json\/wp\/v2\/comments?post=720"}],"version-history":[{"count":0,"href":"https:\/\/www.ufsm.br\/pet\/letras\/wp-json\/wp\/v2\/pages\/720\/revisions"}],"wp:attachment":[{"href":"https:\/\/www.ufsm.br\/pet\/letras\/wp-json\/wp\/v2\/media?parent=720"}],"wp:term":[{"taxonomy":"category","embeddable":true,"href":"https:\/\/www.ufsm.br\/pet\/letras\/wp-json\/wp\/v2\/categories?post=720"},{"taxonomy":"post_tag","embeddable":true,"href":"https:\/\/www.ufsm.br\/pet\/letras\/wp-json\/wp\/v2\/tags?post=720"}],"curies":[{"name":"wp","href":"https:\/\/api.w.org\/{rel}","templated":true}]}}