{"id":723,"date":"2021-06-07T10:12:40","date_gmt":"2021-06-07T13:12:40","guid":{"rendered":"https:\/\/www.ufsm.br\/pet\/letras\/?page_id=723"},"modified":"2025-07-08T14:52:01","modified_gmt":"2025-07-08T17:52:01","slug":"projetos-de-2021","status":"publish","type":"page","link":"https:\/\/www.ufsm.br\/pet\/letras\/projetos-de-2021","title":{"rendered":"PROJETOS PET LETRAS"},"content":{"rendered":"\t\t<div data-elementor-type=\"wp-page\" data-elementor-id=\"723\" class=\"elementor elementor-723\">\n\t\t\t\t\t\t<section class=\"elementor-section elementor-top-section elementor-element elementor-element-02095e6 elementor-section-boxed elementor-section-height-default elementor-section-height-default\" data-id=\"02095e6\" data-element_type=\"section\">\n\t\t\t\t\t\t<div class=\"elementor-container elementor-column-gap-default\">\n\t\t\t\t\t<div class=\"elementor-column elementor-col-100 elementor-top-column elementor-element elementor-element-e7fe5b3\" data-id=\"e7fe5b3\" data-element_type=\"column\">\n\t\t\t<div class=\"elementor-widget-wrap elementor-element-populated\">\n\t\t\t\t\t\t<div class=\"elementor-element elementor-element-93c5db3 elementor-widget elementor-widget-toggle\" data-id=\"93c5db3\" data-element_type=\"widget\" data-widget_type=\"toggle.default\">\n\t\t\t\t<div class=\"elementor-widget-container\">\n\t\t\t\t\t<div class=\"elementor-toggle\">\n\t\t\t\t\t\t\t<div class=\"elementor-toggle-item\">\n\t\t\t\t\t<div id=\"elementor-tab-title-1541\" class=\"elementor-tab-title\" data-tab=\"1\" role=\"button\" aria-controls=\"elementor-tab-content-1541\" aria-expanded=\"false\">\n\t\t\t\t\t\t\t\t\t\t\t\t<span class=\"elementor-toggle-icon elementor-toggle-icon-left\" aria-hidden=\"true\">\n\t\t\t\t\t\t\t\t\t\t\t\t\t\t\t<span class=\"elementor-toggle-icon-closed\"><i class=\"fas fa-caret-right\"><\/i><\/span>\n\t\t\t\t\t\t\t\t<span class=\"elementor-toggle-icon-opened\"><i class=\"elementor-toggle-icon-opened fas fa-caret-up\"><\/i><\/span>\n\t\t\t\t\t\t\t\t\t\t\t\t\t<\/span>\n\t\t\t\t\t\t\t\t\t\t\t\t<a class=\"elementor-toggle-title\" tabindex=\"0\">Projetos 2025<\/a>\n\t\t\t\t\t<\/div>\n\n\t\t\t\t\t<div id=\"elementor-tab-content-1541\" class=\"elementor-tab-content elementor-clearfix\" data-tab=\"1\" role=\"region\" aria-labelledby=\"elementor-tab-title-1541\"><ul><li>2025 &#8211; Est\u00fadio Editorial<\/li><li>2025 &#8211; Impulsionando Saberes<\/li><li>2025 &#8211; M\u00eddias Sociais<\/li><li>2025 &#8211; Pr\u00e1ticas de Letramento Liter\u00e1rio (PRALELIT)<\/li><li>\u00a02025 &#8211; Clube do Livro Ler Traz Prazer\u00a0<\/li><li>2025 &#8211; Letras em Forma\u00e7\u00e3o<\/li><li>2025 &#8211; Hist\u00f3ria do Conhecimento Lingu\u00edstico<\/li><li>2025 &#8211; Zines na Escola<\/li><\/ul><\/div>\n\t\t\t\t<\/div>\n\t\t\t\t\t\t\t<div class=\"elementor-toggle-item\">\n\t\t\t\t\t<div id=\"elementor-tab-title-1542\" class=\"elementor-tab-title\" data-tab=\"2\" role=\"button\" aria-controls=\"elementor-tab-content-1542\" aria-expanded=\"false\">\n\t\t\t\t\t\t\t\t\t\t\t\t<span class=\"elementor-toggle-icon elementor-toggle-icon-left\" aria-hidden=\"true\">\n\t\t\t\t\t\t\t\t\t\t\t\t\t\t\t<span class=\"elementor-toggle-icon-closed\"><i class=\"fas fa-caret-right\"><\/i><\/span>\n\t\t\t\t\t\t\t\t<span class=\"elementor-toggle-icon-opened\"><i class=\"elementor-toggle-icon-opened fas fa-caret-up\"><\/i><\/span>\n\t\t\t\t\t\t\t\t\t\t\t\t\t<\/span>\n\t\t\t\t\t\t\t\t\t\t\t\t<a class=\"elementor-toggle-title\" tabindex=\"0\">Projetos 2024<\/a>\n\t\t\t\t\t<\/div>\n\n\t\t\t\t\t<div id=\"elementor-tab-content-1542\" class=\"elementor-tab-content elementor-clearfix\" data-tab=\"2\" role=\"region\" aria-labelledby=\"elementor-tab-title-1542\"><ul><li><a href=\"https:\/\/www.ufsm.br\/app\/uploads\/sites\/777\/2024\/07\/4-300x300.jpg\">2024 &#8211; Impulsionando Saberes<\/a><\/li><li><a href=\"https:\/\/www.ufsm.br\/app\/uploads\/sites\/777\/2024\/07\/3-300x300.jpg\">2024 &#8211; Letras em Forma\u00e7\u00e3o<\/a><\/li><li><a href=\"https:\/\/www.ufsm.br\/app\/uploads\/sites\/777\/2024\/07\/1-300x300.jpg\">2024 &#8211; M\u00eddias Sociais<\/a><\/li><li><a href=\"https:\/\/www.ufsm.br\/app\/uploads\/sites\/777\/2024\/07\/5-300x300.jpg\">2024 &#8211; PRALELIT<\/a><\/li><li><a href=\"https:\/\/www.ufsm.br\/app\/uploads\/sites\/777\/2024\/07\/6-300x300.jpg\">2024 &#8211; Revista Ideias<\/a><\/li><li><a href=\"https:\/\/www.ufsm.br\/app\/uploads\/sites\/777\/2024\/07\/2-300x300.jpg\">2024 &#8211; Zines nas Escolas<\/a><\/li><\/ul><\/div>\n\t\t\t\t<\/div>\n\t\t\t\t\t\t\t<div class=\"elementor-toggle-item\">\n\t\t\t\t\t<div id=\"elementor-tab-title-1543\" class=\"elementor-tab-title\" data-tab=\"3\" role=\"button\" aria-controls=\"elementor-tab-content-1543\" aria-expanded=\"false\">\n\t\t\t\t\t\t\t\t\t\t\t\t<span class=\"elementor-toggle-icon elementor-toggle-icon-left\" aria-hidden=\"true\">\n\t\t\t\t\t\t\t\t\t\t\t\t\t\t\t<span class=\"elementor-toggle-icon-closed\"><i class=\"fas fa-caret-right\"><\/i><\/span>\n\t\t\t\t\t\t\t\t<span class=\"elementor-toggle-icon-opened\"><i class=\"elementor-toggle-icon-opened fas fa-caret-up\"><\/i><\/span>\n\t\t\t\t\t\t\t\t\t\t\t\t\t<\/span>\n\t\t\t\t\t\t\t\t\t\t\t\t<a class=\"elementor-toggle-title\" tabindex=\"0\">Projetos 2023<\/a>\n\t\t\t\t\t<\/div>\n\n\t\t\t\t\t<div id=\"elementor-tab-content-1543\" class=\"elementor-tab-content elementor-clearfix\" data-tab=\"3\" role=\"region\" aria-labelledby=\"elementor-tab-title-1543\"><ul><li><a href=\"https:\/\/www.ufsm.br\/app\/uploads\/sites\/777\/2023\/09\/MIDIAS.jpg\">2023 &#8211; M\u00eddias Sociais\u00a0<\/a><\/li><li><a href=\"https:\/\/www.ufsm.br\/app\/uploads\/sites\/777\/2023\/09\/IMPULSIONANDO.jpg\">2023 &#8211; Impulsionando Saberes\u00a0<\/a><\/li><li><a href=\"https:\/\/www.ufsm.br\/app\/uploads\/sites\/777\/2023\/09\/VOZES.jpg\">2023 &#8211; PET \u00e9 Letras: Vozes do 40A<\/a><\/li><li><a href=\"https:\/\/www.ufsm.br\/app\/uploads\/sites\/777\/2023\/09\/IDEIAS.jpg\">2023 &#8211; Revista Ideias\u00a0<\/a><\/li><li><a href=\"https:\/\/www.ufsm.br\/app\/uploads\/sites\/777\/2023\/09\/PRALELIT.jpg\">2023 &#8211; PRALELIT<\/a><\/li><\/ul><\/div>\n\t\t\t\t<\/div>\n\t\t\t\t\t\t\t<div class=\"elementor-toggle-item\">\n\t\t\t\t\t<div id=\"elementor-tab-title-1544\" class=\"elementor-tab-title\" data-tab=\"4\" role=\"button\" aria-controls=\"elementor-tab-content-1544\" aria-expanded=\"false\">\n\t\t\t\t\t\t\t\t\t\t\t\t<span class=\"elementor-toggle-icon elementor-toggle-icon-left\" aria-hidden=\"true\">\n\t\t\t\t\t\t\t\t\t\t\t\t\t\t\t<span class=\"elementor-toggle-icon-closed\"><i class=\"fas fa-caret-right\"><\/i><\/span>\n\t\t\t\t\t\t\t\t<span class=\"elementor-toggle-icon-opened\"><i class=\"elementor-toggle-icon-opened fas fa-caret-up\"><\/i><\/span>\n\t\t\t\t\t\t\t\t\t\t\t\t\t<\/span>\n\t\t\t\t\t\t\t\t\t\t\t\t<a class=\"elementor-toggle-title\" tabindex=\"0\">Projetos 2022<\/a>\n\t\t\t\t\t<\/div>\n\n\t\t\t\t\t<div id=\"elementor-tab-content-1544\" class=\"elementor-tab-content elementor-clearfix\" data-tab=\"4\" role=\"region\" aria-labelledby=\"elementor-tab-title-1544\"><ul style=\"color: #000000;font-size: 16px\"><li><a style=\"color: #204c90\" href=\"https:\/\/www.ufsm.br\/app\/uploads\/sites\/777\/2022\/07\/Revista-Ideias.jpg\">2022 &#8211; Revista Ideias<\/a><\/li><li><a style=\"color: #204c90\" href=\"https:\/\/www.ufsm.br\/app\/uploads\/sites\/777\/2022\/07\/literatura-se-ensina_.jpg\">2022 &#8211; Literatura se ensina? Pr\u00e1ticas de letramento liter\u00e1rio<\/a><\/li><li><a style=\"color: #204c90\" href=\"https:\/\/www.ufsm.br\/app\/uploads\/sites\/777\/2022\/07\/Bolo-sem-lei.jpg\">2022 &#8211; Informativo PET Letras<\/a><\/li><li><a style=\"color: #204c90\" href=\"https:\/\/www.ufsm.br\/app\/uploads\/sites\/777\/2022\/08\/41215A2F-9F31-442E-B22C-E17501C5DF92.jpg\">2022 &#8211; Atualiza\u00e7\u00e3o de m\u00eddias digitais\u00a0<\/a><\/li><li><a style=\"color: #204c90\" href=\"https:\/\/www.ufsm.br\/app\/uploads\/sites\/777\/2022\/07\/PET-e-Letras_-Vozes-do-40A.jpg\">2022 &#8211; PET \u00e9 Letras: Vozes do 40-A<\/a><\/li><li><a style=\"color: #204c90\" href=\"https:\/\/www.ufsm.br\/app\/uploads\/sites\/777\/2022\/07\/de-olho-nas-letras-1.jpg\">2022 &#8211;\u00a0De olho nas Letras<\/a><\/li><\/ul><\/div>\n\t\t\t\t<\/div>\n\t\t\t\t\t\t\t<div class=\"elementor-toggle-item\">\n\t\t\t\t\t<div id=\"elementor-tab-title-1545\" class=\"elementor-tab-title\" data-tab=\"5\" role=\"button\" aria-controls=\"elementor-tab-content-1545\" aria-expanded=\"false\">\n\t\t\t\t\t\t\t\t\t\t\t\t<span class=\"elementor-toggle-icon elementor-toggle-icon-left\" aria-hidden=\"true\">\n\t\t\t\t\t\t\t\t\t\t\t\t\t\t\t<span class=\"elementor-toggle-icon-closed\"><i class=\"fas fa-caret-right\"><\/i><\/span>\n\t\t\t\t\t\t\t\t<span class=\"elementor-toggle-icon-opened\"><i class=\"elementor-toggle-icon-opened fas fa-caret-up\"><\/i><\/span>\n\t\t\t\t\t\t\t\t\t\t\t\t\t<\/span>\n\t\t\t\t\t\t\t\t\t\t\t\t<a class=\"elementor-toggle-title\" tabindex=\"0\">Projetos 2021<\/a>\n\t\t\t\t\t<\/div>\n\n\t\t\t\t\t<div id=\"elementor-tab-content-1545\" class=\"elementor-tab-content elementor-clearfix\" data-tab=\"5\" role=\"region\" aria-labelledby=\"elementor-tab-title-1545\"><ul style=\"color: #000000;font-size: 16px\"><li><a style=\"color: #1a3d73\" href=\"https:\/\/www.ufsm.br\/app\/uploads\/sites\/777\/2022\/07\/Tertulia-Literaria-1.jpg\">2021 &#8211;\u00a0Tert\u00falia Liter\u00e1ria<\/a><\/li><li><a style=\"color: #204c90\" href=\"https:\/\/www.ufsm.br\/app\/uploads\/sites\/777\/2022\/07\/Rodas-de-Conversa..jpeg\">2021 &#8211;\u00a0PET \u00e9 Letras: rodas de conversa<\/a><\/li><li><a style=\"color: #204c90\" href=\"https:\/\/www.ufsm.br\/app\/uploads\/sites\/777\/2022\/07\/Revista-Ideias.jpg\">2021 &#8211; Revista Ideias\u00a0<\/a><\/li><li><a style=\"color: #204c90\" href=\"https:\/\/www.ufsm.br\/app\/uploads\/sites\/777\/2022\/07\/Vozes-do-40A.jpeg\">2021 &#8211; Vozes do 40-A &#8211; circula\u00e7\u00e3o e divulga\u00e7\u00e3o do conhecimento<\/a><\/li><li><a style=\"color: #204c90\" href=\"https:\/\/www.ufsm.br\/app\/uploads\/sites\/777\/2022\/07\/A-Manualizacao-do-Saber-Linguistico.jpeg\">2021 &#8211; A manualiza\u00e7\u00e3o do saber lingu\u00edstico: o processo de produ\u00e7\u00e3o de guias de linguagem inclusiva<\/a><\/li><\/ul><\/div>\n\t\t\t\t<\/div>\n\t\t\t\t\t\t\t<div class=\"elementor-toggle-item\">\n\t\t\t\t\t<div id=\"elementor-tab-title-1546\" class=\"elementor-tab-title\" data-tab=\"6\" role=\"button\" aria-controls=\"elementor-tab-content-1546\" aria-expanded=\"false\">\n\t\t\t\t\t\t\t\t\t\t\t\t<span class=\"elementor-toggle-icon elementor-toggle-icon-left\" aria-hidden=\"true\">\n\t\t\t\t\t\t\t\t\t\t\t\t\t\t\t<span class=\"elementor-toggle-icon-closed\"><i class=\"fas fa-caret-right\"><\/i><\/span>\n\t\t\t\t\t\t\t\t<span class=\"elementor-toggle-icon-opened\"><i class=\"elementor-toggle-icon-opened fas fa-caret-up\"><\/i><\/span>\n\t\t\t\t\t\t\t\t\t\t\t\t\t<\/span>\n\t\t\t\t\t\t\t\t\t\t\t\t<a class=\"elementor-toggle-title\" tabindex=\"0\">Projetos 2020<\/a>\n\t\t\t\t\t<\/div>\n\n\t\t\t\t\t<div id=\"elementor-tab-content-1546\" class=\"elementor-tab-content elementor-clearfix\" data-tab=\"6\" role=\"region\" aria-labelledby=\"elementor-tab-title-1546\"><ul style=\"color: #000000;font-size: 16px\"><li><a style=\"color: #204c90\" href=\"https:\/\/www.ufsm.br\/app\/uploads\/sites\/777\/2022\/07\/Vozes-do-40A.jpeg\">2020 &#8211; Vozes do 40 A &#8211; circula\u00e7\u00e3o e divulga\u00e7\u00e3o do conhecimento<\/a><\/li><li><a style=\"color: #204c90\" href=\"https:\/\/www.ufsm.br\/app\/uploads\/sites\/777\/2022\/07\/A-Manualizacao-do-Saber-Linguistico.jpeg\"><span style=\"font-size: 1rem;background-color: var(--bs-body-bg);text-align: var(--bs-body-text-align)\">2020 &#8211; A manualiza\u00e7\u00e3o do saber lingu\u00edstico: o processo de produ\u00e7\u00e3o de guias de linguagem inclusiva<\/span><\/a><\/li><li><a style=\"color: #204c90\" href=\"https:\/\/www.ufsm.br\/app\/uploads\/sites\/777\/2022\/07\/Revista-Ideias-2.jpg\">2020 &#8211; Revista Ideias<\/a><\/li><li><a style=\"color: #204c90\" href=\"https:\/\/www.ufsm.br\/app\/uploads\/sites\/777\/2022\/07\/Rodas-de-Conversa..jpeg\">2020 &#8211;\u00a0PET \u00c9 LETRAS &#8211; Rodas de Conversa<\/a><\/li><li><a style=\"color: #204c90\" href=\"https:\/\/www.ufsm.br\/app\/uploads\/sites\/777\/2022\/08\/41215A2F-9F31-442E-B22C-E17501C5DF92.jpg\">2020 &#8211;\u00a0Atualiza\u00e7\u00e3o de m\u00eddias digitais\u00a0<\/a><\/li><\/ul><\/div>\n\t\t\t\t<\/div>\n\t\t\t\t\t\t\t\t<\/div>\n\t\t\t\t<\/div>\n\t\t\t\t<\/div>\n\t\t\t\t\t<\/div>\n\t\t<\/div>\n\t\t\t\t\t<\/div>\n\t\t<\/section>\n\t\t\t\t<\/div>\n\t\t","protected":false},"excerpt":{"rendered":"<p>Projetos 2025 2025 &#8211; Est\u00fadio Editorial 2025 &#8211; Impulsionando Saberes 2025 &#8211; M\u00eddias Sociais 2025 &#8211; Pr\u00e1ticas de Letramento Liter\u00e1rio (PRALELIT) \u00a02025 &#8211; Clube do Livro Ler Traz Prazer\u00a0 2025 &#8211; Letras em Forma\u00e7\u00e3o 2025 &#8211; Hist\u00f3ria do Conhecimento Lingu\u00edstico 2025 &#8211; Zines na Escola Projetos 2024 2024 &#8211; Impulsionando Saberes 2024 &#8211; Letras em [&hellip;]<\/p>\n","protected":false},"author":3679,"featured_media":0,"parent":0,"menu_order":0,"comment_status":"closed","ping_status":"closed","template":"","meta":{"footnotes":""},"categories":[],"tags":[],"class_list":["post-723","page","type-page","status-publish","hentry"],"acf":[],"_links":{"self":[{"href":"https:\/\/www.ufsm.br\/pet\/letras\/wp-json\/wp\/v2\/pages\/723","targetHints":{"allow":["GET"]}}],"collection":[{"href":"https:\/\/www.ufsm.br\/pet\/letras\/wp-json\/wp\/v2\/pages"}],"about":[{"href":"https:\/\/www.ufsm.br\/pet\/letras\/wp-json\/wp\/v2\/types\/page"}],"author":[{"embeddable":true,"href":"https:\/\/www.ufsm.br\/pet\/letras\/wp-json\/wp\/v2\/users\/3679"}],"replies":[{"embeddable":true,"href":"https:\/\/www.ufsm.br\/pet\/letras\/wp-json\/wp\/v2\/comments?post=723"}],"version-history":[{"count":0,"href":"https:\/\/www.ufsm.br\/pet\/letras\/wp-json\/wp\/v2\/pages\/723\/revisions"}],"wp:attachment":[{"href":"https:\/\/www.ufsm.br\/pet\/letras\/wp-json\/wp\/v2\/media?parent=723"}],"wp:term":[{"taxonomy":"category","embeddable":true,"href":"https:\/\/www.ufsm.br\/pet\/letras\/wp-json\/wp\/v2\/categories?post=723"},{"taxonomy":"post_tag","embeddable":true,"href":"https:\/\/www.ufsm.br\/pet\/letras\/wp-json\/wp\/v2\/tags?post=723"}],"curies":[{"name":"wp","href":"https:\/\/api.w.org\/{rel}","templated":true}]}}