{"id":738,"date":"2021-06-07T12:58:25","date_gmt":"2021-06-07T15:58:25","guid":{"rendered":"https:\/\/www.ufsm.br\/pet\/letras\/?page_id=738"},"modified":"2021-06-07T13:45:38","modified_gmt":"2021-06-07T16:45:38","slug":"lembrancas-de-2016","status":"publish","type":"page","link":"https:\/\/www.ufsm.br\/pet\/letras\/lembrancas-de-2016","title":{"rendered":"Lembran\u00e7as de 2016"},"content":{"rendered":"\t\t<div data-elementor-type=\"wp-page\" data-elementor-id=\"738\" class=\"elementor elementor-738\">\n\t\t\t\t\t\t<section class=\"elementor-section elementor-top-section elementor-element elementor-element-ab9612b elementor-section-boxed elementor-section-height-default elementor-section-height-default\" data-id=\"ab9612b\" data-element_type=\"section\">\n\t\t\t\t\t\t<div class=\"elementor-container elementor-column-gap-default\">\n\t\t\t\t\t<div class=\"elementor-column elementor-col-25 elementor-top-column elementor-element elementor-element-e7199f8\" data-id=\"e7199f8\" data-element_type=\"column\">\n\t\t\t<div class=\"elementor-widget-wrap elementor-element-populated\">\n\t\t\t\t\t\t<div class=\"elementor-element elementor-element-8030a40 elementor-widget elementor-widget-image\" data-id=\"8030a40\" data-element_type=\"widget\" data-widget_type=\"image.default\">\n\t\t\t\t<div class=\"elementor-widget-container\">\n\t\t\t\t\t\t\t\t\t\t<figure class=\"wp-caption\">\n\t\t\t\t\t\t\t\t\t\t\t<a href=\"https:\/\/www.ufsm.br\/pet\/letras\/2016\/09\/08\/pet-letras-promove-oficina-ministrada-pelo-professor-juan-manuel-lopez-munoz\/\">\n\t\t\t\t\t\t\t<img fetchpriority=\"high\" decoding=\"async\" width=\"960\" height=\"720\" src=\"https:\/\/www.ufsm.br\/app\/uploads\/sites\/777\/2021\/06\/PET-Letras-promove-Oficina-ministrada-pelo-Professor-Juan-Manuel-Lopez-Munoz.jpg\" class=\"attachment-large size-large wp-image-744\" alt=\"\" srcset=\"https:\/\/www.ufsm.br\/app\/uploads\/sites\/777\/2021\/06\/PET-Letras-promove-Oficina-ministrada-pelo-Professor-Juan-Manuel-Lopez-Munoz.jpg 960w, https:\/\/www.ufsm.br\/app\/uploads\/sites\/777\/2021\/06\/PET-Letras-promove-Oficina-ministrada-pelo-Professor-Juan-Manuel-Lopez-Munoz-300x225.jpg 300w, https:\/\/www.ufsm.br\/app\/uploads\/sites\/777\/2021\/06\/PET-Letras-promove-Oficina-ministrada-pelo-Professor-Juan-Manuel-Lopez-Munoz-768x576.jpg 768w\" sizes=\"(max-width: 960px) 100vw, 960px\" \/>\t\t\t\t\t\t\t\t<\/a>\n\t\t\t\t\t\t\t\t\t\t\t<figcaption class=\"widget-image-caption wp-caption-text\">PET Letras promove Oficina ministrada pelo Professor Juan Manuel L\u00f3pez-Mu\u00f1oz<\/figcaption>\n\t\t\t\t\t\t\t\t\t\t<\/figure>\n\t\t\t\t\t\t\t<\/div>\n\t\t\t\t<\/div>\n\t\t\t\t\t<\/div>\n\t\t<\/div>\n\t\t\t\t<div class=\"elementor-column elementor-col-25 elementor-top-column elementor-element elementor-element-9a48eba\" data-id=\"9a48eba\" data-element_type=\"column\">\n\t\t\t<div class=\"elementor-widget-wrap elementor-element-populated\">\n\t\t\t\t\t\t<div class=\"elementor-element elementor-element-f1e0278 elementor-widget elementor-widget-image\" data-id=\"f1e0278\" data-element_type=\"widget\" data-widget_type=\"image.default\">\n\t\t\t\t<div class=\"elementor-widget-container\">\n\t\t\t\t\t\t\t\t\t\t<figure class=\"wp-caption\">\n\t\t\t\t\t\t\t\t\t\t\t<a href=\"https:\/\/www.ufsm.br\/pet\/letras\/2016\/08\/04\/pet-letras-em-atividade-musical-e-cultural-no-projeto-orchestrarium\/\">\n\t\t\t\t\t\t\t<img decoding=\"async\" width=\"960\" height=\"720\" src=\"https:\/\/www.ufsm.br\/app\/uploads\/sites\/777\/2021\/06\/PET-Letras-em-atividade-musical-e-cultural-no-Projeto-Orchestrarium.jpg\" class=\"attachment-large size-large wp-image-745\" alt=\"\" srcset=\"https:\/\/www.ufsm.br\/app\/uploads\/sites\/777\/2021\/06\/PET-Letras-em-atividade-musical-e-cultural-no-Projeto-Orchestrarium.jpg 960w, https:\/\/www.ufsm.br\/app\/uploads\/sites\/777\/2021\/06\/PET-Letras-em-atividade-musical-e-cultural-no-Projeto-Orchestrarium-300x225.jpg 300w, https:\/\/www.ufsm.br\/app\/uploads\/sites\/777\/2021\/06\/PET-Letras-em-atividade-musical-e-cultural-no-Projeto-Orchestrarium-768x576.jpg 768w\" sizes=\"(max-width: 960px) 100vw, 960px\" \/>\t\t\t\t\t\t\t\t<\/a>\n\t\t\t\t\t\t\t\t\t\t\t<figcaption class=\"widget-image-caption wp-caption-text\">PET Letras em atividade musical e cultural no Projeto Orchestrarium<\/figcaption>\n\t\t\t\t\t\t\t\t\t\t<\/figure>\n\t\t\t\t\t\t\t<\/div>\n\t\t\t\t<\/div>\n\t\t\t\t\t<\/div>\n\t\t<\/div>\n\t\t\t\t<div class=\"elementor-column elementor-col-25 elementor-top-column elementor-element elementor-element-febee10\" data-id=\"febee10\" data-element_type=\"column\">\n\t\t\t<div class=\"elementor-widget-wrap elementor-element-populated\">\n\t\t\t\t\t\t<div class=\"elementor-element elementor-element-1bbaf1e elementor-widget elementor-widget-image\" data-id=\"1bbaf1e\" data-element_type=\"widget\" data-widget_type=\"image.default\">\n\t\t\t\t<div class=\"elementor-widget-container\">\n\t\t\t\t\t\t\t\t\t\t<figure class=\"wp-caption\">\n\t\t\t\t\t\t\t\t\t\t\t<a href=\"https:\/\/www.ufsm.br\/pet\/letras\/2016\/08\/23\/pet-letras-leva-cinema-ao-projeto-orchestrarium\/\">\n\t\t\t\t\t\t\t<img decoding=\"async\" width=\"960\" height=\"720\" src=\"https:\/\/www.ufsm.br\/app\/uploads\/sites\/777\/2021\/06\/PET-Letras-leva-cinema-ao-projeto-Orchestrarium.jpg\" class=\"attachment-large size-large wp-image-746\" alt=\"\" srcset=\"https:\/\/www.ufsm.br\/app\/uploads\/sites\/777\/2021\/06\/PET-Letras-leva-cinema-ao-projeto-Orchestrarium.jpg 960w, https:\/\/www.ufsm.br\/app\/uploads\/sites\/777\/2021\/06\/PET-Letras-leva-cinema-ao-projeto-Orchestrarium-300x225.jpg 300w, https:\/\/www.ufsm.br\/app\/uploads\/sites\/777\/2021\/06\/PET-Letras-leva-cinema-ao-projeto-Orchestrarium-768x576.jpg 768w\" sizes=\"(max-width: 960px) 100vw, 960px\" \/>\t\t\t\t\t\t\t\t<\/a>\n\t\t\t\t\t\t\t\t\t\t\t<figcaption class=\"widget-image-caption wp-caption-text\">PET Letras leva cinema ao projeto Orchestrarium<\/figcaption>\n\t\t\t\t\t\t\t\t\t\t<\/figure>\n\t\t\t\t\t\t\t<\/div>\n\t\t\t\t<\/div>\n\t\t\t\t\t<\/div>\n\t\t<\/div>\n\t\t\t\t<div class=\"elementor-column elementor-col-25 elementor-top-column elementor-element elementor-element-7b63343\" data-id=\"7b63343\" data-element_type=\"column\">\n\t\t\t<div class=\"elementor-widget-wrap elementor-element-populated\">\n\t\t\t\t\t\t<div class=\"elementor-element elementor-element-a3b68db elementor-widget elementor-widget-image\" data-id=\"a3b68db\" data-element_type=\"widget\" data-widget_type=\"image.default\">\n\t\t\t\t<div class=\"elementor-widget-container\">\n\t\t\t\t\t\t\t\t\t\t<figure class=\"wp-caption\">\n\t\t\t\t\t\t\t\t\t\t\t<a href=\"https:\/\/www.ufsm.br\/pet\/letras\/2016\/08\/09\/ii-seminario-interno-de-pesquisa-do-grupo-pet-letras-recebeu-conferencistas-externos\/\">\n\t\t\t\t\t\t\t<img loading=\"lazy\" decoding=\"async\" width=\"960\" height=\"720\" src=\"https:\/\/www.ufsm.br\/app\/uploads\/sites\/777\/2021\/06\/II-seminario-interno.jpg\" class=\"attachment-large size-large wp-image-747\" alt=\"\" srcset=\"https:\/\/www.ufsm.br\/app\/uploads\/sites\/777\/2021\/06\/II-seminario-interno.jpg 960w, https:\/\/www.ufsm.br\/app\/uploads\/sites\/777\/2021\/06\/II-seminario-interno-300x225.jpg 300w, https:\/\/www.ufsm.br\/app\/uploads\/sites\/777\/2021\/06\/II-seminario-interno-768x576.jpg 768w\" sizes=\"(max-width: 960px) 100vw, 960px\" \/>\t\t\t\t\t\t\t\t<\/a>\n\t\t\t\t\t\t\t\t\t\t\t<figcaption class=\"widget-image-caption wp-caption-text\">II Semin\u00e1rio Interno de Pesquisa PET Letras<\/figcaption>\n\t\t\t\t\t\t\t\t\t\t<\/figure>\n\t\t\t\t\t\t\t<\/div>\n\t\t\t\t<\/div>\n\t\t\t\t\t<\/div>\n\t\t<\/div>\n\t\t\t\t\t<\/div>\n\t\t<\/section>\n\t\t\t\t<section class=\"elementor-section elementor-top-section elementor-element elementor-element-801802b elementor-section-boxed elementor-section-height-default elementor-section-height-default\" data-id=\"801802b\" data-element_type=\"section\">\n\t\t\t\t\t\t<div class=\"elementor-container elementor-column-gap-default\">\n\t\t\t\t\t<div class=\"elementor-column elementor-col-25 elementor-top-column elementor-element elementor-element-5f4f6d9\" data-id=\"5f4f6d9\" data-element_type=\"column\">\n\t\t\t<div class=\"elementor-widget-wrap elementor-element-populated\">\n\t\t\t\t\t\t<div class=\"elementor-element elementor-element-d82f302 elementor-widget elementor-widget-image\" data-id=\"d82f302\" data-element_type=\"widget\" data-widget_type=\"image.default\">\n\t\t\t\t<div class=\"elementor-widget-container\">\n\t\t\t\t\t\t\t\t\t\t<figure class=\"wp-caption\">\n\t\t\t\t\t\t\t\t\t\t\t<a href=\"https:\/\/www.ufsm.br\/pet\/letras\/2016\/07\/03\/dicionario-compartilhado-de-lingua-de-fronteira-e-lancado-em-itaqui\/\">\n\t\t\t\t\t\t\t<img loading=\"lazy\" decoding=\"async\" width=\"960\" height=\"720\" src=\"https:\/\/www.ufsm.br\/app\/uploads\/sites\/777\/2021\/06\/Dicionario-Compartilhado-de-Lingua-de-Fronteira-e-lancado-em-Itaqui.jpg\" class=\"attachment-large size-large wp-image-748\" alt=\"\" srcset=\"https:\/\/www.ufsm.br\/app\/uploads\/sites\/777\/2021\/06\/Dicionario-Compartilhado-de-Lingua-de-Fronteira-e-lancado-em-Itaqui.jpg 960w, https:\/\/www.ufsm.br\/app\/uploads\/sites\/777\/2021\/06\/Dicionario-Compartilhado-de-Lingua-de-Fronteira-e-lancado-em-Itaqui-300x225.jpg 300w, https:\/\/www.ufsm.br\/app\/uploads\/sites\/777\/2021\/06\/Dicionario-Compartilhado-de-Lingua-de-Fronteira-e-lancado-em-Itaqui-768x576.jpg 768w\" sizes=\"(max-width: 960px) 100vw, 960px\" \/>\t\t\t\t\t\t\t\t<\/a>\n\t\t\t\t\t\t\t\t\t\t\t<figcaption class=\"widget-image-caption wp-caption-text\">Dicion\u00e1rio Compartilhado de L\u00edngua de Fronteira \u00e9 lan\u00e7ado em Itaqui<\/figcaption>\n\t\t\t\t\t\t\t\t\t\t<\/figure>\n\t\t\t\t\t\t\t<\/div>\n\t\t\t\t<\/div>\n\t\t\t\t\t<\/div>\n\t\t<\/div>\n\t\t\t\t<div class=\"elementor-column elementor-col-25 elementor-top-column elementor-element elementor-element-93f3349\" data-id=\"93f3349\" data-element_type=\"column\">\n\t\t\t<div class=\"elementor-widget-wrap elementor-element-populated\">\n\t\t\t\t\t\t<div class=\"elementor-element elementor-element-8e78acb elementor-widget elementor-widget-image\" data-id=\"8e78acb\" data-element_type=\"widget\" data-widget_type=\"image.default\">\n\t\t\t\t<div class=\"elementor-widget-container\">\n\t\t\t\t\t\t\t\t\t\t\t\t\t<img decoding=\"async\" src=\"https:\/\/www.ufsm.br\/app\/plugins\/elementor\/assets\/images\/placeholder.png\" title=\"\" alt=\"\" loading=\"lazy\" \/>\t\t\t\t\t\t\t\t\t\t\t\t\t<\/div>\n\t\t\t\t<\/div>\n\t\t\t\t\t<\/div>\n\t\t<\/div>\n\t\t\t\t<div class=\"elementor-column elementor-col-25 elementor-top-column elementor-element elementor-element-0b047d8\" data-id=\"0b047d8\" data-element_type=\"column\">\n\t\t\t<div class=\"elementor-widget-wrap elementor-element-populated\">\n\t\t\t\t\t\t<div class=\"elementor-element elementor-element-6411234 elementor-widget elementor-widget-image\" data-id=\"6411234\" data-element_type=\"widget\" data-widget_type=\"image.default\">\n\t\t\t\t<div class=\"elementor-widget-container\">\n\t\t\t\t\t\t\t\t\t\t\t\t\t<img decoding=\"async\" src=\"https:\/\/www.ufsm.br\/app\/plugins\/elementor\/assets\/images\/placeholder.png\" title=\"\" alt=\"\" loading=\"lazy\" \/>\t\t\t\t\t\t\t\t\t\t\t\t\t<\/div>\n\t\t\t\t<\/div>\n\t\t\t\t\t<\/div>\n\t\t<\/div>\n\t\t\t\t<div class=\"elementor-column elementor-col-25 elementor-top-column elementor-element elementor-element-65b4a7f\" data-id=\"65b4a7f\" data-element_type=\"column\">\n\t\t\t<div class=\"elementor-widget-wrap elementor-element-populated\">\n\t\t\t\t\t\t<div class=\"elementor-element elementor-element-59672dd elementor-widget elementor-widget-image\" data-id=\"59672dd\" data-element_type=\"widget\" data-widget_type=\"image.default\">\n\t\t\t\t<div class=\"elementor-widget-container\">\n\t\t\t\t\t\t\t\t\t\t\t\t\t<img decoding=\"async\" src=\"https:\/\/www.ufsm.br\/app\/plugins\/elementor\/assets\/images\/placeholder.png\" title=\"\" alt=\"\" loading=\"lazy\" \/>\t\t\t\t\t\t\t\t\t\t\t\t\t<\/div>\n\t\t\t\t<\/div>\n\t\t\t\t\t<\/div>\n\t\t<\/div>\n\t\t\t\t\t<\/div>\n\t\t<\/section>\n\t\t\t\t<\/div>\n\t\t","protected":false},"excerpt":{"rendered":"<p>PET Letras promove Oficina ministrada pelo Professor Juan Manuel L\u00f3pez-Mu\u00f1oz PET Letras em atividade musical e cultural no Projeto Orchestrarium PET Letras leva cinema ao projeto Orchestrarium II Semin\u00e1rio Interno de Pesquisa PET Letras Dicion\u00e1rio Compartilhado de L\u00edngua de Fronteira \u00e9 lan\u00e7ado em Itaqui<\/p>\n","protected":false},"author":3679,"featured_media":0,"parent":0,"menu_order":0,"comment_status":"closed","ping_status":"closed","template":"","meta":{"footnotes":""},"categories":[],"tags":[],"class_list":["post-738","page","type-page","status-publish","hentry"],"acf":[],"_links":{"self":[{"href":"https:\/\/www.ufsm.br\/pet\/letras\/wp-json\/wp\/v2\/pages\/738","targetHints":{"allow":["GET"]}}],"collection":[{"href":"https:\/\/www.ufsm.br\/pet\/letras\/wp-json\/wp\/v2\/pages"}],"about":[{"href":"https:\/\/www.ufsm.br\/pet\/letras\/wp-json\/wp\/v2\/types\/page"}],"author":[{"embeddable":true,"href":"https:\/\/www.ufsm.br\/pet\/letras\/wp-json\/wp\/v2\/users\/3679"}],"replies":[{"embeddable":true,"href":"https:\/\/www.ufsm.br\/pet\/letras\/wp-json\/wp\/v2\/comments?post=738"}],"version-history":[{"count":0,"href":"https:\/\/www.ufsm.br\/pet\/letras\/wp-json\/wp\/v2\/pages\/738\/revisions"}],"wp:attachment":[{"href":"https:\/\/www.ufsm.br\/pet\/letras\/wp-json\/wp\/v2\/media?parent=738"}],"wp:term":[{"taxonomy":"category","embeddable":true,"href":"https:\/\/www.ufsm.br\/pet\/letras\/wp-json\/wp\/v2\/categories?post=738"},{"taxonomy":"post_tag","embeddable":true,"href":"https:\/\/www.ufsm.br\/pet\/letras\/wp-json\/wp\/v2\/tags?post=738"}],"curies":[{"name":"wp","href":"https:\/\/api.w.org\/{rel}","templated":true}]}}