{"id":741,"date":"2021-06-07T13:00:10","date_gmt":"2021-06-07T16:00:10","guid":{"rendered":"https:\/\/www.ufsm.br\/pet\/letras\/?page_id=741"},"modified":"2021-08-06T21:43:57","modified_gmt":"2021-08-07T00:43:57","slug":"lembrancas-de-2019","status":"publish","type":"page","link":"https:\/\/www.ufsm.br\/pet\/letras\/lembrancas-de-2019","title":{"rendered":"Lembran\u00e7as de 2019"},"content":{"rendered":"\n<div class=\"wp-block-group\"><div class=\"wp-block-group__inner-container is-layout-flow wp-block-group-is-layout-flow\">\n<div class=\"wp-block-columns is-layout-flex wp-container-core-columns-is-layout-9d6595d7 wp-block-columns-is-layout-flex\">\n<div class=\"wp-block-column is-layout-flow wp-block-column-is-layout-flow\" style=\"flex-basis:100%\">\n<figure id=\"attachment_786\" aria-describedby=\"caption-attachment-786\" style=\"width: 300px\" class=\"wp-caption alignnone\"><img fetchpriority=\"high\" decoding=\"async\" class=\"size-medium wp-image-786\" src=\"https:\/\/www.ufsm.br\/app\/uploads\/sites\/777\/2021\/08\/Interpet-300x169.jpg\" alt=\"\" width=\"300\" height=\"169\" srcset=\"https:\/\/www.ufsm.br\/app\/uploads\/sites\/777\/2021\/08\/Interpet-300x169.jpg 300w, https:\/\/www.ufsm.br\/app\/uploads\/sites\/777\/2021\/08\/Interpet-1024x576.jpg 1024w, https:\/\/www.ufsm.br\/app\/uploads\/sites\/777\/2021\/08\/Interpet-768x432.jpg 768w, https:\/\/www.ufsm.br\/app\/uploads\/sites\/777\/2021\/08\/Interpet-1536x864.jpg 1536w, https:\/\/www.ufsm.br\/app\/uploads\/sites\/777\/2021\/08\/Interpet.jpg 1920w\" sizes=\"(max-width: 300px) 100vw, 300px\" \/><figcaption id=\"caption-attachment-786\" class=\"wp-caption-text\">Registro feito pela petiana Ja\u00edne da Silva, durante o INTERPET do m\u00eas de novembro no Centro de tecnologia.<\/figcaption><\/figure>\n<figure id=\"attachment_791\" aria-describedby=\"caption-attachment-791\" style=\"width: 300px\" class=\"wp-caption alignnone\"><img decoding=\"async\" class=\"size-medium wp-image-791\" src=\"https:\/\/www.ufsm.br\/app\/uploads\/sites\/777\/2021\/08\/Registro-do-evento--300x169.jpg\" alt=\"\" width=\"300\" height=\"169\" srcset=\"https:\/\/www.ufsm.br\/app\/uploads\/sites\/777\/2021\/08\/Registro-do-evento--300x169.jpg 300w, https:\/\/www.ufsm.br\/app\/uploads\/sites\/777\/2021\/08\/Registro-do-evento--1024x576.jpg 1024w, https:\/\/www.ufsm.br\/app\/uploads\/sites\/777\/2021\/08\/Registro-do-evento--768x432.jpg 768w, https:\/\/www.ufsm.br\/app\/uploads\/sites\/777\/2021\/08\/Registro-do-evento-.jpg 1280w\" sizes=\"(max-width: 300px) 100vw, 300px\" \/><figcaption id=\"caption-attachment-791\" class=\"wp-caption-text\">Registro da IV Oficina Pet Letras!<\/figcaption><\/figure>\n<figure id=\"attachment_796\" aria-describedby=\"caption-attachment-796\" style=\"width: 300px\" class=\"wp-caption alignnone\"><img decoding=\"async\" class=\"size-medium wp-image-796\" src=\"https:\/\/www.ufsm.br\/app\/uploads\/sites\/777\/2021\/08\/Divulgacao-da-revista-Ideias.-300x225.jpg\" alt=\"\" width=\"300\" height=\"225\" srcset=\"https:\/\/www.ufsm.br\/app\/uploads\/sites\/777\/2021\/08\/Divulgacao-da-revista-Ideias.-300x225.jpg 300w, https:\/\/www.ufsm.br\/app\/uploads\/sites\/777\/2021\/08\/Divulgacao-da-revista-Ideias.-1024x768.jpg 1024w, https:\/\/www.ufsm.br\/app\/uploads\/sites\/777\/2021\/08\/Divulgacao-da-revista-Ideias.-768x576.jpg 768w, https:\/\/www.ufsm.br\/app\/uploads\/sites\/777\/2021\/08\/Divulgacao-da-revista-Ideias.-1536x1152.jpg 1536w, https:\/\/www.ufsm.br\/app\/uploads\/sites\/777\/2021\/08\/Divulgacao-da-revista-Ideias..jpg 1579w\" sizes=\"(max-width: 300px) 100vw, 300px\" \/><figcaption id=\"caption-attachment-796\" class=\"wp-caption-text\">Lan\u00e7amento da revista no coffe break da II Jornada sobre Ensino e Linguagem e II ENGGO &#8211; no pr\u00e9dio da reitoria da UFSM.<\/figcaption><\/figure>\n<figure id=\"attachment_795\" aria-describedby=\"caption-attachment-795\" style=\"width: 300px\" class=\"wp-caption alignnone\"><img loading=\"lazy\" decoding=\"async\" class=\"size-medium wp-image-795\" src=\"https:\/\/www.ufsm.br\/app\/uploads\/sites\/777\/2021\/08\/Lancamento-da-revista...-300x225.jpg\" alt=\"\" width=\"300\" height=\"225\" srcset=\"https:\/\/www.ufsm.br\/app\/uploads\/sites\/777\/2021\/08\/Lancamento-da-revista...-300x225.jpg 300w, https:\/\/www.ufsm.br\/app\/uploads\/sites\/777\/2021\/08\/Lancamento-da-revista...-1024x768.jpg 1024w, https:\/\/www.ufsm.br\/app\/uploads\/sites\/777\/2021\/08\/Lancamento-da-revista...-768x576.jpg 768w, https:\/\/www.ufsm.br\/app\/uploads\/sites\/777\/2021\/08\/Lancamento-da-revista...-1536x1152.jpg 1536w, https:\/\/www.ufsm.br\/app\/uploads\/sites\/777\/2021\/08\/Lancamento-da-revista....jpg 1579w\" sizes=\"(max-width: 300px) 100vw, 300px\" \/><figcaption id=\"caption-attachment-795\" class=\"wp-caption-text\">Lan\u00e7amento da revista!!<\/figcaption><\/figure>\n<figure id=\"attachment_794\" aria-describedby=\"caption-attachment-794\" style=\"width: 218px\" class=\"wp-caption alignnone\"><img loading=\"lazy\" decoding=\"async\" class=\"size-medium wp-image-794\" src=\"https:\/\/www.ufsm.br\/app\/uploads\/sites\/777\/2021\/08\/realizando-a-divulgacao-da-revista-218x300.jpg\" alt=\"\" width=\"218\" height=\"300\" srcset=\"https:\/\/www.ufsm.br\/app\/uploads\/sites\/777\/2021\/08\/realizando-a-divulgacao-da-revista-218x300.jpg 218w, https:\/\/www.ufsm.br\/app\/uploads\/sites\/777\/2021\/08\/realizando-a-divulgacao-da-revista-745x1024.jpg 745w, https:\/\/www.ufsm.br\/app\/uploads\/sites\/777\/2021\/08\/realizando-a-divulgacao-da-revista-768x1055.jpg 768w, https:\/\/www.ufsm.br\/app\/uploads\/sites\/777\/2021\/08\/realizando-a-divulgacao-da-revista.jpg 909w\" sizes=\"(max-width: 218px) 100vw, 218px\" \/><figcaption id=\"caption-attachment-794\" class=\"wp-caption-text\">Dia de divulga\u00e7\u00e3o da revista Ideias!!<\/figcaption><\/figure>\n<figure id=\"attachment_793\" aria-describedby=\"caption-attachment-793\" style=\"width: 182px\" class=\"wp-caption alignnone\"><img loading=\"lazy\" decoding=\"async\" class=\"size-medium wp-image-793\" src=\"https:\/\/www.ufsm.br\/app\/uploads\/sites\/777\/2021\/08\/Petianas-no-Descubra-182x300.jpg\" alt=\"\" width=\"182\" height=\"300\" srcset=\"https:\/\/www.ufsm.br\/app\/uploads\/sites\/777\/2021\/08\/Petianas-no-Descubra-182x300.jpg 182w, https:\/\/www.ufsm.br\/app\/uploads\/sites\/777\/2021\/08\/Petianas-no-Descubra-623x1024.jpg 623w, https:\/\/www.ufsm.br\/app\/uploads\/sites\/777\/2021\/08\/Petianas-no-Descubra-768x1263.jpg 768w, https:\/\/www.ufsm.br\/app\/uploads\/sites\/777\/2021\/08\/Petianas-no-Descubra-934x1536.jpg 934w, https:\/\/www.ufsm.br\/app\/uploads\/sites\/777\/2021\/08\/Petianas-no-Descubra.jpg 1080w\" sizes=\"(max-width: 182px) 100vw, 182px\" \/><figcaption id=\"caption-attachment-793\" class=\"wp-caption-text\">As petianas Alessandra e Ja\u00edne representando no Descubra!!<\/figcaption><\/figure>\n<figure id=\"attachment_792\" aria-describedby=\"caption-attachment-792\" style=\"width: 300px\" class=\"wp-caption alignnone\"><img loading=\"lazy\" decoding=\"async\" class=\"size-medium wp-image-792\" src=\"https:\/\/www.ufsm.br\/app\/uploads\/sites\/777\/2021\/08\/Registro-da-reuniao-300x225.jpg\" alt=\"\" width=\"300\" height=\"225\" srcset=\"https:\/\/www.ufsm.br\/app\/uploads\/sites\/777\/2021\/08\/Registro-da-reuniao-300x225.jpg 300w, https:\/\/www.ufsm.br\/app\/uploads\/sites\/777\/2021\/08\/Registro-da-reuniao-1024x768.jpg 1024w, https:\/\/www.ufsm.br\/app\/uploads\/sites\/777\/2021\/08\/Registro-da-reuniao-768x576.jpg 768w, https:\/\/www.ufsm.br\/app\/uploads\/sites\/777\/2021\/08\/Registro-da-reuniao.jpg 1440w\" sizes=\"(max-width: 300px) 100vw, 300px\" \/><figcaption id=\"caption-attachment-792\" class=\"wp-caption-text\">Reuni\u00e3o do projeto Pralelit. Nesse dia, escutamos o relato de Aylon sobre a realiza\u00e7\u00e3o de uma sequ\u00eancia feita em uma escola. Posteriormente, discutimos acerca dos pr\u00f3ximos encontros e de uma poss\u00edvel atividade com um grupo de alunos do Col\u00e9gio Polit\u00e9cnico.(10\/10\/19)<\/figcaption><\/figure>\n<figure id=\"attachment_790\" aria-describedby=\"caption-attachment-790\" style=\"width: 300px\" class=\"wp-caption alignnone\"><img loading=\"lazy\" decoding=\"async\" class=\"size-medium wp-image-790\" src=\"https:\/\/www.ufsm.br\/app\/uploads\/sites\/777\/2021\/08\/Registro-do-evento.--300x225.jpg\" alt=\"\" width=\"300\" height=\"225\" srcset=\"https:\/\/www.ufsm.br\/app\/uploads\/sites\/777\/2021\/08\/Registro-do-evento.--300x225.jpg 300w, https:\/\/www.ufsm.br\/app\/uploads\/sites\/777\/2021\/08\/Registro-do-evento.--1024x768.jpg 1024w, https:\/\/www.ufsm.br\/app\/uploads\/sites\/777\/2021\/08\/Registro-do-evento.--768x576.jpg 768w, https:\/\/www.ufsm.br\/app\/uploads\/sites\/777\/2021\/08\/Registro-do-evento.--1536x1152.jpg 1536w, https:\/\/www.ufsm.br\/app\/uploads\/sites\/777\/2021\/08\/Registro-do-evento.-.jpg 1920w\" sizes=\"(max-width: 300px) 100vw, 300px\" \/><figcaption id=\"caption-attachment-790\" class=\"wp-caption-text\">IV Oficina Pet Letras.<\/figcaption><\/figure>\n<figure id=\"attachment_789\" aria-describedby=\"caption-attachment-789\" style=\"width: 300px\" class=\"wp-caption alignnone\"><img loading=\"lazy\" decoding=\"async\" class=\"size-medium wp-image-789\" src=\"https:\/\/www.ufsm.br\/app\/uploads\/sites\/777\/2021\/08\/Registro-do-evento..-300x225.jpg\" alt=\"\" width=\"300\" height=\"225\" srcset=\"https:\/\/www.ufsm.br\/app\/uploads\/sites\/777\/2021\/08\/Registro-do-evento..-300x225.jpg 300w, https:\/\/www.ufsm.br\/app\/uploads\/sites\/777\/2021\/08\/Registro-do-evento..-1024x768.jpg 1024w, https:\/\/www.ufsm.br\/app\/uploads\/sites\/777\/2021\/08\/Registro-do-evento..-768x576.jpg 768w, https:\/\/www.ufsm.br\/app\/uploads\/sites\/777\/2021\/08\/Registro-do-evento..-1536x1152.jpg 1536w, https:\/\/www.ufsm.br\/app\/uploads\/sites\/777\/2021\/08\/Registro-do-evento...jpg 1920w\" sizes=\"(max-width: 300px) 100vw, 300px\" \/><figcaption id=\"caption-attachment-789\" class=\"wp-caption-text\">IV Oficina Pet Letras.<\/figcaption><\/figure>\n<figure id=\"attachment_788\" aria-describedby=\"caption-attachment-788\" style=\"width: 300px\" class=\"wp-caption alignnone\"><img loading=\"lazy\" decoding=\"async\" class=\"size-medium wp-image-788\" src=\"https:\/\/www.ufsm.br\/app\/uploads\/sites\/777\/2021\/08\/Registro-do-evento...-300x225.jpg\" alt=\"\" width=\"300\" height=\"225\" srcset=\"https:\/\/www.ufsm.br\/app\/uploads\/sites\/777\/2021\/08\/Registro-do-evento...-300x225.jpg 300w, https:\/\/www.ufsm.br\/app\/uploads\/sites\/777\/2021\/08\/Registro-do-evento...-1024x768.jpg 1024w, https:\/\/www.ufsm.br\/app\/uploads\/sites\/777\/2021\/08\/Registro-do-evento...-768x576.jpg 768w, https:\/\/www.ufsm.br\/app\/uploads\/sites\/777\/2021\/08\/Registro-do-evento...-1536x1152.jpg 1536w, https:\/\/www.ufsm.br\/app\/uploads\/sites\/777\/2021\/08\/Registro-do-evento....jpg 1920w\" sizes=\"(max-width: 300px) 100vw, 300px\" \/><figcaption id=\"caption-attachment-788\" class=\"wp-caption-text\">Registro do evento &#8220;IV Oficina Pet Letras&#8221;.<\/figcaption><\/figure>\n<\/div>\n<\/div>\n<\/div><\/div>\n","protected":false},"excerpt":{"rendered":"","protected":false},"author":3679,"featured_media":0,"parent":0,"menu_order":0,"comment_status":"closed","ping_status":"closed","template":"","meta":{"footnotes":""},"categories":[],"tags":[],"class_list":["post-741","page","type-page","status-publish","hentry"],"acf":[],"_links":{"self":[{"href":"https:\/\/www.ufsm.br\/pet\/letras\/wp-json\/wp\/v2\/pages\/741","targetHints":{"allow":["GET"]}}],"collection":[{"href":"https:\/\/www.ufsm.br\/pet\/letras\/wp-json\/wp\/v2\/pages"}],"about":[{"href":"https:\/\/www.ufsm.br\/pet\/letras\/wp-json\/wp\/v2\/types\/page"}],"author":[{"embeddable":true,"href":"https:\/\/www.ufsm.br\/pet\/letras\/wp-json\/wp\/v2\/users\/3679"}],"replies":[{"embeddable":true,"href":"https:\/\/www.ufsm.br\/pet\/letras\/wp-json\/wp\/v2\/comments?post=741"}],"version-history":[{"count":0,"href":"https:\/\/www.ufsm.br\/pet\/letras\/wp-json\/wp\/v2\/pages\/741\/revisions"}],"wp:attachment":[{"href":"https:\/\/www.ufsm.br\/pet\/letras\/wp-json\/wp\/v2\/media?parent=741"}],"wp:term":[{"taxonomy":"category","embeddable":true,"href":"https:\/\/www.ufsm.br\/pet\/letras\/wp-json\/wp\/v2\/categories?post=741"},{"taxonomy":"post_tag","embeddable":true,"href":"https:\/\/www.ufsm.br\/pet\/letras\/wp-json\/wp\/v2\/tags?post=741"}],"curies":[{"name":"wp","href":"https:\/\/api.w.org\/{rel}","templated":true}]}}