{"id":742,"date":"2021-07-07T15:55:00","date_gmt":"2021-07-07T18:55:00","guid":{"rendered":"https:\/\/www.ufsm.br\/pet\/letras\/?page_id=742"},"modified":"2021-08-06T16:50:03","modified_gmt":"2021-08-06T19:50:03","slug":"lembrancas-de-2020","status":"publish","type":"page","link":"https:\/\/www.ufsm.br\/pet\/letras\/lembrancas-de-2020","title":{"rendered":"Lembran\u00e7as de 2020"},"content":{"rendered":"\n<figure id=\"attachment_778\" aria-describedby=\"caption-attachment-778\" style=\"width: 300px\" class=\"wp-caption alignnone\"><img fetchpriority=\"high\" decoding=\"async\" class=\"size-medium wp-image-778\" src=\"https:\/\/www.ufsm.br\/app\/uploads\/sites\/777\/2021\/07\/Cartaz-do-evento-300x300.jpg\" alt=\"\" width=\"300\" height=\"300\" srcset=\"https:\/\/www.ufsm.br\/app\/uploads\/sites\/777\/2021\/07\/Cartaz-do-evento-300x300.jpg 300w, https:\/\/www.ufsm.br\/app\/uploads\/sites\/777\/2021\/07\/Cartaz-do-evento-1024x1024.jpg 1024w, https:\/\/www.ufsm.br\/app\/uploads\/sites\/777\/2021\/07\/Cartaz-do-evento-150x150.jpg 150w, https:\/\/www.ufsm.br\/app\/uploads\/sites\/777\/2021\/07\/Cartaz-do-evento-768x768.jpg 768w, https:\/\/www.ufsm.br\/app\/uploads\/sites\/777\/2021\/07\/Cartaz-do-evento.jpg 1080w\" sizes=\"(max-width: 300px) 100vw, 300px\" \/><figcaption id=\"caption-attachment-778\" class=\"wp-caption-text\">Neste evento, o PET Letras convida a comunidade acad\u00eamica dos cursos de Letras, da Universidade Federal de Santa Maria, para o quinto encontro virtual realizado pelo projeto &#8220;PET \u00e9 Letras: Rodas de Conversa&#8221;.<br \/>Desta vez, nossa quinta conversa acontece no dia 30\/11, com a presidente do N\u00facleo Docente Estruturante e com a coordenadora substituta dos cursos de Letras &#8211; Licenciaturas da UFSM. Abordaremos as mudan\u00e7as nos curr\u00edculos dos cursos de Licenciaturas.<\/figcaption><\/figure>\n<figure id=\"attachment_779\" aria-describedby=\"caption-attachment-779\" style=\"width: 300px\" class=\"wp-caption alignnone\"><img decoding=\"async\" class=\"size-medium wp-image-779\" src=\"https:\/\/www.ufsm.br\/app\/uploads\/sites\/777\/2021\/07\/Cartaz-do-evento.-300x300.jpg\" alt=\"\" width=\"300\" height=\"300\" srcset=\"https:\/\/www.ufsm.br\/app\/uploads\/sites\/777\/2021\/07\/Cartaz-do-evento.-300x300.jpg 300w, https:\/\/www.ufsm.br\/app\/uploads\/sites\/777\/2021\/07\/Cartaz-do-evento.-1024x1024.jpg 1024w, https:\/\/www.ufsm.br\/app\/uploads\/sites\/777\/2021\/07\/Cartaz-do-evento.-150x150.jpg 150w, https:\/\/www.ufsm.br\/app\/uploads\/sites\/777\/2021\/07\/Cartaz-do-evento.-768x768.jpg 768w, https:\/\/www.ufsm.br\/app\/uploads\/sites\/777\/2021\/07\/Cartaz-do-evento..jpg 1080w\" sizes=\"(max-width: 300px) 100vw, 300px\" \/><figcaption id=\"caption-attachment-779\" class=\"wp-caption-text\">O quarto encontro virtual realizado pelo projeto &#8220;PET \u00e9 Letras: Rodas de Conversa&#8221;.<br \/>Desta vez, acontece em dois momentos, no primeiro, que ser\u00e1 no dia 26\/10, iremos conversar com o coordenador e a coordenadora substituta dos cursos de Letras &#8211; Licenciaturas da UFSM. J\u00e1 no outro momento, dia 30\/10, iremos conversar com a coordenadora e o coordenador substituto do curso de Letras &#8211; Bacharelado da UFSM.<\/figcaption><\/figure>\n<figure id=\"attachment_785\" aria-describedby=\"caption-attachment-785\" style=\"width: 300px\" class=\"wp-caption alignnone\"><img decoding=\"async\" class=\"size-medium wp-image-785\" src=\"https:\/\/www.ufsm.br\/app\/uploads\/sites\/777\/2021\/08\/Print-do-evento.-300x116.jpg\" alt=\"\" width=\"300\" height=\"116\" srcset=\"https:\/\/www.ufsm.br\/app\/uploads\/sites\/777\/2021\/08\/Print-do-evento.-300x116.jpg 300w, https:\/\/www.ufsm.br\/app\/uploads\/sites\/777\/2021\/08\/Print-do-evento.-1024x395.jpg 1024w, https:\/\/www.ufsm.br\/app\/uploads\/sites\/777\/2021\/08\/Print-do-evento.-768x296.jpg 768w, https:\/\/www.ufsm.br\/app\/uploads\/sites\/777\/2021\/08\/Print-do-evento..jpg 1358w\" sizes=\"(max-width: 300px) 100vw, 300px\" \/><figcaption id=\"caption-attachment-785\" class=\"wp-caption-text\">Registro da live \u201cA forma\u00e7\u00e3o do pesquisador em Letras: o papel do Programa de Educa\u00e7\u00e3o Tutorial\u201d.<\/figcaption><\/figure>\n<p>\u00a0<\/p>\n<figure id=\"attachment_784\" aria-describedby=\"caption-attachment-784\" style=\"width: 300px\" class=\"wp-caption alignnone\"><img loading=\"lazy\" decoding=\"async\" class=\"size-medium wp-image-784\" src=\"https:\/\/www.ufsm.br\/app\/uploads\/sites\/777\/2021\/08\/Print-do-evento--300x123.jpg\" alt=\"\" width=\"300\" height=\"123\" srcset=\"https:\/\/www.ufsm.br\/app\/uploads\/sites\/777\/2021\/08\/Print-do-evento--300x123.jpg 300w, https:\/\/www.ufsm.br\/app\/uploads\/sites\/777\/2021\/08\/Print-do-evento--1024x419.jpg 1024w, https:\/\/www.ufsm.br\/app\/uploads\/sites\/777\/2021\/08\/Print-do-evento--768x314.jpg 768w, https:\/\/www.ufsm.br\/app\/uploads\/sites\/777\/2021\/08\/Print-do-evento-.jpg 1341w\" sizes=\"(max-width: 300px) 100vw, 300px\" \/><figcaption id=\"caption-attachment-784\" class=\"wp-caption-text\">Live da s\u00e9rie: Reflex\u00f5es em tempos de pandemia: \u201cA forma\u00e7\u00e3o do pesquisador em Letras: o papel do Programa de Educa\u00e7\u00e3o Tutorial\u201d. Momento de muito aprendizado e troca de conhecimento entre professores e alunos da gradua\u00e7\u00e3o e p\u00f3s-gradua\u00e7\u00e3o!<\/figcaption><\/figure>\n<p>\u00a0<\/p>\n<figure id=\"attachment_780\" aria-describedby=\"caption-attachment-780\" style=\"width: 300px\" class=\"wp-caption alignnone\"><img loading=\"lazy\" decoding=\"async\" class=\"wp-image-780 size-medium\" src=\"https:\/\/www.ufsm.br\/app\/uploads\/sites\/777\/2021\/07\/Cartaz-Ecos-do-Vozes-do-40A-300x284.jpg\" alt=\"O PET Letras apresenta o podcast &quot;Ecos do Vozes&quot;, a edi\u00e7\u00e3o especial do Vozes do 40A em parceria com a coordena\u00e7\u00e3o das Letras. Trata-se da edi\u00e7\u00e3o comemorativa, pois o curso de Letras da UFSM completa 55 anos! Ser\u00e3o 21 epis\u00f3dios in\u00e9ditos, nos quais docentes dos Cursos de Letras contam suas mem\u00f3rias e hist\u00f3rias! \" width=\"300\" height=\"284\" srcset=\"https:\/\/www.ufsm.br\/app\/uploads\/sites\/777\/2021\/07\/Cartaz-Ecos-do-Vozes-do-40A-300x284.jpg 300w, https:\/\/www.ufsm.br\/app\/uploads\/sites\/777\/2021\/07\/Cartaz-Ecos-do-Vozes-do-40A.jpg 750w\" sizes=\"(max-width: 300px) 100vw, 300px\" \/><figcaption id=\"caption-attachment-780\" class=\"wp-caption-text\">O PET Letras apresenta o podcast &#8220;Ecos do Vozes&#8221;, a edi\u00e7\u00e3o especial do Vozes do 40A em parceria com a coordena\u00e7\u00e3o dos Cursos de Letras. Trata-se da edi\u00e7\u00e3o comemorativa, pois o curso de Letras da UFSM completa 55 anos! Ser\u00e3o 21 epis\u00f3dios in\u00e9ditos, nos quais docentes dos Cursos de Letras contam suas mem\u00f3rias e hist\u00f3rias!<\/figcaption><\/figure>\n<p>\u00a0<\/p>\n<figure id=\"attachment_761\" aria-describedby=\"caption-attachment-761\" style=\"width: 300px\" class=\"wp-caption alignnone\"><img loading=\"lazy\" decoding=\"async\" class=\"size-medium wp-image-761\" src=\"https:\/\/www.ufsm.br\/app\/uploads\/sites\/777\/2021\/06\/Apresentacao-do-Prof.Dr-Rafael-Friedrich-durante-o-evento-pet-e-Letras-cultura-e-arte.-300x225.jpeg\" alt=\"\" width=\"300\" height=\"225\" srcset=\"https:\/\/www.ufsm.br\/app\/uploads\/sites\/777\/2021\/06\/Apresentacao-do-Prof.Dr-Rafael-Friedrich-durante-o-evento-pet-e-Letras-cultura-e-arte.-300x225.jpeg 300w, https:\/\/www.ufsm.br\/app\/uploads\/sites\/777\/2021\/06\/Apresentacao-do-Prof.Dr-Rafael-Friedrich-durante-o-evento-pet-e-Letras-cultura-e-arte.-1024x768.jpeg 1024w, https:\/\/www.ufsm.br\/app\/uploads\/sites\/777\/2021\/06\/Apresentacao-do-Prof.Dr-Rafael-Friedrich-durante-o-evento-pet-e-Letras-cultura-e-arte.-768x576.jpeg 768w, https:\/\/www.ufsm.br\/app\/uploads\/sites\/777\/2021\/06\/Apresentacao-do-Prof.Dr-Rafael-Friedrich-durante-o-evento-pet-e-Letras-cultura-e-arte..jpeg 1280w\" sizes=\"(max-width: 300px) 100vw, 300px\" \/><figcaption id=\"caption-attachment-761\" class=\"wp-caption-text\">Apresenta\u00e7\u00e3o do Prof.Dr Rafael Friedrich, durante o evento PET \u00e9 Letras, cultura e arte.<\/figcaption><\/figure>\n<p>\u00a0<\/p>\n<figure id=\"attachment_765\" aria-describedby=\"caption-attachment-765\" style=\"width: 300px\" class=\"wp-caption alignnone\"><img loading=\"lazy\" decoding=\"async\" class=\"size-medium wp-image-765\" src=\"https:\/\/www.ufsm.br\/app\/uploads\/sites\/777\/2021\/06\/Petiano-Robson-Severo-declamando-um-poema-durante-o-evento-do-projeto-rodas-de-conversa-Pet-e-Letras-cultura-e-arte.-1-300x225.jpeg\" alt=\"\" width=\"300\" height=\"225\" srcset=\"https:\/\/www.ufsm.br\/app\/uploads\/sites\/777\/2021\/06\/Petiano-Robson-Severo-declamando-um-poema-durante-o-evento-do-projeto-rodas-de-conversa-Pet-e-Letras-cultura-e-arte.-1-300x225.jpeg 300w, https:\/\/www.ufsm.br\/app\/uploads\/sites\/777\/2021\/06\/Petiano-Robson-Severo-declamando-um-poema-durante-o-evento-do-projeto-rodas-de-conversa-Pet-e-Letras-cultura-e-arte.-1-1024x768.jpeg 1024w, https:\/\/www.ufsm.br\/app\/uploads\/sites\/777\/2021\/06\/Petiano-Robson-Severo-declamando-um-poema-durante-o-evento-do-projeto-rodas-de-conversa-Pet-e-Letras-cultura-e-arte.-1-768x576.jpeg 768w, https:\/\/www.ufsm.br\/app\/uploads\/sites\/777\/2021\/06\/Petiano-Robson-Severo-declamando-um-poema-durante-o-evento-do-projeto-rodas-de-conversa-Pet-e-Letras-cultura-e-arte.-1.jpeg 1280w\" sizes=\"(max-width: 300px) 100vw, 300px\" \/><figcaption id=\"caption-attachment-765\" class=\"wp-caption-text\">Petiano Robson Severo declamando um poema durante o evento promovido pelo grupo Rodas de conversa Pet e Letras cultura e arte.<\/figcaption><\/figure>\n<p>\u00a0<\/p>\n<figure id=\"attachment_757\" aria-describedby=\"caption-attachment-757\" style=\"width: 300px\" class=\"wp-caption alignnone\"><img loading=\"lazy\" decoding=\"async\" class=\"size-medium wp-image-757\" src=\"https:\/\/www.ufsm.br\/app\/uploads\/sites\/777\/2021\/06\/Petiana-Alessandra-Stefanello-realizando-a-mediacao-do-evento-300x225.jpeg\" alt=\"\" width=\"300\" height=\"225\" srcset=\"https:\/\/www.ufsm.br\/app\/uploads\/sites\/777\/2021\/06\/Petiana-Alessandra-Stefanello-realizando-a-mediacao-do-evento-300x225.jpeg 300w, https:\/\/www.ufsm.br\/app\/uploads\/sites\/777\/2021\/06\/Petiana-Alessandra-Stefanello-realizando-a-mediacao-do-evento-1024x768.jpeg 1024w, https:\/\/www.ufsm.br\/app\/uploads\/sites\/777\/2021\/06\/Petiana-Alessandra-Stefanello-realizando-a-mediacao-do-evento-768x576.jpeg 768w, https:\/\/www.ufsm.br\/app\/uploads\/sites\/777\/2021\/06\/Petiana-Alessandra-Stefanello-realizando-a-mediacao-do-evento.jpeg 1280w\" sizes=\"(max-width: 300px) 100vw, 300px\" \/><figcaption id=\"caption-attachment-757\" class=\"wp-caption-text\">Petiana Alessandra Stefanello realizando a media\u00e7\u00e3o do evento.<\/figcaption><\/figure>\n<p>\u00a0<\/p>\n<figure id=\"attachment_754\" aria-describedby=\"caption-attachment-754\" style=\"width: 210px\" class=\"wp-caption alignnone\"><img loading=\"lazy\" decoding=\"async\" class=\"size-medium wp-image-754\" src=\"https:\/\/www.ufsm.br\/app\/uploads\/sites\/777\/2021\/06\/Cartaz-do-evento-rodas-de-conversa-e-cultura-e-arte-210x300.jpeg\" alt=\"\" width=\"210\" height=\"300\" srcset=\"https:\/\/www.ufsm.br\/app\/uploads\/sites\/777\/2021\/06\/Cartaz-do-evento-rodas-de-conversa-e-cultura-e-arte-210x300.jpeg 210w, https:\/\/www.ufsm.br\/app\/uploads\/sites\/777\/2021\/06\/Cartaz-do-evento-rodas-de-conversa-e-cultura-e-arte-715x1024.jpeg 715w, https:\/\/www.ufsm.br\/app\/uploads\/sites\/777\/2021\/06\/Cartaz-do-evento-rodas-de-conversa-e-cultura-e-arte.jpeg 760w\" sizes=\"(max-width: 210px) 100vw, 210px\" \/><figcaption id=\"caption-attachment-754\" class=\"wp-caption-text\">Cartaz do evento &#8220;Rodas de conversa e cultura e arte&#8221;.<\/figcaption><\/figure>\n<figure id=\"attachment_753\" aria-describedby=\"caption-attachment-753\" style=\"width: 292px\" class=\"wp-caption alignnone\"><img loading=\"lazy\" decoding=\"async\" class=\"size-medium wp-image-753\" src=\"https:\/\/www.ufsm.br\/app\/uploads\/sites\/777\/2021\/06\/cartaz-do-evento-rodas-de-conversa-292x300.jpeg\" alt=\"\" width=\"292\" height=\"300\" srcset=\"https:\/\/www.ufsm.br\/app\/uploads\/sites\/777\/2021\/06\/cartaz-do-evento-rodas-de-conversa-292x300.jpeg 292w, https:\/\/www.ufsm.br\/app\/uploads\/sites\/777\/2021\/06\/cartaz-do-evento-rodas-de-conversa.jpeg 760w\" sizes=\"(max-width: 292px) 100vw, 292px\" \/><figcaption id=\"caption-attachment-753\" class=\"wp-caption-text\"><br \/>Cartaz do evento do projeto Rodas de conversa, intitulado: &#8220;Pol\u00edtica de cotas e a valoriza\u00e7\u00e3o da diferen\u00e7a&#8221;.<\/figcaption><\/figure>\n","protected":false},"excerpt":{"rendered":"<p>\u00a0 \u00a0 \u00a0 \u00a0 \u00a0 \u00a0<\/p>\n","protected":false},"author":4353,"featured_media":0,"parent":0,"menu_order":0,"comment_status":"closed","ping_status":"closed","template":"","meta":{"footnotes":""},"categories":[],"tags":[],"class_list":["post-742","page","type-page","status-publish","hentry"],"acf":[],"_links":{"self":[{"href":"https:\/\/www.ufsm.br\/pet\/letras\/wp-json\/wp\/v2\/pages\/742","targetHints":{"allow":["GET"]}}],"collection":[{"href":"https:\/\/www.ufsm.br\/pet\/letras\/wp-json\/wp\/v2\/pages"}],"about":[{"href":"https:\/\/www.ufsm.br\/pet\/letras\/wp-json\/wp\/v2\/types\/page"}],"author":[{"embeddable":true,"href":"https:\/\/www.ufsm.br\/pet\/letras\/wp-json\/wp\/v2\/users\/4353"}],"replies":[{"embeddable":true,"href":"https:\/\/www.ufsm.br\/pet\/letras\/wp-json\/wp\/v2\/comments?post=742"}],"version-history":[{"count":0,"href":"https:\/\/www.ufsm.br\/pet\/letras\/wp-json\/wp\/v2\/pages\/742\/revisions"}],"wp:attachment":[{"href":"https:\/\/www.ufsm.br\/pet\/letras\/wp-json\/wp\/v2\/media?parent=742"}],"wp:term":[{"taxonomy":"category","embeddable":true,"href":"https:\/\/www.ufsm.br\/pet\/letras\/wp-json\/wp\/v2\/categories?post=742"},{"taxonomy":"post_tag","embeddable":true,"href":"https:\/\/www.ufsm.br\/pet\/letras\/wp-json\/wp\/v2\/tags?post=742"}],"curies":[{"name":"wp","href":"https:\/\/api.w.org\/{rel}","templated":true}]}}