{"id":833,"date":"2022-05-24T10:25:46","date_gmt":"2022-05-24T13:25:46","guid":{"rendered":"https:\/\/www.ufsm.br\/pet\/letras\/?page_id=833"},"modified":"2022-05-24T10:30:33","modified_gmt":"2022-05-24T13:30:33","slug":"tertulia-literaria","status":"publish","type":"page","link":"https:\/\/www.ufsm.br\/pet\/letras\/tertulia-literaria","title":{"rendered":"Tert\u00falia Liter\u00e1ria"},"content":{"rendered":"\t\t<div data-elementor-type=\"wp-page\" data-elementor-id=\"833\" class=\"elementor elementor-833\">\n\t\t\t\t\t\t<section class=\"elementor-section elementor-top-section elementor-element elementor-element-4b88b35 elementor-section-boxed elementor-section-height-default elementor-section-height-default\" data-id=\"4b88b35\" data-element_type=\"section\">\n\t\t\t\t\t\t<div class=\"elementor-container elementor-column-gap-default\">\n\t\t\t\t\t<div class=\"elementor-column elementor-col-100 elementor-top-column elementor-element elementor-element-473b112\" data-id=\"473b112\" data-element_type=\"column\">\n\t\t\t<div class=\"elementor-widget-wrap elementor-element-populated\">\n\t\t\t\t\t\t<div class=\"elementor-element elementor-element-0e34840 elementor-widget elementor-widget-text-editor\" data-id=\"0e34840\" data-element_type=\"widget\" data-widget_type=\"text-editor.default\">\n\t\t\t\t<div class=\"elementor-widget-container\">\n\t\t\t\t\t\t\t<p>O projeto integra o grupo PET Letras com a comunidade de Santa Maria e suscita o gosto pelo texto liter\u00e1rio. Isso \u00e9 feito atrav\u00e9s de pr\u00e1ticas de letramento liter\u00e1rio, aplicadas nos encontros do grupo de leitura, que s\u00e3o mediados pelos petianos e petianas encarregados do projeto. Durante os encontros s\u00e3o realizados pr\u00e1ticas que visam introduzir o leitor ao texto e, posteriormente, s\u00e3o discutidos os contos selecionados.<\/p>\t\t\t\t\t\t<\/div>\n\t\t\t\t<\/div>\n\t\t\t\t\t<\/div>\n\t\t<\/div>\n\t\t\t\t\t<\/div>\n\t\t<\/section>\n\t\t\t\t<\/div>\n\t\t","protected":false},"excerpt":{"rendered":"<p>O projeto integra o grupo PET Letras com a comunidade de Santa Maria e suscita o gosto pelo texto liter\u00e1rio. Isso \u00e9 feito atrav\u00e9s de pr\u00e1ticas de letramento liter\u00e1rio, aplicadas nos encontros do grupo de leitura, que s\u00e3o mediados pelos petianos e petianas encarregados do projeto. Durante os encontros s\u00e3o realizados pr\u00e1ticas que visam introduzir [&hellip;]<\/p>\n","protected":false},"author":3690,"featured_media":0,"parent":0,"menu_order":0,"comment_status":"closed","ping_status":"closed","template":"","meta":{"footnotes":""},"categories":[],"tags":[],"class_list":["post-833","page","type-page","status-publish","hentry"],"acf":[],"_links":{"self":[{"href":"https:\/\/www.ufsm.br\/pet\/letras\/wp-json\/wp\/v2\/pages\/833","targetHints":{"allow":["GET"]}}],"collection":[{"href":"https:\/\/www.ufsm.br\/pet\/letras\/wp-json\/wp\/v2\/pages"}],"about":[{"href":"https:\/\/www.ufsm.br\/pet\/letras\/wp-json\/wp\/v2\/types\/page"}],"author":[{"embeddable":true,"href":"https:\/\/www.ufsm.br\/pet\/letras\/wp-json\/wp\/v2\/users\/3690"}],"replies":[{"embeddable":true,"href":"https:\/\/www.ufsm.br\/pet\/letras\/wp-json\/wp\/v2\/comments?post=833"}],"version-history":[{"count":0,"href":"https:\/\/www.ufsm.br\/pet\/letras\/wp-json\/wp\/v2\/pages\/833\/revisions"}],"wp:attachment":[{"href":"https:\/\/www.ufsm.br\/pet\/letras\/wp-json\/wp\/v2\/media?parent=833"}],"wp:term":[{"taxonomy":"category","embeddable":true,"href":"https:\/\/www.ufsm.br\/pet\/letras\/wp-json\/wp\/v2\/categories?post=833"},{"taxonomy":"post_tag","embeddable":true,"href":"https:\/\/www.ufsm.br\/pet\/letras\/wp-json\/wp\/v2\/tags?post=833"}],"curies":[{"name":"wp","href":"https:\/\/api.w.org\/{rel}","templated":true}]}}