{"id":150,"date":"2020-02-14T10:31:12","date_gmt":"2020-02-14T13:31:12","guid":{"rendered":"https:\/\/www.ufsm.br\/pro-reitorias\/prograd\/pet\/matematica\/?page_id=150"},"modified":"2022-03-28T09:45:55","modified_gmt":"2022-03-28T12:45:55","slug":"downloads-2","status":"publish","type":"page","link":"https:\/\/www.ufsm.br\/pet\/matematica\/downloads-2","title":{"rendered":"Apostilas"},"content":{"rendered":"\t\t<div data-elementor-type=\"wp-page\" data-elementor-id=\"150\" class=\"elementor elementor-150\">\n\t\t\t\t\t\t<section class=\"elementor-section elementor-top-section elementor-element elementor-element-cea66c8 elementor-section-boxed elementor-section-height-default elementor-section-height-default\" data-id=\"cea66c8\" data-element_type=\"section\">\n\t\t\t\t\t\t<div class=\"elementor-container elementor-column-gap-default\">\n\t\t\t\t\t<div class=\"elementor-column elementor-col-100 elementor-top-column elementor-element elementor-element-239ee825\" data-id=\"239ee825\" data-element_type=\"column\">\n\t\t\t<div class=\"elementor-widget-wrap elementor-element-populated\">\n\t\t\t\t\t\t<div class=\"elementor-element elementor-element-1a31a87 elementor-widget elementor-widget-text-editor\" data-id=\"1a31a87\" data-element_type=\"widget\" data-widget_type=\"text-editor.default\">\n\t\t\t\t<div class=\"elementor-widget-container\">\n\t\t\t\t\t\t\t<p><!-- wp:tadv\/classic-paragraph --><\/p>\n<div>\n<p>Segue abaixo para download as apostilas de todos os minicursos j\u00e1 ofertados pelo PET Matem\u00e1tica:<\/p>\n<ul>\n<li><a href=\"https:\/\/www.ufsm.br\/pro-reitorias\/prograd\/pet\/matematica\/wp-content\/uploads\/sites\/783\/2020\/02\/apostila_minicurso_beamer.pdf\" target=\"_blank\" rel=\"noopener noreferrer\">Beamer e P\u00f4ster com o LaTeX<\/a><\/li>\n<li><a href=\"https:\/\/www.ufsm.br\/pet\/matematica\/wp-content\/uploads\/sites\/783\/2020\/08\/Apostila-Finalizada-Constru\u00e7\u00f5es-Geom\u00e9tricas-com-r\u00e9gua-e-compasso.pdf\">Constru\u00e7\u00f5es geom\u00e9tricas com r\u00e9gua e compasso<\/a><\/li>\n<li><a href=\"https:\/\/www.ufsm.br\/pro-reitorias\/prograd\/pet\/matematica\/wp-content\/uploads\/sites\/783\/2020\/02\/apostila_winplot.pdf\" target=\"_blank\" rel=\"noopener noreferrer\">Fun\u00e7\u00f5es com o Wimplot<\/a><\/li>\n<li><a href=\"https:\/\/www.ufsm.br\/pro-reitorias\/prograd\/pet\/matematica\/wp-content\/uploads\/sites\/783\/2020\/02\/apostila_wingeom.pdf\" target=\"_blank\" rel=\"noopener noreferrer\">Geometria Plana e Espacial com o WinGeom<\/a><\/li>\n<li><a href=\"https:\/\/www.ufsm.br\/pro-reitorias\/prograd\/pet\/matematica\/wp-content\/uploads\/sites\/783\/2020\/02\/apostila_LaTeX_Produ\u00e7\u00e3o_e_Apresenta\u00e7\u00f5es_de_Textos_Cient\u00edficos.pdf\" target=\"_blank\" rel=\"noopener noreferrer\">LaTeX: produ\u00e7\u00e3o e apresenta\u00e7\u00e3o de textos cient\u00edficos<\/a><\/li>\n<li><a href=\"https:\/\/www.ufsm.br\/pro-reitorias\/prograd\/pet\/matematica\/wp-content\/uploads\/sites\/783\/2020\/02\/Apostila_GeoGebra.pdf\" target=\"_blank\" rel=\"noopener noreferrer\">Minicurso de GeoGebra<\/a><\/li>\n<li><a href=\"https:\/\/www.ufsm.br\/pro-reitorias\/prograd\/pet\/matematica\/wp-content\/uploads\/sites\/783\/2020\/02\/apostila_latex.pdf\">Minicurso de LaTeX 2013<\/a><\/li>\n<li><a href=\"https:\/\/www.ufsm.br\/pet\/matematica\/wp-content\/uploads\/sites\/783\/2020\/06\/APOSTILA-TEX_2018_Atualizada.pdf\" target=\"_blank\" rel=\"noopener noreferrer\">Minicurso de Latex 2018<\/a><\/li>\n<li><a href=\"https:\/\/www.ufsm.br\/pro-reitorias\/prograd\/pet\/matematica\/wp-content\/uploads\/sites\/783\/2020\/02\/apostila_maple.pdf\" target=\"_blank\" rel=\"noopener noreferrer\">No\u00e7\u00f5es B\u00e1sicas de C\u00e1lculo Diferencial e \u00c1lgebra Linear Com o MAPLE<\/a><\/li>\n<li><a href=\"https:\/\/www.ufsm.br\/pro-reitorias\/prograd\/pet\/matematica\/wp-content\/uploads\/sites\/783\/2020\/02\/apostila_No\u00e7\u00f5es_B\u00e1sicas_de_C\u00e1lculo_e_Geometria_Plana_com_o_GeoGebra.pdf\" target=\"_blank\" rel=\"noopener noreferrer\">No\u00e7\u00f5es B\u00e1sicas de C\u00e1lculo e Geometria Plana com o GeoGebra<\/a><\/li>\n<li><a href=\"https:\/\/www.ufsm.br\/pro-reitorias\/prograd\/pet\/matematica\/wp-content\/uploads\/sites\/783\/2020\/02\/Apostila_Matlab.pdf\" target=\"_blank\" rel=\"noopener noreferrer\">No\u00e7\u00f5es B\u00e1sicas de Programa\u00e7\u00e3o em Matlab<\/a><\/li>\n<li><a href=\"https:\/\/www.ufsm.br\/pet\/matematica\/wp-content\/uploads\/sites\/783\/2020\/08\/Apostila-Finalizada-Pr\u00e9-C\u00e1lculo.pdf\">Pr\u00e9 &#8211; C\u00e1lculo<\/a><\/li>\n<li><a href=\"https:\/\/www.ufsm.br\/pro-reitorias\/prograd\/pet\/matematica\/wp-content\/uploads\/sites\/783\/2020\/02\/apostila_software_wxmaxima.pdf\" target=\"_blank\" rel=\"noopener noreferrer\">Software WxMaxima<\/a><\/li>\n<li><a href=\"https:\/\/www.ufsm.br\/app\/uploads\/sites\/783\/2022\/03\/Apostila-OpenShot.pdf\">Apostila OpenShot<\/a><\/li>\n<\/ul>\n<\/div>\n<p><!-- \/wp:tadv\/classic-paragraph --><\/p>\t\t\t\t\t\t<\/div>\n\t\t\t\t<\/div>\n\t\t\t\t\t<\/div>\n\t\t<\/div>\n\t\t\t\t\t<\/div>\n\t\t<\/section>\n\t\t\t\t<\/div>\n\t\t","protected":false},"excerpt":{"rendered":"<p>Segue abaixo para download as apostilas de todos os minicursos j\u00e1 ofertados pelo PET Matem\u00e1tica: Beamer e P\u00f4ster com o LaTeX Constru\u00e7\u00f5es geom\u00e9tricas com r\u00e9gua e compasso Fun\u00e7\u00f5es com o Wimplot Geometria Plana e Espacial com o WinGeom LaTeX: produ\u00e7\u00e3o e apresenta\u00e7\u00e3o de textos cient\u00edficos Minicurso de GeoGebra Minicurso de LaTeX 2013 Minicurso de Latex [&hellip;]<\/p>\n","protected":false},"author":2223,"featured_media":0,"parent":0,"menu_order":0,"comment_status":"closed","ping_status":"closed","template":"","meta":{"footnotes":""},"categories":[],"tags":[],"class_list":["post-150","page","type-page","status-publish","hentry"],"acf":[],"_links":{"self":[{"href":"https:\/\/www.ufsm.br\/pet\/matematica\/wp-json\/wp\/v2\/pages\/150","targetHints":{"allow":["GET"]}}],"collection":[{"href":"https:\/\/www.ufsm.br\/pet\/matematica\/wp-json\/wp\/v2\/pages"}],"about":[{"href":"https:\/\/www.ufsm.br\/pet\/matematica\/wp-json\/wp\/v2\/types\/page"}],"author":[{"embeddable":true,"href":"https:\/\/www.ufsm.br\/pet\/matematica\/wp-json\/wp\/v2\/users\/2223"}],"replies":[{"embeddable":true,"href":"https:\/\/www.ufsm.br\/pet\/matematica\/wp-json\/wp\/v2\/comments?post=150"}],"version-history":[{"count":0,"href":"https:\/\/www.ufsm.br\/pet\/matematica\/wp-json\/wp\/v2\/pages\/150\/revisions"}],"wp:attachment":[{"href":"https:\/\/www.ufsm.br\/pet\/matematica\/wp-json\/wp\/v2\/media?parent=150"}],"wp:term":[{"taxonomy":"category","embeddable":true,"href":"https:\/\/www.ufsm.br\/pet\/matematica\/wp-json\/wp\/v2\/categories?post=150"},{"taxonomy":"post_tag","embeddable":true,"href":"https:\/\/www.ufsm.br\/pet\/matematica\/wp-json\/wp\/v2\/tags?post=150"}],"curies":[{"name":"wp","href":"https:\/\/api.w.org\/{rel}","templated":true}]}}