{"id":190,"date":"2020-05-21T18:43:24","date_gmt":"2020-05-21T21:43:24","guid":{"rendered":"https:\/\/www.ufsm.br\/pet\/matematica\/?page_id=190"},"modified":"2026-04-11T16:06:11","modified_gmt":"2026-04-11T19:06:11","slug":"certificados","status":"publish","type":"page","link":"https:\/\/www.ufsm.br\/pet\/matematica\/certificados","title":{"rendered":"Certificados"},"content":{"rendered":"\t\t<div data-elementor-type=\"wp-page\" data-elementor-id=\"190\" class=\"elementor elementor-190\">\n\t\t\t\t\t\t<section class=\"elementor-section elementor-top-section elementor-element elementor-element-6ff6bd4 elementor-section-boxed elementor-section-height-default elementor-section-height-default\" data-id=\"6ff6bd4\" data-element_type=\"section\">\n\t\t\t\t\t\t<div class=\"elementor-container elementor-column-gap-default\">\n\t\t\t\t\t<div class=\"elementor-column elementor-col-100 elementor-top-column elementor-element elementor-element-fdcf16f\" data-id=\"fdcf16f\" data-element_type=\"column\">\n\t\t\t<div class=\"elementor-widget-wrap elementor-element-populated\">\n\t\t\t\t\t\t<div class=\"elementor-element elementor-element-b994cc5 elementor-widget elementor-widget-text-editor\" data-id=\"b994cc5\" data-element_type=\"widget\" data-widget_type=\"text-editor.default\">\n\t\t\t\t<div class=\"elementor-widget-container\">\n\t\t\t\t\t\t\t<p><span style=\"font-family: 'times new roman', times, serif\">Clicando\u00a0<strong><a href=\"https:\/\/drive.google.com\/drive\/folders\/1F0ZzrXp4gjVNckJR_InfyxWmpSAjV41U?usp=sharing\">aqui<\/a>\u00a0<\/strong>voc\u00ea ter\u00e1 acesso \u00e0 pasta de certificados de todos os minicursos e oficinas ofertados pelo PET Matem\u00e1tica desde 2015.\u00a0Caso algum certificado esteja indispon\u00edvel, entre em contato\u00a0conosco apartir do e-mail<span style=\"color: black;font-size: 1rem\">\u00a0<\/span><strong><span id=\"cloak9d2c1d14ebfdf98ced2d1328fb77da92\" style=\"color: black;font-size: 1rem\"><a href=\"mailto:pet.matematica@ufsm.br\">pet.matematica@ufsm.br<\/a><\/span><\/strong><\/span><\/p>\t\t\t\t\t\t<\/div>\n\t\t\t\t<\/div>\n\t\t\t\t\t<\/div>\n\t\t<\/div>\n\t\t\t\t\t<\/div>\n\t\t<\/section>\n\t\t\t\t<\/div>\n\t\t","protected":false},"excerpt":{"rendered":"<p>Clicando\u00a0aqui\u00a0voc\u00ea ter\u00e1 acesso \u00e0 pasta de certificados de todos os minicursos e oficinas ofertados pelo PET Matem\u00e1tica desde 2015.\u00a0Caso algum certificado esteja indispon\u00edvel, entre em contato\u00a0conosco apartir do e-mail\u00a0pet.matematica@ufsm.br<\/p>\n","protected":false},"author":2770,"featured_media":0,"parent":0,"menu_order":0,"comment_status":"closed","ping_status":"closed","template":"","meta":{"footnotes":""},"categories":[],"tags":[],"class_list":["post-190","page","type-page","status-publish","hentry"],"acf":[],"_links":{"self":[{"href":"https:\/\/www.ufsm.br\/pet\/matematica\/wp-json\/wp\/v2\/pages\/190","targetHints":{"allow":["GET"]}}],"collection":[{"href":"https:\/\/www.ufsm.br\/pet\/matematica\/wp-json\/wp\/v2\/pages"}],"about":[{"href":"https:\/\/www.ufsm.br\/pet\/matematica\/wp-json\/wp\/v2\/types\/page"}],"author":[{"embeddable":true,"href":"https:\/\/www.ufsm.br\/pet\/matematica\/wp-json\/wp\/v2\/users\/2770"}],"replies":[{"embeddable":true,"href":"https:\/\/www.ufsm.br\/pet\/matematica\/wp-json\/wp\/v2\/comments?post=190"}],"version-history":[{"count":0,"href":"https:\/\/www.ufsm.br\/pet\/matematica\/wp-json\/wp\/v2\/pages\/190\/revisions"}],"wp:attachment":[{"href":"https:\/\/www.ufsm.br\/pet\/matematica\/wp-json\/wp\/v2\/media?parent=190"}],"wp:term":[{"taxonomy":"category","embeddable":true,"href":"https:\/\/www.ufsm.br\/pet\/matematica\/wp-json\/wp\/v2\/categories?post=190"},{"taxonomy":"post_tag","embeddable":true,"href":"https:\/\/www.ufsm.br\/pet\/matematica\/wp-json\/wp\/v2\/tags?post=190"}],"curies":[{"name":"wp","href":"https:\/\/api.w.org\/{rel}","templated":true}]}}