{"id":194,"date":"2020-05-22T15:46:41","date_gmt":"2020-05-22T18:46:41","guid":{"rendered":"https:\/\/www.ufsm.br\/pet\/matematica\/?page_id=194"},"modified":"2026-03-29T21:51:27","modified_gmt":"2026-03-30T00:51:27","slug":"pesquisa","status":"publish","type":"page","link":"https:\/\/www.ufsm.br\/pet\/matematica\/pesquisa","title":{"rendered":"Pesquisa"},"content":{"rendered":"\t\t<div data-elementor-type=\"wp-page\" data-elementor-id=\"194\" class=\"elementor elementor-194\">\n\t\t\t\t\t\t<section class=\"elementor-section elementor-top-section elementor-element elementor-element-a232567 elementor-section-boxed elementor-section-height-default elementor-section-height-default\" data-id=\"a232567\" data-element_type=\"section\">\n\t\t\t\t\t\t<div class=\"elementor-container elementor-column-gap-default\">\n\t\t\t\t\t<div class=\"elementor-column elementor-col-100 elementor-top-column elementor-element elementor-element-a9c3e8f\" data-id=\"a9c3e8f\" data-element_type=\"column\">\n\t\t\t<div class=\"elementor-widget-wrap elementor-element-populated\">\n\t\t\t\t\t\t<div class=\"elementor-element elementor-element-c560d59 elementor-widget elementor-widget-text-editor\" data-id=\"c560d59\" data-element_type=\"widget\" data-widget_type=\"text-editor.default\">\n\t\t\t\t<div class=\"elementor-widget-container\">\n\t\t\t\t\t\t\t<p><span style=\"font-family: 'times new roman', times, serif\">Neste eixo, os integrantes do grupo desenvolvem pesquisas individuais e\/ou em grupo. Sendo que cada petiano tem o livre arb\u00edtrio de estudar mais afundo algum tema ou assunto de seu interesse, sendo da \u00e1rea ou afins. Essa pesquisa \u00e9 orientada por algum docente da UFSM, principalmente, por professores do Departamento de Matem\u00e1tica da institui\u00e7\u00e3o.\u00a0<\/span><\/p><p style=\"text-align: justify\"><span style=\"font-family: 'times new roman', times, serif\">Hoje, no grupo tem-se:<\/span><\/p><ul><li><span style=\"font-family: 'times new roman', times, serif\">Tr\u00eas pesquisas em Educa\u00e7\u00e3o Matem\u00e1tica;<\/span><\/li><li><span style=\"font-family: 'times new roman', times, serif\">Uma pesquisas em Matem\u00e1tica Aplicada;<\/span><\/li><li><span style=\"font-family: 'times new roman', times, serif\">Sete pesquisas em Matem\u00e1tica Pura.<\/span><\/li><\/ul><p><span style=\"font-family: 'times new roman', times, serif\">Al\u00e9m disso, os membros do grupo apresentam os resultados obtidos, a partir dos estudos, em eventos\u00a0 locais, regionais, estaduais, nacionais e internacionais. Nas fotos abaixo voc\u00ea pode observar a participa\u00e7\u00e3o de alguns petianos em eventos.\u00a0<\/span><\/p>\t\t\t\t\t\t<\/div>\n\t\t\t\t<\/div>\n\t\t\t\t\t<\/div>\n\t\t<\/div>\n\t\t\t\t\t<\/div>\n\t\t<\/section>\n\t\t\t\t<section class=\"elementor-section elementor-top-section elementor-element elementor-element-995b24c elementor-section-boxed elementor-section-height-default elementor-section-height-default\" data-id=\"995b24c\" data-element_type=\"section\">\n\t\t\t\t\t\t<div class=\"elementor-container elementor-column-gap-default\">\n\t\t\t\t\t<div class=\"elementor-column elementor-col-33 elementor-top-column elementor-element elementor-element-932fe19\" data-id=\"932fe19\" data-element_type=\"column\">\n\t\t\t<div class=\"elementor-widget-wrap elementor-element-populated\">\n\t\t\t\t\t\t<div class=\"elementor-element elementor-element-10a7344 elementor-widget elementor-widget-image\" data-id=\"10a7344\" data-element_type=\"widget\" data-widget_type=\"image.default\">\n\t\t\t\t<div class=\"elementor-widget-container\">\n\t\t\t\t\t\t\t\t\t\t<figure class=\"wp-caption\">\n\t\t\t\t\t\t\t\t\t\t<img fetchpriority=\"high\" decoding=\"async\" width=\"721\" height=\"721\" src=\"https:\/\/www.ufsm.br\/app\/uploads\/sites\/783\/2026\/03\/WhatsApp-Image-2026-03-29-at-21.08.20-1.jpeg\" class=\"attachment-large size-large wp-image-646\" alt=\"\" srcset=\"https:\/\/www.ufsm.br\/app\/uploads\/sites\/783\/2026\/03\/WhatsApp-Image-2026-03-29-at-21.08.20-1.jpeg 721w, https:\/\/www.ufsm.br\/app\/uploads\/sites\/783\/2026\/03\/WhatsApp-Image-2026-03-29-at-21.08.20-1-300x300.jpeg 300w, https:\/\/www.ufsm.br\/app\/uploads\/sites\/783\/2026\/03\/WhatsApp-Image-2026-03-29-at-21.08.20-1-150x150.jpeg 150w\" sizes=\"(max-width: 721px) 100vw, 721px\" \/>\t\t\t\t\t\t\t\t\t\t\t<figcaption class=\"widget-image-caption wp-caption-text\">Participa\u00e7\u00e3o do petiano Igor no Sexto Col\u00f3quio da Regi\u00e3o Sul<\/figcaption>\n\t\t\t\t\t\t\t\t\t\t<\/figure>\n\t\t\t\t\t\t\t<\/div>\n\t\t\t\t<\/div>\n\t\t\t\t\t<\/div>\n\t\t<\/div>\n\t\t\t\t<div class=\"elementor-column elementor-col-33 elementor-top-column elementor-element elementor-element-4a1ff54\" data-id=\"4a1ff54\" data-element_type=\"column\">\n\t\t\t<div class=\"elementor-widget-wrap elementor-element-populated\">\n\t\t\t\t\t\t<div class=\"elementor-element elementor-element-4a5e925 elementor-widget elementor-widget-image\" data-id=\"4a5e925\" data-element_type=\"widget\" data-widget_type=\"image.default\">\n\t\t\t\t<div class=\"elementor-widget-container\">\n\t\t\t\t\t\t\t\t\t\t<figure class=\"wp-caption\">\n\t\t\t\t\t\t\t\t\t\t<img decoding=\"async\" width=\"1024\" height=\"1024\" src=\"https:\/\/www.ufsm.br\/app\/uploads\/sites\/783\/2026\/03\/WhatsApp-Image-2026-03-29-at-21.08.20-1024x1024.jpeg\" class=\"attachment-large size-large wp-image-645\" alt=\"\" srcset=\"https:\/\/www.ufsm.br\/app\/uploads\/sites\/783\/2026\/03\/WhatsApp-Image-2026-03-29-at-21.08.20-1024x1024.jpeg 1024w, https:\/\/www.ufsm.br\/app\/uploads\/sites\/783\/2026\/03\/WhatsApp-Image-2026-03-29-at-21.08.20-300x300.jpeg 300w, https:\/\/www.ufsm.br\/app\/uploads\/sites\/783\/2026\/03\/WhatsApp-Image-2026-03-29-at-21.08.20-150x150.jpeg 150w, https:\/\/www.ufsm.br\/app\/uploads\/sites\/783\/2026\/03\/WhatsApp-Image-2026-03-29-at-21.08.20-768x768.jpeg 768w, https:\/\/www.ufsm.br\/app\/uploads\/sites\/783\/2026\/03\/WhatsApp-Image-2026-03-29-at-21.08.20.jpeg 1204w\" sizes=\"(max-width: 1024px) 100vw, 1024px\" \/>\t\t\t\t\t\t\t\t\t\t\t<figcaption class=\"widget-image-caption wp-caption-text\">Participa\u00e7\u00e3o da petiana J\u00falia na trig\u00e9sima noma JAI, da UFSM<\/figcaption>\n\t\t\t\t\t\t\t\t\t\t<\/figure>\n\t\t\t\t\t\t\t<\/div>\n\t\t\t\t<\/div>\n\t\t\t\t\t<\/div>\n\t\t<\/div>\n\t\t\t\t<div class=\"elementor-column elementor-col-33 elementor-top-column elementor-element elementor-element-1b1ac61\" data-id=\"1b1ac61\" data-element_type=\"column\">\n\t\t\t<div class=\"elementor-widget-wrap elementor-element-populated\">\n\t\t\t\t\t\t<div class=\"elementor-element elementor-element-b6d47ba elementor-widget elementor-widget-image\" data-id=\"b6d47ba\" data-element_type=\"widget\" data-widget_type=\"image.default\">\n\t\t\t\t<div class=\"elementor-widget-container\">\n\t\t\t\t\t\t\t\t\t\t<figure class=\"wp-caption\">\n\t\t\t\t\t\t\t\t\t\t<img decoding=\"async\" width=\"1024\" height=\"1024\" src=\"https:\/\/www.ufsm.br\/app\/uploads\/sites\/783\/2026\/03\/WhatsApp-Image-2026-03-29-at-21.49.27-1024x1024.jpeg\" class=\"attachment-large size-large wp-image-647\" alt=\"\" srcset=\"https:\/\/www.ufsm.br\/app\/uploads\/sites\/783\/2026\/03\/WhatsApp-Image-2026-03-29-at-21.49.27-1024x1024.jpeg 1024w, https:\/\/www.ufsm.br\/app\/uploads\/sites\/783\/2026\/03\/WhatsApp-Image-2026-03-29-at-21.49.27-300x300.jpeg 300w, https:\/\/www.ufsm.br\/app\/uploads\/sites\/783\/2026\/03\/WhatsApp-Image-2026-03-29-at-21.49.27-150x150.jpeg 150w, https:\/\/www.ufsm.br\/app\/uploads\/sites\/783\/2026\/03\/WhatsApp-Image-2026-03-29-at-21.49.27-768x768.jpeg 768w, https:\/\/www.ufsm.br\/app\/uploads\/sites\/783\/2026\/03\/WhatsApp-Image-2026-03-29-at-21.49.27.jpeg 1200w\" sizes=\"(max-width: 1024px) 100vw, 1024px\" \/>\t\t\t\t\t\t\t\t\t\t\t<figcaption class=\"widget-image-caption wp-caption-text\">Participa\u00e7\u00e3o do petiano Matias na quadrag\u00e9sima JAI, da UFSM<\/figcaption>\n\t\t\t\t\t\t\t\t\t\t<\/figure>\n\t\t\t\t\t\t\t<\/div>\n\t\t\t\t<\/div>\n\t\t\t\t\t<\/div>\n\t\t<\/div>\n\t\t\t\t\t<\/div>\n\t\t<\/section>\n\t\t\t\t<section class=\"elementor-section elementor-top-section elementor-element elementor-element-116c8d3 elementor-section-boxed elementor-section-height-default elementor-section-height-default\" data-id=\"116c8d3\" data-element_type=\"section\">\n\t\t\t\t\t\t<div class=\"elementor-container elementor-column-gap-default\">\n\t\t\t\t\t<div class=\"elementor-column elementor-col-100 elementor-top-column elementor-element elementor-element-2480add\" data-id=\"2480add\" data-element_type=\"column\">\n\t\t\t<div class=\"elementor-widget-wrap elementor-element-populated\">\n\t\t\t\t\t\t<div class=\"elementor-element elementor-element-fa1d98e elementor-widget elementor-widget-text-editor\" data-id=\"fa1d98e\" data-element_type=\"widget\" data-widget_type=\"text-editor.default\">\n\t\t\t\t<div class=\"elementor-widget-container\">\n\t\t\t\t\t\t\t<p>Detalhes sobre as atuais pesquisas\u00a0 dos integrantes do PET pode ser acessada clicando <a href=\"https:\/\/www.ufsm.br\/pet\/matematica\/integrantes\">aqui<\/a>.<\/p>\t\t\t\t\t\t<\/div>\n\t\t\t\t<\/div>\n\t\t\t\t\t<\/div>\n\t\t<\/div>\n\t\t\t\t\t<\/div>\n\t\t<\/section>\n\t\t\t\t<section class=\"elementor-section elementor-top-section elementor-element elementor-element-2832178 elementor-section-boxed elementor-section-height-default elementor-section-height-default\" data-id=\"2832178\" data-element_type=\"section\">\n\t\t\t\t\t\t<div class=\"elementor-container elementor-column-gap-default\">\n\t\t\t\t\t<div class=\"elementor-column elementor-col-100 elementor-top-column elementor-element elementor-element-a4ddc17\" data-id=\"a4ddc17\" data-element_type=\"column\">\n\t\t\t<div class=\"elementor-widget-wrap\">\n\t\t\t\t\t\t\t<\/div>\n\t\t<\/div>\n\t\t\t\t\t<\/div>\n\t\t<\/section>\n\t\t\t\t<\/div>\n\t\t","protected":false},"excerpt":{"rendered":"<p>Neste eixo, os integrantes do grupo desenvolvem pesquisas individuais e\/ou em grupo. Sendo que cada petiano tem o livre arb\u00edtrio de estudar mais afundo algum tema ou assunto de seu interesse, sendo da \u00e1rea ou afins. Essa pesquisa \u00e9 orientada por algum docente da UFSM, principalmente, por professores do Departamento de Matem\u00e1tica da institui\u00e7\u00e3o.\u00a0 Hoje, [&hellip;]<\/p>\n","protected":false},"author":2567,"featured_media":0,"parent":0,"menu_order":0,"comment_status":"closed","ping_status":"closed","template":"","meta":{"footnotes":""},"categories":[],"tags":[],"class_list":["post-194","page","type-page","status-publish","hentry"],"acf":[],"_links":{"self":[{"href":"https:\/\/www.ufsm.br\/pet\/matematica\/wp-json\/wp\/v2\/pages\/194","targetHints":{"allow":["GET"]}}],"collection":[{"href":"https:\/\/www.ufsm.br\/pet\/matematica\/wp-json\/wp\/v2\/pages"}],"about":[{"href":"https:\/\/www.ufsm.br\/pet\/matematica\/wp-json\/wp\/v2\/types\/page"}],"author":[{"embeddable":true,"href":"https:\/\/www.ufsm.br\/pet\/matematica\/wp-json\/wp\/v2\/users\/2567"}],"replies":[{"embeddable":true,"href":"https:\/\/www.ufsm.br\/pet\/matematica\/wp-json\/wp\/v2\/comments?post=194"}],"version-history":[{"count":0,"href":"https:\/\/www.ufsm.br\/pet\/matematica\/wp-json\/wp\/v2\/pages\/194\/revisions"}],"wp:attachment":[{"href":"https:\/\/www.ufsm.br\/pet\/matematica\/wp-json\/wp\/v2\/media?parent=194"}],"wp:term":[{"taxonomy":"category","embeddable":true,"href":"https:\/\/www.ufsm.br\/pet\/matematica\/wp-json\/wp\/v2\/categories?post=194"},{"taxonomy":"post_tag","embeddable":true,"href":"https:\/\/www.ufsm.br\/pet\/matematica\/wp-json\/wp\/v2\/tags?post=194"}],"curies":[{"name":"wp","href":"https:\/\/api.w.org\/{rel}","templated":true}]}}