{"id":22,"date":"2019-05-14T17:01:42","date_gmt":"2019-05-14T20:01:42","guid":{"rendered":"https:\/\/www.ufsm.br\/template-laboratprio\/?page_id=22"},"modified":"2026-03-22T22:32:34","modified_gmt":"2026-03-23T01:32:34","slug":"informacoes-gerais","status":"publish","type":"page","link":"https:\/\/www.ufsm.br\/pet\/matematica\/informacoes-gerais","title":{"rendered":"Sobre"},"content":{"rendered":"\t\t<div data-elementor-type=\"wp-page\" data-elementor-id=\"22\" class=\"elementor elementor-22\">\n\t\t\t\t\t\t<section class=\"elementor-section elementor-top-section elementor-element elementor-element-272fbbb5 elementor-section-boxed elementor-section-height-default elementor-section-height-default\" data-id=\"272fbbb5\" data-element_type=\"section\">\n\t\t\t\t\t\t<div class=\"elementor-container elementor-column-gap-default\">\n\t\t\t\t\t<div class=\"elementor-column elementor-col-100 elementor-top-column elementor-element elementor-element-328f7b2\" data-id=\"328f7b2\" data-element_type=\"column\">\n\t\t\t<div class=\"elementor-widget-wrap elementor-element-populated\">\n\t\t\t\t\t\t<div class=\"elementor-element elementor-element-e97affe elementor-widget elementor-widget-text-editor\" data-id=\"e97affe\" data-element_type=\"widget\" data-widget_type=\"text-editor.default\">\n\t\t\t\t<div class=\"elementor-widget-container\">\n\t\t\t\t\t\t\t<p><span style=\"font-family: 'times new roman', times, serif\"><strong>O que \u00e9 o PET?<\/strong><\/span><\/p>\n<p><span style=\"font-family: 'times new roman', times, serif\">O Programa de Educa\u00e7\u00e3o Tutorial (PET) \u00e9 um programa do governo federal que mant\u00e9m grupos de educa\u00e7\u00e3o tutorial em cursos de gradua\u00e7\u00e3o de universidades p\u00fablicas, confessionais e privadas de todo o Brasil. Esses grupos, chamados de &#8220;grupos PET&#8221; se orientam, no desenvolvimento de suas atividades, pelo princ\u00edpio da indissociabilidade entre ensino, pesquisa e extens\u00e3o.\u00a0<\/span><\/p>\n<p><span style=\"font-family: 'times new roman', times, serif\">O PET foi criado em 1979 pela Coordena\u00e7\u00e3o de Aperfei\u00e7oamento de Pessoal de N\u00edvel Superior \u2013 CAPES quando sua sigla significava Programa Especial de Treinamento. Em 1999, o programa foi transferido para a Secretaria de Educa\u00e7\u00e3o Superior do Minist\u00e9rio da Educa\u00e7\u00e3o, ficando a sua gest\u00e3o sob a responsabilidade do Departamento de Moderniza\u00e7\u00e3o e Programas da Educa\u00e7\u00e3o Superior \u2013 DEPEM, atualmente DIPES. Em 2004, o PET passou a ter a atual denomina\u00e7\u00e3o de Programa de Educa\u00e7\u00e3o Tutorial.<\/span><\/p>\n<p><span style=\"font-family: 'times new roman', times, serif\">O Programa \u00e9 composto por grupos tutoriais de aprendizagem organizados a partir de cursos de gradua\u00e7\u00e3o das Institui\u00e7\u00f5es de Ensino Superior (IES) do pa\u00eds e busca propiciar aos alunos, sob a orienta\u00e7\u00e3o de um professor tutor, condi\u00e7\u00f5es para a realiza\u00e7\u00e3o de atividades extracurriculares, que complementem a sua forma\u00e7\u00e3o acad\u00eamica, procurando atender mais plenamente \u00e0s necessidades do pr\u00f3prio curso de gradua\u00e7\u00e3o e\/ou ampliar e aprofundar os objetivos e os conte\u00fados program\u00e1ticos que integram sua grade curricular.<\/span><\/p>\n<p><span style=\"font-family: 'times new roman', times, serif\">S\u00e3o\u00a0<strong>objetivos<\/strong>\u00a0do programa:<\/span><\/p>\n<ul>\n<li><span style=\"font-family: 'times new roman', times, serif\">Desenvolver atividades acad\u00eamicas em padr\u00f5es de qualidade e excel\u00eancia, de natureza coletiva e interdisciplinar.<\/span><\/li>\n<li><span style=\"font-family: 'times new roman', times, serif\">Contribuir para a eleva\u00e7\u00e3o da qualidade da forma\u00e7\u00e3o acad\u00eamica dos alunos de gradua\u00e7\u00e3o.<\/span><\/li>\n<li><span style=\"font-family: 'times new roman', times, serif\">Estimular a forma\u00e7\u00e3o de profissionais de elevada qualifica\u00e7\u00e3o t\u00e9cnica, cient\u00edfica, tecnol\u00f3gica e acad\u00eamica.<\/span><\/li>\n<li><span style=\"font-family: 'times new roman', times, serif\">Estimular o esp\u00edrito cr\u00edtico, bem como a atua\u00e7\u00e3o profissional pautada pela \u00e9tica, pela cidadania e pela fun\u00e7\u00e3o social da educa\u00e7\u00e3o superior.<\/span><\/li>\n<li><span style=\"font-family: 'times new roman', times, serif\">Formular novas estrat\u00e9gias de desenvolvimento e moderniza\u00e7\u00e3o do ensino superior no pa\u00eds.<\/span><\/li>\n<\/ul>\n<p><span style=\"font-family: 'times new roman', times, serif\"><strong>O PET Matem\u00e1tica<\/strong><\/span><\/p>\n<p><span style=\"font-family: 'times new roman', times, serif\">Embora o programa tenha sido fundado em 1979, somente em 1992 o Programa PET chegou a UFSM, primeiramente com seis grupos, dentre eles o PET Matem\u00e1tica.<\/span><br \/><span style=\"font-family: 'times new roman', times, serif\">A professora Maria de Lourdes Merlini Giuliani foi a respons\u00e1vel pela implanta\u00e7\u00e3o do grupo, sendo tamb\u00e9m a primeira tutora.<\/span><\/p>\n<p><span style=\"font-family: 'times new roman', times, serif\">Segue abaixo a tabela que consta os nomes dos professores tutores e respectivo per\u00edodo de tutoria do PET Matem\u00e1tica:<\/span><\/p>\n<table style=\"border-collapse: collapse;width: 100%\">\n<tbody>\n<tr>\n<td style=\"width: 74.3243%;text-align: center\"><span style=\"font-family: 'times new roman', times, serif\"><strong>TUTOR<\/strong><\/span><\/td>\n<td style=\"width: 25.6757%;text-align: center\"><span style=\"font-family: 'times new roman', times, serif\"><strong>PER\u00cdODO<\/strong><\/span><\/td>\n<\/tr>\n<tr>\n<td style=\"width: 74.3243%\"><span style=\"font-family: 'times new roman', times, serif\">Celene Buriol<\/span><\/td>\n<td style=\"width: 25.6757%;text-align: center\">2023 &#8211; Atual<\/td>\n<\/tr>\n<tr>\n<td style=\"width: 74.3243%\"><span style=\"font-family: 'times new roman', times, serif\">In\u00eas Farias Ferreira<\/span><\/td>\n<td style=\"width: 25.6757%;text-align: center\"><span style=\"font-family: 'times new roman', times, serif\">2019 &#8211; 2023<\/span><\/td>\n<\/tr>\n<tr>\n<td style=\"width: 74.3243%\"><span style=\"font-family: 'times new roman', times, serif\">Carmen Vieira Mathias<\/span><\/td>\n<td style=\"width: 25.6757%;text-align: center\"><span style=\"font-family: 'times new roman', times, serif\">2015 \u2013 2019<\/span><\/td>\n<\/tr>\n<tr>\n<td style=\"width: 74.3243%\"><span style=\"font-family: 'times new roman', times, serif\">Antonio Carlos Lyrio Bidel<\/span><\/td>\n<td style=\"width: 25.6757%;text-align: center\"><span style=\"font-family: 'times new roman', times, serif\">2005 \u2013 2015<\/span><\/td>\n<\/tr>\n<tr>\n<td style=\"width: 74.3243%\"><span style=\"font-family: 'times new roman', times, serif\">Osmar Franscisco Giuliani<\/span><\/td>\n<td style=\"width: 25.6757%;text-align: center\"><span style=\"font-family: 'times new roman', times, serif\">2002 \u2013 2005<\/span><\/td>\n<\/tr>\n<tr>\n<td style=\"width: 74.3243%\"><span style=\"font-family: 'times new roman', times, serif\">Jo\u00e3o Paulo Lukaszczyk<\/span><\/td>\n<td style=\"width: 25.6757%;text-align: center\"><span style=\"font-family: 'times new roman', times, serif\">2000 \u2013 2002<\/span><\/td>\n<\/tr>\n<tr>\n<td style=\"width: 74.3243%\"><span style=\"font-family: 'times new roman', times, serif\">Jo\u00e3o Carlos Gilli Martins<\/span><\/td>\n<td style=\"width: 25.6757%;text-align: center\"><span style=\"font-family: 'times new roman', times, serif\">1994 \u2013 1999<\/span><\/td>\n<\/tr>\n<tr>\n<td style=\"width: 74.3243%\"><span style=\"font-family: 'times new roman', times, serif\">Maria de Lourdes Marlini Giuliani<\/span><\/td>\n<td style=\"width: 25.6757%;text-align: center\"><span style=\"font-family: 'times new roman', times, serif\">1992 \u2013 1994<\/span><\/td>\n<\/tr>\n<\/tbody>\n<\/table>\n<p>\u00a0<\/p>\n<p><span style=\"font-family: 'times new roman', times, serif\">Confira, tamb\u00e9m, a lista de todos os egressos \u00a0do Grupo PET Matem\u00e1tica da UFSM.\u00a0<a href=\"https:\/\/www.ufsm.br\/app\/uploads\/sites\/783\/2021\/03\/Petianos-Egressos_PETMAT.pdf\" target=\"_blank\" rel=\"noopener\">Lista de egressos.<\/a><\/span><\/p>\n<p><!-- \/wp:tadv\/classic-paragraph --><\/p>\t\t\t\t\t\t<\/div>\n\t\t\t\t<\/div>\n\t\t\t\t\t<\/div>\n\t\t<\/div>\n\t\t\t\t\t<\/div>\n\t\t<\/section>\n\t\t\t\t<\/div>\n\t\t","protected":false},"excerpt":{"rendered":"<p>O que \u00e9 o PET? O Programa de Educa\u00e7\u00e3o Tutorial (PET) \u00e9 um programa do governo federal que mant\u00e9m grupos de educa\u00e7\u00e3o tutorial em cursos de gradua\u00e7\u00e3o de universidades p\u00fablicas, confessionais e privadas de todo o Brasil. Esses grupos, chamados de &#8220;grupos PET&#8221; se orientam, no desenvolvimento de suas atividades, pelo princ\u00edpio da indissociabilidade entre [&hellip;]<\/p>\n","protected":false},"author":8,"featured_media":0,"parent":0,"menu_order":0,"comment_status":"closed","ping_status":"closed","template":"","meta":{"footnotes":""},"categories":[],"tags":[],"class_list":["post-22","page","type-page","status-publish","hentry"],"acf":[],"_links":{"self":[{"href":"https:\/\/www.ufsm.br\/pet\/matematica\/wp-json\/wp\/v2\/pages\/22","targetHints":{"allow":["GET"]}}],"collection":[{"href":"https:\/\/www.ufsm.br\/pet\/matematica\/wp-json\/wp\/v2\/pages"}],"about":[{"href":"https:\/\/www.ufsm.br\/pet\/matematica\/wp-json\/wp\/v2\/types\/page"}],"author":[{"embeddable":true,"href":"https:\/\/www.ufsm.br\/pet\/matematica\/wp-json\/wp\/v2\/users\/8"}],"replies":[{"embeddable":true,"href":"https:\/\/www.ufsm.br\/pet\/matematica\/wp-json\/wp\/v2\/comments?post=22"}],"version-history":[{"count":0,"href":"https:\/\/www.ufsm.br\/pet\/matematica\/wp-json\/wp\/v2\/pages\/22\/revisions"}],"wp:attachment":[{"href":"https:\/\/www.ufsm.br\/pet\/matematica\/wp-json\/wp\/v2\/media?parent=22"}],"wp:term":[{"taxonomy":"category","embeddable":true,"href":"https:\/\/www.ufsm.br\/pet\/matematica\/wp-json\/wp\/v2\/categories?post=22"},{"taxonomy":"post_tag","embeddable":true,"href":"https:\/\/www.ufsm.br\/pet\/matematica\/wp-json\/wp\/v2\/tags?post=22"}],"curies":[{"name":"wp","href":"https:\/\/api.w.org\/{rel}","templated":true}]}}