{"id":32,"date":"2019-05-24T15:38:39","date_gmt":"2019-05-24T18:38:39","guid":{"rendered":"https:\/\/www.ufsm.br\/template-laboratprio\/?page_id=32"},"modified":"2022-12-22T12:37:18","modified_gmt":"2022-12-22T15:37:18","slug":"projetos","status":"publish","type":"page","link":"https:\/\/www.ufsm.br\/pet\/matematica\/projetos","title":{"rendered":"Relat\u00f3rios e Planejamentos"},"content":{"rendered":"\t\t<div data-elementor-type=\"wp-page\" data-elementor-id=\"32\" class=\"elementor elementor-32\">\n\t\t\t\t\t\t<section class=\"elementor-section elementor-top-section elementor-element elementor-element-d510478 elementor-section-boxed elementor-section-height-default elementor-section-height-default\" data-id=\"d510478\" data-element_type=\"section\">\n\t\t\t\t\t\t<div class=\"elementor-container elementor-column-gap-default\">\n\t\t\t\t\t<div class=\"elementor-column elementor-col-100 elementor-top-column elementor-element elementor-element-fc5dc42\" data-id=\"fc5dc42\" data-element_type=\"column\">\n\t\t\t<div class=\"elementor-widget-wrap elementor-element-populated\">\n\t\t\t\t\t\t<div class=\"elementor-element elementor-element-f3d3c1b elementor-widget elementor-widget-text-editor\" data-id=\"f3d3c1b\" data-element_type=\"widget\" data-widget_type=\"text-editor.default\">\n\t\t\t\t<div class=\"elementor-widget-container\">\n\t\t\t\t\t\t\t<p style=\"text-align: justify\"><span style=\"font-family: 'times new roman', times, serif\">\u00a0 \u00a0 \u00a0 \u00a0 \u00a0Todo final de ano, o grupo PET Matem\u00e1tica elabora o relat\u00f3rio final das suas atividades desenvolvidas no ano e o planejamento para o ano seguinte. Esses s\u00e3o enviados para o Comit\u00ea Local de Acompanhamento e Avalia\u00e7\u00e3o (CLAA) para um melhor acompanhamento das a\u00e7\u00f5es que o grupo realiza . Confira abaixo os relat\u00f3rios e planejamentos dos \u00faltimos anos do grupo PET Matem\u00e1tica:<\/span><\/p>\t\t\t\t\t\t<\/div>\n\t\t\t\t<\/div>\n\t\t\t\t\t<\/div>\n\t\t<\/div>\n\t\t\t\t\t<\/div>\n\t\t<\/section>\n\t\t\t\t<section class=\"elementor-section elementor-top-section elementor-element elementor-element-0fbe8dc elementor-section-boxed elementor-section-height-default elementor-section-height-default\" data-id=\"0fbe8dc\" data-element_type=\"section\">\n\t\t\t\t\t\t<div class=\"elementor-container elementor-column-gap-default\">\n\t\t\t\t\t<div class=\"elementor-column elementor-col-33 elementor-top-column elementor-element elementor-element-394f21b\" data-id=\"394f21b\" data-element_type=\"column\">\n\t\t\t<div class=\"elementor-widget-wrap elementor-element-populated\">\n\t\t\t\t\t\t<div class=\"elementor-element elementor-element-388ee23 elementor-widget elementor-widget-text-editor\" data-id=\"388ee23\" data-element_type=\"widget\" data-widget_type=\"text-editor.default\">\n\t\t\t\t<div class=\"elementor-widget-container\">\n\t\t\t\t\t\t\t<p style=\"text-align: justify\"><span style=\"font-family: 'times new roman', times, serif\"><strong>2009:<\/strong><\/span><\/p><p style=\"text-align: justify\"><span style=\"font-family: 'times new roman', times, serif\"><a href=\"https:\/\/www.ufsm.br\/pet\/matematica\/wp-content\/uploads\/sites\/783\/2020\/07\/Relat\u00f3rio_2009.pdf\" target=\"_blank\" rel=\"noopener\">Planejamento<\/a><\/span><\/p><p style=\"text-align: justify\"><span style=\"font-family: 'times new roman', times, serif\"><a href=\"https:\/\/www.ufsm.br\/pet\/matematica\/wp-content\/uploads\/sites\/783\/2020\/07\/Planejamento_2009.pdf\" target=\"_blank\" rel=\"noopener\">Relat\u00f3rio<\/a><\/span><\/p>\t\t\t\t\t\t<\/div>\n\t\t\t\t<\/div>\n\t\t\t\t\t<\/div>\n\t\t<\/div>\n\t\t\t\t<div class=\"elementor-column elementor-col-33 elementor-top-column elementor-element elementor-element-34438c3\" data-id=\"34438c3\" data-element_type=\"column\">\n\t\t\t<div class=\"elementor-widget-wrap elementor-element-populated\">\n\t\t\t\t\t\t<div class=\"elementor-element elementor-element-fa1eebe elementor-widget elementor-widget-text-editor\" data-id=\"fa1eebe\" data-element_type=\"widget\" data-widget_type=\"text-editor.default\">\n\t\t\t\t<div class=\"elementor-widget-container\">\n\t\t\t\t\t\t\t<p style=\"text-align: justify\"><span style=\"font-family: 'times new roman', times, serif\"><strong>2010:<\/strong><\/span><\/p><p style=\"text-align: justify\"><span style=\"font-family: 'times new roman', times, serif\"><a href=\"https:\/\/www.ufsm.br\/pet\/matematica\/wp-content\/uploads\/sites\/783\/2020\/07\/Planejamento_2010.pdf\" target=\"_blank\" rel=\"noopener\">Planejamento<\/a><\/span><\/p><p style=\"text-align: justify\"><span style=\"font-family: 'times new roman', times, serif\"><a href=\"https:\/\/www.ufsm.br\/pet\/matematica\/wp-content\/uploads\/sites\/783\/2020\/07\/Relat\u00f3rio_2010.pdf\" target=\"_blank\" rel=\"noopener\">Relat\u00f3rio<\/a><\/span><\/p>\t\t\t\t\t\t<\/div>\n\t\t\t\t<\/div>\n\t\t\t\t\t<\/div>\n\t\t<\/div>\n\t\t\t\t<div class=\"elementor-column elementor-col-33 elementor-top-column elementor-element elementor-element-17a8204\" data-id=\"17a8204\" data-element_type=\"column\">\n\t\t\t<div class=\"elementor-widget-wrap elementor-element-populated\">\n\t\t\t\t\t\t<div class=\"elementor-element elementor-element-8ec9429 elementor-widget elementor-widget-text-editor\" data-id=\"8ec9429\" data-element_type=\"widget\" data-widget_type=\"text-editor.default\">\n\t\t\t\t<div class=\"elementor-widget-container\">\n\t\t\t\t\t\t\t<p><span style=\"font-family: 'times new roman', times, serif\"><strong>2011:<\/strong><\/span><\/p><p><span style=\"font-family: 'times new roman', times, serif\"><a href=\"https:\/\/www.ufsm.br\/pet\/matematica\/wp-content\/uploads\/sites\/783\/2020\/07\/Planejamento_2011.pdf\" target=\"_blank\" rel=\"noopener\">Planejamento<\/a><\/span><\/p><p style=\"text-align: justify\"><span style=\"font-family: 'times new roman', times, serif\"><a href=\"https:\/\/www.ufsm.br\/pet\/matematica\/wp-content\/uploads\/sites\/783\/2020\/07\/Relat\u00f3rio_2011.pdf\" target=\"_blank\" rel=\"noopener\">Relat\u00f3rio<\/a><\/span><\/p>\t\t\t\t\t\t<\/div>\n\t\t\t\t<\/div>\n\t\t\t\t\t<\/div>\n\t\t<\/div>\n\t\t\t\t\t<\/div>\n\t\t<\/section>\n\t\t\t\t<section class=\"elementor-section elementor-top-section elementor-element elementor-element-b7d7dd8 elementor-section-boxed elementor-section-height-default elementor-section-height-default\" data-id=\"b7d7dd8\" data-element_type=\"section\">\n\t\t\t\t\t\t<div class=\"elementor-container elementor-column-gap-default\">\n\t\t\t\t\t<div class=\"elementor-column elementor-col-33 elementor-top-column elementor-element elementor-element-f8a0f38\" data-id=\"f8a0f38\" data-element_type=\"column\">\n\t\t\t<div class=\"elementor-widget-wrap elementor-element-populated\">\n\t\t\t\t\t\t<div class=\"elementor-element elementor-element-0b177b4 elementor-widget elementor-widget-text-editor\" data-id=\"0b177b4\" data-element_type=\"widget\" data-widget_type=\"text-editor.default\">\n\t\t\t\t<div class=\"elementor-widget-container\">\n\t\t\t\t\t\t\t<p style=\"text-align: justify\"><span style=\"font-family: 'times new roman', times, serif\"><strong>2012:<\/strong><\/span><\/p><p style=\"text-align: justify\"><span style=\"font-family: 'times new roman', times, serif\"><a href=\"https:\/\/www.ufsm.br\/pet\/matematica\/wp-content\/uploads\/sites\/783\/2020\/07\/Planejamento_2012.pdf\" target=\"_blank\" rel=\"noopener\">Planejamento<\/a><\/span><\/p><p style=\"text-align: justify\"><span style=\"font-family: 'times new roman', times, serif\"><a href=\"https:\/\/www.ufsm.br\/pet\/matematica\/wp-content\/uploads\/sites\/783\/2020\/07\/Relat\u00f3rio_2012.pdf\" target=\"_blank\" rel=\"noopener\">Relat\u00f3rio<\/a><\/span><\/p>\t\t\t\t\t\t<\/div>\n\t\t\t\t<\/div>\n\t\t\t\t\t<\/div>\n\t\t<\/div>\n\t\t\t\t<div class=\"elementor-column elementor-col-33 elementor-top-column elementor-element elementor-element-ef32894\" data-id=\"ef32894\" data-element_type=\"column\">\n\t\t\t<div class=\"elementor-widget-wrap elementor-element-populated\">\n\t\t\t\t\t\t<div class=\"elementor-element elementor-element-59883c2 elementor-widget elementor-widget-text-editor\" data-id=\"59883c2\" data-element_type=\"widget\" data-widget_type=\"text-editor.default\">\n\t\t\t\t<div class=\"elementor-widget-container\">\n\t\t\t\t\t\t\t<p style=\"text-align: justify\"><span style=\"font-family: 'times new roman', times, serif\"><strong>2013:<\/strong><\/span><\/p><p style=\"text-align: justify\"><span style=\"font-family: 'times new roman', times, serif\"><a href=\"https:\/\/www.ufsm.br\/pet\/matematica\/wp-content\/uploads\/sites\/783\/2020\/07\/Planejamento_2013.pdf\" target=\"_blank\" rel=\"noopener\">Planejamento<\/a><\/span><\/p><p style=\"text-align: justify\"><span style=\"font-family: 'times new roman', times, serif\"><a href=\"https:\/\/www.ufsm.br\/pet\/matematica\/wp-content\/uploads\/sites\/783\/2020\/07\/Relat\u00f3rio_2013.pdf\" target=\"_blank\" rel=\"noopener\">Relat\u00f3rio<\/a><\/span><\/p>\t\t\t\t\t\t<\/div>\n\t\t\t\t<\/div>\n\t\t\t\t\t<\/div>\n\t\t<\/div>\n\t\t\t\t<div class=\"elementor-column elementor-col-33 elementor-top-column elementor-element elementor-element-44f09ca\" data-id=\"44f09ca\" data-element_type=\"column\">\n\t\t\t<div class=\"elementor-widget-wrap elementor-element-populated\">\n\t\t\t\t\t\t<div class=\"elementor-element elementor-element-a8a723f elementor-widget elementor-widget-text-editor\" data-id=\"a8a723f\" data-element_type=\"widget\" data-widget_type=\"text-editor.default\">\n\t\t\t\t<div class=\"elementor-widget-container\">\n\t\t\t\t\t\t\t<p style=\"text-align: justify\"><span style=\"font-family: 'times new roman', times, serif\"><strong>2014:<\/strong><\/span><\/p><p style=\"text-align: justify\"><span style=\"font-family: 'times new roman', times, serif\"><a href=\"https:\/\/www.ufsm.br\/pet\/matematica\/wp-content\/uploads\/sites\/783\/2020\/07\/Planejamento_2014.pdf\" target=\"_blank\" rel=\"noopener\">Planejamento<\/a><\/span><\/p><p style=\"text-align: justify\"><span style=\"font-family: 'times new roman', times, serif\"><a href=\"https:\/\/www.ufsm.br\/pet\/matematica\/wp-content\/uploads\/sites\/783\/2020\/07\/Relat\u00f3rio_2014.pdf\" target=\"_blank\" rel=\"noopener\">Relat\u00f3rio<\/a><\/span><\/p>\t\t\t\t\t\t<\/div>\n\t\t\t\t<\/div>\n\t\t\t\t\t<\/div>\n\t\t<\/div>\n\t\t\t\t\t<\/div>\n\t\t<\/section>\n\t\t\t\t<section class=\"elementor-section elementor-top-section elementor-element elementor-element-27732ba elementor-section-boxed elementor-section-height-default elementor-section-height-default\" data-id=\"27732ba\" data-element_type=\"section\">\n\t\t\t\t\t\t<div class=\"elementor-container elementor-column-gap-default\">\n\t\t\t\t\t<div class=\"elementor-column elementor-col-33 elementor-top-column elementor-element elementor-element-0a4a050\" data-id=\"0a4a050\" data-element_type=\"column\">\n\t\t\t<div class=\"elementor-widget-wrap elementor-element-populated\">\n\t\t\t\t\t\t<div class=\"elementor-element elementor-element-9fe07bc elementor-widget elementor-widget-text-editor\" data-id=\"9fe07bc\" data-element_type=\"widget\" data-widget_type=\"text-editor.default\">\n\t\t\t\t<div class=\"elementor-widget-container\">\n\t\t\t\t\t\t\t<p style=\"text-align: justify\"><span style=\"font-family: 'times new roman', times, serif\"><strong>2015:<\/strong><\/span><\/p><p style=\"text-align: justify\"><span style=\"font-family: 'times new roman', times, serif\"><a href=\"https:\/\/www.ufsm.br\/pet\/matematica\/wp-content\/uploads\/sites\/783\/2020\/07\/Planejamento_2015.pdf\" target=\"_blank\" rel=\"noopener\">Planejamento<\/a><\/span><\/p><p style=\"text-align: justify\"><span style=\"font-family: 'times new roman', times, serif\"><a href=\"https:\/\/www.ufsm.br\/pet\/matematica\/wp-content\/uploads\/sites\/783\/2020\/07\/Relat\u00f3rio_2015.pdf\" target=\"_blank\" rel=\"noopener\">Relat\u00f3rio<\/a><\/span><\/p>\t\t\t\t\t\t<\/div>\n\t\t\t\t<\/div>\n\t\t\t\t\t<\/div>\n\t\t<\/div>\n\t\t\t\t<div class=\"elementor-column elementor-col-33 elementor-top-column elementor-element elementor-element-6cdcb08\" data-id=\"6cdcb08\" data-element_type=\"column\">\n\t\t\t<div class=\"elementor-widget-wrap elementor-element-populated\">\n\t\t\t\t\t\t<div class=\"elementor-element elementor-element-66486dd elementor-widget elementor-widget-text-editor\" data-id=\"66486dd\" data-element_type=\"widget\" data-widget_type=\"text-editor.default\">\n\t\t\t\t<div class=\"elementor-widget-container\">\n\t\t\t\t\t\t\t<p style=\"text-align: justify\"><span style=\"font-family: 'times new roman', times, serif\"><strong>2016:<\/strong><\/span><\/p><p style=\"text-align: justify\"><span style=\"font-family: 'times new roman', times, serif\"><a href=\"https:\/\/www.ufsm.br\/pet\/matematica\/wp-content\/uploads\/sites\/783\/2020\/07\/Planejamento_2016.pdf\" target=\"_blank\" rel=\"noopener\">Planejamento<\/a><\/span><\/p><p style=\"text-align: justify\"><span style=\"font-family: 'times new roman', times, serif\"><a href=\"https:\/\/www.ufsm.br\/pet\/matematica\/wp-content\/uploads\/sites\/783\/2020\/07\/Relat\u00f3rio_2016.pdf\" target=\"_blank\" rel=\"noopener\">Relat\u00f3rio<\/a><\/span><\/p>\t\t\t\t\t\t<\/div>\n\t\t\t\t<\/div>\n\t\t\t\t\t<\/div>\n\t\t<\/div>\n\t\t\t\t<div class=\"elementor-column elementor-col-33 elementor-top-column elementor-element elementor-element-17b464e\" data-id=\"17b464e\" data-element_type=\"column\">\n\t\t\t<div class=\"elementor-widget-wrap elementor-element-populated\">\n\t\t\t\t\t\t<div class=\"elementor-element elementor-element-2834b5a elementor-widget elementor-widget-text-editor\" data-id=\"2834b5a\" data-element_type=\"widget\" data-widget_type=\"text-editor.default\">\n\t\t\t\t<div class=\"elementor-widget-container\">\n\t\t\t\t\t\t\t<p style=\"text-align: justify\"><span style=\"font-family: 'times new roman', times, serif\"><strong>2017:<\/strong><\/span><\/p><p style=\"text-align: justify\"><span style=\"font-family: 'times new roman', times, serif\"><a href=\"https:\/\/www.ufsm.br\/pet\/matematica\/wp-content\/uploads\/sites\/783\/2020\/07\/Planejamento_2017.pdf\" target=\"_blank\" rel=\"noopener\">Planejamento<\/a><\/span><\/p><p style=\"text-align: justify\"><span style=\"font-family: 'times new roman', times, serif\"><a href=\"https:\/\/www.ufsm.br\/pet\/matematica\/wp-content\/uploads\/sites\/783\/2020\/07\/Relatorio_2017.pdf\" target=\"_blank\" rel=\"noopener\">Relat\u00f3rio<\/a><\/span><\/p>\t\t\t\t\t\t<\/div>\n\t\t\t\t<\/div>\n\t\t\t\t\t<\/div>\n\t\t<\/div>\n\t\t\t\t\t<\/div>\n\t\t<\/section>\n\t\t\t\t<section class=\"elementor-section elementor-top-section elementor-element elementor-element-1f1ad2a elementor-section-boxed elementor-section-height-default elementor-section-height-default\" data-id=\"1f1ad2a\" data-element_type=\"section\">\n\t\t\t\t\t\t<div class=\"elementor-container elementor-column-gap-default\">\n\t\t\t\t\t<div class=\"elementor-column elementor-col-33 elementor-top-column elementor-element elementor-element-3d23701\" data-id=\"3d23701\" data-element_type=\"column\">\n\t\t\t<div class=\"elementor-widget-wrap elementor-element-populated\">\n\t\t\t\t\t\t<div class=\"elementor-element elementor-element-11e7833 elementor-widget elementor-widget-text-editor\" data-id=\"11e7833\" data-element_type=\"widget\" data-widget_type=\"text-editor.default\">\n\t\t\t\t<div class=\"elementor-widget-container\">\n\t\t\t\t\t\t\t<p style=\"text-align: justify\"><span style=\"font-family: 'times new roman', times, serif\"><strong>2018:<\/strong><\/span><\/p><p style=\"text-align: justify\"><span style=\"font-family: 'times new roman', times, serif\"><a href=\"https:\/\/www.ufsm.br\/pet\/matematica\/wp-content\/uploads\/sites\/783\/2020\/07\/Planejamento_2018.pdf\" target=\"_blank\" rel=\"noopener\">Planejamento<\/a><\/span><\/p><p style=\"text-align: justify\"><span style=\"font-family: 'times new roman', times, serif\"><a href=\"https:\/\/www.ufsm.br\/pet\/matematica\/wp-content\/uploads\/sites\/783\/2020\/07\/Relatorio_2018.pdf\" target=\"_blank\" rel=\"noopener\">Relat\u00f3rio<\/a><\/span><\/p>\t\t\t\t\t\t<\/div>\n\t\t\t\t<\/div>\n\t\t\t\t\t<\/div>\n\t\t<\/div>\n\t\t\t\t<div class=\"elementor-column elementor-col-33 elementor-top-column elementor-element elementor-element-ef66159\" data-id=\"ef66159\" data-element_type=\"column\">\n\t\t\t<div class=\"elementor-widget-wrap elementor-element-populated\">\n\t\t\t\t\t\t<div class=\"elementor-element elementor-element-6926ba3 elementor-widget elementor-widget-text-editor\" data-id=\"6926ba3\" data-element_type=\"widget\" data-widget_type=\"text-editor.default\">\n\t\t\t\t<div class=\"elementor-widget-container\">\n\t\t\t\t\t\t\t<p style=\"text-align: justify\"><span style=\"font-family: 'times new roman', times, serif\"><strong>2019:<\/strong><\/span><\/p><p style=\"text-align: justify\"><span style=\"font-family: 'times new roman', times, serif\"><a href=\"https:\/\/www.ufsm.br\/pet\/matematica\/wp-content\/uploads\/sites\/783\/2020\/07\/Planejamento_2019.pdf\" target=\"_blank\" rel=\"noopener\">Planejamento<\/a><\/span><\/p><p style=\"text-align: justify\"><span style=\"font-family: 'times new roman', times, serif\"><a href=\"https:\/\/www.ufsm.br\/pet\/matematica\/wp-content\/uploads\/sites\/783\/2020\/07\/Relat\u00f3rio_2019.pdf\" target=\"_blank\" rel=\"noopener\">Relat\u00f3rio<\/a><\/span><\/p>\t\t\t\t\t\t<\/div>\n\t\t\t\t<\/div>\n\t\t\t\t\t<\/div>\n\t\t<\/div>\n\t\t\t\t<div class=\"elementor-column elementor-col-33 elementor-top-column elementor-element elementor-element-6237416\" data-id=\"6237416\" data-element_type=\"column\">\n\t\t\t<div class=\"elementor-widget-wrap elementor-element-populated\">\n\t\t\t\t\t\t<div class=\"elementor-element elementor-element-d0459f5 elementor-widget elementor-widget-text-editor\" data-id=\"d0459f5\" data-element_type=\"widget\" data-widget_type=\"text-editor.default\">\n\t\t\t\t<div class=\"elementor-widget-container\">\n\t\t\t\t\t\t\t<p style=\"text-align: justify\"><span style=\"font-family: 'times new roman', times, serif\"><strong>2020:<\/strong><\/span><\/p><p style=\"text-align: justify\"><span style=\"font-family: 'times new roman', times, serif\"><a href=\"https:\/\/www.ufsm.br\/pet\/matematica\/wp-content\/uploads\/sites\/783\/2020\/07\/Planejamento_2020.pdf\" target=\"_blank\" rel=\"noopener\">Planejamento<\/a><\/span><\/p><p><a href=\"https:\/\/www.ufsm.br\/app\/uploads\/sites\/783\/2021\/11\/Relatorio_2020.pdf\">Relat\u00f3rio\u00a0<\/a><\/p>\t\t\t\t\t\t<\/div>\n\t\t\t\t<\/div>\n\t\t\t\t\t<\/div>\n\t\t<\/div>\n\t\t\t\t\t<\/div>\n\t\t<\/section>\n\t\t\t\t<section class=\"elementor-section elementor-top-section elementor-element elementor-element-e26cb3d elementor-section-boxed elementor-section-height-default elementor-section-height-default\" data-id=\"e26cb3d\" data-element_type=\"section\">\n\t\t\t\t\t\t<div class=\"elementor-container elementor-column-gap-default\">\n\t\t\t\t\t<div class=\"elementor-column elementor-col-33 elementor-top-column elementor-element elementor-element-8a984c5\" data-id=\"8a984c5\" data-element_type=\"column\">\n\t\t\t<div class=\"elementor-widget-wrap elementor-element-populated\">\n\t\t\t\t\t\t<div class=\"elementor-element elementor-element-db510d6 elementor-widget elementor-widget-text-editor\" data-id=\"db510d6\" data-element_type=\"widget\" data-widget_type=\"text-editor.default\">\n\t\t\t\t<div class=\"elementor-widget-container\">\n\t\t\t\t\t\t\t<p><strong><span style=\"font-family: 'times new roman', times, serif;font-size: 12pt\">2021:<\/span><\/strong><\/p><p><a href=\"https:\/\/www.ufsm.br\/app\/uploads\/sites\/783\/2021\/05\/Planejamento_2021.pdf\" target=\"_blank\" rel=\"noopener\"><span style=\"font-family: 'times new roman', times, serif\">Planejamento<\/span><\/a><\/p><p><a href=\"https:\/\/drive.google.com\/file\/d\/1KQ2rWdAZgYfFJvQ0HdDNeNrcEQD9pTtE\/view?usp=sharing\">Relat\u00f3rio<\/a><\/p>\t\t\t\t\t\t<\/div>\n\t\t\t\t<\/div>\n\t\t\t\t\t<\/div>\n\t\t<\/div>\n\t\t\t\t<div class=\"elementor-column elementor-col-33 elementor-top-column elementor-element elementor-element-684efa0\" data-id=\"684efa0\" data-element_type=\"column\">\n\t\t\t<div class=\"elementor-widget-wrap elementor-element-populated\">\n\t\t\t\t\t\t<div class=\"elementor-element elementor-element-b18c529 elementor-widget elementor-widget-text-editor\" data-id=\"b18c529\" data-element_type=\"widget\" data-widget_type=\"text-editor.default\">\n\t\t\t\t<div class=\"elementor-widget-container\">\n\t\t\t\t\t\t\t<p><strong><span style=\"font-family: 'times new roman', times, serif;font-size: 12pt\">2022:<\/span><\/strong><\/p><p><a href=\"https:\/\/drive.google.com\/file\/d\/144YeHaCgLQnqI73OsD5nGlfnlYhk-UiJ\/view?usp=sharing\" target=\"_blank\" rel=\"noopener\"><span style=\"font-family: 'times new roman', times, serif\">Planejamento<\/span><\/a><\/p><p>Relat\u00f3rio<\/p>\t\t\t\t\t\t<\/div>\n\t\t\t\t<\/div>\n\t\t\t\t\t<\/div>\n\t\t<\/div>\n\t\t\t\t<div class=\"elementor-column elementor-col-33 elementor-top-column elementor-element elementor-element-01c5afc\" data-id=\"01c5afc\" data-element_type=\"column\">\n\t\t\t<div class=\"elementor-widget-wrap elementor-element-populated\">\n\t\t\t\t\t\t<div class=\"elementor-element elementor-element-071e6ba elementor-widget elementor-widget-text-editor\" data-id=\"071e6ba\" data-element_type=\"widget\" data-widget_type=\"text-editor.default\">\n\t\t\t\t<div class=\"elementor-widget-container\">\n\t\t\t\t\t\t\t<p><strong><span style=\"font-family: 'times new roman', times, serif;font-size: 12pt\">2023:<\/span><\/strong><\/p><p><span style=\"font-family: 'times new roman', times, serif\">Planejamento<\/span><\/p><p>Relat\u00f3rio<\/p>\t\t\t\t\t\t<\/div>\n\t\t\t\t<\/div>\n\t\t\t\t\t<\/div>\n\t\t<\/div>\n\t\t\t\t\t<\/div>\n\t\t<\/section>\n\t\t\t\t<\/div>\n\t\t","protected":false},"excerpt":{"rendered":"<p>\u00a0 \u00a0 \u00a0 \u00a0 \u00a0Todo final de ano, o grupo PET Matem\u00e1tica elabora o relat\u00f3rio final das suas atividades desenvolvidas no ano e o planejamento para o ano seguinte. Esses s\u00e3o enviados para o Comit\u00ea Local de Acompanhamento e Avalia\u00e7\u00e3o (CLAA) para um melhor acompanhamento das a\u00e7\u00f5es que o grupo realiza . Confira abaixo os [&hellip;]<\/p>\n","protected":false},"author":2567,"featured_media":0,"parent":0,"menu_order":0,"comment_status":"closed","ping_status":"closed","template":"","meta":{"footnotes":""},"categories":[],"tags":[],"class_list":["post-32","page","type-page","status-publish","hentry"],"acf":[],"_links":{"self":[{"href":"https:\/\/www.ufsm.br\/pet\/matematica\/wp-json\/wp\/v2\/pages\/32","targetHints":{"allow":["GET"]}}],"collection":[{"href":"https:\/\/www.ufsm.br\/pet\/matematica\/wp-json\/wp\/v2\/pages"}],"about":[{"href":"https:\/\/www.ufsm.br\/pet\/matematica\/wp-json\/wp\/v2\/types\/page"}],"author":[{"embeddable":true,"href":"https:\/\/www.ufsm.br\/pet\/matematica\/wp-json\/wp\/v2\/users\/2567"}],"replies":[{"embeddable":true,"href":"https:\/\/www.ufsm.br\/pet\/matematica\/wp-json\/wp\/v2\/comments?post=32"}],"version-history":[{"count":0,"href":"https:\/\/www.ufsm.br\/pet\/matematica\/wp-json\/wp\/v2\/pages\/32\/revisions"}],"wp:attachment":[{"href":"https:\/\/www.ufsm.br\/pet\/matematica\/wp-json\/wp\/v2\/media?parent=32"}],"wp:term":[{"taxonomy":"category","embeddable":true,"href":"https:\/\/www.ufsm.br\/pet\/matematica\/wp-json\/wp\/v2\/categories?post=32"},{"taxonomy":"post_tag","embeddable":true,"href":"https:\/\/www.ufsm.br\/pet\/matematica\/wp-json\/wp\/v2\/tags?post=32"}],"curies":[{"name":"wp","href":"https:\/\/api.w.org\/{rel}","templated":true}]}}