{"id":98,"date":"2020-02-14T09:43:15","date_gmt":"2020-02-14T12:43:15","guid":{"rendered":"https:\/\/www.ufsm.br\/pro-reitorias\/prograd\/pet\/matematica\/?page_id=98"},"modified":"2020-07-23T20:43:36","modified_gmt":"2020-07-23T23:43:36","slug":"olimpiada-regional-de-matematica","status":"publish","type":"page","link":"https:\/\/www.ufsm.br\/pet\/matematica\/olimpiada-regional-de-matematica","title":{"rendered":"Olimp\u00edada Regional de Matem\u00e1tica"},"content":{"rendered":"\n<p style=\"text-align: justify\">A Olimp\u00edada Regional de Matem\u00e1tica (ORM) \u00e9 uma competi\u00e7\u00e3o dedicada aos alunos de escolas p\u00fablicas e particulares do munic\u00edpio de Santa Maria e regi\u00e3o, que estejam cursando o Ensino Fundamental II (6\u00ba ano ao 9\u00ba ano) ou Ensino M\u00e9dio. Clique <a href=\"https:\/\/www.ufsm.br\/pet\/matematica\/wp-content\/uploads\/sites\/783\/2020\/07\/iv-olimp\u00edada-regional-de-matem\u00e1tica.pdf\" target=\"_blank\" rel=\"noopener noreferrer\">aqui<\/a> e confira os premiados desta edi\u00e7\u00e3o e <a href=\"https:\/\/www.ufsm.br\/pet\/matematica\/wp-content\/uploads\/sites\/783\/2020\/07\/Certificados-ORM-2019.pdf\">aqui<\/a> para os certificados.<\/p>\n<p><img decoding=\"async\" class=\"alignright\" src=\"https:\/\/www.ufsm.br\/pro-reitorias\/prograd\/pet\/matematica\/wp-content\/uploads\/sites\/783\/2020\/02\/Logo_ORM.jpg\" \/><\/p>\n<h4><strong>Disponibilizaremos aqui as provas de edi\u00e7\u00f5es anteriores:<\/strong><\/h4>\n<p>Primeira edi\u00e7\u00e3o da ORM:<\/p>\n<ul>\n<li><a href=\"https:\/\/www.ufsm.br\/pro-reitorias\/prograd\/pet\/matematica\/wp-content\/uploads\/sites\/783\/2020\/02\/N\u00edvel_1_I_ORM.pdf\">N\u00edvel 1<\/a><\/li>\n<li><a href=\"https:\/\/www.ufsm.br\/pro-reitorias\/prograd\/pet\/matematica\/wp-content\/uploads\/sites\/783\/2020\/02\/N\u00edvel_2_I_ORM.pdf\">N\u00edvel 2<\/a><\/li>\n<li><a href=\"https:\/\/www.ufsm.br\/pro-reitorias\/prograd\/pet\/matematica\/wp-content\/uploads\/sites\/783\/2020\/02\/N\u00edvel_3_I_ORM.pdf\">N\u00edvel 3<\/a><\/li>\n<\/ul>\n<p>Segunda edi\u00e7\u00e3o da ORM:<\/p>\n<ul>\n<li><a href=\"https:\/\/www.ufsm.br\/pro-reitorias\/prograd\/pet\/matematica\/wp-content\/uploads\/sites\/783\/2020\/02\/N\u00edvel_1_II_ORM.pdf\">N\u00edvel 1<\/a><\/li>\n<li><a href=\"https:\/\/www.ufsm.br\/pro-reitorias\/prograd\/pet\/matematica\/wp-content\/uploads\/sites\/783\/2020\/02\/N\u00edvel_2_II_ORM.pdf\">N\u00edvel 2<\/a><\/li>\n<li><a href=\"https:\/\/www.ufsm.br\/pro-reitorias\/prograd\/pet\/matematica\/wp-content\/uploads\/sites\/783\/2020\/02\/N\u00edvel_3_II_ORM.pdf\">N\u00edvel 3<\/a><\/li>\n<\/ul>\n<p>Terceira edi\u00e7\u00e3o da ORM:<\/p>\n<ul>\n<li><a href=\"https:\/\/www.ufsm.br\/pro-reitorias\/prograd\/pet\/matematica\/wp-content\/uploads\/sites\/783\/2020\/02\/P1-_III_ORM.pdf\">N\u00edvel 1<\/a><\/li>\n<li><a href=\"https:\/\/www.ufsm.br\/pro-reitorias\/prograd\/pet\/matematica\/wp-content\/uploads\/sites\/783\/2020\/02\/P2-_III_ORM.pdf\">N\u00edvel 2<\/a><\/li>\n<li><a href=\"https:\/\/www.ufsm.br\/pro-reitorias\/prograd\/pet\/matematica\/wp-content\/uploads\/sites\/783\/2020\/02\/P3-_III_ORM.pdf\">N\u00edvel 3<\/a><\/li>\n<\/ul>\n<p>Quarta edi\u00e7\u00e3o da ORM:<\/p>\n<ul>\n<li><a href=\"https:\/\/www.ufsm.br\/pet\/matematica\/wp-content\/uploads\/sites\/783\/2020\/07\/N\u00edvel-1.pdf\">N\u00edvel 1<\/a><\/li>\n<li><a href=\"https:\/\/www.ufsm.br\/pet\/matematica\/wp-content\/uploads\/sites\/783\/2020\/07\/N\u00edvel-2.pdf\">N\u00edvel 2<\/a><\/li>\n<li><a href=\"https:\/\/www.ufsm.br\/pet\/matematica\/wp-content\/uploads\/sites\/783\/2020\/07\/N\u00edvel-3.pdf\">N\u00edvel 3<\/a><\/li>\n<\/ul>\n<p>\u00a0<\/p>\n","protected":false},"excerpt":{"rendered":"<p>A Olimp\u00edada Regional de Matem\u00e1tica (ORM) \u00e9 uma competi\u00e7\u00e3o dedicada aos alunos de escolas p\u00fablicas e particulares do munic\u00edpio de Santa Maria e regi\u00e3o, que estejam cursando o Ensino Fundamental II (6\u00ba ano ao 9\u00ba ano) ou Ensino M\u00e9dio. Clique aqui e confira os premiados desta edi\u00e7\u00e3o e aqui para os certificados. Disponibilizaremos aqui as [&hellip;]<\/p>\n","protected":false},"author":2223,"featured_media":0,"parent":0,"menu_order":0,"comment_status":"closed","ping_status":"closed","template":"","meta":{"footnotes":""},"categories":[],"tags":[],"class_list":["post-98","page","type-page","status-publish","hentry"],"acf":[],"_links":{"self":[{"href":"https:\/\/www.ufsm.br\/pet\/matematica\/wp-json\/wp\/v2\/pages\/98","targetHints":{"allow":["GET"]}}],"collection":[{"href":"https:\/\/www.ufsm.br\/pet\/matematica\/wp-json\/wp\/v2\/pages"}],"about":[{"href":"https:\/\/www.ufsm.br\/pet\/matematica\/wp-json\/wp\/v2\/types\/page"}],"author":[{"embeddable":true,"href":"https:\/\/www.ufsm.br\/pet\/matematica\/wp-json\/wp\/v2\/users\/2223"}],"replies":[{"embeddable":true,"href":"https:\/\/www.ufsm.br\/pet\/matematica\/wp-json\/wp\/v2\/comments?post=98"}],"version-history":[{"count":0,"href":"https:\/\/www.ufsm.br\/pet\/matematica\/wp-json\/wp\/v2\/pages\/98\/revisions"}],"wp:attachment":[{"href":"https:\/\/www.ufsm.br\/pet\/matematica\/wp-json\/wp\/v2\/media?parent=98"}],"wp:term":[{"taxonomy":"category","embeddable":true,"href":"https:\/\/www.ufsm.br\/pet\/matematica\/wp-json\/wp\/v2\/categories?post=98"},{"taxonomy":"post_tag","embeddable":true,"href":"https:\/\/www.ufsm.br\/pet\/matematica\/wp-json\/wp\/v2\/tags?post=98"}],"curies":[{"name":"wp","href":"https:\/\/api.w.org\/{rel}","templated":true}]}}