{"id":115,"date":"2020-06-24T22:52:16","date_gmt":"2020-06-25T01:52:16","guid":{"rendered":"https:\/\/www.ufsm.br\/pet\/odontologia\/?page_id=115"},"modified":"2024-08-03T17:24:11","modified_gmt":"2024-08-03T20:24:11","slug":"atualizapet","status":"publish","type":"page","link":"https:\/\/www.ufsm.br\/pet\/odontologia\/atividades\/projetos\/atualizapet","title":{"rendered":"Intelecto PET"},"content":{"rendered":"\t\t<div data-elementor-type=\"wp-page\" data-elementor-id=\"115\" class=\"elementor elementor-115\">\n\t\t\t\t\t\t<section class=\"elementor-section elementor-top-section elementor-element elementor-element-7feed66a elementor-section-boxed elementor-section-height-default elementor-section-height-default\" data-id=\"7feed66a\" data-element_type=\"section\">\n\t\t\t\t\t\t<div class=\"elementor-container elementor-column-gap-default\">\n\t\t\t\t\t<div class=\"elementor-column elementor-col-100 elementor-top-column elementor-element elementor-element-38143540\" data-id=\"38143540\" data-element_type=\"column\">\n\t\t\t<div class=\"elementor-widget-wrap elementor-element-populated\">\n\t\t\t\t\t\t<div class=\"elementor-element elementor-element-4eddf2d7 elementor-widget__width-initial elementor-widget elementor-widget-text-editor\" data-id=\"4eddf2d7\" data-element_type=\"widget\" data-widget_type=\"text-editor.default\">\n\t\t\t\t<div class=\"elementor-widget-container\">\n\t\t\t\t\t\t\t<p style=\"text-align: left\"><span style=\"color: #0d0d0d;font-family: 'Helvetica Neue', Helvetica, Arial, sans-serif;font-size: 16px;font-weight: var( --e-global-typography-text-font-weight );text-align: var(--bs-body-text-align)\">Os nossos projetos Atualiza PET e Fala Acad\u00eamic@ agora s\u00e3o um s\u00f3:\u00a0<\/span><\/p>\n<p style=\"text-align: left\"><span style=\"color: #0d0d0d;font-family: 'Helvetica Neue', Helvetica, Arial, sans-serif;font-size: 16px;text-align: var(--bs-body-text-align)\"><b>Intelecto PET: Compartilhando Conhecimentos em Odontologia<\/b><\/span><\/p>\n<p style=\"text-align: left\"><span style=\"color: #0d0d0d;font-family: 'Helvetica Neue', Helvetica, Arial, sans-serif;font-size: 16px;font-weight: var( --e-global-typography-text-font-weight );text-align: var(--bs-body-text-align)\">Ao longo dos anos, a odontologia passa por diversas transforma\u00e7\u00f5es referentes \u00e0 evolu\u00e7\u00e3o de conhecimentos e t\u00e9cnicas, \u00e0s cren\u00e7as e concep\u00e7\u00f5es da sociedade em rela\u00e7\u00e3o \u00e0 profiss\u00e3o, \u00e0s perspectivas dos profissionais formados, e tamb\u00e9m referentes \u00e0 maneira como ocorre o ensino durante a forma\u00e7\u00e3o e pr\u00e1tica profissional. Apesar dos curr\u00edculos dos cursos serem periodicamente reformulados, acompanhar as atualiza\u00e7\u00f5es constantes pode ser um desafio, sendo importante que o aluno busque conhecimentos adicionais e aprenda a aprender. O presente projeto oferece \u00e0 comunidade acad\u00eamica duas formas de contribui\u00e7\u00e3o com o processo-ensino aprendizagem do graduando, sendo elas oriundas de dois tipos de abordagens pedag\u00f3gicas:\u00a0<\/span><\/p>\n<p style=\"text-align: left\"><span style=\"color: #0d0d0d;font-family: 'Helvetica Neue', Helvetica, Arial, sans-serif;font-size: 16px;font-weight: var( --e-global-typography-text-font-weight );text-align: var(--bs-body-text-align)\">a) Concep\u00e7\u00e3o ou abordagem pedag\u00f3gica tradicional: transmiss\u00e3o;\u00a0<\/span><\/p>\n<p style=\"text-align: left\"><span style=\"color: #0d0d0d;font-family: 'Helvetica Neue', Helvetica, Arial, sans-serif;font-size: 16px;font-weight: var( --e-global-typography-text-font-weight );text-align: var(--bs-body-text-align)\">b) Concep\u00e7\u00e3o ou abordagem pedag\u00f3gica que tem o aprendiz como foco: cognitiva.\u00a0<\/span><\/p>\n<p style=\"text-align: left\"><span style=\"color: #0d0d0d;font-family: 'Helvetica Neue', Helvetica, Arial, sans-serif;font-size: 16px;font-weight: var( --e-global-typography-text-font-weight );text-align: var(--bs-body-text-align)\">Na primeira abordagem pedag\u00f3gica, o graduando tem a oportunidade de participar de encontros na forma de palestras, as quais ser\u00e3o ministradas por profissionais especializados no assunto abordado. A segunda abordagem oportuniza o graduando de odontologia da UFSM a ministrar uma palestra com orienta\u00e7\u00e3o de um docente. Dessa forma, o graduando tem a op\u00e7\u00e3o de abordar assuntos que n\u00e3o fazem parte do curr\u00edculo do curso ou assuntos pouco explorados. Trata-se de uma metodologia de aprendizagem ativa, a qual contribui para aprimorar a comunica\u00e7\u00e3o, flu\u00eancia e confian\u00e7a do aluno.<\/span><\/p>\n<p style=\"text-align: left\"><span style=\"color: #0d0d0d;font-family: 'Helvetica Neue', Helvetica, Arial, sans-serif;font-size: 16px\">O objetivo do presente projeto \u00e9 oferecer aos estudantes do Curso de Odontologia a oportunidade de ter contato com temas pouco debatidos no curr\u00edculo tradicional do Curso, e temas atuais na \u00e1rea de sa\u00fade, sendo esses conhecimentos transmitidos atrav\u00e9s de palestras ministradas por profissionais renomados na \u00e1rea ou ainda por graduandos sob orienta\u00e7\u00e3o de um docente.<\/span><span style=\"color: #0d0d0d;font-family: 'Helvetica Neue', Helvetica, Arial, sans-serif;font-size: 16px;font-weight: var( --e-global-typography-text-font-weight );text-align: var(--bs-body-text-align)\"><br \/><\/span><\/p>\t\t\t\t\t\t<\/div>\n\t\t\t\t<\/div>\n\t\t\t\t<div class=\"elementor-element elementor-element-6b7809a elementor-widget elementor-widget-spacer\" data-id=\"6b7809a\" data-element_type=\"widget\" data-widget_type=\"spacer.default\">\n\t\t\t\t<div class=\"elementor-widget-container\">\n\t\t\t\t\t<div class=\"elementor-spacer\">\n\t\t\t<div class=\"elementor-spacer-inner\"><\/div>\n\t\t<\/div>\n\t\t\t\t<\/div>\n\t\t\t\t<\/div>\n\t\t\t\t\t<\/div>\n\t\t<\/div>\n\t\t\t\t\t<\/div>\n\t\t<\/section>\n\t\t\t\t<section class=\"elementor-section elementor-top-section elementor-element elementor-element-27fcbf0 elementor-section-boxed elementor-section-height-default elementor-section-height-default\" data-id=\"27fcbf0\" data-element_type=\"section\">\n\t\t\t\t\t\t<div class=\"elementor-container elementor-column-gap-default\">\n\t\t\t\t\t<div class=\"elementor-column elementor-col-100 elementor-top-column elementor-element elementor-element-8943a34\" data-id=\"8943a34\" data-element_type=\"column\">\n\t\t\t<div class=\"elementor-widget-wrap elementor-element-populated\">\n\t\t\t\t\t\t<div class=\"elementor-element elementor-element-ec677fd elementor-align-center elementor-widget elementor-widget-button\" data-id=\"ec677fd\" data-element_type=\"widget\" data-widget_type=\"button.default\">\n\t\t\t\t<div class=\"elementor-widget-container\">\n\t\t\t\t\t\t\t<div class=\"elementor-button-wrapper\">\n\t\t\t\t\t<a class=\"elementor-button elementor-button-link elementor-size-sm\" href=\"http:\/\/ufsm.br\/pet\/odontologia\/eventos\" target=\"_blank\">\n\t\t\t\t\t\t<span class=\"elementor-button-content-wrapper\">\n\t\t\t\t\t\t\t\t\t<span class=\"elementor-button-text\">Confira a data dos nossos pr\u00f3ximos Intelecto PET aqui<\/span>\n\t\t\t\t\t<\/span>\n\t\t\t\t\t<\/a>\n\t\t\t\t<\/div>\n\t\t\t\t\t\t<\/div>\n\t\t\t\t<\/div>\n\t\t\t\t\t<\/div>\n\t\t<\/div>\n\t\t\t\t\t<\/div>\n\t\t<\/section>\n\t\t\t\t<section class=\"elementor-section elementor-top-section elementor-element elementor-element-8b897c2 elementor-section-boxed elementor-section-height-default elementor-section-height-default\" data-id=\"8b897c2\" data-element_type=\"section\">\n\t\t\t\t\t\t<div class=\"elementor-container elementor-column-gap-default\">\n\t\t\t\t\t<div class=\"elementor-column elementor-col-100 elementor-top-column elementor-element elementor-element-8d7db4d\" data-id=\"8d7db4d\" data-element_type=\"column\">\n\t\t\t<div class=\"elementor-widget-wrap elementor-element-populated\">\n\t\t\t\t\t\t<div class=\"elementor-element elementor-element-1c004e3 elementor-tabs-view-horizontal elementor-widget elementor-widget-tabs\" data-id=\"1c004e3\" data-element_type=\"widget\" data-widget_type=\"tabs.default\">\n\t\t\t\t<div class=\"elementor-widget-container\">\n\t\t\t\t\t<div class=\"elementor-tabs\">\n\t\t\t<div class=\"elementor-tabs-wrapper\" role=\"tablist\" >\n\t\t\t\t\t\t\t\t\t<div id=\"elementor-tab-title-2931\" class=\"elementor-tab-title elementor-tab-desktop-title\" aria-selected=\"true\" data-tab=\"1\" role=\"tab\" tabindex=\"0\" aria-controls=\"elementor-tab-content-2931\" aria-expanded=\"false\">AtualizaPET 2018<\/div>\n\t\t\t\t\t\t\t\t\t<div id=\"elementor-tab-title-2932\" class=\"elementor-tab-title elementor-tab-desktop-title\" aria-selected=\"false\" data-tab=\"2\" role=\"tab\" tabindex=\"-1\" aria-controls=\"elementor-tab-content-2932\" aria-expanded=\"false\">AtualizaPET 2019<\/div>\n\t\t\t\t\t\t\t\t\t<div id=\"elementor-tab-title-2933\" class=\"elementor-tab-title elementor-tab-desktop-title\" aria-selected=\"false\" data-tab=\"3\" role=\"tab\" tabindex=\"-1\" aria-controls=\"elementor-tab-content-2933\" aria-expanded=\"false\">AtualizaPET 2020<\/div>\n\t\t\t\t\t\t\t\t\t<div id=\"elementor-tab-title-2934\" class=\"elementor-tab-title elementor-tab-desktop-title\" aria-selected=\"false\" data-tab=\"4\" role=\"tab\" tabindex=\"-1\" aria-controls=\"elementor-tab-content-2934\" aria-expanded=\"false\">AtualizaPET 2021<\/div>\n\t\t\t\t\t\t\t\t\t<div id=\"elementor-tab-title-2935\" class=\"elementor-tab-title elementor-tab-desktop-title\" aria-selected=\"false\" data-tab=\"5\" role=\"tab\" tabindex=\"-1\" aria-controls=\"elementor-tab-content-2935\" aria-expanded=\"false\">AtualizaPET 2022<\/div>\n\t\t\t\t\t\t\t\t\t<div id=\"elementor-tab-title-2936\" class=\"elementor-tab-title elementor-tab-desktop-title\" aria-selected=\"false\" data-tab=\"6\" role=\"tab\" tabindex=\"-1\" aria-controls=\"elementor-tab-content-2936\" aria-expanded=\"false\">Intelecto PET 2023<\/div>\n\t\t\t\t\t\t\t\t\t<div id=\"elementor-tab-title-2937\" class=\"elementor-tab-title elementor-tab-desktop-title\" aria-selected=\"false\" data-tab=\"7\" role=\"tab\" tabindex=\"-1\" aria-controls=\"elementor-tab-content-2937\" aria-expanded=\"false\">Intelecto PET 2024<\/div>\n\t\t\t\t\t\t\t<\/div>\n\t\t\t<div class=\"elementor-tabs-content-wrapper\" role=\"tablist\" aria-orientation=\"vertical\">\n\t\t\t\t\t\t\t\t\t<div class=\"elementor-tab-title elementor-tab-mobile-title\" aria-selected=\"true\" data-tab=\"1\" role=\"tab\" tabindex=\"0\" aria-controls=\"elementor-tab-content-2931\" aria-expanded=\"false\">AtualizaPET 2018<\/div>\n\t\t\t\t\t<div id=\"elementor-tab-content-2931\" class=\"elementor-tab-content elementor-clearfix\" data-tab=\"1\" role=\"tabpanel\" aria-labelledby=\"elementor-tab-title-2931\" tabindex=\"0\" hidden=\"false\"><p><a href=\"https:\/\/www.facebook.com\/PetOdontologiaUfsm\/posts\/981711111983440\">1. Sistemas cer\u00e2micos empregados na confec\u00e7\u00e3o de restaura\u00e7\u00f5es metal free<\/a><br \/><a href=\"https:\/\/www.facebook.com\/PetOdontologiaUfsm\/posts\/991627384325146\">2. Pacientes e condi\u00e7\u00f5es que demandam cuidados especiais: depend\u00eancia qu\u00edmica<\/a><br \/><a href=\"https:\/\/www.facebook.com\/PetOdontologiaUfsm\/posts\/1105672712920612\">3. Resolu\u00e7\u00e3o de casos cl\u00ednicos complexos: restaura\u00e7\u00f5es diretas e indiretas<\/a><br \/><a href=\"https:\/\/www.facebook.com\/events\/2531394230460054\/?post_id=2531394470460030&amp;view=permalink\">4. Diabetes mellitus: uma abordagem relacionada \u00e0 odontologia<\/a><br \/><a href=\"https:\/\/www.facebook.com\/PetOdontologiaUfsm\/posts\/1114398305381386\">5. Manejo de ansiedade em paciente odontol\u00f3gico<\/a><br \/><a href=\"https:\/\/www.facebook.com\/PetOdontologiaUfsm\/posts\/1126750084146208\">6. Depress\u00e3o: das hip\u00f3teses ao tratamento<\/a> <br \/><a href=\"https:\/\/www.facebook.com\/PetOdontologiaUfsm\/posts\/1138824739605409\">7. G\u00eanero e rela\u00e7\u00f5es de poder na universidade<\/a><br \/><a href=\"https:\/\/www.facebook.com\/events\/478157896029322\/?post_id=478157916029320&amp;view=permalink\">8. Minicurso pr\u00e1tico: plataforma Lattes<\/a><br \/><a href=\"https:\/\/www.facebook.com\/PetOdontologiaUfsm\/posts\/1149859095168640\">9. Reflex\u00e3o sobre sa\u00fade mental em acad\u00eamicos<\/a><br \/><a href=\"https:\/\/www.facebook.com\/PetOdontologiaUfsm\/posts\/1154886151332601\">10. Odontologia hospitalar: um novo campo de trabalha para o cirurgi\u00e3o-dentista<\/a><\/p><\/div>\n\t\t\t\t\t\t\t\t\t<div class=\"elementor-tab-title elementor-tab-mobile-title\" aria-selected=\"false\" data-tab=\"2\" role=\"tab\" tabindex=\"-1\" aria-controls=\"elementor-tab-content-2932\" aria-expanded=\"false\">AtualizaPET 2019<\/div>\n\t\t\t\t\t<div id=\"elementor-tab-content-2932\" class=\"elementor-tab-content elementor-clearfix\" data-tab=\"2\" role=\"tabpanel\" aria-labelledby=\"elementor-tab-title-2932\" tabindex=\"0\" hidden=\"hidden\"><p><a href=\"https:\/\/www.facebook.com\/PetOdontologiaUfsm\/posts\/1254196571401558\">1. Cuidando da sa\u00fade mental<\/a><br \/><a href=\"https:\/\/www.facebook.com\/PetOdontologiaUfsm\/posts\/1270973413057207\">2. Lideran\u00e7a transformadora: como se tornar uma pessoa para vencer<\/a><br \/><a href=\"https:\/\/www.facebook.com\/PetOdontologiaUfsm\/posts\/1285579651596583\">3. Corre\u00e7\u00e3o das deformidades maxilo faciais<\/a><br \/><a href=\"https:\/\/www.facebook.com\/PetOdontologiaUfsm\/posts\/1318351358319412\">4. Nova classifica\u00e7\u00e3o das condi\u00e7\u00f5es e doen\u00e7as periodontais<\/a><br \/><a href=\"https:\/\/www.facebook.com\/PetOdontologiaUfsm\/posts\/1361211620700052\">5. Anest\u00e9sicos locais em odontologia<\/a><br \/><a href=\"https:\/\/www.facebook.com\/PetOdontologiaUfsm\/posts\/1369541176533763\">6. Posicionamento do cirurgi\u00e3o-dentista no servi\u00e7o p\u00fablico e privado<\/a> <br \/><a href=\"https:\/\/www.facebook.com\/events\/1493233277483288\/?post_id=1494007360739213&amp;view=permalink\">7. Instru\u00e7\u00f5es de uso e manuten\u00e7\u00e3o de equipamentos odontol\u00f3gicos<\/a><br \/><a href=\"https:\/\/www.facebook.com\/PetOdontologiaUfsm\/posts\/1398720316949182\">8. Curr\u00edculo Lattes<\/a><br \/><a href=\"https:\/\/www.facebook.com\/PetOdontologiaUfsm\/posts\/1441136696040877\">9. Sa\u00fade bucal no s\u00e9culo XXI: uma perspectiva social<\/a><br \/><a href=\"https:\/\/www.facebook.com\/PetOdontologiaUfsm\/posts\/1441055669382313\">10. Aumento de coroa cl\u00ednica: diagn\u00f3stico de invas\u00e3o e restabelecimento do espa\u00e7o<\/a> <br \/><a href=\"https:\/\/www.facebook.com\/PetOdontologiaUfsm\/posts\/1441054029382477\">11. Estresse na vida acad\u00eamica: at\u00e9 que ponto \u00e9 normal?<\/a><br \/><a href=\"https:\/\/www.facebook.com\/PetOdontologiaUfsm\/posts\/1446257772195436\">12. Harmoniza\u00e7\u00e3o Orofacial: a nova fase da odontologia<\/a><\/p><\/div>\n\t\t\t\t\t\t\t\t\t<div class=\"elementor-tab-title elementor-tab-mobile-title\" aria-selected=\"false\" data-tab=\"3\" role=\"tab\" tabindex=\"-1\" aria-controls=\"elementor-tab-content-2933\" aria-expanded=\"false\">AtualizaPET 2020<\/div>\n\t\t\t\t\t<div id=\"elementor-tab-content-2933\" class=\"elementor-tab-content elementor-clearfix\" data-tab=\"3\" role=\"tabpanel\" aria-labelledby=\"elementor-tab-title-2933\" tabindex=\"0\" hidden=\"hidden\"><ol>\n<li>&nbsp;Pr\u00f3tese Bucomaxilofacial: A especialidade odontol\u00f3gica que reabilita a alma. &#8211; Prof. Dra. Ana Christina Claro Neves.<\/li>\n<li>&nbsp;<a href=\"https:\/\/www.youtube.com\/watch?v=7nLST75LqoM\" target=\"_blank\">Atendimento odontol\u00f3gico ao paciente com TEA ( Transtorno do&nbsp; espectro autista). &#8211; Dra. Adriana Gledys Zink.<\/a><\/li>\n<li><a href=\"https:\/\/www.youtube.com\/watch?v=WkhS6R7be5k\" target=\"_blank\">&nbsp;Biomateriais para preven\u00e7\u00e3o alveolar: Quando, por que e o que usar. &#8211; Prof. Dr. Tiago Fiorini.<\/a><br><\/li>\n<li>&nbsp;<a href=\"https:\/\/youtu.be\/ozwFHz9faZ4\" target=\"_blank\">Contribui\u00e7\u00e3o da odontologia forense na elucida\u00e7\u00e3o de crimes sexuais.&nbsp; &#8211; Prof. Dra. Jamilly de Oliveira Musse.<\/a><\/li>\n<li>&nbsp;<a href=\"https:\/\/www.youtube.com\/watch?v=j2mxAgnQ-1Y\" target=\"_blank\">Por que a c\u00e1rie n\u00e3o pode ser considerada uma doen\u00e7a infectocontagiosa e por que o fluoreto embora eficaz para controlar a progress\u00e3o, n\u00e3o evita a doen\u00e7a. &#8211; Prof. Dr Jaime Cury.<\/a><\/li>\n<li><a href=\"https:\/\/www.youtube.com\/watch?v=fZkxmx7KFc8\" target=\"_blank\">&nbsp;Resina composta e lentes de contato, evidencias cientificas e aspectos cl\u00ednicos. &#8211; Prof. Dr. Shizuma Shibata.<\/a><br><\/li>\n<li>&nbsp;Como incluir os lasers de baixa e alta pot\u00eancia na odontologia. &#8211; Prof. Dra.&nbsp;<span style=\", helvetica, arial, sans-serif;font-size: 15px\">Ana Cec\u00edlia Corr\u00eaa Aranha.<\/span><\/li>\n<li><a href=\"https:\/\/www.youtube.com\/watch?v=dVWug65t9NY\" target=\"_blank\">&nbsp;Inser\u00e7\u00e3o do creme dental no tratamento da hipersensibilidade dentin\u00e1ria. &#8211; Prof. Dra. Raquel Marianna Lopes Gaona.<\/a><br><\/li>\n<li><a href=\"https:\/\/www.youtube.com\/watch?v=6BHzyczGhFo\" target=\"_blank\">&nbsp;Tratamento Restaurador Atraum\u00e1tico: t\u00e9cnica minimamente invasiva. &#8211; Prof. Dra. Fernanda Ruffo Ortiz.<\/a><br><\/li>\n<\/ol><\/div>\n\t\t\t\t\t\t\t\t\t<div class=\"elementor-tab-title elementor-tab-mobile-title\" aria-selected=\"false\" data-tab=\"4\" role=\"tab\" tabindex=\"-1\" aria-controls=\"elementor-tab-content-2934\" aria-expanded=\"false\">AtualizaPET 2021<\/div>\n\t\t\t\t\t<div id=\"elementor-tab-content-2934\" class=\"elementor-tab-content elementor-clearfix\" data-tab=\"4\" role=\"tabpanel\" aria-labelledby=\"elementor-tab-title-2934\" tabindex=\"0\" hidden=\"hidden\"><p><a href=\"https:\/\/youtube.com\/live\/QisokX-ODf8?feature=share\" target=\"_blank\" rel=\"noopener\">1. Os 6 passos para um atendimento em urg\u00eancia eficaz em endodontia- Prof. Dra. Fernanda Signoretti<\/a><\/p>\n<p><a href=\"https:\/\/youtube.com\/live\/mtr98TdzpuM?feature=share\" target=\"_blank\" rel=\"noopener\">2. Fono &amp; Odonto: A import\u00e2ncia do trabalho interdisciplinar nas diferentes fases da vida- Rafaela Soares Rech<\/a><\/p>\n<p><a href=\"https:\/\/youtube.com\/live\/-9RTdwtAFq0?feature=share\" target=\"_blank\" rel=\"noopener\">3. O c\u00e2ncer de boca no consult\u00f3rio odontol\u00f3gico- Prof. Dr. Maur\u00edcio Roth Volkweis<\/a><\/p>\n<p><a href=\"https:\/\/youtube.com\/live\/UdA384VsZxM?feature=share\" target=\"_blank\" rel=\"noopener\">4. Endodontia Mecanizada na pr\u00e1tica cl\u00ednica: tratamento de canal sob um novo olhar- Cirurgi\u00e3-Dentista Bruna Venzke Fischer<\/a><\/p>\n<p><a href=\"https:\/\/youtube.com\/live\/CgqRQniCcMo?feature=share\" target=\"_blank\" rel=\"noopener\">5. Fraturas Mandibulares- Acad\u00eamico Everton Rech de Oliveira Jr, orientado pelos Prof. Dr. Jorge Abel Flores e Felioe Wehner Flores<\/a><\/p>\n<p><a href=\"https:\/\/youtube.com\/live\/v1Tuofnl0E8?feature=share\" target=\"_blank\" rel=\"noopener\">6. Acolhimento a pessoas trans no consult\u00f3rio odontol\u00f3gico: como proceder?- Cirurgi\u00e3-Dentistas Layanne Almeida da Silva e Valqu\u00edria Martins de Brum\u00a0<\/a><\/p>\n<p><a href=\"https:\/\/youtube.com\/live\/KYP0FBsDcSQ?feature=share\" target=\"_blank\" rel=\"noopener\">7. Sistemas Cer\u00e2micos na odontologia- Acad\u00eamica Gabriela Tondolo, orientada pelo Prof. Dr. Gabriel Kalil<\/a><\/p>\n<p><a href=\"https:\/\/youtube.com\/live\/raklblSG9HQ?feature=share\" target=\"_blank\" rel=\"noopener\">8. Impacto dos fatores psicol\u00f3gicos, sociais e odontol\u00f3gicos em pessoas com anemia falciforme no Brasil- Acad\u00eamico Mateus Zilch Scheuermann, orientado pela Prof. Dra. Beatriz Unfer\u00a0<\/a><\/p><\/div>\n\t\t\t\t\t\t\t\t\t<div class=\"elementor-tab-title elementor-tab-mobile-title\" aria-selected=\"false\" data-tab=\"5\" role=\"tab\" tabindex=\"-1\" aria-controls=\"elementor-tab-content-2935\" aria-expanded=\"false\">AtualizaPET 2022<\/div>\n\t\t\t\t\t<div id=\"elementor-tab-content-2935\" class=\"elementor-tab-content elementor-clearfix\" data-tab=\"5\" role=\"tabpanel\" aria-labelledby=\"elementor-tab-title-2935\" tabindex=\"0\" hidden=\"hidden\"><p>1. Atividade antibiofilme e efeito sin\u00e9rgico dos \u00f3leos essenciais de Cymbopogon\u00a0<span style=\"font-weight: var( --e-global-typography-text-font-weight )\">Winterianus e Eugenia Caryophyllus frente a Streptococcus mutans- Acad\u00eamico Pedro Henrique Guerim, orientado pela Prof. Dra.\u00a0<\/span>Patr\u00edcia Kolling Marquezan.<\/p>\n<p><span style=\"font-weight: var( --e-global-typography-text-font-weight )\">2.\u00a0<\/span>Manuten\u00e7\u00e3o do Kit Acad\u00eamico- T\u00e9cnico\u00a0Harysson Figueiredo<\/p>\n<p>3. Hands On: Restaura\u00e7\u00e3o\u00a0<span style=\"font-weight: var( --e-global-typography-text-font-weight )\">est\u00e9tica em dentes anteriores- Prof. Dr. Bruno Lopes da Silveira<\/span><\/p>\n<p><span style=\"font-weight: var( --e-global-typography-text-font-weight )\">4.\u00a0<\/span>Odontopediatria na primeir\u00edssima\u00a0<span style=\"font-weight: var( --e-global-typography-text-font-weight )\">inf\u00e2ncia- Acad\u00eamica Marina Michels Dotto, orientada pelo Prof. Dr. Bruno Emmanuelli<\/span><\/p>\n<p><span style=\"font-weight: var( --e-global-typography-text-font-weight )\">5.\u00a0<\/span>Materiais endod\u00f4nticos a base de silicato de c\u00e1lcio- Prof Dra.\u00a0Roberta Bosso Martelo (Em parceria com a Liga de Endodontia da UFSM)<\/p>\n<p>6. Mercado de trabalho: como me preparar- Prof. Dr. Andr\u00e9 Mallmann<\/p>\n<p>7. Abordagem hospitalar\u00a0<span style=\"font-weight: var( --e-global-typography-text-font-weight )\">e odontol\u00f3gica de pacientes politrauma e oncol\u00f3gicos &#8211; buco-maxilo + cabe\u00e7a e pesco\u00e7o- Prof. Dr. Neimar Scolari (Em parceria com o Projeto C. Integra)<\/span><\/p>\n<p><span style=\"font-weight: var( --e-global-typography-text-font-weight )\">8.\u00a0<\/span>Aspectos jur\u00eddicos relacionados \u00e0\u00a0<span style=\"font-weight: var( --e-global-typography-text-font-weight )\">pr\u00e1tica odontol\u00f3gica- Advogado Jackson Maldonado<\/span><\/p>\n<p><span style=\"font-weight: var( --e-global-typography-text-font-weight )\">9.\u00a0<\/span>Antropometria tridimensional da face: novas\u00a0<span style=\"font-weight: var( --e-global-typography-text-font-weight )\">alternativas de captura e processamento de imagem 3D- Dra.\u00a0<\/span>Ta\u00edse<\/p>\n<p>Leitemperger Bertazzo (Em parceria com a Liga Acad\u00eamica de cirurgia e\u00a0<span style=\"font-weight: var( --e-global-typography-text-font-weight )\">Traumatologia Bucomaxilofacial)<\/span><\/p><\/div>\n\t\t\t\t\t\t\t\t\t<div class=\"elementor-tab-title elementor-tab-mobile-title\" aria-selected=\"false\" data-tab=\"6\" role=\"tab\" tabindex=\"-1\" aria-controls=\"elementor-tab-content-2936\" aria-expanded=\"false\">Intelecto PET 2023<\/div>\n\t\t\t\t\t<div id=\"elementor-tab-content-2936\" class=\"elementor-tab-content elementor-clearfix\" data-tab=\"6\" role=\"tabpanel\" aria-labelledby=\"elementor-tab-title-2936\" tabindex=\"0\" hidden=\"hidden\"><p>1. Obtura\u00e7\u00f5es endod\u00f4nticas: princ\u00edpios e t\u00e9cnicas n\u00e3o&nbsp;<span style=\"font-weight: var( --e-global-typography-text-font-weight )\">convencionais-&nbsp;<\/span>Doutoranda Isabella Marian<\/p>\n<p>Lena e Mestrando Guilherme Pauletto<\/p>\n<p>2. Hands On: Restaura\u00e7\u00f5es est\u00e9ticas em dentes&nbsp;<span style=\"font-weight: var( --e-global-typography-text-font-weight )\">anteriores- Prof. Dr. Bruno Lopes da Silveira<\/span><\/p>\n<p><span style=\"font-weight: var( --e-global-typography-text-font-weight )\">3.&nbsp;<\/span>Harmoniza\u00e7\u00e3o Orofacial- Prof. Dra. Anne Buss Becker<\/p>\n<p>4. Exames laboratoriais em Odontologia- Prof. Dra. K\u00edvia Linhares Ferrazzo (Em parceria com a&nbsp;<span style=\"font-size: 16px;font-weight: var( --e-global-typography-text-font-weight )\">Liga Acad\u00eamica de Patologia Oral e Maxilofacial)<\/span><\/p>\n<p>5. Odontologia para pacientes&nbsp;<span style=\"font-weight: var( --e-global-typography-text-font-weight )\">com necessidades especiais- Cirurgi\u00e3-Dentista&nbsp;<\/span>Aline Narciso<\/p>\n<p>6. Pr\u00e1ticas integrativas e&nbsp;<span style=\"font-weight: var( --e-global-typography-text-font-weight )\">complementares em sa\u00fade-&nbsp;<\/span>Cirurgi\u00e3-Dentista Carolina Desconsi Mozzaquatra, Enfermeiro Professor Dr.&nbsp;<span style=\"font-weight: var( --e-global-typography-text-font-weight )\">M\u00e1rcio Rossato Badke e Enfermeira F\u00e1tima In\u00eas Alff Vargas (Em parceria com o Projeto Voador e a LAPICS UFSM)<\/span><\/p>\n<p><span style=\"font-weight: var( --e-global-typography-text-font-weight )\">7.&nbsp;<\/span>Dores neurop\u00e1ticas- Dra.&nbsp;Duziene&nbsp;<span style=\"font-weight: var( --e-global-typography-text-font-weight )\">Pereira (Em parceria com o Projeto Voador)<\/span><\/p><\/div>\n\t\t\t\t\t\t\t\t\t<div class=\"elementor-tab-title elementor-tab-mobile-title\" aria-selected=\"false\" data-tab=\"7\" role=\"tab\" tabindex=\"-1\" aria-controls=\"elementor-tab-content-2937\" aria-expanded=\"false\">Intelecto PET 2024<\/div>\n\t\t\t\t\t<div id=\"elementor-tab-content-2937\" class=\"elementor-tab-content elementor-clearfix\" data-tab=\"7\" role=\"tabpanel\" aria-labelledby=\"elementor-tab-title-2937\" tabindex=\"0\" hidden=\"hidden\"><p>1. Diagn\u00f3stico por imagem em disfun\u00e7\u00e3o temporomandibular- Doutorando Lucas Machado Maracci<\/p><\/div>\n\t\t\t\t\t\t\t<\/div>\n\t\t<\/div>\n\t\t\t\t<\/div>\n\t\t\t\t<\/div>\n\t\t\t\t\t<\/div>\n\t\t<\/div>\n\t\t\t\t\t<\/div>\n\t\t<\/section>\n\t\t\t\t<\/div>\n\t\t","protected":false},"excerpt":{"rendered":"<p>Os nossos projetos Atualiza PET e Fala Acad\u00eamic@ agora s\u00e3o um s\u00f3:\u00a0 Intelecto PET: Compartilhando Conhecimentos em Odontologia Ao longo dos anos, a odontologia passa por diversas transforma\u00e7\u00f5es referentes \u00e0 evolu\u00e7\u00e3o de conhecimentos e t\u00e9cnicas, \u00e0s cren\u00e7as e concep\u00e7\u00f5es da sociedade em rela\u00e7\u00e3o \u00e0 profiss\u00e3o, \u00e0s perspectivas dos profissionais formados, e tamb\u00e9m referentes \u00e0 maneira [&hellip;]<\/p>\n","protected":false},"author":1035,"featured_media":0,"parent":32,"menu_order":0,"comment_status":"closed","ping_status":"closed","template":"","meta":{"footnotes":""},"categories":[],"tags":[],"class_list":["post-115","page","type-page","status-publish","hentry"],"acf":[],"_links":{"self":[{"href":"https:\/\/www.ufsm.br\/pet\/odontologia\/wp-json\/wp\/v2\/pages\/115","targetHints":{"allow":["GET"]}}],"collection":[{"href":"https:\/\/www.ufsm.br\/pet\/odontologia\/wp-json\/wp\/v2\/pages"}],"about":[{"href":"https:\/\/www.ufsm.br\/pet\/odontologia\/wp-json\/wp\/v2\/types\/page"}],"author":[{"embeddable":true,"href":"https:\/\/www.ufsm.br\/pet\/odontologia\/wp-json\/wp\/v2\/users\/1035"}],"replies":[{"embeddable":true,"href":"https:\/\/www.ufsm.br\/pet\/odontologia\/wp-json\/wp\/v2\/comments?post=115"}],"version-history":[{"count":0,"href":"https:\/\/www.ufsm.br\/pet\/odontologia\/wp-json\/wp\/v2\/pages\/115\/revisions"}],"up":[{"embeddable":true,"href":"https:\/\/www.ufsm.br\/pet\/odontologia\/wp-json\/wp\/v2\/pages\/32"}],"wp:attachment":[{"href":"https:\/\/www.ufsm.br\/pet\/odontologia\/wp-json\/wp\/v2\/media?parent=115"}],"wp:term":[{"taxonomy":"category","embeddable":true,"href":"https:\/\/www.ufsm.br\/pet\/odontologia\/wp-json\/wp\/v2\/categories?post=115"},{"taxonomy":"post_tag","embeddable":true,"href":"https:\/\/www.ufsm.br\/pet\/odontologia\/wp-json\/wp\/v2\/tags?post=115"}],"curies":[{"name":"wp","href":"https:\/\/api.w.org\/{rel}","templated":true}]}}