{"id":182,"date":"2020-07-29T23:50:43","date_gmt":"2020-07-30T02:50:43","guid":{"rendered":"https:\/\/www.ufsm.br\/pet\/odontologia\/?page_id=182"},"modified":"2024-08-03T12:56:24","modified_gmt":"2024-08-03T15:56:24","slug":"ufsm-por-um-dia","status":"publish","type":"page","link":"https:\/\/www.ufsm.br\/pet\/odontologia\/atividades\/projetos\/ufsm-por-um-dia","title":{"rendered":"UFSM por um dia"},"content":{"rendered":"\t\t<div data-elementor-type=\"wp-page\" data-elementor-id=\"182\" class=\"elementor elementor-182\">\n\t\t\t\t\t\t<section class=\"elementor-section elementor-top-section elementor-element elementor-element-77673ee5 elementor-section-boxed elementor-section-height-default elementor-section-height-default\" data-id=\"77673ee5\" data-element_type=\"section\">\n\t\t\t\t\t\t<div class=\"elementor-container elementor-column-gap-default\">\n\t\t\t\t\t<div class=\"elementor-column elementor-col-100 elementor-top-column elementor-element elementor-element-7a4ab56a\" data-id=\"7a4ab56a\" data-element_type=\"column\">\n\t\t\t<div class=\"elementor-widget-wrap elementor-element-populated\">\n\t\t\t\t\t\t<div class=\"elementor-element elementor-element-4b2788cc elementor-widget elementor-widget-text-editor\" data-id=\"4b2788cc\" data-element_type=\"widget\" data-widget_type=\"text-editor.default\">\n\t\t\t\t<div class=\"elementor-widget-container\">\n\t\t\t\t\t\t\t<p><!-- wp:tadv\/classic-paragraph --><\/p>\n<p>O projeto &#8220;UFSM por um dia&#8221; tem o intuito de ajudar estudantes de escolas do interior do Rio\u00a0<span style=\"color: #000000;font-size: 1rem;font-weight: var( --e-global-typography-text-font-weight );text-align: var(--bs-body-text-align)\">Grande do Sul (RS) a optar por um curso de Ensino Superior que melhor se enquadre com o seu p<\/span><span style=\"color: #000000;font-size: 1rem;font-weight: var( --e-global-typography-text-font-weight );text-align: var(--bs-body-text-align)\">erfil, al\u00e9m de sanar suas d\u00favidas sobre a gradua\u00e7\u00e3o. Os acad\u00eamicos integrantes do Programa de\u00a0<\/span><span style=\"color: #000000;font-size: 1rem;font-weight: var( --e-global-typography-text-font-weight );text-align: var(--bs-body-text-align)\">Educa\u00e7\u00e3o Tutorial (PET) da Universidade Federal de Santa Maria (UFSM) levam informa\u00e7\u00f5es sobre\u00a0<\/span><span style=\"color: #000000;font-size: 1rem;font-weight: var( --e-global-typography-text-font-weight );text-align: var(--bs-body-text-align)\">os seus cursos para institui\u00e7\u00f5es que possuem dificuldade de acesso \u00e0s atividades de divulga\u00e7\u00e3o da\u00a0<\/span><span style=\"color: #000000;font-size: 1rem;font-weight: var( --e-global-typography-text-font-weight );text-align: var(--bs-body-text-align)\">UFSM -como o Descubra- afim de explicar sobre a estrutura da Universidade e esclarecer d\u00favidas\u00a0<\/span><span style=\"color: #000000;font-size: 1rem;font-weight: var( --e-global-typography-text-font-weight );text-align: var(--bs-body-text-align)\">acerca da gradua\u00e7\u00e3o e cursos espec\u00edficos. Desse modo, o Grupo PET-Odontologia aborda aspectos\u00a0<\/span><span style=\"color: #000000;font-size: 1rem;font-weight: var( --e-global-typography-text-font-weight );text-align: var(--bs-body-text-align)\">importantes sobre a estrutura e organiza\u00e7\u00e3o do seu Curso na UFSM.<\/span><\/p>\n<p><span style=\"color: #000000;font-size: 1rem;font-weight: var( --e-global-typography-text-font-weight );text-align: var(--bs-body-text-align)\">Objetivo:\u00a0<\/span><span style=\"text-align: var(--bs-body-text-align)\">Realizar uma apresenta\u00e7\u00e3o do Curso de Odontologia ofertado pela UFSM, abordando suas\u00a0<\/span><span style=\"color: #000000;font-size: 1rem;font-weight: var( --e-global-typography-text-font-weight );text-align: var(--bs-body-text-align)\">caracter\u00edsticas gerais e informa\u00e7\u00f5es importantes, como tamb\u00e9m as poss\u00edveis d\u00favidas dos alunos.\u00a0<\/span><span style=\"color: #000000;font-size: 1rem;font-weight: var( --e-global-typography-text-font-weight );text-align: var(--bs-body-text-align)\">Ainda, o projeto busca sanar questionamentos sobre a estrutura da UFSM e os programas\u00a0<\/span><span style=\"color: #000000;font-size: 1rem;font-weight: var( --e-global-typography-text-font-weight );text-align: var(--bs-body-text-align)\">assistenciais ofertados pela universidade para auxiliar a perman\u00eancia do estudante no seu curso, a\u00a0<\/span><span style=\"color: #000000;font-size: 1rem;font-weight: var( --e-global-typography-text-font-weight );text-align: var(--bs-body-text-align)\">exemplo do Benef\u00edcio Socioecon\u00f4mico (BSE). Al\u00e9m disso, o Grupo PET-Odontologia UFSM tamb\u00e9m\u00a0<\/span><span style=\"color: #000000;font-size: 1rem;font-weight: var( --e-global-typography-text-font-weight );text-align: var(--bs-body-text-align)\">objetiva estimular os jovens em forma\u00e7\u00e3o escolar a ingressar em um curso de Educa\u00e7\u00e3o Superior.<\/span><\/p>\n<p><!-- \/wp:tadv\/classic-paragraph --><\/p>\t\t\t\t\t\t<\/div>\n\t\t\t\t<\/div>\n\t\t\t\t\t<\/div>\n\t\t<\/div>\n\t\t\t\t\t<\/div>\n\t\t<\/section>\n\t\t\t\t<section class=\"elementor-section elementor-top-section elementor-element elementor-element-a2b9ea3 elementor-section-boxed elementor-section-height-default elementor-section-height-default\" data-id=\"a2b9ea3\" data-element_type=\"section\">\n\t\t\t\t\t\t<div class=\"elementor-container elementor-column-gap-default\">\n\t\t\t\t\t<div class=\"elementor-column elementor-col-100 elementor-top-column elementor-element elementor-element-82f90c7\" data-id=\"82f90c7\" data-element_type=\"column\">\n\t\t\t<div class=\"elementor-widget-wrap elementor-element-populated\">\n\t\t\t\t\t\t<div class=\"elementor-element elementor-element-6bfaade elementor-arrows-position-inside elementor-pagination-position-outside elementor-widget elementor-widget-image-carousel\" data-id=\"6bfaade\" data-element_type=\"widget\" data-settings=\"{&quot;navigation&quot;:&quot;both&quot;,&quot;autoplay&quot;:&quot;yes&quot;,&quot;pause_on_hover&quot;:&quot;yes&quot;,&quot;pause_on_interaction&quot;:&quot;yes&quot;,&quot;autoplay_speed&quot;:5000,&quot;infinite&quot;:&quot;yes&quot;,&quot;speed&quot;:500}\" data-widget_type=\"image-carousel.default\">\n\t\t\t\t<div class=\"elementor-widget-container\">\n\t\t\t\t\t<div class=\"elementor-image-carousel-wrapper swiper\" dir=\"ltr\">\n\t\t\t<div class=\"elementor-image-carousel swiper-wrapper\" aria-live=\"off\">\n\t\t\t\t\t\t\t\t<div class=\"swiper-slide\" role=\"group\" aria-roledescription=\"slide\" aria-label=\"1 of 3\"><figure class=\"swiper-slide-inner\"><img decoding=\"async\" class=\"swiper-slide-image\" src=\"https:\/\/www.ufsm.br\/app\/uploads\/sites\/785\/2024\/08\/IMG_7820-e1722700471301-150x150.jpg\" alt=\"Screenshot\" \/><\/figure><\/div><div class=\"swiper-slide\" role=\"group\" aria-roledescription=\"slide\" aria-label=\"2 of 3\"><figure class=\"swiper-slide-inner\"><img decoding=\"async\" class=\"swiper-slide-image\" src=\"https:\/\/www.ufsm.br\/app\/uploads\/sites\/785\/2024\/08\/IMG_7818-150x150.jpg\" alt=\"Screenshot\" \/><\/figure><\/div><div class=\"swiper-slide\" role=\"group\" aria-roledescription=\"slide\" aria-label=\"3 of 3\"><figure class=\"swiper-slide-inner\"><img decoding=\"async\" class=\"swiper-slide-image\" src=\"https:\/\/www.ufsm.br\/app\/uploads\/sites\/785\/2024\/08\/IMG_7820-1-e1722700518369-150x150.jpg\" alt=\"Screenshot\" \/><\/figure><\/div>\t\t\t<\/div>\n\t\t\t\t\t\t\t\t\t\t\t\t<div class=\"elementor-swiper-button elementor-swiper-button-prev\" role=\"button\" tabindex=\"0\">\n\t\t\t\t\t\t<i aria-hidden=\"true\" class=\"eicon-chevron-left\"><\/i>\t\t\t\t\t<\/div>\n\t\t\t\t\t<div class=\"elementor-swiper-button elementor-swiper-button-next\" role=\"button\" tabindex=\"0\">\n\t\t\t\t\t\t<i aria-hidden=\"true\" class=\"eicon-chevron-right\"><\/i>\t\t\t\t\t<\/div>\n\t\t\t\t\n\t\t\t\t\t\t\t\t\t<div class=\"swiper-pagination\"><\/div>\n\t\t\t\t\t\t\t\t\t<\/div>\n\t\t\t\t<\/div>\n\t\t\t\t<\/div>\n\t\t\t\t\t<\/div>\n\t\t<\/div>\n\t\t\t\t\t<\/div>\n\t\t<\/section>\n\t\t\t\t<\/div>\n\t\t","protected":false},"excerpt":{"rendered":"<p>O projeto &#8220;UFSM por um dia&#8221; tem o intuito de ajudar estudantes de escolas do interior do Rio\u00a0Grande do Sul (RS) a optar por um curso de Ensino Superior que melhor se enquadre com o seu perfil, al\u00e9m de sanar suas d\u00favidas sobre a gradua\u00e7\u00e3o. Os acad\u00eamicos integrantes do Programa de\u00a0Educa\u00e7\u00e3o Tutorial (PET) da Universidade [&hellip;]<\/p>\n","protected":false},"author":1035,"featured_media":0,"parent":32,"menu_order":0,"comment_status":"closed","ping_status":"closed","template":"","meta":{"footnotes":""},"categories":[],"tags":[],"class_list":["post-182","page","type-page","status-publish","hentry"],"acf":[],"_links":{"self":[{"href":"https:\/\/www.ufsm.br\/pet\/odontologia\/wp-json\/wp\/v2\/pages\/182","targetHints":{"allow":["GET"]}}],"collection":[{"href":"https:\/\/www.ufsm.br\/pet\/odontologia\/wp-json\/wp\/v2\/pages"}],"about":[{"href":"https:\/\/www.ufsm.br\/pet\/odontologia\/wp-json\/wp\/v2\/types\/page"}],"author":[{"embeddable":true,"href":"https:\/\/www.ufsm.br\/pet\/odontologia\/wp-json\/wp\/v2\/users\/1035"}],"replies":[{"embeddable":true,"href":"https:\/\/www.ufsm.br\/pet\/odontologia\/wp-json\/wp\/v2\/comments?post=182"}],"version-history":[{"count":0,"href":"https:\/\/www.ufsm.br\/pet\/odontologia\/wp-json\/wp\/v2\/pages\/182\/revisions"}],"up":[{"embeddable":true,"href":"https:\/\/www.ufsm.br\/pet\/odontologia\/wp-json\/wp\/v2\/pages\/32"}],"wp:attachment":[{"href":"https:\/\/www.ufsm.br\/pet\/odontologia\/wp-json\/wp\/v2\/media?parent=182"}],"wp:term":[{"taxonomy":"category","embeddable":true,"href":"https:\/\/www.ufsm.br\/pet\/odontologia\/wp-json\/wp\/v2\/categories?post=182"},{"taxonomy":"post_tag","embeddable":true,"href":"https:\/\/www.ufsm.br\/pet\/odontologia\/wp-json\/wp\/v2\/tags?post=182"}],"curies":[{"name":"wp","href":"https:\/\/api.w.org\/{rel}","templated":true}]}}