{"id":778,"date":"2024-08-03T00:02:58","date_gmt":"2024-08-03T03:02:58","guid":{"rendered":"https:\/\/www.ufsm.br\/pet\/odontologia\/?page_id=778"},"modified":"2024-08-03T00:05:28","modified_gmt":"2024-08-03T03:05:28","slug":"desenvolvimento-de-petianos","status":"publish","type":"page","link":"https:\/\/www.ufsm.br\/pet\/odontologia\/desenvolvimento-de-petianos","title":{"rendered":"Desenvolvimento de Petianos"},"content":{"rendered":"\t\t<div data-elementor-type=\"wp-page\" data-elementor-id=\"778\" class=\"elementor elementor-778\">\n\t\t\t\t\t\t<section class=\"elementor-section elementor-top-section elementor-element elementor-element-353d650 elementor-section-boxed elementor-section-height-default elementor-section-height-default\" data-id=\"353d650\" data-element_type=\"section\">\n\t\t\t\t\t\t<div class=\"elementor-container elementor-column-gap-default\">\n\t\t\t\t\t<div class=\"elementor-column elementor-col-100 elementor-top-column elementor-element elementor-element-28deb0f\" data-id=\"28deb0f\" data-element_type=\"column\">\n\t\t\t<div class=\"elementor-widget-wrap elementor-element-populated\">\n\t\t\t\t\t\t<div class=\"elementor-element elementor-element-9a5407f elementor-widget elementor-widget-text-editor\" data-id=\"9a5407f\" data-element_type=\"widget\" data-widget_type=\"text-editor.default\">\n\t\t\t\t<div class=\"elementor-widget-container\">\n\t\t\t\t\t\t\t<p><span style=\"color: #0d0d0d;font-family: 'Helvetica Neue', Helvetica, Arial, sans-serif;font-size: 16px\">INSTRUMENTALIZA\u00c7\u00d5ES PARA DESENVOLVIMENTO DOS ACAD\u00caMICOS INTEGRANTES DO PROGRAMA DE EDUCA\u00c7\u00c3O TUTORIAL (PET) DO CURSO DE ODONTOLOGIA \u2013 UFSM<\/span><\/p>\n<p><span style=\"color: #0d0d0d;font-family: 'Helvetica Neue', Helvetica, Arial, sans-serif;font-size: 16px\">&nbsp;<\/span><span style=\", Helvetica, Arial, sans-serif;font-size: 16px;font-weight: var( --e-global-typography-text-font-weight );text-align: var(--bs-body-text-align)\">O mercado de trabalho apresenta-se cada vez mais competitivo e exigente. Por conseguinte, faz-se necess\u00e1rio demandar ainda mais tempo, recursos e aten\u00e7\u00e3o \u00e0s oportunidades de capacita\u00e7\u00e3o e otimiza\u00e7\u00e3o do aprendizado no decorrer da gradua\u00e7\u00e3o. Os conhecimentos que o profissional precisa obter hoje em dia, n\u00e3o mais se delimitam a assuntos relacionados a odontologia cl\u00ednica, \u00e9 necess\u00e1ria uma ampla e diversa gama de \u00e1reas \u00e0s quais precisa-se dominar para adquirir um diferencial. Ambientes que estimulem o desenvolvimento intelectual al\u00e9m dos m\u00e9todos convencionais de ensino e carga hor\u00e1ria m\u00ednimos s\u00e3o considerados mecanismos que fomentam a amplia\u00e7\u00e3o do potencial. O mercado de trabalho moderno exige cada vez mais dos graduandos a viv\u00eancia de experi\u00eancias que v\u00e3o al\u00e9m das disciplinas obrigat\u00f3rias. Partindo dessa premissa, grupos de estudo, de inicia\u00e7\u00e3o cient\u00edfica e de educa\u00e7\u00e3o tutorial que proporcionem um ambiente favor\u00e1vel para capacita\u00e7\u00e3o multidisciplinar dos graduandos, dentro do ambiente universit\u00e1rio, s\u00e3o pe\u00e7as-chave para a forma\u00e7\u00e3o de um profissional ainda mais completo.&nbsp;<\/span><\/p><p><span style=\", Helvetica, Arial, sans-serif;font-size: 16px;font-weight: var( --e-global-typography-text-font-weight );text-align: var(--bs-body-text-align)\">O presente projeto prop\u00f5e a promo\u00e7\u00e3o de instrumentaliza\u00e7\u00f5es certificadas atrav\u00e9s de minicursos, aulas, semin\u00e1rios, simp\u00f3sios e palestras para integrantes do Programa de Educa\u00e7\u00e3o Tutorial do Curso de Odontologia da Universidade Federal de Santa Maria, no intuito de qualificar interdisciplinarmente o processo de aprendizado, tanto de forma profissional quanto pessoal.<\/span><\/p>\t\t\t\t\t\t<\/div>\n\t\t\t\t<\/div>\n\t\t\t\t\t<\/div>\n\t\t<\/div>\n\t\t\t\t\t<\/div>\n\t\t<\/section>\n\t\t\t\t<\/div>\n\t\t","protected":false},"excerpt":{"rendered":"<p>INSTRUMENTALIZA\u00c7\u00d5ES PARA DESENVOLVIMENTO DOS ACAD\u00caMICOS INTEGRANTES DO PROGRAMA DE EDUCA\u00c7\u00c3O TUTORIAL (PET) DO CURSO DE ODONTOLOGIA \u2013 UFSM &nbsp;O mercado de trabalho apresenta-se cada vez mais competitivo e exigente. Por conseguinte, faz-se necess\u00e1rio demandar ainda mais tempo, recursos e aten\u00e7\u00e3o \u00e0s oportunidades de capacita\u00e7\u00e3o e otimiza\u00e7\u00e3o do aprendizado no decorrer da gradua\u00e7\u00e3o. Os conhecimentos que [&hellip;]<\/p>\n","protected":false},"author":6677,"featured_media":0,"parent":0,"menu_order":0,"comment_status":"closed","ping_status":"closed","template":"","meta":{"footnotes":""},"categories":[],"tags":[],"class_list":["post-778","page","type-page","status-publish","hentry"],"acf":[],"_links":{"self":[{"href":"https:\/\/www.ufsm.br\/pet\/odontologia\/wp-json\/wp\/v2\/pages\/778","targetHints":{"allow":["GET"]}}],"collection":[{"href":"https:\/\/www.ufsm.br\/pet\/odontologia\/wp-json\/wp\/v2\/pages"}],"about":[{"href":"https:\/\/www.ufsm.br\/pet\/odontologia\/wp-json\/wp\/v2\/types\/page"}],"author":[{"embeddable":true,"href":"https:\/\/www.ufsm.br\/pet\/odontologia\/wp-json\/wp\/v2\/users\/6677"}],"replies":[{"embeddable":true,"href":"https:\/\/www.ufsm.br\/pet\/odontologia\/wp-json\/wp\/v2\/comments?post=778"}],"version-history":[{"count":0,"href":"https:\/\/www.ufsm.br\/pet\/odontologia\/wp-json\/wp\/v2\/pages\/778\/revisions"}],"wp:attachment":[{"href":"https:\/\/www.ufsm.br\/pet\/odontologia\/wp-json\/wp\/v2\/media?parent=778"}],"wp:term":[{"taxonomy":"category","embeddable":true,"href":"https:\/\/www.ufsm.br\/pet\/odontologia\/wp-json\/wp\/v2\/categories?post=778"},{"taxonomy":"post_tag","embeddable":true,"href":"https:\/\/www.ufsm.br\/pet\/odontologia\/wp-json\/wp\/v2\/tags?post=778"}],"curies":[{"name":"wp","href":"https:\/\/api.w.org\/{rel}","templated":true}]}}