{"id":789,"date":"2024-08-03T00:24:35","date_gmt":"2024-08-03T03:24:35","guid":{"rendered":"https:\/\/www.ufsm.br\/pet\/odontologia\/?page_id=789"},"modified":"2024-08-03T00:25:22","modified_gmt":"2024-08-03T03:25:22","slug":"traumatismo-dentario-primeiros-socorros","status":"publish","type":"page","link":"https:\/\/www.ufsm.br\/pet\/odontologia\/traumatismo-dentario-primeiros-socorros","title":{"rendered":"Traumatismo Dent\u00e1rio: Primeiros Socorros"},"content":{"rendered":"\t\t<div data-elementor-type=\"wp-page\" data-elementor-id=\"789\" class=\"elementor elementor-789\">\n\t\t\t\t\t\t<section class=\"elementor-section elementor-top-section elementor-element elementor-element-ac9dc12 elementor-section-boxed elementor-section-height-default elementor-section-height-default\" data-id=\"ac9dc12\" data-element_type=\"section\">\n\t\t\t\t\t\t<div class=\"elementor-container elementor-column-gap-default\">\n\t\t\t\t\t<div class=\"elementor-column elementor-col-100 elementor-top-column elementor-element elementor-element-9b95ff3\" data-id=\"9b95ff3\" data-element_type=\"column\">\n\t\t\t<div class=\"elementor-widget-wrap elementor-element-populated\">\n\t\t\t\t\t\t<div class=\"elementor-element elementor-element-f240c9f elementor-widget elementor-widget-text-editor\" data-id=\"f240c9f\" data-element_type=\"widget\" data-widget_type=\"text-editor.default\">\n\t\t\t\t<div class=\"elementor-widget-container\">\n\t\t\t\t\t\t\t<p><span style=\"font-size: 16px\">Verificar o conhecimento de acad\u00eamicos dos \u00faltimos semestres dos Cursos de Licenciatura presenciais da UFSM, campus Santa Maria- RS sobre primeiros socorros de traumatismos dent\u00e1rios em alunos em fase pr\u00e9-escolar e<\/span><br style=\"font-size: 16px\"><span style=\"font-size: 16px\">escolar, de 1 a 15 anos, mediante aplica\u00e7\u00e3o de question\u00e1rios.<\/span><br><\/p>\t\t\t\t\t\t<\/div>\n\t\t\t\t<\/div>\n\t\t\t\t\t<\/div>\n\t\t<\/div>\n\t\t\t\t\t<\/div>\n\t\t<\/section>\n\t\t\t\t<\/div>\n\t\t","protected":false},"excerpt":{"rendered":"<p>Verificar o conhecimento de acad\u00eamicos dos \u00faltimos semestres dos Cursos de Licenciatura presenciais da UFSM, campus Santa Maria- RS sobre primeiros socorros de traumatismos dent\u00e1rios em alunos em fase pr\u00e9-escolar eescolar, de 1 a 15 anos, mediante aplica\u00e7\u00e3o de question\u00e1rios.<\/p>\n","protected":false},"author":6677,"featured_media":0,"parent":0,"menu_order":0,"comment_status":"closed","ping_status":"closed","template":"","meta":{"footnotes":""},"categories":[],"tags":[],"class_list":["post-789","page","type-page","status-publish","hentry"],"acf":[],"_links":{"self":[{"href":"https:\/\/www.ufsm.br\/pet\/odontologia\/wp-json\/wp\/v2\/pages\/789","targetHints":{"allow":["GET"]}}],"collection":[{"href":"https:\/\/www.ufsm.br\/pet\/odontologia\/wp-json\/wp\/v2\/pages"}],"about":[{"href":"https:\/\/www.ufsm.br\/pet\/odontologia\/wp-json\/wp\/v2\/types\/page"}],"author":[{"embeddable":true,"href":"https:\/\/www.ufsm.br\/pet\/odontologia\/wp-json\/wp\/v2\/users\/6677"}],"replies":[{"embeddable":true,"href":"https:\/\/www.ufsm.br\/pet\/odontologia\/wp-json\/wp\/v2\/comments?post=789"}],"version-history":[{"count":0,"href":"https:\/\/www.ufsm.br\/pet\/odontologia\/wp-json\/wp\/v2\/pages\/789\/revisions"}],"wp:attachment":[{"href":"https:\/\/www.ufsm.br\/pet\/odontologia\/wp-json\/wp\/v2\/media?parent=789"}],"wp:term":[{"taxonomy":"category","embeddable":true,"href":"https:\/\/www.ufsm.br\/pet\/odontologia\/wp-json\/wp\/v2\/categories?post=789"},{"taxonomy":"post_tag","embeddable":true,"href":"https:\/\/www.ufsm.br\/pet\/odontologia\/wp-json\/wp\/v2\/tags?post=789"}],"curies":[{"name":"wp","href":"https:\/\/api.w.org\/{rel}","templated":true}]}}