{"id":795,"date":"2024-08-03T00:28:28","date_gmt":"2024-08-03T03:28:28","guid":{"rendered":"https:\/\/www.ufsm.br\/pet\/odontologia\/?page_id=795"},"modified":"2024-08-03T00:51:22","modified_gmt":"2024-08-03T03:51:22","slug":"tutorial-education-program-at-a-dental-school-in-southern-brazil-a-transforming-experience","status":"publish","type":"page","link":"https:\/\/www.ufsm.br\/pet\/odontologia\/tutorial-education-program-at-a-dental-school-in-southern-brazil-a-transforming-experience","title":{"rendered":"Tutorial Education Program at a dental school in Southern Brazil: A transforming experience"},"content":{"rendered":"\t\t<div data-elementor-type=\"wp-page\" data-elementor-id=\"795\" class=\"elementor elementor-795\">\n\t\t\t\t\t\t<section class=\"elementor-section elementor-top-section elementor-element elementor-element-28581a6 elementor-section-boxed elementor-section-height-default elementor-section-height-default\" data-id=\"28581a6\" data-element_type=\"section\">\n\t\t\t\t\t\t<div class=\"elementor-container elementor-column-gap-default\">\n\t\t\t\t\t<div class=\"elementor-column elementor-col-100 elementor-top-column elementor-element elementor-element-a0ee20c\" data-id=\"a0ee20c\" data-element_type=\"column\">\n\t\t\t<div class=\"elementor-widget-wrap elementor-element-populated\">\n\t\t\t\t\t\t<div class=\"elementor-element elementor-element-8eb2a16 elementor-widget elementor-widget-text-editor\" data-id=\"8eb2a16\" data-element_type=\"widget\" data-widget_type=\"text-editor.default\">\n\t\t\t\t<div class=\"elementor-widget-container\">\n\t\t\t\t\t\t\t<p><span style=\"color: #1c1c1c;font-size: 16px\">Publicada na Journal of Dental Education (JDE), revista de refer\u00eancia internacional para o ensino odontol\u00f3gico, o artigo aborda a tr\u00edade estruturante do Programa de Educa\u00e7\u00e3o Tutorial: ensino, pesquisa e extens\u00e3o. Foram apresentadas as atividades desenvolvidas pelo grupo, bem com as adapta\u00e7\u00f5es que se fizeram necess\u00e1rias diante da pandemia da Covid-19 para promover qualidade do ensino superior brasileiro. Tamb\u00e9m, h\u00e1 relatos de experi\u00eancia dos alunos de gradua\u00e7\u00e3o integrantes do PET Odontologia UFSM.\u00a0<\/span><\/p><h2 style=\"clear: both;font-family: Merriweather, Georgia, Cambria, 'Times New Roman', Times, serif;line-height: 2.4rem;margin-bottom: 1.2rem;margin-top: 3.6rem;font-size: 2rem;font-weight: bold;color: #212121\">Abstract<\/h2><div style=\"clear: left;color: #212121;font-family: BlinkMacSystemFont, -apple-system, 'Segoe UI', Roboto, Oxygen, Ubuntu, Cantarell, 'Fira Sans', 'Droid Sans', 'Helvetica Neue', sans-serif;font-size: 16px\"><p style=\"line-height: 1.5;margin: 1.2rem 0px\"><strong style=\"font-weight: bold\">Background:\u00a0<\/strong>The Tutorial Education Program (PET), regulated in 2005 by Law no. 11.180\/2004, in addition to transforming higher education in Brazil, has been an essential component for the development of academic students, expanding the education perspective.<\/p><p style=\"line-height: 1.5;margin: 1.2rem 0px\"><strong style=\"font-weight: bold\">Aims:\u00a0<\/strong>This article aims to report the actions developed regarding these three pillars and the experience of undergraduate dentistry students, who are members of the Tutorial Education Program at the Federal University of Santa Maria.<\/p><p style=\"line-height: 1.5;margin: 1.2rem 0px\"><strong style=\"font-weight: bold\">Methods:\u00a0<\/strong>Through teaching, research, and extension activities, which are the structuring pillars of Brazilian universities, PET enables the improvement of education and pedagogical projects in higher education courses.<\/p><p style=\"line-height: 1.5;margin: 1.2rem 0px\"><strong style=\"font-weight: bold\">Results:\u00a0<\/strong>With regard to teaching and the search for knowledge construction, the group has been conducting six projects focused on dental students, in the form of lectures and workshops, as well as innovated the teaching-learning process through the preparation of video classes and the monitoring of freshmen students. Regarding the production of new knowledge through research, three projects focused on dental trauma, xerostomia, and the impact of COVID-19 on the teaching of dental students. As an exchange between community and university, in the extension pillar, the group participates in three projects aimed at blood donation, divulgation of the university, and the elderly public. During the 2020 pandemic, the group made adaptations and created new actions.<\/p><p style=\"line-height: 1.5;margin: 1.2rem 0px\"><strong style=\"font-weight: bold\">Conclusion:\u00a0<\/strong>Therefore, the activities planned and performed by the Tutorial Education Program have developed its members&#8217; skills and contributed to improvements in the quality of Brazilian higher education.<\/p><\/div><p style=\"line-height: 1.5;margin: 1.2rem 0px;color: #212121;font-family: BlinkMacSystemFont, -apple-system, 'Segoe UI', Roboto, Oxygen, Ubuntu, Cantarell, 'Fira Sans', 'Droid Sans', 'Helvetica Neue', sans-serif;font-size: 16px\"><strong style=\"font-weight: bold\">Keywords:\u00a0<\/strong>dental education; research; teaching.<\/p><p><span style=\"color: #1c1c1c;font-size: 16px\">Acesso ao artigo completo\u00a0<\/span><a style=\"font-size: 1rem;font-weight: var( --e-global-typography-text-font-weight );text-align: var(--bs-body-text-align)\" href=\"https:\/\/pubmed.ncbi.nlm.nih.gov\/36094097\/\" target=\"_blank\" rel=\"noopener\">aqui.<\/a><\/p>\t\t\t\t\t\t<\/div>\n\t\t\t\t<\/div>\n\t\t\t\t\t<\/div>\n\t\t<\/div>\n\t\t\t\t\t<\/div>\n\t\t<\/section>\n\t\t\t\t<section class=\"elementor-section elementor-top-section elementor-element elementor-element-31bc924 elementor-section-boxed elementor-section-height-default elementor-section-height-default\" data-id=\"31bc924\" data-element_type=\"section\">\n\t\t\t\t\t\t<div class=\"elementor-container elementor-column-gap-default\">\n\t\t\t\t\t<div class=\"elementor-column elementor-col-50 elementor-top-column elementor-element elementor-element-23ba313\" data-id=\"23ba313\" data-element_type=\"column\">\n\t\t\t<div class=\"elementor-widget-wrap elementor-element-populated\">\n\t\t\t\t\t\t<div class=\"elementor-element elementor-element-e53440e elementor-widget elementor-widget-image\" data-id=\"e53440e\" data-element_type=\"widget\" data-widget_type=\"image.default\">\n\t\t\t\t<div class=\"elementor-widget-container\">\n\t\t\t\t\t\t\t\t\t\t\t\t\t<img fetchpriority=\"high\" decoding=\"async\" width=\"1024\" height=\"1024\" src=\"https:\/\/www.ufsm.br\/app\/uploads\/sites\/785\/2024\/08\/1-4-1024x1024.jpg\" class=\"attachment-large size-large wp-image-802\" alt=\"\" srcset=\"https:\/\/www.ufsm.br\/app\/uploads\/sites\/785\/2024\/08\/1-4-1024x1024.jpg 1024w, https:\/\/www.ufsm.br\/app\/uploads\/sites\/785\/2024\/08\/1-4-300x300.jpg 300w, https:\/\/www.ufsm.br\/app\/uploads\/sites\/785\/2024\/08\/1-4-150x150.jpg 150w, https:\/\/www.ufsm.br\/app\/uploads\/sites\/785\/2024\/08\/1-4-768x768.jpg 768w, https:\/\/www.ufsm.br\/app\/uploads\/sites\/785\/2024\/08\/1-4.jpg 1080w\" sizes=\"(max-width: 1024px) 100vw, 1024px\" \/>\t\t\t\t\t\t\t\t\t\t\t\t\t<\/div>\n\t\t\t\t<\/div>\n\t\t\t\t\t<\/div>\n\t\t<\/div>\n\t\t\t\t<div class=\"elementor-column elementor-col-50 elementor-top-column elementor-element elementor-element-eec1773\" data-id=\"eec1773\" data-element_type=\"column\">\n\t\t\t<div class=\"elementor-widget-wrap elementor-element-populated\">\n\t\t\t\t\t\t<div class=\"elementor-element elementor-element-3cd33c5 elementor-widget elementor-widget-image\" data-id=\"3cd33c5\" data-element_type=\"widget\" data-widget_type=\"image.default\">\n\t\t\t\t<div class=\"elementor-widget-container\">\n\t\t\t\t\t\t\t\t\t\t\t\t\t<img decoding=\"async\" width=\"768\" height=\"768\" src=\"https:\/\/www.ufsm.br\/app\/uploads\/sites\/785\/2024\/08\/2-3-768x768-1.jpg\" class=\"attachment-large size-large wp-image-803\" alt=\"\" srcset=\"https:\/\/www.ufsm.br\/app\/uploads\/sites\/785\/2024\/08\/2-3-768x768-1.jpg 768w, https:\/\/www.ufsm.br\/app\/uploads\/sites\/785\/2024\/08\/2-3-768x768-1-300x300.jpg 300w, https:\/\/www.ufsm.br\/app\/uploads\/sites\/785\/2024\/08\/2-3-768x768-1-150x150.jpg 150w\" sizes=\"(max-width: 768px) 100vw, 768px\" \/>\t\t\t\t\t\t\t\t\t\t\t\t\t<\/div>\n\t\t\t\t<\/div>\n\t\t\t\t\t<\/div>\n\t\t<\/div>\n\t\t\t\t\t<\/div>\n\t\t<\/section>\n\t\t\t\t<\/div>\n\t\t","protected":false},"excerpt":{"rendered":"<p>Publicada na Journal of Dental Education (JDE), revista de refer\u00eancia internacional para o ensino odontol\u00f3gico, o artigo aborda a tr\u00edade estruturante do Programa de Educa\u00e7\u00e3o Tutorial: ensino, pesquisa e extens\u00e3o. Foram apresentadas as atividades desenvolvidas pelo grupo, bem com as adapta\u00e7\u00f5es que se fizeram necess\u00e1rias diante da pandemia da Covid-19 para promover qualidade do ensino [&hellip;]<\/p>\n","protected":false},"author":6677,"featured_media":0,"parent":0,"menu_order":0,"comment_status":"closed","ping_status":"closed","template":"","meta":{"footnotes":""},"categories":[],"tags":[],"class_list":["post-795","page","type-page","status-publish","hentry"],"acf":[],"_links":{"self":[{"href":"https:\/\/www.ufsm.br\/pet\/odontologia\/wp-json\/wp\/v2\/pages\/795","targetHints":{"allow":["GET"]}}],"collection":[{"href":"https:\/\/www.ufsm.br\/pet\/odontologia\/wp-json\/wp\/v2\/pages"}],"about":[{"href":"https:\/\/www.ufsm.br\/pet\/odontologia\/wp-json\/wp\/v2\/types\/page"}],"author":[{"embeddable":true,"href":"https:\/\/www.ufsm.br\/pet\/odontologia\/wp-json\/wp\/v2\/users\/6677"}],"replies":[{"embeddable":true,"href":"https:\/\/www.ufsm.br\/pet\/odontologia\/wp-json\/wp\/v2\/comments?post=795"}],"version-history":[{"count":0,"href":"https:\/\/www.ufsm.br\/pet\/odontologia\/wp-json\/wp\/v2\/pages\/795\/revisions"}],"wp:attachment":[{"href":"https:\/\/www.ufsm.br\/pet\/odontologia\/wp-json\/wp\/v2\/media?parent=795"}],"wp:term":[{"taxonomy":"category","embeddable":true,"href":"https:\/\/www.ufsm.br\/pet\/odontologia\/wp-json\/wp\/v2\/categories?post=795"},{"taxonomy":"post_tag","embeddable":true,"href":"https:\/\/www.ufsm.br\/pet\/odontologia\/wp-json\/wp\/v2\/tags?post=795"}],"curies":[{"name":"wp","href":"https:\/\/api.w.org\/{rel}","templated":true}]}}