{"id":811,"date":"2024-08-03T12:36:03","date_gmt":"2024-08-03T15:36:03","guid":{"rendered":"https:\/\/www.ufsm.br\/pet\/odontologia\/?page_id=811"},"modified":"2024-08-03T12:44:25","modified_gmt":"2024-08-03T15:44:25","slug":"producao-de-materiais","status":"publish","type":"page","link":"https:\/\/www.ufsm.br\/pet\/odontologia\/producao-de-materiais","title":{"rendered":"Produ\u00e7\u00e3o de Materiais"},"content":{"rendered":"\t\t<div data-elementor-type=\"wp-page\" data-elementor-id=\"811\" class=\"elementor elementor-811\">\n\t\t\t\t\t\t<section class=\"elementor-section elementor-top-section elementor-element elementor-element-4bf502a elementor-section-boxed elementor-section-height-default elementor-section-height-default\" data-id=\"4bf502a\" data-element_type=\"section\">\n\t\t\t\t\t\t<div class=\"elementor-container elementor-column-gap-default\">\n\t\t\t\t\t<div class=\"elementor-column elementor-col-100 elementor-top-column elementor-element elementor-element-52c734f\" data-id=\"52c734f\" data-element_type=\"column\">\n\t\t\t<div class=\"elementor-widget-wrap elementor-element-populated\">\n\t\t\t\t\t\t<div class=\"elementor-element elementor-element-1b363d9 elementor-widget elementor-widget-text-editor\" data-id=\"1b363d9\" data-element_type=\"widget\" data-widget_type=\"text-editor.default\">\n\t\t\t\t<div class=\"elementor-widget-container\">\n\t\t\t\t\t\t\t<p><span style=\"color: #0d0d0d;font-family: 'Helvetica Neue', Helvetica, Arial, sans-serif;font-size: 16px\"><b>PRODU\u00c7\u00c3O DE MATERIAIS E ATIVIDADES L\u00daDICAS COMO MEIO FACILITADOR PARA A APRENDIZAGEM SOBRE TEMAS DE SA\u00daDE BUCAL<\/b><\/span><\/p><p><span style=\"color: #0d0d0d;font-family: 'Helvetica Neue', Helvetica, Arial, sans-serif;font-size: 16px\">Os recursos l\u00fadicos unidos \u00e0s t\u00e9cnicas convencionais de educa\u00e7\u00e3o proporcionam um processo de aprendizagem din\u00e2mico e ativo, uma vez que as informa\u00e7\u00f5es s\u00e3o transmitidas por um m\u00e9todo simples aos participantes das atividades, motivando e refor\u00e7ando a experi\u00eancia de aprendizado. Dessa forma, os recursos l\u00fadicos em sa\u00fade bucal s\u00e3o utilizados como uma ferramenta alternativa para auxiliar a transmiss\u00e3o do conhecimento, al\u00e9m de promover o desenvolvimento da consci\u00eancia cr\u00edtica das reais causas dos eventuais problemas dos indiv\u00edduos e torn\u00e1-los transformadores ativos de sua realidade. A dissemina\u00e7\u00e3o de conhecimentos em sa\u00fade baseia-se na vis\u00e3o de que grande parcela da popula\u00e7\u00e3o apresenta desconhecimento acerca dos cuidados necess\u00e1rios da sa\u00fade geral e bucal. Nesse sentido, analisando a import\u00e2ncia dessa ferramenta, objetivamos elaborar conte\u00fados visuais e materiais did\u00e1ticos que associam o processo de obten\u00e7\u00e3o de conhecimento cient\u00edfico sobre sa\u00fade e os meios did\u00e1ticos, a fim de estimular o interesse nos receptores das informa\u00e7\u00f5es. Com base nisso, sabe-se a significativa relev\u00e2ncia da transmiss\u00e3o de informa\u00e7\u00f5es acerca dos cuidados em higiene bucal, principalmente a grupos populacionais mais vulner\u00e1veis a determinadas situa\u00e7\u00f5es, uma vez que \u00e9 raro o contato desses indiv\u00edduos com esses conte\u00fados. Desse modo, os materiais produzidos para a realiza\u00e7\u00e3o das atividades objetiva temas relacionados \u00e0 sa\u00fade bucal atrav\u00e9s de uma linguagem atrativa e de f\u00e1cil compreens\u00e3o para o p\u00fablico em quest\u00e3o. Espera-se que a realiza\u00e7\u00e3o da atividade promova o senso cr\u00edtico sobre a sa\u00fade, por meio de a\u00e7\u00f5es de autocuidado e preven\u00e7\u00e3o de doen\u00e7as, al\u00e9m da transmiss\u00e3o das informa\u00e7\u00f5es recebidas aos demais indiv\u00edduos da sua conviv\u00eancia.<\/span><span style=\"color: #0d0d0d;font-family: 'Helvetica Neue', Helvetica, Arial, sans-serif;font-size: 16px\"><b><br \/><\/b><\/span><\/p><p><span style=\"color: #0d0d0d;font-family: 'Helvetica Neue', Helvetica, Arial, sans-serif;font-size: 16px\">Objetivos:\u00a0<\/span><span style=\"color: #0d0d0d;font-family: 'Helvetica Neue', Helvetica, Arial, sans-serif;font-size: 16px;font-weight: var( --e-global-typography-text-font-weight );text-align: var(--bs-body-text-align)\">Criar conte\u00fado visual e materiais did\u00e1ticos l\u00fadicos, intermediando o processo de obten\u00e7\u00e3o de conhecimento cient\u00edfico sobre sa\u00fade com meios did\u00e1ticos e que despertem interesse no receptor da informa\u00e7\u00e3o, voltados a diferentes grupos et\u00e1rios, segundo a\u00e7\u00f5es desenvolvidas em parceria com a Coordena\u00e7\u00e3o de Sa\u00fade Bucal do Munic\u00edpio de Santa Maria ou desenvolvidas para os pacientes e acompanhantes que procuram o Curso de Odontologia da UFSM.\u00a0<\/span><\/p>\t\t\t\t\t\t<\/div>\n\t\t\t\t<\/div>\n\t\t\t\t\t<\/div>\n\t\t<\/div>\n\t\t\t\t\t<\/div>\n\t\t<\/section>\n\t\t\t\t<\/div>\n\t\t","protected":false},"excerpt":{"rendered":"<p>PRODU\u00c7\u00c3O DE MATERIAIS E ATIVIDADES L\u00daDICAS COMO MEIO FACILITADOR PARA A APRENDIZAGEM SOBRE TEMAS DE SA\u00daDE BUCAL Os recursos l\u00fadicos unidos \u00e0s t\u00e9cnicas convencionais de educa\u00e7\u00e3o proporcionam um processo de aprendizagem din\u00e2mico e ativo, uma vez que as informa\u00e7\u00f5es s\u00e3o transmitidas por um m\u00e9todo simples aos participantes das atividades, motivando e refor\u00e7ando a experi\u00eancia de [&hellip;]<\/p>\n","protected":false},"author":6677,"featured_media":0,"parent":0,"menu_order":0,"comment_status":"closed","ping_status":"closed","template":"","meta":{"footnotes":""},"categories":[],"tags":[],"class_list":["post-811","page","type-page","status-publish","hentry"],"acf":[],"_links":{"self":[{"href":"https:\/\/www.ufsm.br\/pet\/odontologia\/wp-json\/wp\/v2\/pages\/811","targetHints":{"allow":["GET"]}}],"collection":[{"href":"https:\/\/www.ufsm.br\/pet\/odontologia\/wp-json\/wp\/v2\/pages"}],"about":[{"href":"https:\/\/www.ufsm.br\/pet\/odontologia\/wp-json\/wp\/v2\/types\/page"}],"author":[{"embeddable":true,"href":"https:\/\/www.ufsm.br\/pet\/odontologia\/wp-json\/wp\/v2\/users\/6677"}],"replies":[{"embeddable":true,"href":"https:\/\/www.ufsm.br\/pet\/odontologia\/wp-json\/wp\/v2\/comments?post=811"}],"version-history":[{"count":0,"href":"https:\/\/www.ufsm.br\/pet\/odontologia\/wp-json\/wp\/v2\/pages\/811\/revisions"}],"wp:attachment":[{"href":"https:\/\/www.ufsm.br\/pet\/odontologia\/wp-json\/wp\/v2\/media?parent=811"}],"wp:term":[{"taxonomy":"category","embeddable":true,"href":"https:\/\/www.ufsm.br\/pet\/odontologia\/wp-json\/wp\/v2\/categories?post=811"},{"taxonomy":"post_tag","embeddable":true,"href":"https:\/\/www.ufsm.br\/pet\/odontologia\/wp-json\/wp\/v2\/tags?post=811"}],"curies":[{"name":"wp","href":"https:\/\/api.w.org\/{rel}","templated":true}]}}