{"id":817,"date":"2024-08-03T13:00:21","date_gmt":"2024-08-03T16:00:21","guid":{"rendered":"https:\/\/www.ufsm.br\/pet\/odontologia\/?page_id=817"},"modified":"2024-08-03T16:20:56","modified_gmt":"2024-08-03T19:20:56","slug":"feira-de-profissoes","status":"publish","type":"page","link":"https:\/\/www.ufsm.br\/pet\/odontologia\/feira-de-profissoes","title":{"rendered":"Feira de Profiss\u00f5es"},"content":{"rendered":"\t\t<div data-elementor-type=\"wp-page\" data-elementor-id=\"817\" class=\"elementor elementor-817\">\n\t\t\t\t\t\t<section class=\"elementor-section elementor-top-section elementor-element elementor-element-0f48e44 elementor-section-boxed elementor-section-height-default elementor-section-height-default\" data-id=\"0f48e44\" data-element_type=\"section\">\n\t\t\t\t\t\t<div class=\"elementor-container elementor-column-gap-default\">\n\t\t\t\t\t<div class=\"elementor-column elementor-col-100 elementor-top-column elementor-element elementor-element-cf39027\" data-id=\"cf39027\" data-element_type=\"column\">\n\t\t\t<div class=\"elementor-widget-wrap elementor-element-populated\">\n\t\t\t\t\t\t<div class=\"elementor-element elementor-element-e421b65 elementor-widget elementor-widget-text-editor\" data-id=\"e421b65\" data-element_type=\"widget\" data-widget_type=\"text-editor.default\">\n\t\t\t\t<div class=\"elementor-widget-container\">\n\t\t\t\t\t\t\t<p>O Projeto Feira de Profiss\u00f5es visa proporcionar, de maneira simples, did\u00e1tica e integrativa, de\u00a0<span style=\"font-weight: var( --e-global-typography-text-font-weight );text-align: var(--bs-body-text-align)\">diversas informa\u00e7\u00f5es e poss\u00edveis d\u00favidas acerca do Curso de Odontologia ofertado pela\u00a0<\/span><span style=\"font-weight: var( --e-global-typography-text-font-weight );text-align: var(--bs-body-text-align)\">Universidade Federal de Santa Maria (UFSM) nas chamadas feiras de profiss\u00f5es e\/ou denomina\u00e7\u00f5es\u00a0<\/span><span style=\"font-weight: var( --e-global-typography-text-font-weight );text-align: var(--bs-body-text-align)\">similares, dependendo da institui\u00e7\u00e3o organizadora. O p\u00fablico-alvo deste projeto compreende\u00a0<\/span><span style=\"font-weight: var( --e-global-typography-text-font-weight );text-align: var(--bs-body-text-align)\">estudantes do Ensino Fundamental e M\u00e9dio, sendo este \u00faltimo enfatizado, na medida em que est\u00e3o\u00a0<\/span><span style=\"font-weight: var( --e-global-typography-text-font-weight );text-align: var(--bs-body-text-align)\">finalizando o segundo grau e, recorrentemente, possuem d\u00favidas na escolha de um curso superior.\u00a0<\/span><span style=\"font-weight: var( --e-global-typography-text-font-weight );text-align: var(--bs-body-text-align)\">Nessa perspectiva, os integrantes do Grupo PET-Odontologia da UFSM apresentam, de modo\u00a0<\/span><span style=\"font-weight: var( --e-global-typography-text-font-weight );text-align: var(--bs-body-text-align)\">did\u00e1tico e pr\u00e1tico, os aspectos gerais relacionados ao curso, bem como s\u00e3o abordadas as\u00a0<\/span><span style=\"font-weight: var( --e-global-typography-text-font-weight );text-align: var(--bs-body-text-align)\">especializa\u00e7\u00f5es, poss\u00edveis op\u00e7\u00f5es de carreira e informa\u00e7\u00f5es acerca do mercado de trabalho o<\/span><span style=\"font-weight: var( --e-global-typography-text-font-weight );text-align: var(--bs-body-text-align)\">dontol\u00f3gico. Dessa forma, o Grupo PET-Odontologia pretende aproximar poss\u00edveis candidatos a se\u00a0<\/span><span style=\"font-weight: var( --e-global-typography-text-font-weight );text-align: var(--bs-body-text-align)\">inscrever para o curso de Odontologia e os alunos participantes da Odontologia, demonstrando\u00a0<\/span><span style=\"font-weight: var( --e-global-typography-text-font-weight );text-align: var(--bs-body-text-align)\">novas percep\u00e7\u00f5es acerca da Universidade e da Gradua\u00e7\u00e3o e ainda mais importante, mostrando\u00a0<\/span><span style=\"font-weight: var( --e-global-typography-text-font-weight );text-align: var(--bs-body-text-align)\">alternativas de futuro.<\/span><\/p><p>Objetivo: abordar acerca do funcionamento do Curso de Odontologia da Universidade Federal de Santa Maria,\u00a0<span style=\"font-weight: var( --e-global-typography-text-font-weight );text-align: var(--bs-body-text-align)\">esclarecendo as poss\u00edveis d\u00favidas dos participantes nas Feiras de Profiss\u00f5es.<\/span><\/p>\t\t\t\t\t\t<\/div>\n\t\t\t\t<\/div>\n\t\t\t\t\t<\/div>\n\t\t<\/div>\n\t\t\t\t\t<\/div>\n\t\t<\/section>\n\t\t\t\t<section class=\"elementor-section elementor-top-section elementor-element elementor-element-4eb4a1a elementor-section-boxed elementor-section-height-default elementor-section-height-default\" data-id=\"4eb4a1a\" data-element_type=\"section\">\n\t\t\t\t\t\t<div class=\"elementor-container elementor-column-gap-default\">\n\t\t\t\t\t<div class=\"elementor-column elementor-col-100 elementor-top-column elementor-element elementor-element-6eb0156\" data-id=\"6eb0156\" data-element_type=\"column\">\n\t\t\t<div class=\"elementor-widget-wrap elementor-element-populated\">\n\t\t\t\t\t\t<div class=\"elementor-element elementor-element-cbf1572 elementor-arrows-position-inside elementor-pagination-position-outside elementor-widget elementor-widget-image-carousel\" data-id=\"cbf1572\" data-element_type=\"widget\" data-settings=\"{&quot;navigation&quot;:&quot;both&quot;,&quot;autoplay&quot;:&quot;yes&quot;,&quot;pause_on_hover&quot;:&quot;yes&quot;,&quot;pause_on_interaction&quot;:&quot;yes&quot;,&quot;autoplay_speed&quot;:5000,&quot;infinite&quot;:&quot;yes&quot;,&quot;speed&quot;:500}\" data-widget_type=\"image-carousel.default\">\n\t\t\t\t<div class=\"elementor-widget-container\">\n\t\t\t\t\t<div class=\"elementor-image-carousel-wrapper swiper\" dir=\"ltr\">\n\t\t\t<div class=\"elementor-image-carousel swiper-wrapper\" aria-live=\"off\">\n\t\t\t\t\t\t\t\t<div class=\"swiper-slide\" role=\"group\" aria-roledescription=\"slide\" aria-label=\"1 of 10\"><figure class=\"swiper-slide-inner\"><img decoding=\"async\" class=\"swiper-slide-image\" src=\"https:\/\/www.ufsm.br\/app\/uploads\/sites\/785\/2024\/08\/IMG_7828-150x150.jpg\" alt=\"Screenshot\" \/><\/figure><\/div><div class=\"swiper-slide\" role=\"group\" aria-roledescription=\"slide\" aria-label=\"2 of 10\"><figure class=\"swiper-slide-inner\"><img decoding=\"async\" class=\"swiper-slide-image\" src=\"https:\/\/www.ufsm.br\/app\/uploads\/sites\/785\/2024\/08\/IMG_7830-150x150.jpg\" alt=\"Screenshot\" \/><\/figure><\/div><div class=\"swiper-slide\" role=\"group\" aria-roledescription=\"slide\" aria-label=\"3 of 10\"><figure class=\"swiper-slide-inner\"><img decoding=\"async\" class=\"swiper-slide-image\" src=\"https:\/\/www.ufsm.br\/app\/uploads\/sites\/785\/2024\/08\/IMG_7829-150x150.jpg\" alt=\"Screenshot\" \/><\/figure><\/div><div class=\"swiper-slide\" role=\"group\" aria-roledescription=\"slide\" aria-label=\"4 of 10\"><figure class=\"swiper-slide-inner\"><img decoding=\"async\" class=\"swiper-slide-image\" src=\"https:\/\/www.ufsm.br\/app\/uploads\/sites\/785\/2024\/08\/IMG_7827-150x150.jpg\" alt=\"Screenshot\" \/><\/figure><\/div><div class=\"swiper-slide\" role=\"group\" aria-roledescription=\"slide\" aria-label=\"5 of 10\"><figure class=\"swiper-slide-inner\"><img decoding=\"async\" class=\"swiper-slide-image\" src=\"https:\/\/www.ufsm.br\/app\/uploads\/sites\/785\/2024\/08\/IMG_7826-150x150.jpg\" alt=\"Screenshot\" \/><\/figure><\/div><div class=\"swiper-slide\" role=\"group\" aria-roledescription=\"slide\" aria-label=\"6 of 10\"><figure class=\"swiper-slide-inner\"><img decoding=\"async\" class=\"swiper-slide-image\" src=\"https:\/\/www.ufsm.br\/app\/uploads\/sites\/785\/2024\/08\/IMG_7825-150x150.jpg\" alt=\"Screenshot\" \/><\/figure><\/div><div class=\"swiper-slide\" role=\"group\" aria-roledescription=\"slide\" aria-label=\"7 of 10\"><figure class=\"swiper-slide-inner\"><img decoding=\"async\" class=\"swiper-slide-image\" src=\"https:\/\/www.ufsm.br\/app\/uploads\/sites\/785\/2024\/08\/IMG_7824-150x150.jpg\" alt=\"Screenshot\" \/><\/figure><\/div><div class=\"swiper-slide\" role=\"group\" aria-roledescription=\"slide\" aria-label=\"8 of 10\"><figure class=\"swiper-slide-inner\"><img decoding=\"async\" class=\"swiper-slide-image\" src=\"https:\/\/www.ufsm.br\/app\/uploads\/sites\/785\/2024\/08\/IMG_7823-150x150.jpg\" alt=\"Screenshot\" \/><\/figure><\/div><div class=\"swiper-slide\" role=\"group\" aria-roledescription=\"slide\" aria-label=\"9 of 10\"><figure class=\"swiper-slide-inner\"><img decoding=\"async\" class=\"swiper-slide-image\" src=\"https:\/\/www.ufsm.br\/app\/uploads\/sites\/785\/2024\/08\/IMG_7822-150x150.jpg\" alt=\"Screenshot\" \/><\/figure><\/div><div class=\"swiper-slide\" role=\"group\" aria-roledescription=\"slide\" aria-label=\"10 of 10\"><figure class=\"swiper-slide-inner\"><img decoding=\"async\" class=\"swiper-slide-image\" src=\"https:\/\/www.ufsm.br\/app\/uploads\/sites\/785\/2024\/08\/IMG_7821-150x150.jpg\" alt=\"Screenshot\" \/><\/figure><\/div>\t\t\t<\/div>\n\t\t\t\t\t\t\t\t\t\t\t\t<div class=\"elementor-swiper-button elementor-swiper-button-prev\" role=\"button\" tabindex=\"0\">\n\t\t\t\t\t\t<i aria-hidden=\"true\" class=\"eicon-chevron-left\"><\/i>\t\t\t\t\t<\/div>\n\t\t\t\t\t<div class=\"elementor-swiper-button elementor-swiper-button-next\" role=\"button\" tabindex=\"0\">\n\t\t\t\t\t\t<i aria-hidden=\"true\" class=\"eicon-chevron-right\"><\/i>\t\t\t\t\t<\/div>\n\t\t\t\t\n\t\t\t\t\t\t\t\t\t<div class=\"swiper-pagination\"><\/div>\n\t\t\t\t\t\t\t\t\t<\/div>\n\t\t\t\t<\/div>\n\t\t\t\t<\/div>\n\t\t\t\t\t<\/div>\n\t\t<\/div>\n\t\t\t\t\t<\/div>\n\t\t<\/section>\n\t\t\t\t<\/div>\n\t\t","protected":false},"excerpt":{"rendered":"<p>O Projeto Feira de Profiss\u00f5es visa proporcionar, de maneira simples, did\u00e1tica e integrativa, de\u00a0diversas informa\u00e7\u00f5es e poss\u00edveis d\u00favidas acerca do Curso de Odontologia ofertado pela\u00a0Universidade Federal de Santa Maria (UFSM) nas chamadas feiras de profiss\u00f5es e\/ou denomina\u00e7\u00f5es\u00a0similares, dependendo da institui\u00e7\u00e3o organizadora. O p\u00fablico-alvo deste projeto compreende\u00a0estudantes do Ensino Fundamental e M\u00e9dio, sendo este \u00faltimo enfatizado, [&hellip;]<\/p>\n","protected":false},"author":6677,"featured_media":0,"parent":0,"menu_order":0,"comment_status":"closed","ping_status":"closed","template":"","meta":{"footnotes":""},"categories":[],"tags":[],"class_list":["post-817","page","type-page","status-publish","hentry"],"acf":[],"_links":{"self":[{"href":"https:\/\/www.ufsm.br\/pet\/odontologia\/wp-json\/wp\/v2\/pages\/817","targetHints":{"allow":["GET"]}}],"collection":[{"href":"https:\/\/www.ufsm.br\/pet\/odontologia\/wp-json\/wp\/v2\/pages"}],"about":[{"href":"https:\/\/www.ufsm.br\/pet\/odontologia\/wp-json\/wp\/v2\/types\/page"}],"author":[{"embeddable":true,"href":"https:\/\/www.ufsm.br\/pet\/odontologia\/wp-json\/wp\/v2\/users\/6677"}],"replies":[{"embeddable":true,"href":"https:\/\/www.ufsm.br\/pet\/odontologia\/wp-json\/wp\/v2\/comments?post=817"}],"version-history":[{"count":0,"href":"https:\/\/www.ufsm.br\/pet\/odontologia\/wp-json\/wp\/v2\/pages\/817\/revisions"}],"wp:attachment":[{"href":"https:\/\/www.ufsm.br\/pet\/odontologia\/wp-json\/wp\/v2\/media?parent=817"}],"wp:term":[{"taxonomy":"category","embeddable":true,"href":"https:\/\/www.ufsm.br\/pet\/odontologia\/wp-json\/wp\/v2\/categories?post=817"},{"taxonomy":"post_tag","embeddable":true,"href":"https:\/\/www.ufsm.br\/pet\/odontologia\/wp-json\/wp\/v2\/tags?post=817"}],"curies":[{"name":"wp","href":"https:\/\/api.w.org\/{rel}","templated":true}]}}