{"id":836,"date":"2024-08-03T16:21:36","date_gmt":"2024-08-03T19:21:36","guid":{"rendered":"https:\/\/www.ufsm.br\/pet\/odontologia\/?page_id=836"},"modified":"2024-08-03T16:27:13","modified_gmt":"2024-08-03T19:27:13","slug":"pet-humaniza","status":"publish","type":"page","link":"https:\/\/www.ufsm.br\/pet\/odontologia\/pet-humaniza","title":{"rendered":"PET-Humaniza"},"content":{"rendered":"\t\t<div data-elementor-type=\"wp-page\" data-elementor-id=\"836\" class=\"elementor elementor-836\">\n\t\t\t\t\t\t<section class=\"elementor-section elementor-top-section elementor-element elementor-element-965e5e9 elementor-section-boxed elementor-section-height-default elementor-section-height-default\" data-id=\"965e5e9\" data-element_type=\"section\">\n\t\t\t\t\t\t<div class=\"elementor-container elementor-column-gap-default\">\n\t\t\t\t\t<div class=\"elementor-column elementor-col-100 elementor-top-column elementor-element elementor-element-93b20d1\" data-id=\"93b20d1\" data-element_type=\"column\">\n\t\t\t<div class=\"elementor-widget-wrap elementor-element-populated\">\n\t\t\t\t\t\t<div class=\"elementor-element elementor-element-f11cc20 elementor-widget elementor-widget-text-editor\" data-id=\"f11cc20\" data-element_type=\"widget\" data-widget_type=\"text-editor.default\">\n\t\t\t\t<div class=\"elementor-widget-container\">\n\t\t\t\t\t\t\t<p><span style=\"color: #0d0d0d;font-family: 'Helvetica Neue', Helvetica, Arial, sans-serif;font-size: 16px\"><b>PET-HUMANIZA: ESTRAT\u00c9GIAS PARA A QUEBRA DE BARREIRAS NA COMUNICA\u00c7\u00c3O ENTRE SURDOS E A ASSIST\u00caNCIA ODONTOL\u00d3GICA<\/b><\/span><\/p><p><span style=\"color: #0d0d0d;font-family: 'Helvetica Neue', Helvetica, Arial, sans-serif;font-size: 16px\">O escasso conhecimento da L\u00edngua Brasileira de Sinais pela popula\u00e7\u00e3o ouvinte brasileira gera uma barreira comunicativa que o sujeito surdo precisa enfrentar, principalmente quando se trata do acesso \u00e0 informa\u00e7\u00e3o e ao atendimento na \u00e1rea da sa\u00fade. O objetivo desse projeto de extens\u00e3o \u00e9 promover sa\u00fade e inclus\u00e3o de surdos por meio da produ\u00e7\u00e3o de v\u00eddeos educativos utilizando a L\u00edngua Brasileira de Sinais \u2013 Libras, abordando temas relacionados com a sa\u00fade bucal e a produ\u00e7\u00e3o de materiais que tornem o atendimento odontol\u00f3gico mais inclusivo. Al\u00e9m disso, visa-se qualificar o conhecimento de Libras entre os alunos de Odontologia da Universidade Federal de Santa Maria por meio da participa\u00e7\u00e3o ativa na produ\u00e7\u00e3o dos v\u00eddeos. Os v\u00eddeos educativos ser\u00e3o disponibilizados nas redes sociais do grupo PET Odontologia com o objetivo de promover o maior alcance poss\u00edvel do material. O material inclusivo, para facilitar a comunica\u00e7\u00e3o entre os profissionais de Odontologia e os pacientes surdos, tamb\u00e9m estar\u00e1 dispon\u00edvel para uso em atividades de promo\u00e7\u00e3o de sa\u00fade por qualquer profissional da \u00e1rea, seja de servi\u00e7o p\u00fablico ou privado, de cl\u00ednicas odontol\u00f3gicas ou institui\u00e7\u00f5es que trabalham com surdos. Com essas a\u00e7\u00f5es, espera-se impactar positivamente na sa\u00fade oral de surdos atrav\u00e9s do acesso dessa popula\u00e7\u00e3o a informa\u00e7\u00e3o e a um atendimento odontol\u00f3gico mais humanizado e inclusivo.<\/span><span style=\"color: #0d0d0d;font-family: 'Helvetica Neue', Helvetica, Arial, sans-serif;font-size: 16px\"><b><br \/><\/b><\/span><\/p><p><span style=\"color: #0d0d0d;font-family: 'Helvetica Neue', Helvetica, Arial, sans-serif;font-size: 16px\">Objetivo: p<\/span><span style=\"color: #0d0d0d;font-family: 'Helvetica Neue', Helvetica, Arial, sans-serif;font-size: 16px;font-weight: var( --e-global-typography-text-font-weight );text-align: var(--bs-body-text-align)\">romover sa\u00fade de surdos atrav\u00e9s da produ\u00e7\u00e3o de materiais educativos, utilizando a L\u00edngua Brasileira de Sinais, que abordem temas relacionados \u00e0 sa\u00fade oral, al\u00e9m da produ\u00e7\u00e3o de materiais acess\u00edveis, melhorar e tornar mais inclusivo o atendimento odontol\u00f3gico do paciente surdo.<\/span><\/p>\t\t\t\t\t\t<\/div>\n\t\t\t\t<\/div>\n\t\t\t\t\t<\/div>\n\t\t<\/div>\n\t\t\t\t\t<\/div>\n\t\t<\/section>\n\t\t\t\t<section class=\"elementor-section elementor-top-section elementor-element elementor-element-3eaa924 elementor-section-boxed elementor-section-height-default elementor-section-height-default\" data-id=\"3eaa924\" data-element_type=\"section\">\n\t\t\t\t\t\t<div class=\"elementor-container elementor-column-gap-default\">\n\t\t\t\t\t<div class=\"elementor-column elementor-col-50 elementor-top-column elementor-element elementor-element-5d4be2c\" data-id=\"5d4be2c\" data-element_type=\"column\">\n\t\t\t<div class=\"elementor-widget-wrap elementor-element-populated\">\n\t\t\t\t\t\t<div class=\"elementor-element elementor-element-d85e525 elementor-widget elementor-widget-video\" data-id=\"d85e525\" data-element_type=\"widget\" data-settings=\"{&quot;youtube_url&quot;:&quot;https:\\\/\\\/www.youtube.com\\\/watch?v=qKgSw_F9RQo&amp;t=12s&quot;,&quot;video_type&quot;:&quot;youtube&quot;,&quot;controls&quot;:&quot;yes&quot;}\" data-widget_type=\"video.default\">\n\t\t\t\t<div class=\"elementor-widget-container\">\n\t\t\t\t\t<div class=\"elementor-wrapper elementor-open-inline\">\n\t\t\t<div class=\"elementor-video\"><\/div>\t\t<\/div>\n\t\t\t\t<\/div>\n\t\t\t\t<\/div>\n\t\t\t\t\t<\/div>\n\t\t<\/div>\n\t\t\t\t<div class=\"elementor-column elementor-col-50 elementor-top-column elementor-element elementor-element-43d6fc0\" data-id=\"43d6fc0\" data-element_type=\"column\">\n\t\t\t<div class=\"elementor-widget-wrap elementor-element-populated\">\n\t\t\t\t\t\t<div class=\"elementor-element elementor-element-2f99568 elementor-widget elementor-widget-video\" data-id=\"2f99568\" data-element_type=\"widget\" data-settings=\"{&quot;youtube_url&quot;:&quot;https:\\\/\\\/www.youtube.com\\\/watch?v=5kF1iZPmCO0&quot;,&quot;video_type&quot;:&quot;youtube&quot;,&quot;controls&quot;:&quot;yes&quot;}\" data-widget_type=\"video.default\">\n\t\t\t\t<div class=\"elementor-widget-container\">\n\t\t\t\t\t<div class=\"elementor-wrapper elementor-open-inline\">\n\t\t\t<div class=\"elementor-video\"><\/div>\t\t<\/div>\n\t\t\t\t<\/div>\n\t\t\t\t<\/div>\n\t\t\t\t\t<\/div>\n\t\t<\/div>\n\t\t\t\t\t<\/div>\n\t\t<\/section>\n\t\t\t\t<\/div>\n\t\t","protected":false},"excerpt":{"rendered":"<p>PET-HUMANIZA: ESTRAT\u00c9GIAS PARA A QUEBRA DE BARREIRAS NA COMUNICA\u00c7\u00c3O ENTRE SURDOS E A ASSIST\u00caNCIA ODONTOL\u00d3GICA O escasso conhecimento da L\u00edngua Brasileira de Sinais pela popula\u00e7\u00e3o ouvinte brasileira gera uma barreira comunicativa que o sujeito surdo precisa enfrentar, principalmente quando se trata do acesso \u00e0 informa\u00e7\u00e3o e ao atendimento na \u00e1rea da sa\u00fade. O objetivo desse [&hellip;]<\/p>\n","protected":false},"author":6677,"featured_media":0,"parent":0,"menu_order":0,"comment_status":"closed","ping_status":"closed","template":"","meta":{"footnotes":""},"categories":[],"tags":[],"class_list":["post-836","page","type-page","status-publish","hentry"],"acf":[],"_links":{"self":[{"href":"https:\/\/www.ufsm.br\/pet\/odontologia\/wp-json\/wp\/v2\/pages\/836","targetHints":{"allow":["GET"]}}],"collection":[{"href":"https:\/\/www.ufsm.br\/pet\/odontologia\/wp-json\/wp\/v2\/pages"}],"about":[{"href":"https:\/\/www.ufsm.br\/pet\/odontologia\/wp-json\/wp\/v2\/types\/page"}],"author":[{"embeddable":true,"href":"https:\/\/www.ufsm.br\/pet\/odontologia\/wp-json\/wp\/v2\/users\/6677"}],"replies":[{"embeddable":true,"href":"https:\/\/www.ufsm.br\/pet\/odontologia\/wp-json\/wp\/v2\/comments?post=836"}],"version-history":[{"count":0,"href":"https:\/\/www.ufsm.br\/pet\/odontologia\/wp-json\/wp\/v2\/pages\/836\/revisions"}],"wp:attachment":[{"href":"https:\/\/www.ufsm.br\/pet\/odontologia\/wp-json\/wp\/v2\/media?parent=836"}],"wp:term":[{"taxonomy":"category","embeddable":true,"href":"https:\/\/www.ufsm.br\/pet\/odontologia\/wp-json\/wp\/v2\/categories?post=836"},{"taxonomy":"post_tag","embeddable":true,"href":"https:\/\/www.ufsm.br\/pet\/odontologia\/wp-json\/wp\/v2\/tags?post=836"}],"curies":[{"name":"wp","href":"https:\/\/api.w.org\/{rel}","templated":true}]}}