{"id":840,"date":"2024-08-03T16:29:05","date_gmt":"2024-08-03T19:29:05","guid":{"rendered":"https:\/\/www.ufsm.br\/pet\/odontologia\/?page_id=840"},"modified":"2024-08-03T17:18:00","modified_gmt":"2024-08-03T20:18:00","slug":"penitenciaria","status":"publish","type":"page","link":"https:\/\/www.ufsm.br\/pet\/odontologia\/penitenciaria","title":{"rendered":"Penitenci\u00e1ria"},"content":{"rendered":"\t\t<div data-elementor-type=\"wp-page\" data-elementor-id=\"840\" class=\"elementor elementor-840\">\n\t\t\t\t\t\t<section class=\"elementor-section elementor-top-section elementor-element elementor-element-443b18c elementor-section-boxed elementor-section-height-default elementor-section-height-default\" data-id=\"443b18c\" data-element_type=\"section\">\n\t\t\t\t\t\t<div class=\"elementor-container elementor-column-gap-default\">\n\t\t\t\t\t<div class=\"elementor-column elementor-col-100 elementor-top-column elementor-element elementor-element-50d3466\" data-id=\"50d3466\" data-element_type=\"column\">\n\t\t\t<div class=\"elementor-widget-wrap elementor-element-populated\">\n\t\t\t\t\t\t<div class=\"elementor-element elementor-element-96c40a2 elementor-widget elementor-widget-text-editor\" data-id=\"96c40a2\" data-element_type=\"widget\" data-widget_type=\"text-editor.default\">\n\t\t\t\t<div class=\"elementor-widget-container\">\n\t\t\t\t\t\t\t<p><span style=\"font-weight: bold;color: #0d0d0d;font-size: 16px\">INSTRUMENTALIZA\u00c7\u00c3O PARA O AUTOCUIDADO BUCAL PARA A POPULA\u00c7\u00c3O PRIVADA DE LIBERDADE DA PENITENCI\u00c1RIA ESTADUAL DE SANTA MARIA- RS<\/span><\/p><p><span style=\"color: #0d0d0d;font-family: 'Helvetica Neue', Helvetica, Arial, sans-serif;font-size: 16px\">O sistema carcer\u00e1rio brasileiro apresenta-se superlotado, com falta de investimentos e com defici\u00eancia estrutural. Tais situa\u00e7\u00f5es se refletem na assist\u00eancia do servi\u00e7o odontol\u00f3gico, deixando o indiv\u00edduo privado de liberdade desprovido de seus direitos de acesso \u00e0 sa\u00fade garantidos por lei. Os servi\u00e7os odontol\u00f3gicos s\u00e3o escassos e com limita\u00e7\u00f5es e, mesmo que o cirurgi\u00e3o-dentista esteja presente nas penitenci\u00e1rias, n\u00e3o consegue realizar promo\u00e7\u00e3o em sa\u00fade bucal aos penitenci\u00e1rios. Neste contexto, pretende-se com este projeto capacitar as pessoas privadas de liberdade da Penitenci\u00e1ria Estadual de Santa Maria, Rio Grande do Sul, atrav\u00e9s de palestras, treinamentos e atividades de instrumentaliza\u00e7\u00e3o relacionadas \u00e0 higiene e \u00e0 sa\u00fade bucal. Para isso, o grupo PET Odontologia da Universidade Federal de Santa Maria, ir\u00e1 realizar palestras com o intuito de orientar as pessoas privadas de liberdade sobre higiene oral, bem como sobre as principais doen\u00e7as que afetam a cavidade bucal e instru\u00ed-las sobre a manuten\u00e7\u00e3o da sa\u00fade oral. As visitas ser\u00e3o feitas nas sextas-feiras de 15 em 15 dias e alternadas entre os per\u00edodos de manh\u00e3 e tarde. Assim, pretende-se com esse projeto, levar uma capacita\u00e7\u00e3o de higiene oral \u00e0s pessoas privadas de liberdade para que elas sejam orientadas sobre t\u00e9cnicas b\u00e1sicas de cuidados bucais, que visem a manuten\u00e7\u00e3o da sua sa\u00fade e que garantem a preven\u00e7\u00e3o, promo\u00e7\u00e3o e educa\u00e7\u00e3o em sa\u00fade bucal.<\/span><span style=\"font-weight: bold;color: #0d0d0d;font-size: 16px\"><br \/><\/span><\/p><p><span style=\"color: #0d0d0d;font-family: 'Helvetica Neue', Helvetica, Arial, sans-serif;font-size: 16px\">Objetivo:\u00a0<\/span><span style=\"color: #0d0d0d;font-family: 'Helvetica Neue', Helvetica, Arial, sans-serif;font-size: 16px;font-weight: var( --e-global-typography-text-font-weight );text-align: var(--bs-body-text-align)\">\u00a0<\/span><span style=\"color: #0d0d0d;font-family: 'Helvetica Neue', Helvetica, Arial, sans-serif;font-size: 16px;font-weight: var( --e-global-typography-text-font-weight );text-align: var(--bs-body-text-align)\">Instrumentalizar as pessoas privadas de liberdade da Penitenci\u00e1ria Estadual de Santa Maria, Rio Grande do Sul, atrav\u00e9s de atividades de educa\u00e7\u00e3o, promo\u00e7\u00e3o e preven\u00e7\u00e3o \u00e0 sa\u00fade atrav\u00e9s de palestras que objetivam o refor\u00e7o de h\u00e1bitos saud\u00e1veis de sa\u00fade, o autocuidado em sa\u00fade bucal e a qualifica\u00e7\u00e3o dos h\u00e1bitos de higiene bucal, bem como o conhecimento sobre as principais doen\u00e7as bucais para a popula\u00e7\u00e3o privada de liberdade carcer\u00e1ria.<\/span><\/p>\t\t\t\t\t\t<\/div>\n\t\t\t\t<\/div>\n\t\t\t\t\t<\/div>\n\t\t<\/div>\n\t\t\t\t\t<\/div>\n\t\t<\/section>\n\t\t\t\t<section class=\"elementor-section elementor-top-section elementor-element elementor-element-3c94992 elementor-section-boxed elementor-section-height-default elementor-section-height-default\" data-id=\"3c94992\" data-element_type=\"section\">\n\t\t\t\t\t\t<div class=\"elementor-container elementor-column-gap-default\">\n\t\t\t\t\t<div class=\"elementor-column elementor-col-100 elementor-top-column elementor-element elementor-element-6dcf701\" data-id=\"6dcf701\" data-element_type=\"column\">\n\t\t\t<div class=\"elementor-widget-wrap elementor-element-populated\">\n\t\t\t\t\t\t<div class=\"elementor-element elementor-element-1f22ab9 elementor-widget__width-initial elementor-widget elementor-widget-image\" data-id=\"1f22ab9\" data-element_type=\"widget\" data-widget_type=\"image.default\">\n\t\t\t\t<div class=\"elementor-widget-container\">\n\t\t\t\t\t\t\t\t\t\t\t\t\t<img fetchpriority=\"high\" decoding=\"async\" width=\"737\" height=\"1024\" src=\"https:\/\/www.ufsm.br\/app\/uploads\/sites\/785\/2024\/08\/IMG_7832-737x1024.jpg\" class=\"attachment-large size-large wp-image-854\" alt=\"\" srcset=\"https:\/\/www.ufsm.br\/app\/uploads\/sites\/785\/2024\/08\/IMG_7832-737x1024.jpg 737w, https:\/\/www.ufsm.br\/app\/uploads\/sites\/785\/2024\/08\/IMG_7832-216x300.jpg 216w, https:\/\/www.ufsm.br\/app\/uploads\/sites\/785\/2024\/08\/IMG_7832-768x1067.jpg 768w, https:\/\/www.ufsm.br\/app\/uploads\/sites\/785\/2024\/08\/IMG_7832-1106x1536.jpg 1106w, https:\/\/www.ufsm.br\/app\/uploads\/sites\/785\/2024\/08\/IMG_7832.jpg 1179w\" sizes=\"(max-width: 737px) 100vw, 737px\" \/>\t\t\t\t\t\t\t\t\t\t\t\t\t<\/div>\n\t\t\t\t<\/div>\n\t\t\t\t\t<\/div>\n\t\t<\/div>\n\t\t\t\t\t<\/div>\n\t\t<\/section>\n\t\t\t\t<\/div>\n\t\t","protected":false},"excerpt":{"rendered":"<p>INSTRUMENTALIZA\u00c7\u00c3O PARA O AUTOCUIDADO BUCAL PARA A POPULA\u00c7\u00c3O PRIVADA DE LIBERDADE DA PENITENCI\u00c1RIA ESTADUAL DE SANTA MARIA- RS O sistema carcer\u00e1rio brasileiro apresenta-se superlotado, com falta de investimentos e com defici\u00eancia estrutural. Tais situa\u00e7\u00f5es se refletem na assist\u00eancia do servi\u00e7o odontol\u00f3gico, deixando o indiv\u00edduo privado de liberdade desprovido de seus direitos de acesso \u00e0 sa\u00fade [&hellip;]<\/p>\n","protected":false},"author":6677,"featured_media":0,"parent":0,"menu_order":0,"comment_status":"closed","ping_status":"closed","template":"","meta":{"footnotes":""},"categories":[],"tags":[],"class_list":["post-840","page","type-page","status-publish","hentry"],"acf":[],"_links":{"self":[{"href":"https:\/\/www.ufsm.br\/pet\/odontologia\/wp-json\/wp\/v2\/pages\/840","targetHints":{"allow":["GET"]}}],"collection":[{"href":"https:\/\/www.ufsm.br\/pet\/odontologia\/wp-json\/wp\/v2\/pages"}],"about":[{"href":"https:\/\/www.ufsm.br\/pet\/odontologia\/wp-json\/wp\/v2\/types\/page"}],"author":[{"embeddable":true,"href":"https:\/\/www.ufsm.br\/pet\/odontologia\/wp-json\/wp\/v2\/users\/6677"}],"replies":[{"embeddable":true,"href":"https:\/\/www.ufsm.br\/pet\/odontologia\/wp-json\/wp\/v2\/comments?post=840"}],"version-history":[{"count":0,"href":"https:\/\/www.ufsm.br\/pet\/odontologia\/wp-json\/wp\/v2\/pages\/840\/revisions"}],"wp:attachment":[{"href":"https:\/\/www.ufsm.br\/pet\/odontologia\/wp-json\/wp\/v2\/media?parent=840"}],"wp:term":[{"taxonomy":"category","embeddable":true,"href":"https:\/\/www.ufsm.br\/pet\/odontologia\/wp-json\/wp\/v2\/categories?post=840"},{"taxonomy":"post_tag","embeddable":true,"href":"https:\/\/www.ufsm.br\/pet\/odontologia\/wp-json\/wp\/v2\/tags?post=840"}],"curies":[{"name":"wp","href":"https:\/\/api.w.org\/{rel}","templated":true}]}}