{"id":22,"date":"2019-05-14T17:01:42","date_gmt":"2019-05-14T20:01:42","guid":{"rendered":"https:\/\/www.ufsm.br\/template-laboratprio\/?page_id=22"},"modified":"2025-09-03T14:48:50","modified_gmt":"2025-09-03T17:48:50","slug":"sobre","status":"publish","type":"page","link":"https:\/\/www.ufsm.br\/pet\/sistemas-de-informacao\/sobre","title":{"rendered":"Sobre"},"content":{"rendered":"\t\t<div data-elementor-type=\"wp-page\" data-elementor-id=\"22\" class=\"elementor elementor-22\">\n\t\t\t\t\t\t<section class=\"elementor-section elementor-top-section elementor-element elementor-element-4b1b6191 elementor-section-boxed elementor-section-height-default elementor-section-height-default\" data-id=\"4b1b6191\" data-element_type=\"section\">\n\t\t\t\t\t\t<div class=\"elementor-container elementor-column-gap-default\">\n\t\t\t\t\t<div class=\"elementor-column elementor-col-100 elementor-top-column elementor-element elementor-element-37dc2994\" data-id=\"37dc2994\" data-element_type=\"column\">\n\t\t\t<div class=\"elementor-widget-wrap elementor-element-populated\">\n\t\t\t\t\t\t<div class=\"elementor-element elementor-element-2cad1ff7 elementor-widget__width-initial elementor-widget elementor-widget-text-editor\" data-id=\"2cad1ff7\" data-element_type=\"widget\" data-widget_type=\"text-editor.default\">\n\t\t\t\t<div class=\"elementor-widget-container\">\n\t\t\t\t\t\t\t<p style=\"text-align: center\">O PET Sistemas de Informa\u00e7\u00e3o \u00e9 um dos grupos Programa de Ensino Tutorial (PET)\u00a0<span style=\"color: #000000;font-size: 16px\">da UFSM<\/span><span style=\"color: #000000;font-size: 1rem\">,\u00a0<\/span><span style=\"color: #000000;font-size: 16px\">um programa institucional oferecido pelo MEC.<\/span><span style=\"color: #000000;font-size: 1rem\">\u00a0Bu<\/span><span style=\"color: #000000;font-size: 16px\">scando aprimorar os cursos de gradua\u00e7\u00e3o, trabalhamos na tr\u00edade de ensino, pesquisa e extens\u00e3o. O<\/span><span style=\"color: #1c1c1c;font-size: 16px\">s grupos PET tem como alguns de seus objetivos: promover uma forma\u00e7\u00e3o multidisciplinar, intera\u00e7\u00e3o entre bolsistas e corpos docente e discente, promover o trabalho e ganho de conhecimento coletivo, al\u00e9m de desenvolver caracter\u00edsticas como proatividade, postura e orat\u00f3ria.\u00a0<\/span><\/p>\n<p style=\"text-align: center\"><span style=\"color: #000000;font-size: 1rem\">Atualmente, o grupo \u00e9 composto por 14 alunos e 1 tutor, todos estudantes do curso de Sistemas de Informa\u00e7\u00e3o da UFSM.<\/span><\/p>\n<p style=\"text-align: center\">\u00a0<\/p>\n<p style=\"text-align: center\">O PET-SI est\u00e1 localizado na sala 339, 3\u00ba andar do Centro de Tecnologia da UFSM.\u00a0<\/p>\n<p style=\"text-align: center\">Voc\u00ea pode entrar em contato com a gente pelo email pet-si@inf.ufsm.br.<\/p>\n<p><!-- \/wp:tadv\/classic-paragraph --><\/p>\t\t\t\t\t\t<\/div>\n\t\t\t\t<\/div>\n\t\t\t\t\t<\/div>\n\t\t<\/div>\n\t\t\t\t\t<\/div>\n\t\t<\/section>\n\t\t\t\t<\/div>\n\t\t","protected":false},"excerpt":{"rendered":"<p>O PET Sistemas de Informa\u00e7\u00e3o \u00e9 um dos grupos Programa de Ensino Tutorial (PET)\u00a0da UFSM,\u00a0um programa institucional oferecido pelo MEC.\u00a0Buscando aprimorar os cursos de gradua\u00e7\u00e3o, trabalhamos na tr\u00edade de ensino, pesquisa e extens\u00e3o. Os grupos PET tem como alguns de seus objetivos: promover uma forma\u00e7\u00e3o multidisciplinar, intera\u00e7\u00e3o entre bolsistas e corpos docente e discente, promover [&hellip;]<\/p>\n","protected":false},"author":8,"featured_media":0,"parent":0,"menu_order":0,"comment_status":"closed","ping_status":"closed","template":"","meta":{"footnotes":""},"categories":[],"tags":[],"class_list":["post-22","page","type-page","status-publish","hentry"],"acf":[],"_links":{"self":[{"href":"https:\/\/www.ufsm.br\/pet\/sistemas-de-informacao\/wp-json\/wp\/v2\/pages\/22","targetHints":{"allow":["GET"]}}],"collection":[{"href":"https:\/\/www.ufsm.br\/pet\/sistemas-de-informacao\/wp-json\/wp\/v2\/pages"}],"about":[{"href":"https:\/\/www.ufsm.br\/pet\/sistemas-de-informacao\/wp-json\/wp\/v2\/types\/page"}],"author":[{"embeddable":true,"href":"https:\/\/www.ufsm.br\/pet\/sistemas-de-informacao\/wp-json\/wp\/v2\/users\/8"}],"replies":[{"embeddable":true,"href":"https:\/\/www.ufsm.br\/pet\/sistemas-de-informacao\/wp-json\/wp\/v2\/comments?post=22"}],"version-history":[{"count":0,"href":"https:\/\/www.ufsm.br\/pet\/sistemas-de-informacao\/wp-json\/wp\/v2\/pages\/22\/revisions"}],"wp:attachment":[{"href":"https:\/\/www.ufsm.br\/pet\/sistemas-de-informacao\/wp-json\/wp\/v2\/media?parent=22"}],"wp:term":[{"taxonomy":"category","embeddable":true,"href":"https:\/\/www.ufsm.br\/pet\/sistemas-de-informacao\/wp-json\/wp\/v2\/categories?post=22"},{"taxonomy":"post_tag","embeddable":true,"href":"https:\/\/www.ufsm.br\/pet\/sistemas-de-informacao\/wp-json\/wp\/v2\/tags?post=22"}],"curies":[{"name":"wp","href":"https:\/\/api.w.org\/{rel}","templated":true}]}}