{"id":43,"date":"2020-01-07T10:36:12","date_gmt":"2020-01-07T13:36:12","guid":{"rendered":"https:\/\/www.ufsm.br\/pro-reitorias\/prograd\/pet\/sistemas-de-informacao\/?page_id=43"},"modified":"2025-09-02T11:27:30","modified_gmt":"2025-09-02T14:27:30","slug":"atividades","status":"publish","type":"page","link":"https:\/\/www.ufsm.br\/pet\/sistemas-de-informacao\/atividades","title":{"rendered":"Atividades"},"content":{"rendered":"\t\t<div data-elementor-type=\"wp-page\" data-elementor-id=\"43\" class=\"elementor elementor-43\">\n\t\t\t\t\t\t<section class=\"elementor-section elementor-top-section elementor-element elementor-element-09854c7 elementor-section-boxed elementor-section-height-default elementor-section-height-default\" data-id=\"09854c7\" data-element_type=\"section\">\n\t\t\t\t\t\t<div class=\"elementor-container elementor-column-gap-default\">\n\t\t\t\t\t<div class=\"elementor-column elementor-col-100 elementor-top-column elementor-element elementor-element-33e68c9\" data-id=\"33e68c9\" data-element_type=\"column\">\n\t\t\t<div class=\"elementor-widget-wrap elementor-element-populated\">\n\t\t\t\t\t\t<div class=\"elementor-element elementor-element-abdb952 elementor-widget elementor-widget-toggle\" data-id=\"abdb952\" data-element_type=\"widget\" data-widget_type=\"toggle.default\">\n\t\t\t\t<div class=\"elementor-widget-container\">\n\t\t\t\t\t<div class=\"elementor-toggle\">\n\t\t\t\t\t\t\t<div class=\"elementor-toggle-item\">\n\t\t\t\t\t<div id=\"elementor-tab-title-1801\" class=\"elementor-tab-title\" data-tab=\"1\" role=\"button\" aria-controls=\"elementor-tab-content-1801\" aria-expanded=\"false\">\n\t\t\t\t\t\t\t\t\t\t\t\t<span class=\"elementor-toggle-icon elementor-toggle-icon-left\" aria-hidden=\"true\">\n\t\t\t\t\t\t\t\t\t\t\t\t\t\t\t<span class=\"elementor-toggle-icon-closed\"><i class=\"fas fa-caret-right\"><\/i><\/span>\n\t\t\t\t\t\t\t\t<span class=\"elementor-toggle-icon-opened\"><i class=\"elementor-toggle-icon-opened fas fa-caret-up\"><\/i><\/span>\n\t\t\t\t\t\t\t\t\t\t\t\t\t<\/span>\n\t\t\t\t\t\t\t\t\t\t\t\t<a class=\"elementor-toggle-title\" tabindex=\"0\">Ensino<\/a>\n\t\t\t\t\t<\/div>\n\n\t\t\t\t\t<div id=\"elementor-tab-content-1801\" class=\"elementor-tab-content elementor-clearfix\" data-tab=\"1\" role=\"region\" aria-labelledby=\"elementor-tab-title-1801\"><p><strong>Caf\u00e9 com especialista<\/strong><\/p><p>Esta atividade ocorre atrav\u00e9s de encontros em forma de entrevista, onde s\u00e3o convidados profissionais vinculados a Tecnologia da Informa\u00e7\u00e3o e \u00e1reas afins (docentes, empres\u00e1rios, cientistas e etc..), proporcionando aos alunos tomar conhecimento sobre possibilidades quanto ao mercado de trabalho e troca de experi\u00eancias entre entrevistados e participantes. Este evento ocorre uma vez por semestre, tendo os integrantes do PET-SI como organizadores das entrevistas\/encontros viabilizando a vinda de profissionais que atuam na \u00e1rea de Tecnologia da Informa\u00e7\u00e3o e afins. A atividade segue moldes informais, sendo conduzida na forma de conversa entre entrevistador e entrevistado, havendo a disponibilidade de caf\u00e9 para participantes e profissional convidado.<\/p><p><strong>English Day<\/strong><\/p><p>Promover uma atividade interativa, com foco em elevar o conhecimento dos petianos na l\u00edngua inglesa onde os pr\u00f3prios petianos dever\u00e3o estabelecer temas e organizar a atividade. Exemplos de eventos incluem: filmes sem legenda\u037e palestras ou aulas narradas em ingl\u00eas\u037e conte\u00fados dispon\u00edveis na internet\u037e leitura de artigos cient\u00edficos, debates sobre temas \u00e9ticos, s\u00f3ciopol\u00edticos, econ\u00f4micos e culturais (com conversa\u00e7\u00e3o em ingl\u00eas)\u037e jogos de integra\u00e7\u00e3o no idioma, etc.<\/p><p><strong>PET Help\u00a0<\/strong><\/p><p><span style=\"font-size: 11pt;font-family: 'Liberation Serif';color: #000000;background-color: transparent;vertical-align: baseline\">A atividade PET Help consiste na apresenta\u00e7\u00e3o de assuntos relacionados \u00e0s disciplinas do in\u00edcio do curso. Estas disciplinas se concentram nos tr\u00eas primeiros semestres do curso e, por serem bastante complexas, apresentam \u00edndice de reprova\u00e7\u00e3o e de desist\u00eancia elevados. <\/span><span style=\"background-color: transparent;color: #000000;font-family: 'Liberation Serif';font-size: 11pt\">Essa atividade possui forte \u00eanfase no combate \u00e0 evas\u00e3o durante os semestres iniciais do curso, a qual pode ser motivada pela falta de perspectiva no aprendizado de disciplinas complexas.<\/span><\/p><p><strong>Let&#8217;s Talk English<\/strong><\/p><p>Esta atividade visa organizar encontros entre os alunos do curso para desenvolver as habilidades de comunica\u00e7\u00e3o na L\u00edngua inglesa. O grupo PET se responsabiliza pela escolha do tema a ser abordado, a m\u00eddia a ser utilizada, a tecnologia e as metodologias de apoio necess\u00e1rias \u00e0 aprendizagem para alcan\u00e7ar os objetivos do Let&#8217;s talk in English.<\/p><p><strong>Oficinas Pr\u00e1ticas<\/strong><\/p><p>Esta atividade ser\u00e1 respons\u00e1vel pela realiza\u00e7\u00e3o de oficinas pr\u00e1ticas que explorem temas diversos relacionados \u00e0 computa\u00e7\u00e3o. Enquanto os minicursos ser\u00e3o realizados de forma concentrada, as oficinas visar\u00e3o um desenvolvimento mais a longo prazo, possibilitando que o aluno possa absorver e aprofundar melhor os conte\u00fados desenvolvidos. Os assuntos a serem tratados nas oficinas envolver\u00e3o as novidades tecnol\u00f3gicas do momento, visando oferecer ao aluno do curso de Sistemas de Informa\u00e7\u00e3o uma contribui\u00e7\u00e3o na sua capacita\u00e7\u00e3o e atualiza\u00e7\u00e3o junto ao mercado de trabalho.<\/p><p><strong>Tutor J\u00fanior<\/strong><\/p><p>Nesta atividade os integrantes do PET ir\u00e3o tutorar os alunos ingressantes no curso, acompanhando o seu desenvolvimento durante os seus primeiros semestres na UFSM. No in\u00edcio do semestre haver\u00e1 uma troca de ideias entre ingressantes e tutores, quando ser\u00e1 realizada a apresenta\u00e7\u00e3o do PET-SI, seus integrantes, atividades e outras informa\u00e7\u00f5es. Em um segundo encontro, ser\u00e1 promovida uma palestra sobre as oportunidades na \u00e1rea de Tecnologia de Informa\u00e7\u00e3o, como pesquisas, bolsas, e est\u00e1gios. A palestra ser\u00e1 proferida por professores e profissionais da \u00e1rea. Esta atividade tem sido realizada pelo PET-SI desde a sua cria\u00e7\u00e3o e, para 2017, conta com o desenvolvimento de uma p\u00e1gina web para auxiliar na divulga\u00e7\u00e3o e acesso \u00e0s informa\u00e7\u00f5es pertinentes ao curso de Sistemas de Informa\u00e7\u00e3o.<\/p><p style=\"color: #1c1c1c;font-size: 16px\"><b>Momento TI<\/b><\/p><p style=\"color: #1c1c1c;font-size: 16px\"><span style=\"background-color: transparent;color: #000000;font-family: 'Liberation Serif';font-size: 11pt\">O Momento TI surge como uma forma de complementar a forma\u00e7\u00e3o dos membros do grupo PET-SI, por meio da realiza\u00e7\u00e3o de debates e discuss\u00f5es sobre temas relevantes da \u00e1rea da Tecnologia da Informa\u00e7\u00e3o. <\/span><span style=\"background-color: transparent;color: #000000;font-family: 'Liberation Serif';font-size: 11pt\">Na atividade, cada petiano ir\u00e1 selecionar um assunto relevante da atualidade, relacionado \u00e0 inform\u00e1tica, e apresentar ao grupo juntamente com algum material de apoio. Durante a apresenta\u00e7\u00e3o, os petianos ir\u00e3o debater e expor ideias e sugest\u00f5es sobre o assunto, ampliando suas \u00e1reas de conhecimento. A<\/span><span style=\"background-color: transparent;color: #000000;font-family: 'Liberation Serif';font-size: 11pt\">lgumas das edi\u00e7\u00f5es dessa atividade s\u00e3o estendidas para os alunos do curso de Sistemas de Informa\u00e7\u00e3o, assim como para alunos de cursos relacionados e\/ou interessados na \u00e1rea de tecnologia<\/span><\/p><\/div>\n\t\t\t\t<\/div>\n\t\t\t\t\t\t\t<div class=\"elementor-toggle-item\">\n\t\t\t\t\t<div id=\"elementor-tab-title-1802\" class=\"elementor-tab-title\" data-tab=\"2\" role=\"button\" aria-controls=\"elementor-tab-content-1802\" aria-expanded=\"false\">\n\t\t\t\t\t\t\t\t\t\t\t\t<span class=\"elementor-toggle-icon elementor-toggle-icon-left\" aria-hidden=\"true\">\n\t\t\t\t\t\t\t\t\t\t\t\t\t\t\t<span class=\"elementor-toggle-icon-closed\"><i class=\"fas fa-caret-right\"><\/i><\/span>\n\t\t\t\t\t\t\t\t<span class=\"elementor-toggle-icon-opened\"><i class=\"elementor-toggle-icon-opened fas fa-caret-up\"><\/i><\/span>\n\t\t\t\t\t\t\t\t\t\t\t\t\t<\/span>\n\t\t\t\t\t\t\t\t\t\t\t\t<a class=\"elementor-toggle-title\" tabindex=\"0\">Pesquisa<\/a>\n\t\t\t\t\t<\/div>\n\n\t\t\t\t\t<div id=\"elementor-tab-content-1802\" class=\"elementor-tab-content elementor-clearfix\" data-tab=\"2\" role=\"region\" aria-labelledby=\"elementor-tab-title-1802\"><p><strong>PET Divulga<\/strong><\/p>\n<p>Esta atividade \u00e9 respons\u00e1vel pela realiza\u00e7\u00e3o de encontros com pesquisadores que atuam no \u00e2mbito de cursos na \u00e1rea da Computa\u00e7\u00e3o, possibilitando que os mesmos divulguem suas atividades e temas de pesquisa aos alunos do curso de Sistemas de Informa\u00e7\u00e3o. Al\u00e9m disso, prev\u00ea a realiza\u00e7\u00e3o de encontros para discutir p\u00f3s-gradua\u00e7\u00e3o em Computa\u00e7\u00e3o e suas vantagens, alternativas de institui\u00e7\u00f5es de ensino e programas para continuar os estudos, estudar no Brasil versus no exterior, assuntos de pesquisas e do cotidiano dos acad\u00eamicos, dentre outros temas de interesse dos alunos da gradua\u00e7\u00e3o e da p\u00f3s-gradua\u00e7\u00e3o. Al\u00e9m do mais, nesta atividade, os petianos participar\u00e3o na organiza\u00e7\u00e3o das palestras\/encontros, viabilizando a vinda de professores e palestrantes de outras institui\u00e7\u00f5es, sempre que poss\u00edvel.<\/p>\n<p><strong>Nossas Pesquisas<\/strong><\/p>\n<p>Nesta atividade, os bolsistas organizar\u00e3o e participar\u00e3o como ouvintes e apresentadores de semin\u00e1rios, onde os alunos da gradua\u00e7\u00e3o, do pr\u00f3prio grupo PET e da P\u00f3s-Gradua\u00e7\u00e3o ser\u00e3o convidados a apresentar seus trabalhos de pesquisa.<\/p>\n<p><strong>Programa Aprendiz<\/strong><\/p>\n<p>Neste programa, os petianos desenvolvem atividades de Inicia\u00e7\u00e3o Cient\u00edfica e Tecnol\u00f3gica, principalmente em conjunto com os grupos de pesquisa do Programa de P\u00f3s-Gradua\u00e7\u00e3o em Inform\u00e1tica (PPGI) ou com outros grupos de pesquisa de Programas de P\u00f3s-Gradua\u00e7\u00e3o da institui\u00e7\u00e3o, se pertinente, sob orienta\u00e7\u00e3o dos pesquisadores de cada grupo.<\/p>\n<p><strong>Redigindo a Ci\u00eancia<\/strong><\/p>\n<p>Nesta atividade, os petianos desenvolver\u00e3o a escrita de artigos cient\u00edficos, relatando as experi\u00eancias e os resultados obtidos das atividades desenvolvidas pelo programa de Inicia\u00e7\u00e3o Cient\u00edfica e Tecnol\u00f3gica, sob orienta\u00e7\u00e3o dos pesquisadores de cada grupo de pesquisa. Esta atividade visa gerar artigos, seja em portugu\u00eas ou em ingl\u00eas, a partir do conhecimento adquirido na atividade Programa Aprendiz.<\/p>\n<p style=\"font-size: 16px\"><span style=\"font-weight: bolder\">PET Reda\u00e7\u00e3o<\/span><\/p>\n<p style=\"font-size: 16px\">Nesta atividade, o grupo PET-SI disponibilizar\u00e1 para a comunidade, atrav\u00e9s de seu site, publica\u00e7\u00f5es em texto com um vi\u00e9s tecnol\u00f3gico de forma clara, breve e intuitiva. Tais publica\u00e7\u00f5es podem consistir em conhecimentos gerais sobre ferramentas de desenvolvimento de software, novas tecnologias, projetos de pesquisa ou quaisquer outros tipos de conhecimento adquiridos pelo petiano, dentro ou fora do meio acad\u00eamico. Sendo respons\u00e1vel pela implanta\u00e7\u00e3o da infraestrutura computacional das publica\u00e7\u00f5es e tamb\u00e9m pelas respostas \u00e0s d\u00favidas do mesmo, o PET-SI planeja a constru\u00e7\u00e3o dos artigos com datas de publica\u00e7\u00e3o pr\u00e9-estabelecidas durante o decorrer do ano letivo, onde cada petiano fica respons\u00e1vel por um artigo, escolhendo o tema sobre o qual o mesmo ser\u00e1 elaborado.<\/p><\/div>\n\t\t\t\t<\/div>\n\t\t\t\t\t\t\t<div class=\"elementor-toggle-item\">\n\t\t\t\t\t<div id=\"elementor-tab-title-1803\" class=\"elementor-tab-title\" data-tab=\"3\" role=\"button\" aria-controls=\"elementor-tab-content-1803\" aria-expanded=\"false\">\n\t\t\t\t\t\t\t\t\t\t\t\t<span class=\"elementor-toggle-icon elementor-toggle-icon-left\" aria-hidden=\"true\">\n\t\t\t\t\t\t\t\t\t\t\t\t\t\t\t<span class=\"elementor-toggle-icon-closed\"><i class=\"fas fa-caret-right\"><\/i><\/span>\n\t\t\t\t\t\t\t\t<span class=\"elementor-toggle-icon-opened\"><i class=\"elementor-toggle-icon-opened fas fa-caret-up\"><\/i><\/span>\n\t\t\t\t\t\t\t\t\t\t\t\t\t<\/span>\n\t\t\t\t\t\t\t\t\t\t\t\t<a class=\"elementor-toggle-title\" tabindex=\"0\">Extens\u00e3o<\/a>\n\t\t\t\t\t<\/div>\n\n\t\t\t\t\t<div id=\"elementor-tab-content-1803\" class=\"elementor-tab-content elementor-clearfix\" data-tab=\"3\" role=\"region\" aria-labelledby=\"elementor-tab-title-1803\"><p><strong>PET Visita<\/strong><\/p>\n<p>PET Visita \u00e9 uma atividade que ser\u00e1 realizada ao longo do ano, onde os petianos ir\u00e3o visitar entidades para realizar atividades de lazer como jogos, leitura de livros, cinema, etc. Esta atividade \u00e9 voltada \u00e0 comunidade carente externa a UFSM, como creches, centros sociais, lares e escolas. O tipo de atividade de lazer a ser desenvolvido deve ser definido em parceria com o local escolhido. Durante o ano, ser\u00e3o realizadas atividades que arrecadar\u00e3o alimentos n\u00e3o perec\u00edveis e outros materiais \u00fateis. Os minicursos e oficinas pr\u00e1ticas, por exemplo, arrecadam alimentos com as inscri\u00e7\u00f5es. Os alimentos e itens arrecadados ser\u00e3o entregues no momento da realiza\u00e7\u00e3o da visita \u00e0 entidade selecionada.<\/p>\n<p><strong>SAINF<\/strong><\/p>\n<p>Organizada pelos alunos dos cursos de Sistemas de Informa\u00e7\u00e3o e Ci\u00eancia da Computa\u00e7\u00e3o, a Semana Acad\u00eamica da Inform\u00e1tica \u00e9 um evento que conta com palestras, workshops e maratona de programa\u00e7\u00e3o, com todas suas atividades voltadas para a \u00e1rea da Tecnologia da Informa\u00e7\u00e3o. Durante o evento, s\u00e3o abordados assuntos em alta na \u00e1rea, como seguran\u00e7a, desenvolvimento web, software livre, games, rob\u00f3tica, linguagens de programa\u00e7\u00e3o, computa\u00e7\u00e3o forense, etc. Para a compor a programa\u00e7\u00e3o do evento, s\u00e3o convidados profissionais, empres\u00e1rios e professores atuantes na \u00e1rea de TI para oferecer palestras e workshops. Confira mais informa\u00e7\u00f5es em: ufsm.br\/sainf<\/p>\n<p><strong>UFSM Por um dia<\/strong><\/p>\n<p>Esta atividade ser\u00e1 realizada em conjunto com os outros PETs da UFSM e tem por objetivo organizar um encontro com a\u00e7\u00f5es interativas para os estudantes de escolas de cidades pr\u00f3ximas a Santa Maria. Nesta atividade, alunos do ensino m\u00e9dio participam de um encontro expositivo nas em suas escolas, onde s\u00e3o apresentados os cursos que a UFSM oferece, bem como os grupos PETs e a estrutura da universidade. Esta atividade atuar\u00e1 sobre um p\u00fablico alvo (ensino m\u00e9dio) que poder\u00e1 futuramente ingressar na gradua\u00e7\u00e3o, j\u00e1 possuindo certo conhecimento sobre o curso desejado e sobre a institui\u00e7\u00e3o.<\/p>\n<p style=\"color: #1c1c1c;font-size: 16px\"><span style=\"font-weight: bolder\">SI-Mostra<\/span><\/p>\n<p style=\"color: #1c1c1c;font-size: 16px\">Nesta atividade, o grupo PET ir\u00e1 proporcionar um espa\u00e7o para divulga\u00e7\u00e3o dos trabalhos desenvolvidos pelos alunos do curso. Trata-se de uma oportunidade para os alunos de gradua\u00e7\u00e3o do curso de Sistemas de Informa\u00e7\u00e3o da universidade exibirem os trabalhos realizados nas diversas disciplinas do curso. Esta atividade ocorre durante o Descubra UFSM.<\/p>\n<p style=\"font-size: 16px\"><span style=\"font-weight: bolder\">Inclus\u00e3o Digital<\/span><\/p>\n<p>Esta atividade tem como objetivo auxiliar os alunos e professores das escolas p\u00fablicas da regi\u00e3o, no acesso e manuten\u00e7\u00e3o dos recursos dispon\u00edveis para aulas virtuais durante a pandemia. A atividade acontece em forma de oficina e tamb\u00e9m com um canal de comunica\u00e7\u00e3o com as escolas, para que possamos ajud\u00e1-los sempre que poss\u00edvel, caso venha a surgir qualquer necessidade.<\/p>\n<p><b>PET M\u00eddias<\/b><\/p>\n<p><span><span style=\"font-size: 11pt;background-color: transparent;vertical-align: baseline\">A crescente necessidade de difundir e compartilhar conhecimento, informa\u00e7\u00f5es e descobertas visando atingir p\u00fablicos especializados ou n\u00e3o tem intensificado o uso de redes sociais como uma das principais formas de comunica\u00e7\u00e3o. Neste sentido, o grupo PET-SI prop\u00f5e a atividade PET M\u00eddias como meio din\u00e2mico de intera\u00e7\u00e3o com o p\u00fablico interessado em assuntos relacionados \u00e0 TI. A atividade se vale do fato de que as pessoas est\u00e3o permanentemente conectadas por redes sociais, seja para compartilhar informa\u00e7\u00f5es, trocar ideias, marcar compromissos, resolver problemas, divulgar oportunidades, etc. <\/span><\/span><span style=\"background-color: transparent;font-size: 11pt\">A atividade envolve a produ\u00e7\u00e3o de conte\u00fado digital, a edi\u00e7\u00e3o de imagens e v\u00eddeos e a postagem em redes sociais. <\/span><\/p>\n<p style=\"font-size: 16px\">\n<\/p><\/div>\n\t\t\t\t<\/div>\n\t\t\t\t\t\t\t\t<\/div>\n\t\t\t\t<\/div>\n\t\t\t\t<\/div>\n\t\t\t\t\t<\/div>\n\t\t<\/div>\n\t\t\t\t\t<\/div>\n\t\t<\/section>\n\t\t\t\t<section class=\"elementor-section elementor-top-section elementor-element elementor-element-3b7582a elementor-section-boxed elementor-section-height-default elementor-section-height-default\" data-id=\"3b7582a\" data-element_type=\"section\">\n\t\t\t\t\t\t<div class=\"elementor-container elementor-column-gap-default\">\n\t\t\t\t\t<div class=\"elementor-column elementor-col-100 elementor-top-column elementor-element elementor-element-c56efd6\" data-id=\"c56efd6\" data-element_type=\"column\">\n\t\t\t<div class=\"elementor-widget-wrap\">\n\t\t\t\t\t\t\t<\/div>\n\t\t<\/div>\n\t\t\t\t\t<\/div>\n\t\t<\/section>\n\t\t\t\t<\/div>\n\t\t","protected":false},"excerpt":{"rendered":"<p>Ensino Caf\u00e9 com especialista Esta atividade ocorre atrav\u00e9s de encontros em forma de entrevista, onde s\u00e3o convidados profissionais vinculados a Tecnologia da Informa\u00e7\u00e3o e \u00e1reas afins (docentes, empres\u00e1rios, cientistas e etc..), proporcionando aos alunos tomar conhecimento sobre possibilidades quanto ao mercado de trabalho e troca de experi\u00eancias entre entrevistados e participantes. Este evento ocorre uma [&hellip;]<\/p>\n","protected":false},"author":2223,"featured_media":0,"parent":0,"menu_order":0,"comment_status":"closed","ping_status":"closed","template":"","meta":{"footnotes":""},"categories":[],"tags":[],"class_list":["post-43","page","type-page","status-publish","hentry"],"acf":[],"_links":{"self":[{"href":"https:\/\/www.ufsm.br\/pet\/sistemas-de-informacao\/wp-json\/wp\/v2\/pages\/43","targetHints":{"allow":["GET"]}}],"collection":[{"href":"https:\/\/www.ufsm.br\/pet\/sistemas-de-informacao\/wp-json\/wp\/v2\/pages"}],"about":[{"href":"https:\/\/www.ufsm.br\/pet\/sistemas-de-informacao\/wp-json\/wp\/v2\/types\/page"}],"author":[{"embeddable":true,"href":"https:\/\/www.ufsm.br\/pet\/sistemas-de-informacao\/wp-json\/wp\/v2\/users\/2223"}],"replies":[{"embeddable":true,"href":"https:\/\/www.ufsm.br\/pet\/sistemas-de-informacao\/wp-json\/wp\/v2\/comments?post=43"}],"version-history":[{"count":0,"href":"https:\/\/www.ufsm.br\/pet\/sistemas-de-informacao\/wp-json\/wp\/v2\/pages\/43\/revisions"}],"wp:attachment":[{"href":"https:\/\/www.ufsm.br\/pet\/sistemas-de-informacao\/wp-json\/wp\/v2\/media?parent=43"}],"wp:term":[{"taxonomy":"category","embeddable":true,"href":"https:\/\/www.ufsm.br\/pet\/sistemas-de-informacao\/wp-json\/wp\/v2\/categories?post=43"},{"taxonomy":"post_tag","embeddable":true,"href":"https:\/\/www.ufsm.br\/pet\/sistemas-de-informacao\/wp-json\/wp\/v2\/tags?post=43"}],"curies":[{"name":"wp","href":"https:\/\/api.w.org\/{rel}","templated":true}]}}