{"id":134,"date":"2018-07-03T13:28:20","date_gmt":"2018-07-03T16:28:20","guid":{"rendered":"https:\/\/www.ufsm.br\/pro-reitorias\/pra\/?page_id=134"},"modified":"2019-11-12T13:17:45","modified_gmt":"2019-11-12T16:17:45","slug":"imprensa-universitaria","status":"publish","type":"page","link":"https:\/\/www.ufsm.br\/pro-reitorias\/pra\/imprensa-universitaria","title":{"rendered":"Imprensa Universit\u00e1ria"},"content":{"rendered":"\t\t<div data-elementor-type=\"wp-page\" data-elementor-id=\"134\" class=\"elementor elementor-134\">\n\t\t\t\t\t\t<section class=\"elementor-section elementor-top-section elementor-element elementor-element-1ef81a3f elementor-section-boxed elementor-section-height-default elementor-section-height-default\" data-id=\"1ef81a3f\" data-element_type=\"section\">\n\t\t\t\t\t\t<div class=\"elementor-container elementor-column-gap-default\">\n\t\t\t\t\t<div class=\"elementor-column elementor-col-100 elementor-top-column elementor-element elementor-element-2db30861\" data-id=\"2db30861\" data-element_type=\"column\">\n\t\t\t<div class=\"elementor-widget-wrap elementor-element-populated\">\n\t\t\t\t\t\t<div class=\"elementor-element elementor-element-6a32bdf9 elementor-widget elementor-widget-text-editor\" data-id=\"6a32bdf9\" data-element_type=\"widget\" data-widget_type=\"text-editor.default\">\n\t\t\t\t<div class=\"elementor-widget-container\">\n\t\t\t\t\t\t\t<p>A <strong><a href=\"https:\/\/www.ufsm.br\/orgaos-suplementares\/imprensa-universitaria\/\">Imprensa Universit\u00e1ria<\/a><\/strong>, \u00f3rg\u00e3o suplementar central da Reitoria, est\u00e1 vinculada \u00e0 Pr\u00f3-Reitoria de Administra\u00e7\u00e3o\/PRA e tem como finalidade principal o atendimento de servi\u00e7os de impress\u00e3o gr\u00e1fica de toda a UFSM. Dentre outros servi\u00e7os da Imprensa, exemplificam-se: servi\u00e7o de impress\u00e3o de livros, revistas, jornais, cartazes, <em>folders<\/em>, convites, cadernos did\u00e1ticos, capas diversas, cart\u00f5es de visitas e banners. Estes servi\u00e7os podem ser executados em impress\u00e3o <em>offset<\/em>, tipografia e impress\u00e3o digital laser.<\/p><p>A imprensa est\u00e1 localizada ao lado do Col\u00e9gio T\u00e9cnico Industrial (Ctism) e aos fundos do N\u00facleo de Educa\u00e7\u00e3o Ip\u00ea Amarelo.<\/p><p><strong>Diretor:<\/strong> Paulo Ronaldo da Silva Martins<br \/><strong>Diretor Substituto:<\/strong> Miguel Cabreira de Christo<\/p><p><strong>Dire\u00e7\u00e3o:<\/strong> 8249<br \/><strong>Setor Oficinas:<\/strong>\u00a08766<br \/><strong>Setor Expressa:<\/strong>\u00a08024<br \/><strong>Setor Or\u00e7amento:<\/strong>\u00a08150<\/p>\t\t\t\t\t\t<\/div>\n\t\t\t\t<\/div>\n\t\t\t\t\t<\/div>\n\t\t<\/div>\n\t\t\t\t\t<\/div>\n\t\t<\/section>\n\t\t\t\t<\/div>\n\t\t","protected":false},"excerpt":{"rendered":"<p>A Imprensa Universit\u00e1ria, \u00f3rg\u00e3o suplementar central da Reitoria, est\u00e1 vinculada \u00e0 Pr\u00f3-Reitoria de Administra\u00e7\u00e3o\/PRA e tem como finalidade principal o atendimento de servi\u00e7os de impress\u00e3o gr\u00e1fica de toda a UFSM. Dentre outros servi\u00e7os da Imprensa, exemplificam-se: servi\u00e7o de impress\u00e3o de livros, revistas, jornais, cartazes, folders, convites, cadernos did\u00e1ticos, capas diversas, cart\u00f5es de visitas e banners. [&hellip;]<\/p>\n","protected":false},"author":119,"featured_media":0,"parent":0,"menu_order":0,"comment_status":"closed","ping_status":"closed","template":"","meta":{"footnotes":""},"categories":[],"tags":[],"class_list":["post-134","page","type-page","status-publish","hentry"],"acf":[],"_links":{"self":[{"href":"https:\/\/www.ufsm.br\/pro-reitorias\/pra\/wp-json\/wp\/v2\/pages\/134","targetHints":{"allow":["GET"]}}],"collection":[{"href":"https:\/\/www.ufsm.br\/pro-reitorias\/pra\/wp-json\/wp\/v2\/pages"}],"about":[{"href":"https:\/\/www.ufsm.br\/pro-reitorias\/pra\/wp-json\/wp\/v2\/types\/page"}],"author":[{"embeddable":true,"href":"https:\/\/www.ufsm.br\/pro-reitorias\/pra\/wp-json\/wp\/v2\/users\/119"}],"replies":[{"embeddable":true,"href":"https:\/\/www.ufsm.br\/pro-reitorias\/pra\/wp-json\/wp\/v2\/comments?post=134"}],"version-history":[{"count":0,"href":"https:\/\/www.ufsm.br\/pro-reitorias\/pra\/wp-json\/wp\/v2\/pages\/134\/revisions"}],"wp:attachment":[{"href":"https:\/\/www.ufsm.br\/pro-reitorias\/pra\/wp-json\/wp\/v2\/media?parent=134"}],"wp:term":[{"taxonomy":"category","embeddable":true,"href":"https:\/\/www.ufsm.br\/pro-reitorias\/pra\/wp-json\/wp\/v2\/categories?post=134"},{"taxonomy":"post_tag","embeddable":true,"href":"https:\/\/www.ufsm.br\/pro-reitorias\/pra\/wp-json\/wp\/v2\/tags?post=134"}],"curies":[{"name":"wp","href":"https:\/\/api.w.org\/{rel}","templated":true}]}}