{"id":136,"date":"2018-07-03T13:41:12","date_gmt":"2018-07-03T16:41:12","guid":{"rendered":"https:\/\/www.ufsm.br\/pro-reitorias\/pra\/?page_id=136"},"modified":"2026-02-12T14:48:59","modified_gmt":"2026-02-12T17:48:59","slug":"equipe","status":"publish","type":"page","link":"https:\/\/www.ufsm.br\/pro-reitorias\/pra\/equipe","title":{"rendered":"Equipe PRA"},"content":{"rendered":"\t\t<div data-elementor-type=\"wp-post\" data-elementor-id=\"136\" class=\"elementor elementor-136\">\n\t\t\t\t\t\t<section class=\"elementor-section elementor-top-section elementor-element elementor-element-dc485f0 elementor-section-boxed elementor-section-height-default elementor-section-height-default\" data-id=\"dc485f0\" data-element_type=\"section\">\n\t\t\t\t\t\t<div class=\"elementor-container elementor-column-gap-default\">\n\t\t\t\t\t<div class=\"elementor-column elementor-col-100 elementor-top-column elementor-element elementor-element-f82cc65\" data-id=\"f82cc65\" data-element_type=\"column\">\n\t\t\t<div class=\"elementor-widget-wrap elementor-element-populated\">\n\t\t\t\t\t\t<div class=\"elementor-element elementor-element-5c92957 elementor-widget elementor-widget-text-editor\" data-id=\"5c92957\" data-element_type=\"widget\" data-widget_type=\"text-editor.default\">\n\t\t\t\t<div class=\"elementor-widget-container\">\n\t\t\t\t\t\t\t<hr \/><p><strong>\u00a0<\/strong><b style=\"text-align: var(--bs-body-text-align)\">PR\u00d3-REITORA DE ADMINISTRA\u00c7\u00c3O<\/b><\/p><p><em><span style=\"color: #000000;font-size: 1rem;font-weight: var( --e-global-typography-text-font-weight );text-align: var(--bs-body-text-align)\">TAE &#8211; <\/span><strong style=\"color: #000000;font-size: 1rem;text-align: var(--bs-body-text-align)\">\u00a0<\/strong><span style=\"color: #000000;font-size: 1rem;font-weight: var( --e-global-typography-text-font-weight );text-align: var(--bs-body-text-align)\">Isabel Bohrer Scherer<\/span> \u00a0 \u00a0 \u00a0 \u00a0\u00a0<\/em><\/p><hr \/><p><em>\u00a0<\/em><strong style=\"color: #000000;font-size: 1rem;text-align: var(--bs-body-text-align)\">PR\u00d3-REITOR ADJUNTO DE ADMINISTRA\u00c7\u00c3O\/ COORDENADORIA ADMINISTRATIVA<\/strong><\/p><p><em><span style=\"color: #000000;font-size: 1rem;font-weight: var( --e-global-typography-text-font-weight );text-align: var(--bs-body-text-align)\">Docente &#8211; <\/span><strong style=\"color: #000000;font-size: 1rem;text-align: var(--bs-body-text-align)\">\u00a0<\/strong><span style=\"color: #000000;font-size: 1rem;font-weight: var( --e-global-typography-text-font-weight );text-align: var(--bs-body-text-align)\">Jeferson de Souza Flores<\/span><\/em><\/p><ul><li><span style=\"font-weight: bolder;text-align: var(--bs-body-text-align)\">Gest\u00e3o em Cadastro de Im\u00f3veis e <b style=\"color: #000000;font-size: 1rem;text-align: var(--bs-body-text-align)\">Apoio Estrat\u00e9gio<\/b><\/span><\/li><\/ul><p>\u00a0 \u00a0 \u00a0 <em>\u00a0 \u00a0Adm. &#8211;\u00a0 Kal\u00fa Schwaab Berleze<span style=\"font-size: 1rem;background-color: var(--bs-body-bg);text-align: var(--bs-body-text-align)\">\u00a0\u00a0<\/span><\/em><\/p><ul><li><strong style=\"text-align: var(--bs-body-text-align)\">Conformidade Legal de Projetos<\/strong><\/li><\/ul><p>\u00a0 \u00a0 \u00a0 \u00a0<em> Cont. &#8211;\u00a0 Carina Cadaval dos Santos<\/em><\/p><p><em>\u00a0 \u00a0 \u00a0 \u00a0 \u00a0<span style=\"font-size: 16px;background-color: var(--bs-body-bg);text-align: var(--bs-body-text-align)\">Adm. &#8211; N\u00edkolas Silva da Silveira<\/span><\/em><\/p><ul><li><b>Seguro de Estudantes<\/b><\/li><\/ul><p><em>\u00a0\u00a0\u00a0\u00a0\u00a0\u00a0\u00a0\u00a0 Sec. Exec. &#8211;\u00a0 Beatriz Rigon<\/em><\/p><hr \/><p><strong>N\u00daCLEO DE ADMINISTRA\u00c7\u00c3O FINANCEIRA<\/strong><\/p><p><em>Assist. Adm. &#8211;\u00a0 Ricardo dos Santos de Oliveira<\/em><\/p><hr \/><p><span style=\"font-weight: bolder;text-align: var(--bs-body-text-align)\">SECRETARIA GERAL<\/span><\/p><p style=\"color: #000000;font-size: 16px\"><span style=\"font-size: 1rem;text-align: var(--bs-body-text-align)\"><i>Assist. Adm. Liliane Bonilla<\/i><\/span><\/p><p style=\"color: #000000;font-size: 16px\"><span style=\"font-size: 1rem;text-align: var(--bs-body-text-align)\"><b><img decoding=\"async\" src=\"https:\/\/www.ufsm.br\/pro-reitorias\/pra\/wp-content\/uploads\/sites\/348\/2019\/11\/1654-logo-ufsm-universidade-federal-de-santa-maria.jpg\" alt=\"\" width=\"171\" height=\"170\" \/><\/b><\/span><\/p>\t\t\t\t\t\t<\/div>\n\t\t\t\t<\/div>\n\t\t\t\t\t<\/div>\n\t\t<\/div>\n\t\t\t\t\t<\/div>\n\t\t<\/section>\n\t\t\t\t<\/div>\n\t\t","protected":false},"excerpt":{"rendered":"<p>\u00a0PR\u00d3-REITORA DE ADMINISTRA\u00c7\u00c3O TAE &#8211; \u00a0Isabel Bohrer Scherer \u00a0 \u00a0 \u00a0 \u00a0\u00a0 \u00a0PR\u00d3-REITOR ADJUNTO DE ADMINISTRA\u00c7\u00c3O\/ COORDENADORIA ADMINISTRATIVA Docente &#8211; \u00a0Jeferson de Souza Flores Gest\u00e3o em Cadastro de Im\u00f3veis e Apoio Estrat\u00e9gio \u00a0 \u00a0 \u00a0 \u00a0 \u00a0Adm. &#8211;\u00a0 Kal\u00fa Schwaab Berleze\u00a0\u00a0 Conformidade Legal de Projetos \u00a0 \u00a0 \u00a0 \u00a0 Cont. &#8211;\u00a0 Carina Cadaval dos Santos [&hellip;]<\/p>\n","protected":false},"author":119,"featured_media":0,"parent":0,"menu_order":0,"comment_status":"closed","ping_status":"closed","template":"","meta":{"footnotes":""},"categories":[],"tags":[],"class_list":["post-136","page","type-page","status-publish","hentry"],"acf":[],"_links":{"self":[{"href":"https:\/\/www.ufsm.br\/pro-reitorias\/pra\/wp-json\/wp\/v2\/pages\/136","targetHints":{"allow":["GET"]}}],"collection":[{"href":"https:\/\/www.ufsm.br\/pro-reitorias\/pra\/wp-json\/wp\/v2\/pages"}],"about":[{"href":"https:\/\/www.ufsm.br\/pro-reitorias\/pra\/wp-json\/wp\/v2\/types\/page"}],"author":[{"embeddable":true,"href":"https:\/\/www.ufsm.br\/pro-reitorias\/pra\/wp-json\/wp\/v2\/users\/119"}],"replies":[{"embeddable":true,"href":"https:\/\/www.ufsm.br\/pro-reitorias\/pra\/wp-json\/wp\/v2\/comments?post=136"}],"version-history":[{"count":0,"href":"https:\/\/www.ufsm.br\/pro-reitorias\/pra\/wp-json\/wp\/v2\/pages\/136\/revisions"}],"wp:attachment":[{"href":"https:\/\/www.ufsm.br\/pro-reitorias\/pra\/wp-json\/wp\/v2\/media?parent=136"}],"wp:term":[{"taxonomy":"category","embeddable":true,"href":"https:\/\/www.ufsm.br\/pro-reitorias\/pra\/wp-json\/wp\/v2\/categories?post=136"},{"taxonomy":"post_tag","embeddable":true,"href":"https:\/\/www.ufsm.br\/pro-reitorias\/pra\/wp-json\/wp\/v2\/tags?post=136"}],"curies":[{"name":"wp","href":"https:\/\/api.w.org\/{rel}","templated":true}]}}