{"id":206,"date":"2019-11-08T16:53:13","date_gmt":"2019-11-08T19:53:13","guid":{"rendered":"https:\/\/www.ufsm.br\/pro-reitorias\/pra\/?page_id=206"},"modified":"2019-11-08T16:53:34","modified_gmt":"2019-11-08T19:53:34","slug":"orgaos-executivos","status":"publish","type":"page","link":"https:\/\/www.ufsm.br\/pro-reitorias\/pra\/orgaos-executivos","title":{"rendered":"\u00d3rg\u00e3os Executivos"},"content":{"rendered":"\t\t<div data-elementor-type=\"wp-page\" data-elementor-id=\"206\" class=\"elementor elementor-206\">\n\t\t\t\t\t\t<section class=\"elementor-section elementor-top-section elementor-element elementor-element-62f3428f elementor-section-boxed elementor-section-height-default elementor-section-height-default\" data-id=\"62f3428f\" data-element_type=\"section\">\n\t\t\t\t\t\t<div class=\"elementor-container elementor-column-gap-default\">\n\t\t\t\t\t<div class=\"elementor-column elementor-col-100 elementor-top-column elementor-element elementor-element-4b3f3056\" data-id=\"4b3f3056\" data-element_type=\"column\">\n\t\t\t<div class=\"elementor-widget-wrap elementor-element-populated\">\n\t\t\t\t\t\t<div class=\"elementor-element elementor-element-7da46ae elementor-widget elementor-widget-text-editor\" data-id=\"7da46ae\" data-element_type=\"widget\" data-widget_type=\"text-editor.default\">\n\t\t\t\t<div class=\"elementor-widget-container\">\n\t\t\t\t\t\t\t<!-- wp:tadv\/classic-paragraph -->\n<p><strong>Departamento de Contabilidade e Finan\u00e7as <a href=\"https:\/\/www.ufsm.br\/orgaos-executivos\/dcf\/\">(DCF<\/a>) &#8211;\u00a0<\/strong>Tem por finalidade a execu\u00e7\u00e3o, o assessoramento, supervis\u00e3o, orienta\u00e7\u00e3o, avalia\u00e7\u00e3o, controle, coordena\u00e7\u00e3o nas \u00e1reas or\u00e7ament\u00e1ria, financeira e patrimonial da Institui\u00e7\u00e3o.\u00a0Dentre as atribui\u00e7\u00f5es do Departamento est\u00e3o an\u00e1lise e emiss\u00e3o de empenhos; pagamento de di\u00e1rias, contratos, suprimento de fundos, bolsas, servi\u00e7os prestados por pessoas f\u00edsicas e jur\u00eddicas, compras, conv\u00eanios, folha de pagamento, precat\u00f3rios; an\u00e1lise e controle de presta\u00e7\u00f5es de contas de di\u00e1rias, suprimento de fundos, conv\u00eanios, lan\u00e7amento da receita; controle da regularidade fiscal junto aos \u00f3rg\u00e3os federais, estaduais, municipais e outros; emiss\u00e3o de relat\u00f3rios para elabora\u00e7\u00e3o da presta\u00e7\u00e3o de contas anual da UFSM.<\/p>\n<p><strong>Departamento de Material e Patrim\u00f4nio (<a href=\"https:\/\/www.ufsm.br\/orgaos-executivos\/demapa\/\">DEMAPA<\/a>) <\/strong>&#8211; Departamento de Material e Patrim\u00f4nio (DEMAPA) \u00e9 um \u00f3rg\u00e3o executivo da administra\u00e7\u00e3o superior, na \u00e1rea de material e patrim\u00f4nio, subordinado \u00e0\u00a0Pr\u00f3-reitoria de Administra\u00e7\u00e3o (PRA). Tem por finalidade\u00a0coordenar, dirigir\u00a0e\u00a0executar\u00a0as atividades relativas a licita\u00e7\u00f5es destinadas \u00e0 aquisi\u00e7\u00e3o de material, contrata\u00e7\u00f5es de servi\u00e7os e importa\u00e7\u00f5es, controle patrimonial de bens m\u00f3veis e im\u00f3veis, manuten\u00e7\u00e3o de estoques de material de consumo e sua distribui\u00e7\u00e3o a todas subunidades, de acordo com a legisla\u00e7\u00e3o vigente<\/p>\n<p>\u00a0<\/p>\n<!-- \/wp:tadv\/classic-paragraph -->\t\t\t\t\t\t<\/div>\n\t\t\t\t<\/div>\n\t\t\t\t\t<\/div>\n\t\t<\/div>\n\t\t\t\t\t<\/div>\n\t\t<\/section>\n\t\t\t\t<\/div>\n\t\t","protected":false},"excerpt":{"rendered":"<p>Departamento de Contabilidade e Finan\u00e7as (DCF) &#8211;\u00a0Tem por finalidade a execu\u00e7\u00e3o, o assessoramento, supervis\u00e3o, orienta\u00e7\u00e3o, avalia\u00e7\u00e3o, controle, coordena\u00e7\u00e3o nas \u00e1reas or\u00e7ament\u00e1ria, financeira e patrimonial da Institui\u00e7\u00e3o.\u00a0Dentre as atribui\u00e7\u00f5es do Departamento est\u00e3o an\u00e1lise e emiss\u00e3o de empenhos; pagamento de di\u00e1rias, contratos, suprimento de fundos, bolsas, servi\u00e7os prestados por pessoas f\u00edsicas e jur\u00eddicas, compras, conv\u00eanios, folha de [&hellip;]<\/p>\n","protected":false},"author":214,"featured_media":0,"parent":0,"menu_order":0,"comment_status":"closed","ping_status":"closed","template":"","meta":{"footnotes":""},"categories":[],"tags":[],"class_list":["post-206","page","type-page","status-publish","hentry"],"acf":[],"_links":{"self":[{"href":"https:\/\/www.ufsm.br\/pro-reitorias\/pra\/wp-json\/wp\/v2\/pages\/206","targetHints":{"allow":["GET"]}}],"collection":[{"href":"https:\/\/www.ufsm.br\/pro-reitorias\/pra\/wp-json\/wp\/v2\/pages"}],"about":[{"href":"https:\/\/www.ufsm.br\/pro-reitorias\/pra\/wp-json\/wp\/v2\/types\/page"}],"author":[{"embeddable":true,"href":"https:\/\/www.ufsm.br\/pro-reitorias\/pra\/wp-json\/wp\/v2\/users\/214"}],"replies":[{"embeddable":true,"href":"https:\/\/www.ufsm.br\/pro-reitorias\/pra\/wp-json\/wp\/v2\/comments?post=206"}],"version-history":[{"count":0,"href":"https:\/\/www.ufsm.br\/pro-reitorias\/pra\/wp-json\/wp\/v2\/pages\/206\/revisions"}],"wp:attachment":[{"href":"https:\/\/www.ufsm.br\/pro-reitorias\/pra\/wp-json\/wp\/v2\/media?parent=206"}],"wp:term":[{"taxonomy":"category","embeddable":true,"href":"https:\/\/www.ufsm.br\/pro-reitorias\/pra\/wp-json\/wp\/v2\/categories?post=206"},{"taxonomy":"post_tag","embeddable":true,"href":"https:\/\/www.ufsm.br\/pro-reitorias\/pra\/wp-json\/wp\/v2\/tags?post=206"}],"curies":[{"name":"wp","href":"https:\/\/api.w.org\/{rel}","templated":true}]}}