{"id":209,"date":"2019-11-08T17:01:03","date_gmt":"2019-11-08T20:01:03","guid":{"rendered":"https:\/\/www.ufsm.br\/pro-reitorias\/pra\/?page_id=209"},"modified":"2021-03-03T09:15:24","modified_gmt":"2021-03-03T12:15:24","slug":"elementor-209","status":"publish","type":"page","link":"https:\/\/www.ufsm.br\/pro-reitorias\/pra\/elementor-209","title":{"rendered":"\u00d3rg\u00e3os Suplementares"},"content":{"rendered":"\t\t<div data-elementor-type=\"wp-page\" data-elementor-id=\"209\" class=\"elementor elementor-209\">\n\t\t\t\t\t\t<section class=\"elementor-section elementor-top-section elementor-element elementor-element-8388103 elementor-section-boxed elementor-section-height-default elementor-section-height-default\" data-id=\"8388103\" data-element_type=\"section\">\n\t\t\t\t\t\t<div class=\"elementor-container elementor-column-gap-default\">\n\t\t\t\t\t<div class=\"elementor-column elementor-col-100 elementor-top-column elementor-element elementor-element-88e6e18\" data-id=\"88e6e18\" data-element_type=\"column\">\n\t\t\t<div class=\"elementor-widget-wrap elementor-element-populated\">\n\t\t\t\t\t\t<div class=\"elementor-element elementor-element-24b05c5 elementor-widget elementor-widget-text-editor\" data-id=\"24b05c5\" data-element_type=\"widget\" data-widget_type=\"text-editor.default\">\n\t\t\t\t<div class=\"elementor-widget-container\">\n\t\t\t\t\t\t\t<ul><li>O <strong>Departamento de Arquivo Geral (<a href=\"https:\/\/www.ufsm.br\/orgaos-suplementares\/dag\/\">DAG<\/a>)<\/strong> tem a finalidade de coordenar e supervisionar o Sistema de Arquivos\u00a0 da UFSM (SIARQ\/UFSM), responsabilizando-se pelos procedimentos t\u00e9cnicos aplicados, bem como, desenvolver a pol\u00edtica de gest\u00e3o arquiv\u00edstica da Institui\u00e7\u00e3o, mantendo sob cust\u00f3dia os documentos de car\u00e1ter permanente, oriundos das atividades dos \u00f3rg\u00e3os administrativos e das unidades de Ensino, Pesquisa e Extens\u00e3o. Visa tamb\u00e9m garantir a produ\u00e7\u00e3o, a preserva\u00e7\u00e3o e o acesso dos documentos arquiv\u00edsticos mantendo-os confi\u00e1veis e aut\u00eanticos.<\/li><li>A <strong>Imprensa Universit\u00e1ria (<a href=\"https:\/\/www.ufsm.br\/orgaos-suplementares\/imprensa-universitaria\/\">Imprensa<\/a>)<\/strong>, \u00f3rg\u00e3o suplementar central da Reitoria, est\u00e1 vinculada \u00e0 Pr\u00f3-Reitoria de Administra\u00e7\u00e3o\/PRA e tem como finalidade principal o atendimento de servi\u00e7os de impress\u00e3o gr\u00e1fica de toda a UFSM. Dentre outros servi\u00e7os da Imprensa, exemplificam-se: servi\u00e7o de impress\u00e3o de livros, revistas, jornais, cartazes, <em>folders<\/em>, convites, cadernos did\u00e1ticos, capas diversas, cart\u00f5es de visitas e banners. Estes servi\u00e7os podem ser executados em impress\u00e3o\u00a0<em>offset<\/em>, tipografia e impress\u00e3o digital laser. A imprensa est\u00e1 localizada ao lado do Col\u00e9gio T\u00e9cnico Industrial (Ctism) e aos fundos do N\u00facleo de Educa\u00e7\u00e3o Ip\u00ea Amarelo<\/li><\/ul>\t\t\t\t\t\t<\/div>\n\t\t\t\t<\/div>\n\t\t\t\t\t<\/div>\n\t\t<\/div>\n\t\t\t\t\t<\/div>\n\t\t<\/section>\n\t\t\t\t<\/div>\n\t\t","protected":false},"excerpt":{"rendered":"<p>O Departamento de Arquivo Geral (DAG) tem a finalidade de coordenar e supervisionar o Sistema de Arquivos\u00a0 da UFSM (SIARQ\/UFSM), responsabilizando-se pelos procedimentos t\u00e9cnicos aplicados, bem como, desenvolver a pol\u00edtica de gest\u00e3o arquiv\u00edstica da Institui\u00e7\u00e3o, mantendo sob cust\u00f3dia os documentos de car\u00e1ter permanente, oriundos das atividades dos \u00f3rg\u00e3os administrativos e das unidades de Ensino, Pesquisa [&hellip;]<\/p>\n","protected":false},"author":214,"featured_media":0,"parent":0,"menu_order":0,"comment_status":"closed","ping_status":"closed","template":"","meta":{"footnotes":""},"categories":[],"tags":[],"class_list":["post-209","page","type-page","status-publish","hentry"],"acf":[],"_links":{"self":[{"href":"https:\/\/www.ufsm.br\/pro-reitorias\/pra\/wp-json\/wp\/v2\/pages\/209","targetHints":{"allow":["GET"]}}],"collection":[{"href":"https:\/\/www.ufsm.br\/pro-reitorias\/pra\/wp-json\/wp\/v2\/pages"}],"about":[{"href":"https:\/\/www.ufsm.br\/pro-reitorias\/pra\/wp-json\/wp\/v2\/types\/page"}],"author":[{"embeddable":true,"href":"https:\/\/www.ufsm.br\/pro-reitorias\/pra\/wp-json\/wp\/v2\/users\/214"}],"replies":[{"embeddable":true,"href":"https:\/\/www.ufsm.br\/pro-reitorias\/pra\/wp-json\/wp\/v2\/comments?post=209"}],"version-history":[{"count":0,"href":"https:\/\/www.ufsm.br\/pro-reitorias\/pra\/wp-json\/wp\/v2\/pages\/209\/revisions"}],"wp:attachment":[{"href":"https:\/\/www.ufsm.br\/pro-reitorias\/pra\/wp-json\/wp\/v2\/media?parent=209"}],"wp:term":[{"taxonomy":"category","embeddable":true,"href":"https:\/\/www.ufsm.br\/pro-reitorias\/pra\/wp-json\/wp\/v2\/categories?post=209"},{"taxonomy":"post_tag","embeddable":true,"href":"https:\/\/www.ufsm.br\/pro-reitorias\/pra\/wp-json\/wp\/v2\/tags?post=209"}],"curies":[{"name":"wp","href":"https:\/\/api.w.org\/{rel}","templated":true}]}}