{"id":31,"date":"2018-03-21T10:43:07","date_gmt":"2018-03-21T13:43:07","guid":{"rendered":"https:\/\/www.ufsm.br\/pro-reitorias\/pra\/?page_id=31"},"modified":"2026-01-08T09:42:54","modified_gmt":"2026-01-08T12:42:54","slug":"contato","status":"publish","type":"page","link":"https:\/\/www.ufsm.br\/pro-reitorias\/pra\/contato","title":{"rendered":"Contatos"},"content":{"rendered":"\t\t<div data-elementor-type=\"wp-post\" data-elementor-id=\"31\" class=\"elementor elementor-31\">\n\t\t\t\t\t\t<section class=\"elementor-section elementor-top-section elementor-element elementor-element-32e9c345 elementor-section-boxed elementor-section-height-default elementor-section-height-default\" data-id=\"32e9c345\" data-element_type=\"section\">\n\t\t\t\t\t\t<div class=\"elementor-container elementor-column-gap-default\">\n\t\t\t\t\t<div class=\"elementor-column elementor-col-100 elementor-top-column elementor-element elementor-element-526abc76\" data-id=\"526abc76\" data-element_type=\"column\">\n\t\t\t<div class=\"elementor-widget-wrap elementor-element-populated\">\n\t\t\t\t\t\t<div class=\"elementor-element elementor-element-f287eae elementor-widget elementor-widget-image\" data-id=\"f287eae\" data-element_type=\"widget\" data-widget_type=\"image.default\">\n\t\t\t\t<div class=\"elementor-widget-container\">\n\t\t\t\t\t\t\t\t\t\t\t\t\t<img decoding=\"async\" width=\"150\" height=\"150\" src=\"https:\/\/www.ufsm.br\/app\/uploads\/sites\/348\/2023\/06\/imagem_2023-06-13_091154668-removebg-preview-150x150.png\" class=\"attachment-thumbnail size-thumbnail wp-image-569\" alt=\"\" \/>\t\t\t\t\t\t\t\t\t\t\t\t\t<\/div>\n\t\t\t\t<\/div>\n\t\t\t\t<div class=\"elementor-element elementor-element-3661d8e3 elementor-widget elementor-widget-text-editor\" data-id=\"3661d8e3\" data-element_type=\"widget\" data-widget_type=\"text-editor.default\">\n\t\t\t\t<div class=\"elementor-widget-container\">\n\t\t\t\t\t\t\t<p><!-- Execu\u00e7\u00e3o Or\u00e7ament\u00e1ria Financeira --><\/p><p><!-- Conformidade Legal de Projetos --><\/p><p><!-- Supervis\u00e3o de Contratos de Terceiriza\u00e7\u00e3o --><\/p><p><!-- Seguro de Estudantes --><\/p><p><!-- Assessoria de Gest\u00e3o --><\/p><table style=\"width: 170.524%\" width=\"603\"><thead><tr><td style=\"width: 30.4646%\"><p><strong>\u00a0<\/strong><\/p><\/td><td style=\"width: 26.2035%;text-align: left\"><p style=\"text-align: center\"><strong>Nome<\/strong><\/p><\/td><td style=\"width: 16.315%;text-align: left\"><p style=\"text-align: center\"><strong>E-mail<\/strong><\/p><\/td><td style=\"width: 13.7654%;text-align: left\" width=\"124\"><p style=\"text-align: center\"><strong>Telefone<\/strong><\/p><\/td><td style=\"width: 6.89487%;text-align: left\"><p style=\"text-align: center\"><strong>Sala<\/strong><\/p><\/td><\/tr><\/thead><tbody><tr><td style=\"width: 30.4646%\"><p>Pr\u00f3-Reitora de Administra\u00e7\u00e3o<\/p><\/td><td style=\"width: 26.2035%;text-align: left\"><p>Isabel Bohrer Scherer<\/p><\/td><td style=\"width: 16.315%;text-align: left\"><p><a href=\"mailto:pra@ufsm.br\">pra@ufsm.br<\/a><\/p><\/td><td style=\"width: 13.7654%;text-align: left\" width=\"124\"><p>(55) 3220-2006<\/p><p>(55) 99144-3880<\/p><\/td><td style=\"width: 6.89487%;text-align: left\"><p style=\"text-align: center\">542<\/p><\/td><\/tr><tr><td style=\"width: 30.4646%\"><p>Pr\u00f3-Reitor Adjunto<\/p><p>Coordenadoria Administrativa<\/p><\/td><td style=\"width: 26.2035%;text-align: left\"><p>Jeferson de Souza Flores<\/p><\/td><td style=\"width: 16.315%;text-align: left\"><p><a href=\"mailto:pra@ufsm.br\">pra@ufsm.br<\/a><\/p><\/td><td style=\"width: 13.7654%;text-align: left\" width=\"124\"><p>(55) 3220-8266<\/p><p>(55) 99662-4646<\/p><\/td><td style=\"width: 6.89487%;text-align: left\"><p style=\"text-align: center\">542<\/p><\/td><\/tr><tr><td style=\"width: 30.4646%\"><p>Secretaria Geral<\/p><\/td><td style=\"width: 26.2035%\"><p>Liliane Bonilla<\/p><\/td><td style=\"width: 16.315%\"><p><a href=\"mailto:pra@ufsm.br\">pra@ufsm.br<\/a><\/p><\/td><td style=\"width: 13.7654%\" width=\"124\"><p>(55) 3220-8666<\/p><p>(55) 99101-0318<\/p><\/td><td style=\"width: 6.89487%\"><p style=\"text-align: center\">542<\/p><\/td><\/tr><tr><td style=\"width: 30.4646%\"><p>N\u00facleo de Administra\u00e7\u00e3o Financeira<\/p><\/td><td style=\"width: 26.2035%\"><p>Ricardo dos Santos de Oliveira<\/p><\/td><td style=\"width: 16.315%\"><p><a href=\"mailto:pra@ufsm.br\">pra@ufsm.br<\/a><\/p><\/td><td style=\"width: 13.7654%\" width=\"124\"><p>(55) 3220-8362<\/p><\/td><td style=\"width: 6.89487%\"><p style=\"text-align: center\">\u00a0548<\/p><\/td><\/tr><tr><td style=\"width: 30.4646%\"><p>Seguro de Estudantes<\/p><\/td><td style=\"width: 26.2035%\"><p>Beatriz Rigon<\/p><\/td><td style=\"width: 16.315%\"><p><a href=\"mailto:pra@ufsm.br\">pra@ufsm.br<\/a><\/p><\/td><td style=\"width: 13.7654%\" width=\"124\"><p>(55) 3220-8166<\/p><\/td><td style=\"width: 6.89487%\"><p style=\"text-align: center\">\u00a0539<\/p><\/td><\/tr><tr><td style=\"width: 30.4646%\"><p>Gest\u00e3o em Cadastro de Im\u00f3veis<\/p><\/td><td style=\"width: 26.2035%\"><p>Kalu Schwaab Berleze<\/p><\/td><td style=\"width: 16.315%\"><p><a href=\"mailto:pra@ufsm.br\">pra@ufsm.br<\/a><\/p><\/td><td style=\"width: 13.7654%\" width=\"124\"><p>(55) 3220-8602<\/p><\/td><td style=\"width: 6.89487%\"><p style=\"text-align: center\">545<\/p><\/td><\/tr><tr><td style=\"width: 30.4646%\"><p>Apoio Estrat\u00e9gico<\/p><\/td><td style=\"width: 26.2035%\"><p>Kalu Schwaab Berleze<\/p><\/td><td style=\"width: 16.315%\"><p><a href=\"mailto:pra@ufsm.br\">pra@ufsm.br<\/a><\/p><\/td><td style=\"width: 13.7654%\" width=\"124\"><p>(55) 3220-8602<\/p><\/td><td style=\"width: 6.89487%\"><p style=\"text-align: center\">545<\/p><\/td><\/tr><tr><td style=\"width: 30.4646%\"><p>Conformidade Legal de Projetos<\/p><\/td><td style=\"width: 26.2035%\"><p><span style=\"background-color: var(--bs-body-bg);text-align: var(--bs-body-text-align)\">Carina Cadaval dos Santos<\/span><\/p><p><span style=\"background-color: var(--bs-body-bg);text-align: var(--bs-body-text-align)\">N\u00edkolas Silva da Silveira<\/span><\/p><\/td><td style=\"width: 16.315%\"><p><a href=\"mailto:pra@ufsm.br\">pra@ufsm.br<\/a><\/p><\/td><td style=\"width: 13.7654%\" width=\"124\"><p>(55) 3220-8188<\/p><\/td><td style=\"width: 6.89487%\"><p style=\"text-align: center\">536<\/p><\/td><\/tr><\/tbody><\/table>\t\t\t\t\t\t<\/div>\n\t\t\t\t<\/div>\n\t\t\t\t\t<\/div>\n\t\t<\/div>\n\t\t\t\t\t<\/div>\n\t\t<\/section>\n\t\t\t\t<\/div>\n\t\t","protected":false},"excerpt":{"rendered":"<p>\u00a0 Nome E-mail Telefone Sala Pr\u00f3-Reitora de Administra\u00e7\u00e3o Isabel Bohrer Scherer pra@ufsm.br (55) 3220-2006 (55) 99144-3880 542 Pr\u00f3-Reitor Adjunto Coordenadoria Administrativa Jeferson de Souza Flores pra@ufsm.br (55) 3220-8266 (55) 99662-4646 542 Secretaria Geral Liliane Bonilla pra@ufsm.br (55) 3220-8666 (55) 99101-0318 542 N\u00facleo de Administra\u00e7\u00e3o Financeira Ricardo dos Santos de Oliveira pra@ufsm.br (55) 3220-8362 \u00a0548 Seguro [&hellip;]<\/p>\n","protected":false},"author":74,"featured_media":241,"parent":0,"menu_order":0,"comment_status":"closed","ping_status":"closed","template":"","meta":{"footnotes":""},"categories":[],"tags":[],"class_list":["post-31","page","type-page","status-publish","has-post-thumbnail","hentry"],"acf":[],"_links":{"self":[{"href":"https:\/\/www.ufsm.br\/pro-reitorias\/pra\/wp-json\/wp\/v2\/pages\/31","targetHints":{"allow":["GET"]}}],"collection":[{"href":"https:\/\/www.ufsm.br\/pro-reitorias\/pra\/wp-json\/wp\/v2\/pages"}],"about":[{"href":"https:\/\/www.ufsm.br\/pro-reitorias\/pra\/wp-json\/wp\/v2\/types\/page"}],"author":[{"embeddable":true,"href":"https:\/\/www.ufsm.br\/pro-reitorias\/pra\/wp-json\/wp\/v2\/users\/74"}],"replies":[{"embeddable":true,"href":"https:\/\/www.ufsm.br\/pro-reitorias\/pra\/wp-json\/wp\/v2\/comments?post=31"}],"version-history":[{"count":0,"href":"https:\/\/www.ufsm.br\/pro-reitorias\/pra\/wp-json\/wp\/v2\/pages\/31\/revisions"}],"wp:featuredmedia":[{"embeddable":true,"href":"https:\/\/www.ufsm.br\/pro-reitorias\/pra\/wp-json\/wp\/v2\/media\/241"}],"wp:attachment":[{"href":"https:\/\/www.ufsm.br\/pro-reitorias\/pra\/wp-json\/wp\/v2\/media?parent=31"}],"wp:term":[{"taxonomy":"category","embeddable":true,"href":"https:\/\/www.ufsm.br\/pro-reitorias\/pra\/wp-json\/wp\/v2\/categories?post=31"},{"taxonomy":"post_tag","embeddable":true,"href":"https:\/\/www.ufsm.br\/pro-reitorias\/pra\/wp-json\/wp\/v2\/tags?post=31"}],"curies":[{"name":"wp","href":"https:\/\/api.w.org\/{rel}","templated":true}]}}