{"id":351,"date":"2023-03-31T09:31:35","date_gmt":"2023-03-31T12:31:35","guid":{"rendered":"https:\/\/www.ufsm.br\/pro-reitorias\/pra\/?page_id=351"},"modified":"2025-02-04T13:11:22","modified_gmt":"2025-02-04T16:11:22","slug":"relatorio-de-gestao-2019-2022","status":"publish","type":"page","link":"https:\/\/www.ufsm.br\/pro-reitorias\/pra\/relatorio-de-gestao-2019-2022","title":{"rendered":"Relat\u00f3rios de Gest\u00e3o &#8211; PRA"},"content":{"rendered":"\t\t<div data-elementor-type=\"wp-page\" data-elementor-id=\"351\" class=\"elementor elementor-351\">\n\t\t\t\t\t\t<section class=\"elementor-section elementor-top-section elementor-element elementor-element-6c1efdfc elementor-section-boxed elementor-section-height-default elementor-section-height-default\" data-id=\"6c1efdfc\" data-element_type=\"section\">\n\t\t\t\t\t\t<div class=\"elementor-container elementor-column-gap-default\">\n\t\t\t\t\t<div class=\"elementor-column elementor-col-100 elementor-top-column elementor-element elementor-element-46c0f41d\" data-id=\"46c0f41d\" data-element_type=\"column\">\n\t\t\t<div class=\"elementor-widget-wrap elementor-element-populated\">\n\t\t\t\t\t\t<div class=\"elementor-element elementor-element-5e518441 elementor-widget elementor-widget-text-editor\" data-id=\"5e518441\" data-element_type=\"widget\" data-widget_type=\"text-editor.default\">\n\t\t\t\t<div class=\"elementor-widget-container\">\n\t\t\t\t\t\t\t<p><img fetchpriority=\"high\" decoding=\"async\" class=\"alignnone size-full wp-image-407 aligncenter\" src=\"https:\/\/www.ufsm.br\/app\/uploads\/sites\/348\/2023\/04\/Banner-Relatorio3.jpg\" alt=\"\" width=\"1211\" height=\"545\" srcset=\"https:\/\/www.ufsm.br\/app\/uploads\/sites\/348\/2023\/04\/Banner-Relatorio3.jpg 1211w, https:\/\/www.ufsm.br\/app\/uploads\/sites\/348\/2023\/04\/Banner-Relatorio3-300x135.jpg 300w, https:\/\/www.ufsm.br\/app\/uploads\/sites\/348\/2023\/04\/Banner-Relatorio3-1024x461.jpg 1024w, https:\/\/www.ufsm.br\/app\/uploads\/sites\/348\/2023\/04\/Banner-Relatorio3-768x346.jpg 768w\" sizes=\"(max-width: 1211px) 100vw, 1211px\" \/><span style=\"color: #000000;font-size: 1rem;font-weight: var( --e-global-typography-text-font-weight );text-align: center\"><br \/><\/span><\/p><p><span style=\"color: #000000;font-size: 1rem;font-weight: var( --e-global-typography-text-font-weight );text-align: center\">\u00a0 \u00a0 \u00a0 \u00a0 \u00a0 \u00a0<\/span><\/p><p>Para fortalecer a transpar\u00eancia na gest\u00e3o p\u00fablica e divulgar as atividades desenvolvidas pela <strong>Pr\u00f3-Reitoria de Administra\u00e7\u00e3o (PRA)<\/strong> e seus departamentos, foi elaborado o <strong>Relat\u00f3rio de Gest\u00e3o<\/strong>, que re\u00fane as principais a\u00e7\u00f5es e informa\u00e7\u00f5es institucionais.<\/p><p>O documento abrange dados da <strong>UFSM<\/strong> relacionados \u00e0s atribui\u00e7\u00f5es da <strong>PRA<\/strong>, do <strong>Departamento de Arquivo Geral (DAG)<\/strong>, do <strong>Departamento de Contabilidade e Finan\u00e7as (DCF)<\/strong> e do <strong>Departamento de Materiais e Patrim\u00f4nio (DEMAPA)<\/strong>, \u00e1reas fundamentais para a administra\u00e7\u00e3o da universidade e que tamb\u00e9m interagem com outros setores da institui\u00e7\u00e3o.<\/p><p>O Relat\u00f3rio de Gest\u00e3o \u00e9 elaborado <strong>anualmente<\/strong>, refor\u00e7ando o compromisso da universidade com a transpar\u00eancia e a presta\u00e7\u00e3o de contas \u00e0 comunidade.<\/p><p>\ud83d\udcc4 <strong>Acesse os relat\u00f3rios dispon\u00edveis:<\/strong><\/p><p>\u00a0<\/p><p><!-- \/wp:tadv\/classic-paragraph --><\/p>\t\t\t\t\t\t<\/div>\n\t\t\t\t<\/div>\n\t\t\t\t\t<\/div>\n\t\t<\/div>\n\t\t\t\t\t<\/div>\n\t\t<\/section>\n\t\t\t\t<section class=\"elementor-section elementor-top-section elementor-element elementor-element-e1188b1 elementor-section-boxed elementor-section-height-default elementor-section-height-default\" data-id=\"e1188b1\" data-element_type=\"section\">\n\t\t\t\t\t\t<div class=\"elementor-container elementor-column-gap-default\">\n\t\t\t\t\t<div class=\"elementor-column elementor-col-50 elementor-top-column elementor-element elementor-element-ec18f6a\" data-id=\"ec18f6a\" data-element_type=\"column\">\n\t\t\t<div class=\"elementor-widget-wrap elementor-element-populated\">\n\t\t\t\t\t\t<div class=\"elementor-element elementor-element-d5500f2 elementor-widget elementor-widget-text-editor\" data-id=\"d5500f2\" data-element_type=\"widget\" data-widget_type=\"text-editor.default\">\n\t\t\t\t<div class=\"elementor-widget-container\">\n\t\t\t\t\t\t\t<p><img decoding=\"async\" class=\"aligncenter wp-image-409 size-thumbnail\" src=\"https:\/\/www.ufsm.br\/app\/uploads\/sites\/348\/2023\/04\/folheto_icone-150x150.png\" alt=\"\" width=\"150\" height=\"150\" \/><\/p><p style=\"text-align: center\"><strong>Vers\u00e3o Livreto<\/strong><\/p><p style=\"text-align: center\"><a href=\"https:\/\/online.fliphtml5.com\/zxklx\/rbta\/\" target=\"_blank\" rel=\"noopener\">Relat\u00f3rio de Gest\u00e3o 2019-2022<\/a><\/p><p style=\"text-align: center\"><a href=\"https:\/\/online.fliphtml5.com\/hlxzc\/welo\/#p=1\" target=\"_blank\" rel=\"noopener\">Relat\u00f3rio de Gest\u00e3o 2020-2023<\/a><\/p>\t\t\t\t\t\t<\/div>\n\t\t\t\t<\/div>\n\t\t\t\t\t<\/div>\n\t\t<\/div>\n\t\t\t\t<div class=\"elementor-column elementor-col-50 elementor-top-column elementor-element elementor-element-2071a24\" data-id=\"2071a24\" data-element_type=\"column\">\n\t\t\t<div class=\"elementor-widget-wrap elementor-element-populated\">\n\t\t\t\t\t\t<div class=\"elementor-element elementor-element-97c94e1 elementor-widget elementor-widget-text-editor\" data-id=\"97c94e1\" data-element_type=\"widget\" data-widget_type=\"text-editor.default\">\n\t\t\t\t<div class=\"elementor-widget-container\">\n\t\t\t\t\t\t\t<p><img decoding=\"async\" class=\"aligncenter wp-image-411 size-thumbnail\" src=\"https:\/\/www.ufsm.br\/app\/uploads\/sites\/348\/2023\/04\/pdf_download_logo-1-150x150.png\" alt=\"\" width=\"150\" height=\"150\" \/><\/p><p style=\"text-align: center\"><strong>Download Vers\u00e3o PDF<\/strong><\/p><p style=\"text-align: center\"><a href=\"https:\/\/www.ufsm.br\/app\/uploads\/sites\/348\/2023\/06\/Relatorio-de-Gestao-PRA-2019-2022-Nova-Versao.pdf\" target=\"_blank\" rel=\"noopener\">Relat\u00f3rio de Gest\u00e3o 2019-2022<\/a><\/p><p style=\"text-align: center\"><a href=\"https:\/\/www.ufsm.br\/app\/uploads\/sites\/348\/2025\/02\/Relatorio-PRA-2023-2.pdf\" target=\"_blank\" rel=\"noopener\">Relat\u00f3rio de Gest\u00e3o 2020-2023<\/a><\/p>\t\t\t\t\t\t<\/div>\n\t\t\t\t<\/div>\n\t\t\t\t\t<\/div>\n\t\t<\/div>\n\t\t\t\t\t<\/div>\n\t\t<\/section>\n\t\t\t\t<\/div>\n\t\t","protected":false},"excerpt":{"rendered":"<p>\u00a0 \u00a0 \u00a0 \u00a0 \u00a0 \u00a0 Para fortalecer a transpar\u00eancia na gest\u00e3o p\u00fablica e divulgar as atividades desenvolvidas pela Pr\u00f3-Reitoria de Administra\u00e7\u00e3o (PRA) e seus departamentos, foi elaborado o Relat\u00f3rio de Gest\u00e3o, que re\u00fane as principais a\u00e7\u00f5es e informa\u00e7\u00f5es institucionais. O documento abrange dados da UFSM relacionados \u00e0s atribui\u00e7\u00f5es da PRA, do Departamento de Arquivo [&hellip;]<\/p>\n","protected":false},"author":6742,"featured_media":0,"parent":0,"menu_order":0,"comment_status":"closed","ping_status":"closed","template":"","meta":{"footnotes":""},"categories":[],"tags":[],"class_list":["post-351","page","type-page","status-publish","hentry"],"acf":[],"_links":{"self":[{"href":"https:\/\/www.ufsm.br\/pro-reitorias\/pra\/wp-json\/wp\/v2\/pages\/351","targetHints":{"allow":["GET"]}}],"collection":[{"href":"https:\/\/www.ufsm.br\/pro-reitorias\/pra\/wp-json\/wp\/v2\/pages"}],"about":[{"href":"https:\/\/www.ufsm.br\/pro-reitorias\/pra\/wp-json\/wp\/v2\/types\/page"}],"author":[{"embeddable":true,"href":"https:\/\/www.ufsm.br\/pro-reitorias\/pra\/wp-json\/wp\/v2\/users\/6742"}],"replies":[{"embeddable":true,"href":"https:\/\/www.ufsm.br\/pro-reitorias\/pra\/wp-json\/wp\/v2\/comments?post=351"}],"version-history":[{"count":0,"href":"https:\/\/www.ufsm.br\/pro-reitorias\/pra\/wp-json\/wp\/v2\/pages\/351\/revisions"}],"wp:attachment":[{"href":"https:\/\/www.ufsm.br\/pro-reitorias\/pra\/wp-json\/wp\/v2\/media?parent=351"}],"wp:term":[{"taxonomy":"category","embeddable":true,"href":"https:\/\/www.ufsm.br\/pro-reitorias\/pra\/wp-json\/wp\/v2\/categories?post=351"},{"taxonomy":"post_tag","embeddable":true,"href":"https:\/\/www.ufsm.br\/pro-reitorias\/pra\/wp-json\/wp\/v2\/tags?post=351"}],"curies":[{"name":"wp","href":"https:\/\/api.w.org\/{rel}","templated":true}]}}