{"id":384,"date":"2023-04-04T11:01:29","date_gmt":"2023-04-04T14:01:29","guid":{"rendered":"https:\/\/www.ufsm.br\/pro-reitorias\/pra\/?page_id=384"},"modified":"2023-08-04T11:51:59","modified_gmt":"2023-08-04T14:51:59","slug":"conformidade-legal-de-projetos","status":"publish","type":"page","link":"https:\/\/www.ufsm.br\/pro-reitorias\/pra\/conformidade-legal-de-projetos","title":{"rendered":"Conformidade Legal de Projetos"},"content":{"rendered":"\t\t<div data-elementor-type=\"wp-page\" data-elementor-id=\"384\" class=\"elementor elementor-384\">\n\t\t\t\t\t\t<section class=\"elementor-section elementor-top-section elementor-element elementor-element-6778907 elementor-section-boxed elementor-section-height-default elementor-section-height-default\" data-id=\"6778907\" data-element_type=\"section\">\n\t\t\t\t\t\t<div class=\"elementor-container elementor-column-gap-default\">\n\t\t\t\t\t<div class=\"elementor-column elementor-col-100 elementor-top-column elementor-element elementor-element-ee32026\" data-id=\"ee32026\" data-element_type=\"column\">\n\t\t\t<div class=\"elementor-widget-wrap elementor-element-populated\">\n\t\t\t\t\t\t<div class=\"elementor-element elementor-element-78c9e7e elementor-widget elementor-widget-image\" data-id=\"78c9e7e\" data-element_type=\"widget\" data-widget_type=\"image.default\">\n\t\t\t\t<div class=\"elementor-widget-container\">\n\t\t\t\t\t\t\t\t\t\t\t\t\t<img fetchpriority=\"high\" decoding=\"async\" width=\"1179\" height=\"545\" src=\"https:\/\/www.ufsm.br\/app\/uploads\/sites\/348\/2023\/04\/Conformidade_logo.jpg\" class=\"attachment-full size-full wp-image-483\" alt=\"\" srcset=\"https:\/\/www.ufsm.br\/app\/uploads\/sites\/348\/2023\/04\/Conformidade_logo.jpg 1179w, https:\/\/www.ufsm.br\/app\/uploads\/sites\/348\/2023\/04\/Conformidade_logo-300x139.jpg 300w, https:\/\/www.ufsm.br\/app\/uploads\/sites\/348\/2023\/04\/Conformidade_logo-1024x473.jpg 1024w, https:\/\/www.ufsm.br\/app\/uploads\/sites\/348\/2023\/04\/Conformidade_logo-768x355.jpg 768w\" sizes=\"(max-width: 1179px) 100vw, 1179px\" \/>\t\t\t\t\t\t\t\t\t\t\t\t\t<\/div>\n\t\t\t\t<\/div>\n\t\t\t\t\t<\/div>\n\t\t<\/div>\n\t\t\t\t\t<\/div>\n\t\t<\/section>\n\t\t\t\t<section class=\"elementor-section elementor-top-section elementor-element elementor-element-2d821718 elementor-section-boxed elementor-section-height-default elementor-section-height-default\" data-id=\"2d821718\" data-element_type=\"section\">\n\t\t\t\t\t\t<div class=\"elementor-container elementor-column-gap-default\">\n\t\t\t\t\t<div class=\"elementor-column elementor-col-100 elementor-top-column elementor-element elementor-element-720a70cc\" data-id=\"720a70cc\" data-element_type=\"column\">\n\t\t\t<div class=\"elementor-widget-wrap elementor-element-populated\">\n\t\t\t\t\t\t<div class=\"elementor-element elementor-element-77081e34 elementor-widget elementor-widget-text-editor\" data-id=\"77081e34\" data-element_type=\"widget\" data-widget_type=\"text-editor.default\">\n\t\t\t\t<div class=\"elementor-widget-container\">\n\t\t\t\t\t\t\t<p><!-- wp:tadv\/classic-paragraph --><\/p>\n<p>\u00a0 \u00a0 \u00a0 \u00a0 \u00a0 A PRA por meio da Coordenadoria Administrativa, analisar contratos firmados para execu\u00e7\u00e3o de projetos considerando que \u00e9 de compet\u00eancia da PRA a ordena\u00e7\u00e3o de despesa decorrente dos projetos institucionais (UFSM) formalizados atrav\u00e9s de contratos administrativos, Cabe a esta unidade a an\u00e1lise preliminar da documenta\u00e7\u00e3o que instruir\u00e1 os processos administrativos a fim de verificar a conformidade das informa\u00e7\u00f5es prestadas e atender as legisla\u00e7\u00f5es vigentes.<\/p>\n<p>\u00a0 \u00a0 \u00a0 \u00a0 \u00a0 Dentre as atividades relacionadas aos projetos est\u00e3o: encaminhamento de requerimentos de adequa\u00e7\u00e3o dos projetos para assinatura das autoridades respons\u00e1veis, recebimento de requerimentos de adequa\u00e7\u00e3o de projetos em vig\u00eancia (por e-mail ou PEN-SIE) para sugerir corre\u00e7\u00f5es ou complementa\u00e7\u00f5es em etapas preliminares a autoriza\u00e7\u00e3o do ordenador de despesa da PRA, receber a documenta\u00e7\u00e3o inicial de projetos atrav\u00e9s de e-mail da PROINOVA (para abertura de processo) ou retornado da Procuradoria Jur\u00eddica.\u00a0<\/p>\n<p><!-- \/wp:tadv\/classic-paragraph --><\/p>\t\t\t\t\t\t<\/div>\n\t\t\t\t<\/div>\n\t\t\t\t\t<\/div>\n\t\t<\/div>\n\t\t\t\t\t<\/div>\n\t\t<\/section>\n\t\t\t\t<section class=\"elementor-section elementor-top-section elementor-element elementor-element-7b02a3e elementor-section-boxed elementor-section-height-default elementor-section-height-default\" data-id=\"7b02a3e\" data-element_type=\"section\">\n\t\t\t\t\t\t<div class=\"elementor-container elementor-column-gap-default\">\n\t\t\t\t\t<div class=\"elementor-column elementor-col-100 elementor-top-column elementor-element elementor-element-38434b3\" data-id=\"38434b3\" data-element_type=\"column\">\n\t\t\t<div class=\"elementor-widget-wrap elementor-element-populated\">\n\t\t\t\t\t\t<div class=\"elementor-element elementor-element-e5b92b7 elementor-widget elementor-widget-heading\" data-id=\"e5b92b7\" data-element_type=\"widget\" data-widget_type=\"heading.default\">\n\t\t\t\t<div class=\"elementor-widget-container\">\n\t\t\t<h6 class=\"elementor-heading-title elementor-size-default\">Contato:<\/h6>\t\t<\/div>\n\t\t\t\t<\/div>\n\t\t\t\t\t<\/div>\n\t\t<\/div>\n\t\t\t\t\t<\/div>\n\t\t<\/section>\n\t\t\t\t<section class=\"elementor-section elementor-top-section elementor-element elementor-element-d1066e7 elementor-section-boxed elementor-section-height-default elementor-section-height-default\" data-id=\"d1066e7\" data-element_type=\"section\">\n\t\t\t\t\t\t<div class=\"elementor-container elementor-column-gap-default\">\n\t\t\t\t\t<div class=\"elementor-column elementor-col-100 elementor-top-column elementor-element elementor-element-b6d66b7\" data-id=\"b6d66b7\" data-element_type=\"column\">\n\t\t\t<div class=\"elementor-widget-wrap elementor-element-populated\">\n\t\t\t\t\t\t<div class=\"elementor-element elementor-element-c1c09dc elementor-widget__width-initial elementor-widget elementor-widget-text-editor\" data-id=\"c1c09dc\" data-element_type=\"widget\" data-widget_type=\"text-editor.default\">\n\t\t\t\t<div class=\"elementor-widget-container\">\n\t\t\t\t\t\t\t<p><strong style=\"font-size: 1rem;text-align: var(--bs-body-text-align)\"><em>Cont. Carina Cadaval dos Santos<\/em><\/strong><br><\/p><p><strong><em>Adm. N\u00edkolas Silva da Silveira<\/em><\/strong><\/p>\n<ul>\n<li>\u27df Pr\u00e9dio 47 &#8211; Sala 536&nbsp;<\/li>\n<li>\u260f&nbsp; (55) 3220-8188<\/li>\n<li><img decoding=\"async\" class=\"emoji\" role=\"img\" src=\"https:\/\/s.w.org\/images\/core\/emoji\/14.0.0\/svg\/2709.svg\" alt=\"\u2709\"> &nbsp;<a href=\"mailto:pra@ufsm.br\">pra@ufsm.br<\/a><\/li>\n<\/ul>\t\t\t\t\t\t<\/div>\n\t\t\t\t<\/div>\n\t\t\t\t\t<\/div>\n\t\t<\/div>\n\t\t\t\t\t<\/div>\n\t\t<\/section>\n\t\t\t\t<\/div>\n\t\t","protected":false},"excerpt":{"rendered":"<p>\u00a0 \u00a0 \u00a0 \u00a0 \u00a0 A PRA por meio da Coordenadoria Administrativa, analisar contratos firmados para execu\u00e7\u00e3o de projetos considerando que \u00e9 de compet\u00eancia da PRA a ordena\u00e7\u00e3o de despesa decorrente dos projetos institucionais (UFSM) formalizados atrav\u00e9s de contratos administrativos, Cabe a esta unidade a an\u00e1lise preliminar da documenta\u00e7\u00e3o que instruir\u00e1 os processos administrativos a [&hellip;]<\/p>\n","protected":false},"author":6742,"featured_media":0,"parent":0,"menu_order":0,"comment_status":"closed","ping_status":"closed","template":"","meta":{"footnotes":""},"categories":[],"tags":[],"class_list":["post-384","page","type-page","status-publish","hentry"],"acf":[],"_links":{"self":[{"href":"https:\/\/www.ufsm.br\/pro-reitorias\/pra\/wp-json\/wp\/v2\/pages\/384","targetHints":{"allow":["GET"]}}],"collection":[{"href":"https:\/\/www.ufsm.br\/pro-reitorias\/pra\/wp-json\/wp\/v2\/pages"}],"about":[{"href":"https:\/\/www.ufsm.br\/pro-reitorias\/pra\/wp-json\/wp\/v2\/types\/page"}],"author":[{"embeddable":true,"href":"https:\/\/www.ufsm.br\/pro-reitorias\/pra\/wp-json\/wp\/v2\/users\/6742"}],"replies":[{"embeddable":true,"href":"https:\/\/www.ufsm.br\/pro-reitorias\/pra\/wp-json\/wp\/v2\/comments?post=384"}],"version-history":[{"count":0,"href":"https:\/\/www.ufsm.br\/pro-reitorias\/pra\/wp-json\/wp\/v2\/pages\/384\/revisions"}],"wp:attachment":[{"href":"https:\/\/www.ufsm.br\/pro-reitorias\/pra\/wp-json\/wp\/v2\/media?parent=384"}],"wp:term":[{"taxonomy":"category","embeddable":true,"href":"https:\/\/www.ufsm.br\/pro-reitorias\/pra\/wp-json\/wp\/v2\/categories?post=384"},{"taxonomy":"post_tag","embeddable":true,"href":"https:\/\/www.ufsm.br\/pro-reitorias\/pra\/wp-json\/wp\/v2\/tags?post=384"}],"curies":[{"name":"wp","href":"https:\/\/api.w.org\/{rel}","templated":true}]}}