{"id":39,"date":"2018-03-21T11:04:07","date_gmt":"2018-03-21T14:04:07","guid":{"rendered":"https:\/\/www.ufsm.br\/pro-reitorias\/pra\/?page_id=39"},"modified":"2023-11-29T15:55:24","modified_gmt":"2023-11-29T18:55:24","slug":"relatorio-viagem-internacional","status":"publish","type":"page","link":"https:\/\/www.ufsm.br\/pro-reitorias\/pra\/relatorio-viagem-internacional","title":{"rendered":"Relat\u00f3rio Viagem"},"content":{"rendered":"\t\t<div data-elementor-type=\"wp-page\" data-elementor-id=\"39\" class=\"elementor elementor-39\">\n\t\t\t\t\t\t<section class=\"elementor-section elementor-top-section elementor-element elementor-element-d52f5bc elementor-section-boxed elementor-section-height-default elementor-section-height-default\" data-id=\"d52f5bc\" data-element_type=\"section\">\n\t\t\t\t\t\t<div class=\"elementor-container elementor-column-gap-default\">\n\t\t\t\t\t<div class=\"elementor-column elementor-col-100 elementor-top-column elementor-element elementor-element-389fa8c\" data-id=\"389fa8c\" data-element_type=\"column\">\n\t\t\t<div class=\"elementor-widget-wrap elementor-element-populated\">\n\t\t\t\t\t\t<div class=\"elementor-element elementor-element-8dab0ba elementor-widget elementor-widget-image\" data-id=\"8dab0ba\" data-element_type=\"widget\" data-widget_type=\"image.default\">\n\t\t\t\t<div class=\"elementor-widget-container\">\n\t\t\t\t\t\t\t\t\t\t\t\t\t<img fetchpriority=\"high\" decoding=\"async\" width=\"983\" height=\"385\" src=\"https:\/\/www.ufsm.br\/app\/uploads\/sites\/348\/2023\/04\/imagem_relatorio_viagens-2.jpg\" class=\"attachment-2048x2048 size-2048x2048 wp-image-464\" alt=\"\" srcset=\"https:\/\/www.ufsm.br\/app\/uploads\/sites\/348\/2023\/04\/imagem_relatorio_viagens-2.jpg 983w, https:\/\/www.ufsm.br\/app\/uploads\/sites\/348\/2023\/04\/imagem_relatorio_viagens-2-300x117.jpg 300w, https:\/\/www.ufsm.br\/app\/uploads\/sites\/348\/2023\/04\/imagem_relatorio_viagens-2-768x301.jpg 768w\" sizes=\"(max-width: 983px) 100vw, 983px\" \/>\t\t\t\t\t\t\t\t\t\t\t\t\t<\/div>\n\t\t\t\t<\/div>\n\t\t\t\t\t<\/div>\n\t\t<\/div>\n\t\t\t\t\t<\/div>\n\t\t<\/section>\n\t\t\t\t<section class=\"elementor-section elementor-top-section elementor-element elementor-element-48c634c elementor-section-boxed elementor-section-height-default elementor-section-height-default\" data-id=\"48c634c\" data-element_type=\"section\">\n\t\t\t\t\t\t<div class=\"elementor-container elementor-column-gap-default\">\n\t\t\t\t\t<div class=\"elementor-column elementor-col-100 elementor-top-column elementor-element elementor-element-cf3008f\" data-id=\"cf3008f\" data-element_type=\"column\">\n\t\t\t<div class=\"elementor-widget-wrap elementor-element-populated\">\n\t\t\t\t\t\t<div class=\"elementor-element elementor-element-aabff68 elementor-widget elementor-widget-heading\" data-id=\"aabff68\" data-element_type=\"widget\" data-widget_type=\"heading.default\">\n\t\t\t\t<div class=\"elementor-widget-container\">\n\t\t\t<h6 class=\"elementor-heading-title elementor-size-default\">Formul\u00e1rios para relat\u00f3rio:<\/h6>\t\t<\/div>\n\t\t\t\t<\/div>\n\t\t\t\t\t<\/div>\n\t\t<\/div>\n\t\t\t\t\t<\/div>\n\t\t<\/section>\n\t\t\t\t<section class=\"elementor-section elementor-top-section elementor-element elementor-element-e8db806 elementor-section-boxed elementor-section-height-default elementor-section-height-default\" data-id=\"e8db806\" data-element_type=\"section\">\n\t\t\t\t\t\t<div class=\"elementor-container elementor-column-gap-default\">\n\t\t\t\t\t<div class=\"elementor-column elementor-col-33 elementor-top-column elementor-element elementor-element-cd9ba45\" data-id=\"cd9ba45\" data-element_type=\"column\">\n\t\t\t<div class=\"elementor-widget-wrap elementor-element-populated\">\n\t\t\t\t\t\t<div class=\"elementor-element elementor-element-b5b03cb elementor-widget elementor-widget-image\" data-id=\"b5b03cb\" data-element_type=\"widget\" data-widget_type=\"image.default\">\n\t\t\t\t<div class=\"elementor-widget-container\">\n\t\t\t\t\t\t\t\t\t\t\t\t\t\t<a href=\"https:\/\/www.ufsm.br\/app\/uploads\/sites\/348\/2023\/04\/Relatorio-VIagem-Nacional-3.docx\">\n\t\t\t\t\t\t\t<img decoding=\"async\" width=\"150\" height=\"150\" src=\"https:\/\/www.ufsm.br\/app\/uploads\/sites\/348\/2023\/05\/icone_viagem_nacional2-150x150.jpg\" class=\"elementor-animation-float attachment-thumbnail size-thumbnail wp-image-551\" alt=\"\" \/>\t\t\t\t\t\t\t\t<\/a>\n\t\t\t\t\t\t\t\t\t\t\t\t\t<\/div>\n\t\t\t\t<\/div>\n\t\t\t\t<div class=\"elementor-element elementor-element-ef12872 elementor-widget elementor-widget-text-editor\" data-id=\"ef12872\" data-element_type=\"widget\" data-widget_type=\"text-editor.default\">\n\t\t\t\t<div class=\"elementor-widget-container\">\n\t\t\t\t\t\t\t<h6 style=\"text-align: center\"><strong>Relat\u00f3rio de Viagem Nacional<\/strong><\/h6>\t\t\t\t\t\t<\/div>\n\t\t\t\t<\/div>\n\t\t\t\t\t<\/div>\n\t\t<\/div>\n\t\t\t\t<div class=\"elementor-column elementor-col-33 elementor-top-column elementor-element elementor-element-2a9f8d0\" data-id=\"2a9f8d0\" data-element_type=\"column\">\n\t\t\t<div class=\"elementor-widget-wrap elementor-element-populated\">\n\t\t\t\t\t\t<div class=\"elementor-element elementor-element-906e29e elementor-widget elementor-widget-image\" data-id=\"906e29e\" data-element_type=\"widget\" data-widget_type=\"image.default\">\n\t\t\t\t<div class=\"elementor-widget-container\">\n\t\t\t\t\t\t\t\t\t\t\t\t\t\t<a href=\"https:\/\/www.ufsm.br\/app\/uploads\/sites\/348\/2023\/04\/Relatorio-de-Viagens-Internacional.docx\">\n\t\t\t\t\t\t\t<img decoding=\"async\" width=\"150\" height=\"150\" src=\"https:\/\/www.ufsm.br\/app\/uploads\/sites\/348\/2023\/05\/icone_viagem_internacional2-150x150.jpg\" class=\"elementor-animation-float attachment-thumbnail size-thumbnail wp-image-550\" alt=\"\" \/>\t\t\t\t\t\t\t\t<\/a>\n\t\t\t\t\t\t\t\t\t\t\t\t\t<\/div>\n\t\t\t\t<\/div>\n\t\t\t\t<div class=\"elementor-element elementor-element-c3ab421 elementor-widget elementor-widget-text-editor\" data-id=\"c3ab421\" data-element_type=\"widget\" data-widget_type=\"text-editor.default\">\n\t\t\t\t<div class=\"elementor-widget-container\">\n\t\t\t\t\t\t\t<h6 style=\"text-align: center\"><strong>Relat\u00f3rio de Vigem Internacional<\/strong><\/h6>\t\t\t\t\t\t<\/div>\n\t\t\t\t<\/div>\n\t\t\t\t\t<\/div>\n\t\t<\/div>\n\t\t\t\t<div class=\"elementor-column elementor-col-33 elementor-top-column elementor-element elementor-element-235e1a4\" data-id=\"235e1a4\" data-element_type=\"column\">\n\t\t\t<div class=\"elementor-widget-wrap elementor-element-populated\">\n\t\t\t\t\t\t<div class=\"elementor-element elementor-element-aca4365 elementor-widget elementor-widget-image\" data-id=\"aca4365\" data-element_type=\"widget\" data-widget_type=\"image.default\">\n\t\t\t\t<div class=\"elementor-widget-container\">\n\t\t\t\t\t\t\t\t\t\t\t\t\t\t<a href=\"https:\/\/www.ufsm.br\/app\/uploads\/sites\/348\/2023\/04\/Termo-de-Renuncia-de-diarias-e-ou-passagens-1.docx\">\n\t\t\t\t\t\t\t<img loading=\"lazy\" decoding=\"async\" width=\"150\" height=\"150\" src=\"https:\/\/www.ufsm.br\/app\/uploads\/sites\/348\/2023\/05\/icone_renuncia_passagem2-150x150.jpg\" class=\"elementor-animation-float attachment-thumbnail size-thumbnail wp-image-549\" alt=\"\" \/>\t\t\t\t\t\t\t\t<\/a>\n\t\t\t\t\t\t\t\t\t\t\t\t\t<\/div>\n\t\t\t\t<\/div>\n\t\t\t\t<div class=\"elementor-element elementor-element-6afd1aa elementor-widget elementor-widget-text-editor\" data-id=\"6afd1aa\" data-element_type=\"widget\" data-widget_type=\"text-editor.default\">\n\t\t\t\t<div class=\"elementor-widget-container\">\n\t\t\t\t\t\t\t<h6 style=\"text-align: center\"><strong>Termo de ren\u00fancia de di\u00e1rias e\/ou passagem<\/strong><\/h6>\t\t\t\t\t\t<\/div>\n\t\t\t\t<\/div>\n\t\t\t\t\t<\/div>\n\t\t<\/div>\n\t\t\t\t\t<\/div>\n\t\t<\/section>\n\t\t\t\t<section class=\"elementor-section elementor-top-section elementor-element elementor-element-4c502b28 elementor-section-boxed elementor-section-height-default elementor-section-height-default\" data-id=\"4c502b28\" data-element_type=\"section\">\n\t\t\t\t\t\t<div class=\"elementor-container elementor-column-gap-default\">\n\t\t\t\t\t<div class=\"elementor-column elementor-col-100 elementor-top-column elementor-element elementor-element-5403f60f\" data-id=\"5403f60f\" data-element_type=\"column\">\n\t\t\t<div class=\"elementor-widget-wrap elementor-element-populated\">\n\t\t\t\t\t\t<div class=\"elementor-element elementor-element-329d748 elementor-widget elementor-widget-heading\" data-id=\"329d748\" data-element_type=\"widget\" data-widget_type=\"heading.default\">\n\t\t\t\t<div class=\"elementor-widget-container\">\n\t\t\t<h6 class=\"elementor-heading-title elementor-size-default\">Formul\u00e1rio para relat\u00f3rio de viagem ao exterior, a servi\u00e7o ou com o fim de aperfei\u00e7oamento sem nomea\u00e7\u00e3o ou designa\u00e7\u00e3o:<\/h6>\t\t<\/div>\n\t\t\t\t<\/div>\n\t\t\t\t\t<\/div>\n\t\t<\/div>\n\t\t\t\t\t<\/div>\n\t\t<\/section>\n\t\t\t\t<section class=\"elementor-section elementor-top-section elementor-element elementor-element-e81945d elementor-section-boxed elementor-section-height-default elementor-section-height-default\" data-id=\"e81945d\" data-element_type=\"section\">\n\t\t\t\t\t\t<div class=\"elementor-container elementor-column-gap-default\">\n\t\t\t\t\t<div class=\"elementor-column elementor-col-33 elementor-top-column elementor-element elementor-element-3e91c4e\" data-id=\"3e91c4e\" data-element_type=\"column\">\n\t\t\t<div class=\"elementor-widget-wrap\">\n\t\t\t\t\t\t\t<\/div>\n\t\t<\/div>\n\t\t\t\t<div class=\"elementor-column elementor-col-33 elementor-top-column elementor-element elementor-element-b900222\" data-id=\"b900222\" data-element_type=\"column\">\n\t\t\t<div class=\"elementor-widget-wrap elementor-element-populated\">\n\t\t\t\t\t\t<div class=\"elementor-element elementor-element-c953183 elementor-widget elementor-widget-image\" data-id=\"c953183\" data-element_type=\"widget\" data-settings=\"{&quot;_animation&quot;:&quot;none&quot;}\" data-widget_type=\"image.default\">\n\t\t\t\t<div class=\"elementor-widget-container\">\n\t\t\t\t\t\t\t\t\t\t\t\t\t\t<a href=\"https:\/\/www.ufsm.br\/pro-reitorias\/pra\/wp-content\/uploads\/sites\/348\/2016\/05\/Relatorio_circunstanciado_viagem_internacional.docx\">\n\t\t\t\t\t\t\t<img loading=\"lazy\" decoding=\"async\" width=\"150\" height=\"150\" src=\"https:\/\/www.ufsm.br\/app\/uploads\/sites\/348\/2023\/05\/icone_termo_circunstanciado2-150x150.jpg\" class=\"elementor-animation-float attachment-thumbnail size-thumbnail wp-image-552\" alt=\"\" \/>\t\t\t\t\t\t\t\t<\/a>\n\t\t\t\t\t\t\t\t\t\t\t\t\t<\/div>\n\t\t\t\t<\/div>\n\t\t\t\t<div class=\"elementor-element elementor-element-855e292 elementor-widget elementor-widget-text-editor\" data-id=\"855e292\" data-element_type=\"widget\" data-widget_type=\"text-editor.default\">\n\t\t\t\t<div class=\"elementor-widget-container\">\n\t\t\t\t\t\t\t<h6 style=\"text-align: center\"><strong>Termo Circunstanciado de Viagem Internacional<\/strong><\/h6>\t\t\t\t\t\t<\/div>\n\t\t\t\t<\/div>\n\t\t\t\t\t<\/div>\n\t\t<\/div>\n\t\t\t\t<div class=\"elementor-column elementor-col-33 elementor-top-column elementor-element elementor-element-ed64e57\" data-id=\"ed64e57\" data-element_type=\"column\">\n\t\t\t<div class=\"elementor-widget-wrap\">\n\t\t\t\t\t\t\t<\/div>\n\t\t<\/div>\n\t\t\t\t\t<\/div>\n\t\t<\/section>\n\t\t\t\t<section class=\"elementor-section elementor-top-section elementor-element elementor-element-b89eef5 elementor-section-boxed elementor-section-height-default elementor-section-height-default\" data-id=\"b89eef5\" data-element_type=\"section\">\n\t\t\t\t\t\t<div class=\"elementor-container elementor-column-gap-default\">\n\t\t\t\t\t<div class=\"elementor-column elementor-col-100 elementor-top-column elementor-element elementor-element-ce30317\" data-id=\"ce30317\" data-element_type=\"column\">\n\t\t\t<div class=\"elementor-widget-wrap elementor-element-populated\">\n\t\t\t\t\t\t<div class=\"elementor-element elementor-element-ecbc7e5 elementor-widget elementor-widget-spacer\" data-id=\"ecbc7e5\" data-element_type=\"widget\" data-widget_type=\"spacer.default\">\n\t\t\t\t<div class=\"elementor-widget-container\">\n\t\t\t\t\t<div class=\"elementor-spacer\">\n\t\t\t<div class=\"elementor-spacer-inner\"><\/div>\n\t\t<\/div>\n\t\t\t\t<\/div>\n\t\t\t\t<\/div>\n\t\t\t\t<div class=\"elementor-element elementor-element-d0b410f elementor-widget elementor-widget-heading\" data-id=\"d0b410f\" data-element_type=\"widget\" data-widget_type=\"heading.default\">\n\t\t\t\t<div class=\"elementor-widget-container\">\n\t\t\t<h6 class=\"elementor-heading-title elementor-size-default\">Valores das di\u00e1rias (UFSM):<\/h6>\t\t<\/div>\n\t\t\t\t<\/div>\n\t\t\t\t<div class=\"elementor-element elementor-element-a123d8a elementor-widget elementor-widget-text-editor\" data-id=\"a123d8a\" data-element_type=\"widget\" data-widget_type=\"text-editor.default\">\n\t\t\t\t<div class=\"elementor-widget-container\">\n\t\t\t\t\t\t\t<table style=\"width: 109.26%;height: 241px\"><tbody><tr style=\"height: 66px\"><td style=\"text-align: center;height: 66px\" width=\"123\"><h6><span style=\"font-size: 8pt\"><strong>Classifica\u00e7\u00e3o\/ Cargo<\/strong><\/span><\/h6><\/td><td style=\"text-align: center;height: 66px\" width=\"195\"><h6><span style=\"font-size: 8pt\"><strong>Deslocamento para Bras\u00edlia\/Manaus\/Rio de Janeiro\/S\u00e3o Paulo<\/strong><\/span><\/h6><\/td><td style=\"text-align: center;height: 66px\" width=\"164\"><h6><span style=\"font-size: 8pt\"><strong>Deslocamento para outras capitais de Estados<\/strong><\/span><\/h6><\/td><td style=\"text-align: center;height: 66px\" width=\"123\"><h6><span style=\"font-size: 8pt\"><strong>Demais deslocamentos (interior)<\/strong><\/span><\/h6><\/td><\/tr><tr style=\"height: 89px\"><td style=\"height: 89px\" width=\"123\"><h6><span style=\"font-size: 8pt\">\u00b7\u00a0\u00a0\u00a0 Reitor;<\/span><\/h6><h6><span style=\"font-size: 8pt\">\u00b7\u00a0\u00a0\u00a0 Demais CD&#8217;s<\/span><\/h6><\/td><td style=\"text-align: center;height: 89px\" width=\"195\"><h6><span style=\"font-size: 8pt\">R$ 433,49<\/span><\/h6><\/td><td style=\"text-align: center;height: 89px\" width=\"164\"><h6><span style=\"font-size: 8pt\">R$ 387,86<\/span><\/h6><\/td><td style=\"text-align: center;height: 89px\" width=\"123\"><h6><span style=\"font-size: 8pt\">R$ 342,26<\/span><\/h6><\/td><\/tr><tr style=\"height: 86px\"><td style=\"height: 86px\" width=\"123\"><h6><span style=\"font-size: 8pt\">\u00b7\u00a0\u00a0\u00a0 FG&#8217;s;<\/span><\/h6><h6><span style=\"font-size: 8pt\">\u00b7\u00a0\u00a0\u00a0 Demais Cargos<\/span><\/h6><\/td><td style=\"text-align: center;height: 86px\" width=\"195\"><h6><span style=\"font-size: 8pt\">R$ 381,14<\/span><\/h6><\/td><td style=\"text-align: center;height: 86px\" width=\"164\"><h6><span style=\"font-size: 8pt\">R$ 314,02<\/span><\/h6><\/td><td style=\"text-align: center;height: 86px\" width=\"123\"><h6><span style=\"font-size: 8pt\">R$ 300,90<\/span><\/h6><\/td><\/tr><\/tbody><\/table><h6>\u00a0\u00a0<\/h6><p>\u00a0<\/p>\t\t\t\t\t\t<\/div>\n\t\t\t\t<\/div>\n\t\t\t\t\t<\/div>\n\t\t<\/div>\n\t\t\t\t\t<\/div>\n\t\t<\/section>\n\t\t\t\t<section class=\"elementor-section elementor-top-section elementor-element elementor-element-33e0d69 elementor-section-boxed elementor-section-height-default elementor-section-height-default\" data-id=\"33e0d69\" data-element_type=\"section\">\n\t\t\t\t\t\t<div class=\"elementor-container elementor-column-gap-default\">\n\t\t\t\t\t<div class=\"elementor-column elementor-col-100 elementor-top-column elementor-element elementor-element-6bd1bd1\" data-id=\"6bd1bd1\" data-element_type=\"column\">\n\t\t\t<div class=\"elementor-widget-wrap elementor-element-populated\">\n\t\t\t\t\t\t<div class=\"elementor-element elementor-element-3ddf955 elementor-widget elementor-widget-heading\" data-id=\"3ddf955\" data-element_type=\"widget\" data-widget_type=\"heading.default\">\n\t\t\t\t<div class=\"elementor-widget-container\">\n\t\t\t<h6 class=\"elementor-heading-title elementor-size-default\">Documentos Relacionados:<\/h6>\t\t<\/div>\n\t\t\t\t<\/div>\n\t\t\t\t\t<\/div>\n\t\t<\/div>\n\t\t\t\t\t<\/div>\n\t\t<\/section>\n\t\t\t\t<section class=\"elementor-section elementor-top-section elementor-element elementor-element-8d36365 elementor-section-boxed elementor-section-height-default elementor-section-height-default\" data-id=\"8d36365\" data-element_type=\"section\">\n\t\t\t\t\t\t<div class=\"elementor-container elementor-column-gap-default\">\n\t\t\t\t\t<div class=\"elementor-column elementor-col-100 elementor-top-column elementor-element elementor-element-3146ef0\" data-id=\"3146ef0\" data-element_type=\"column\">\n\t\t\t<div class=\"elementor-widget-wrap elementor-element-populated\">\n\t\t\t\t\t\t<div class=\"elementor-element elementor-element-40eb86b elementor-widget elementor-widget-text-editor\" data-id=\"40eb86b\" data-element_type=\"widget\" data-widget_type=\"text-editor.default\">\n\t\t\t\t<div class=\"elementor-widget-container\">\n\t\t\t\t\t\t\t<div style=\"color: #000000;font-size: 16px\">\u00a0<\/div><h6 style=\"font-size: 1rem;color: #000000\"><span style=\"font-weight: bolder\">*Texto Original: Decreto n\u00ba 5.992 \/2006:\u00a0<\/span>\u00a0<a style=\"color: #204c90\" href=\"http:\/\/www.planalto.gov.br\/ccivil_03\/_ato2004-2006\/2006\/decreto\/d5992.htm\">http:\/\/www.planalto.gov.br\/ccivil_03\/_ato2004-2006\/2006\/decreto\/d5992.htm<\/a><\/h6><h6 style=\"font-size: 1rem;color: #000000\"><span style=\"font-weight: bolder\">*Alterado pelo Decreto n\u00ba 11.117, de 2022:\u00a0<\/span><a style=\"color: #204c90\" href=\"http:\/\/www.planalto.gov.br\/ccivil_03\/_Ato2019-2022\/2022\/Decreto\/D11117.htm#art3\">http:\/\/www.planalto.gov.br\/ccivil_03\/_Ato2019-2022\/2022\/Decreto\/D11117.htm#art3<\/a><\/h6>\t\t\t\t\t\t<\/div>\n\t\t\t\t<\/div>\n\t\t\t\t\t<\/div>\n\t\t<\/div>\n\t\t\t\t\t<\/div>\n\t\t<\/section>\n\t\t\t\t<\/div>\n\t\t","protected":false},"excerpt":{"rendered":"<p>Formul\u00e1rios para relat\u00f3rio: Relat\u00f3rio de Viagem Nacional Relat\u00f3rio de Vigem Internacional Termo de ren\u00fancia de di\u00e1rias e\/ou passagem Formul\u00e1rio para relat\u00f3rio de viagem ao exterior, a servi\u00e7o ou com o fim de aperfei\u00e7oamento sem nomea\u00e7\u00e3o ou designa\u00e7\u00e3o: Termo Circunstanciado de Viagem Internacional Valores das di\u00e1rias (UFSM): Classifica\u00e7\u00e3o\/ Cargo Deslocamento para Bras\u00edlia\/Manaus\/Rio de Janeiro\/S\u00e3o Paulo Deslocamento [&hellip;]<\/p>\n","protected":false},"author":74,"featured_media":0,"parent":0,"menu_order":0,"comment_status":"closed","ping_status":"closed","template":"","meta":{"footnotes":""},"categories":[],"tags":[],"class_list":["post-39","page","type-page","status-publish","hentry"],"acf":[],"_links":{"self":[{"href":"https:\/\/www.ufsm.br\/pro-reitorias\/pra\/wp-json\/wp\/v2\/pages\/39","targetHints":{"allow":["GET"]}}],"collection":[{"href":"https:\/\/www.ufsm.br\/pro-reitorias\/pra\/wp-json\/wp\/v2\/pages"}],"about":[{"href":"https:\/\/www.ufsm.br\/pro-reitorias\/pra\/wp-json\/wp\/v2\/types\/page"}],"author":[{"embeddable":true,"href":"https:\/\/www.ufsm.br\/pro-reitorias\/pra\/wp-json\/wp\/v2\/users\/74"}],"replies":[{"embeddable":true,"href":"https:\/\/www.ufsm.br\/pro-reitorias\/pra\/wp-json\/wp\/v2\/comments?post=39"}],"version-history":[{"count":0,"href":"https:\/\/www.ufsm.br\/pro-reitorias\/pra\/wp-json\/wp\/v2\/pages\/39\/revisions"}],"wp:attachment":[{"href":"https:\/\/www.ufsm.br\/pro-reitorias\/pra\/wp-json\/wp\/v2\/media?parent=39"}],"wp:term":[{"taxonomy":"category","embeddable":true,"href":"https:\/\/www.ufsm.br\/pro-reitorias\/pra\/wp-json\/wp\/v2\/categories?post=39"},{"taxonomy":"post_tag","embeddable":true,"href":"https:\/\/www.ufsm.br\/pro-reitorias\/pra\/wp-json\/wp\/v2\/tags?post=39"}],"curies":[{"name":"wp","href":"https:\/\/api.w.org\/{rel}","templated":true}]}}