{"id":43,"date":"2018-03-21T11:09:07","date_gmt":"2018-03-21T14:09:07","guid":{"rendered":"https:\/\/www.ufsm.br\/pro-reitorias\/pra\/?page_id=43"},"modified":"2023-04-20T15:12:08","modified_gmt":"2023-04-20T18:12:08","slug":"formulario-de-concessao-de-diarias-e-ou-passagens","status":"publish","type":"page","link":"https:\/\/www.ufsm.br\/pro-reitorias\/pra\/formulario-de-concessao-de-diarias-e-ou-passagens","title":{"rendered":"Solicita\u00e7\u00e3o de passagens rodovi\u00e1rias"},"content":{"rendered":"\t\t<div data-elementor-type=\"wp-page\" data-elementor-id=\"43\" class=\"elementor elementor-43\">\n\t\t\t\t\t\t<section class=\"elementor-section elementor-top-section elementor-element elementor-element-67e10fde elementor-section-boxed elementor-section-height-default elementor-section-height-default\" data-id=\"67e10fde\" data-element_type=\"section\">\n\t\t\t\t\t\t<div class=\"elementor-container elementor-column-gap-default\">\n\t\t\t\t\t<div class=\"elementor-column elementor-col-100 elementor-top-column elementor-element elementor-element-574b93a0\" data-id=\"574b93a0\" data-element_type=\"column\">\n\t\t\t<div class=\"elementor-widget-wrap elementor-element-populated\">\n\t\t\t\t\t\t<div class=\"elementor-element elementor-element-7a8e9a4b elementor-widget elementor-widget-text-editor\" data-id=\"7a8e9a4b\" data-element_type=\"widget\" data-widget_type=\"text-editor.default\">\n\t\t\t\t<div class=\"elementor-widget-container\">\n\t\t\t\t\t\t\t<p style=\"text-align: center\"><strong>Acompanhe a nova sistem\u00e1tica para solicita\u00e7\u00e3o de Passagens Rodovi\u00e1rias clicando na imagem abaixo:<\/strong><\/p>\n<p><!-- wp:tadv\/classic-paragraph --><\/p>\n<p><!-- \/wp:tadv\/classic-paragraph --><\/p>\t\t\t\t\t\t<\/div>\n\t\t\t\t<\/div>\n\t\t\t\t\t<\/div>\n\t\t<\/div>\n\t\t\t\t\t<\/div>\n\t\t<\/section>\n\t\t\t\t<section class=\"elementor-section elementor-top-section elementor-element elementor-element-5e6f269 elementor-section-boxed elementor-section-height-default elementor-section-height-default\" data-id=\"5e6f269\" data-element_type=\"section\">\n\t\t\t\t\t\t<div class=\"elementor-container elementor-column-gap-default\">\n\t\t\t\t\t<div class=\"elementor-column elementor-col-100 elementor-top-column elementor-element elementor-element-9254917\" data-id=\"9254917\" data-element_type=\"column\">\n\t\t\t<div class=\"elementor-widget-wrap elementor-element-populated\">\n\t\t\t\t\t\t<div class=\"elementor-element elementor-element-c364882 elementor-widget elementor-widget-image\" data-id=\"c364882\" data-element_type=\"widget\" data-widget_type=\"image.default\">\n\t\t\t\t<div class=\"elementor-widget-container\">\n\t\t\t\t\t\t\t\t\t\t\t\t\t\t<a href=\"https:\/\/www.ufsm.br\/orgaos-executivos\/demapa\/2019\/05\/13\/reiterando-a-nova-sistematica-para-solicitacao-de-passagens-rodoviarias\/\">\n\t\t\t\t\t\t\t<img fetchpriority=\"high\" decoding=\"async\" width=\"915\" height=\"502\" src=\"https:\/\/www.ufsm.br\/app\/uploads\/sites\/348\/2023\/04\/Passagens-Rodoviarias.jpg\" class=\"elementor-animation-float attachment-large size-large wp-image-460\" alt=\"\" srcset=\"https:\/\/www.ufsm.br\/app\/uploads\/sites\/348\/2023\/04\/Passagens-Rodoviarias.jpg 915w, https:\/\/www.ufsm.br\/app\/uploads\/sites\/348\/2023\/04\/Passagens-Rodoviarias-300x165.jpg 300w, https:\/\/www.ufsm.br\/app\/uploads\/sites\/348\/2023\/04\/Passagens-Rodoviarias-768x421.jpg 768w\" sizes=\"(max-width: 915px) 100vw, 915px\" \/>\t\t\t\t\t\t\t\t<\/a>\n\t\t\t\t\t\t\t\t\t\t\t\t\t<\/div>\n\t\t\t\t<\/div>\n\t\t\t\t\t<\/div>\n\t\t<\/div>\n\t\t\t\t\t<\/div>\n\t\t<\/section>\n\t\t\t\t<\/div>\n\t\t","protected":false},"excerpt":{"rendered":"<p>Acompanhe a nova sistem\u00e1tica para solicita\u00e7\u00e3o de Passagens Rodovi\u00e1rias clicando na imagem abaixo:<\/p>\n","protected":false},"author":74,"featured_media":0,"parent":0,"menu_order":0,"comment_status":"closed","ping_status":"closed","template":"","meta":{"footnotes":""},"categories":[],"tags":[],"class_list":["post-43","page","type-page","status-publish","hentry"],"acf":[],"_links":{"self":[{"href":"https:\/\/www.ufsm.br\/pro-reitorias\/pra\/wp-json\/wp\/v2\/pages\/43","targetHints":{"allow":["GET"]}}],"collection":[{"href":"https:\/\/www.ufsm.br\/pro-reitorias\/pra\/wp-json\/wp\/v2\/pages"}],"about":[{"href":"https:\/\/www.ufsm.br\/pro-reitorias\/pra\/wp-json\/wp\/v2\/types\/page"}],"author":[{"embeddable":true,"href":"https:\/\/www.ufsm.br\/pro-reitorias\/pra\/wp-json\/wp\/v2\/users\/74"}],"replies":[{"embeddable":true,"href":"https:\/\/www.ufsm.br\/pro-reitorias\/pra\/wp-json\/wp\/v2\/comments?post=43"}],"version-history":[{"count":0,"href":"https:\/\/www.ufsm.br\/pro-reitorias\/pra\/wp-json\/wp\/v2\/pages\/43\/revisions"}],"wp:attachment":[{"href":"https:\/\/www.ufsm.br\/pro-reitorias\/pra\/wp-json\/wp\/v2\/media?parent=43"}],"wp:term":[{"taxonomy":"category","embeddable":true,"href":"https:\/\/www.ufsm.br\/pro-reitorias\/pra\/wp-json\/wp\/v2\/categories?post=43"},{"taxonomy":"post_tag","embeddable":true,"href":"https:\/\/www.ufsm.br\/pro-reitorias\/pra\/wp-json\/wp\/v2\/tags?post=43"}],"curies":[{"name":"wp","href":"https:\/\/api.w.org\/{rel}","templated":true}]}}