{"id":430,"date":"2022-05-25T11:20:44","date_gmt":"2022-05-25T14:20:44","guid":{"rendered":"https:\/\/www.ufsm.br\/pro-reitorias\/prae\/ceu\/?page_id=430"},"modified":"2022-06-09T12:00:17","modified_gmt":"2022-06-09T15:00:17","slug":"atencao-psicologica","status":"publish","type":"page","link":"https:\/\/www.ufsm.br\/pro-reitorias\/prae\/ceu\/atencao-psicologica","title":{"rendered":"Aten\u00e7\u00e3o Psicol\u00f3gica"},"content":{"rendered":"\t\t<div data-elementor-type=\"wp-page\" data-elementor-id=\"430\" class=\"elementor elementor-430\">\n\t\t\t\t\t\t<section class=\"elementor-section elementor-top-section elementor-element elementor-element-51aad3f elementor-section-boxed elementor-section-height-default elementor-section-height-default\" data-id=\"51aad3f\" data-element_type=\"section\">\n\t\t\t\t\t\t<div class=\"elementor-container elementor-column-gap-default\">\n\t\t\t\t\t<div class=\"elementor-column elementor-col-100 elementor-top-column elementor-element elementor-element-0ed8a80\" data-id=\"0ed8a80\" data-element_type=\"column\">\n\t\t\t<div class=\"elementor-widget-wrap elementor-element-populated\">\n\t\t\t\t\t\t<div class=\"elementor-element elementor-element-095d266 elementor-widget elementor-widget-heading\" data-id=\"095d266\" data-element_type=\"widget\" data-widget_type=\"heading.default\">\n\t\t\t\t<div class=\"elementor-widget-container\">\n\t\t\t<h5 class=\"elementor-heading-title elementor-size-default\">Acolhimento Psicol\u00f3gico Presencial<\/h5>\t\t<\/div>\n\t\t\t\t<\/div>\n\t\t\t\t<div class=\"elementor-element elementor-element-0b8ae81 elementor-align-center elementor-widget elementor-widget-button\" data-id=\"0b8ae81\" data-element_type=\"widget\" data-widget_type=\"button.default\">\n\t\t\t\t<div class=\"elementor-widget-container\">\n\t\t\t\t\t\t\t<div class=\"elementor-button-wrapper\">\n\t\t\t\t\t<a class=\"elementor-button elementor-button-link elementor-size-sm\" href=\"https:\/\/www.ufsm.br\/pro-reitorias\/prae\/servicos\/acolhimento-psicologico-presencial\/\">\n\t\t\t\t\t\t<span class=\"elementor-button-content-wrapper\">\n\t\t\t\t\t\t\t\t\t<span class=\"elementor-button-text\">Clique aqui<\/span>\n\t\t\t\t\t<\/span>\n\t\t\t\t\t<\/a>\n\t\t\t\t<\/div>\n\t\t\t\t\t\t<\/div>\n\t\t\t\t<\/div>\n\t\t\t\t<div class=\"elementor-element elementor-element-422febc elementor-widget elementor-widget-heading\" data-id=\"422febc\" data-element_type=\"widget\" data-widget_type=\"heading.default\">\n\t\t\t\t<div class=\"elementor-widget-container\">\n\t\t\t<h6 class=\"elementor-heading-title elementor-size-default\">Descri\u00e7\u00e3o:<\/h6>\t\t<\/div>\n\t\t\t\t<\/div>\n\t\t\t\t<div class=\"elementor-element elementor-element-3f81e88 elementor-widget elementor-widget-text-editor\" data-id=\"3f81e88\" data-element_type=\"widget\" data-widget_type=\"text-editor.default\">\n\t\t\t\t<div class=\"elementor-widget-container\">\n\t\t\t\t\t\t\t<p>Escuta psicol\u00f3gica de acad\u00eamicos(as)<strong> residentes das Casas do Estudante Universit\u00e1rio (CEUs),<\/strong> que estejam em sofrimento ps\u00edquico.<\/p><p><em>Como encaminhar: <\/em>\u00c9 necess\u00e1rio haver encaminhamento de um servidor, que deve preencher o formul\u00e1rio no link <strong><a href=\"https:\/\/forms.gle\/ubnhE9v1tcAZZEv78\">https:\/\/forms.gle\/ubnhE9v1tcAZZEv78<\/a><\/strong> com a identifica\u00e7\u00e3o dos dados do servidor, dos dados do acad\u00eamico encaminhado, bem como, com o motivo do encaminhamento.<\/p><p><em>Quem pode encaminhar:<\/em><\/p><ol><li>Profissionais da <em>Unidade de Aten\u00e7\u00e3o Prim\u00e1ria \u00e0 Sa\u00fade da Casa do Estudante Universit\u00e1rio <\/em><\/li><li>Profissionais do <em>Servi\u00e7o de Acompanhamento \u00e0 Moradia Estudantil<\/em> (SAME)<\/li><li>Profissionais do Suporte Emocional do SATIE<\/li><li>Profissionais servidores das Unidades da UFSM (docentes e TAEs)<\/li><\/ol>\t\t\t\t\t\t<\/div>\n\t\t\t\t<\/div>\n\t\t\t\t<div class=\"elementor-element elementor-element-0e86ae2 elementor-widget elementor-widget-heading\" data-id=\"0e86ae2\" data-element_type=\"widget\" data-widget_type=\"heading.default\">\n\t\t\t\t<div class=\"elementor-widget-container\">\n\t\t\t<h6 class=\"elementor-heading-title elementor-size-default\">P\u00fablico Alvo:<\/h6>\t\t<\/div>\n\t\t\t\t<\/div>\n\t\t\t\t<div class=\"elementor-element elementor-element-ca49d23 elementor-widget elementor-widget-text-editor\" data-id=\"ca49d23\" data-element_type=\"widget\" data-widget_type=\"text-editor.default\">\n\t\t\t\t<div class=\"elementor-widget-container\">\n\t\t\t\t\t\t\t<p>Estudantes com Benef\u00edcio Socioecon\u00f4mico (BSE); moradores das Casas do Estudante Universit\u00e1rio (CEUs).<\/p>\t\t\t\t\t\t<\/div>\n\t\t\t\t<\/div>\n\t\t\t\t<div class=\"elementor-element elementor-element-ebbeec6 elementor-widget elementor-widget-heading\" data-id=\"ebbeec6\" data-element_type=\"widget\" data-widget_type=\"heading.default\">\n\t\t\t\t<div class=\"elementor-widget-container\">\n\t\t\t<h6 class=\"elementor-heading-title elementor-size-default\">Contato:<\/h6>\t\t<\/div>\n\t\t\t\t<\/div>\n\t\t\t\t<div class=\"elementor-element elementor-element-6531e8a elementor-widget elementor-widget-text-editor\" data-id=\"6531e8a\" data-element_type=\"widget\" data-widget_type=\"text-editor.default\">\n\t\t\t\t<div class=\"elementor-widget-container\">\n\t\t\t\t\t\t\t<p><strong>Setor: <\/strong>Setor de Aten\u00e7\u00e3o Integral ao Estudante<\/p><p><strong>E-mail: <\/strong><span id=\"cloak66040\"><a class=\"notranslate\" href=\"mailto:satieprae@ufsm.br\">satieprae@gmail.com<\/a><\/span> \/ <a href=\"https:\/\/www.facebook.com\/profile.php?id=100010315385568&amp;fref=ts\">Facebook SATIE<\/a> \/ Instagram: @satie.prae \/ Skype: SATIE PRAE<\/p><p><strong>Telefone: <\/strong>(55) 3220 9535 \/ (55) 99193 0455 (WhatsApp)<\/p><p><strong>Endere\u00e7o: <\/strong>Pr\u00e9dio da Uni\u00e3o Universit\u00e1ria (2\u00ba andar), Campus Central da UFSM.<\/p>\t\t\t\t\t\t<\/div>\n\t\t\t\t<\/div>\n\t\t\t\t\t<\/div>\n\t\t<\/div>\n\t\t\t\t\t<\/div>\n\t\t<\/section>\n\t\t\t\t<\/div>\n\t\t","protected":false},"excerpt":{"rendered":"<p>Acolhimento Psicol\u00f3gico Presencial Clique aqui Descri\u00e7\u00e3o: Escuta psicol\u00f3gica de acad\u00eamicos(as) residentes das Casas do Estudante Universit\u00e1rio (CEUs), que estejam em sofrimento ps\u00edquico. Como encaminhar: \u00c9 necess\u00e1rio haver encaminhamento de um servidor, que deve preencher o formul\u00e1rio no link https:\/\/forms.gle\/ubnhE9v1tcAZZEv78 com a identifica\u00e7\u00e3o dos dados do servidor, dos dados do acad\u00eamico encaminhado, bem como, com o [&hellip;]<\/p>\n","protected":false},"author":4096,"featured_media":0,"parent":0,"menu_order":0,"comment_status":"closed","ping_status":"closed","template":"","meta":{"footnotes":""},"categories":[],"tags":[],"class_list":["post-430","page","type-page","status-publish","hentry"],"acf":[],"_links":{"self":[{"href":"https:\/\/www.ufsm.br\/pro-reitorias\/prae\/ceu\/wp-json\/wp\/v2\/pages\/430","targetHints":{"allow":["GET"]}}],"collection":[{"href":"https:\/\/www.ufsm.br\/pro-reitorias\/prae\/ceu\/wp-json\/wp\/v2\/pages"}],"about":[{"href":"https:\/\/www.ufsm.br\/pro-reitorias\/prae\/ceu\/wp-json\/wp\/v2\/types\/page"}],"author":[{"embeddable":true,"href":"https:\/\/www.ufsm.br\/pro-reitorias\/prae\/ceu\/wp-json\/wp\/v2\/users\/4096"}],"replies":[{"embeddable":true,"href":"https:\/\/www.ufsm.br\/pro-reitorias\/prae\/ceu\/wp-json\/wp\/v2\/comments?post=430"}],"version-history":[{"count":0,"href":"https:\/\/www.ufsm.br\/pro-reitorias\/prae\/ceu\/wp-json\/wp\/v2\/pages\/430\/revisions"}],"wp:attachment":[{"href":"https:\/\/www.ufsm.br\/pro-reitorias\/prae\/ceu\/wp-json\/wp\/v2\/media?parent=430"}],"wp:term":[{"taxonomy":"category","embeddable":true,"href":"https:\/\/www.ufsm.br\/pro-reitorias\/prae\/ceu\/wp-json\/wp\/v2\/categories?post=430"},{"taxonomy":"post_tag","embeddable":true,"href":"https:\/\/www.ufsm.br\/pro-reitorias\/prae\/ceu\/wp-json\/wp\/v2\/tags?post=430"}],"curies":[{"name":"wp","href":"https:\/\/api.w.org\/{rel}","templated":true}]}}