{"id":439,"date":"2022-06-01T09:53:53","date_gmt":"2022-06-01T12:53:53","guid":{"rendered":"https:\/\/www.ufsm.br\/pro-reitorias\/prae\/ceu\/?page_id=439"},"modified":"2025-02-14T11:14:20","modified_gmt":"2025-02-14T14:14:20","slug":"guia-para-novos-ingressantes-na-moradia-estudantil","status":"publish","type":"page","link":"https:\/\/www.ufsm.br\/pro-reitorias\/prae\/ceu\/guia-para-novos-ingressantes-na-moradia-estudantil","title":{"rendered":"Guia para novos ingressantes na moradia estudantil"},"content":{"rendered":"\t\t<div data-elementor-type=\"wp-page\" data-elementor-id=\"439\" class=\"elementor elementor-439\">\n\t\t\t\t\t\t<section class=\"elementor-section elementor-top-section elementor-element elementor-element-54f871d elementor-section-boxed elementor-section-height-default elementor-section-height-default\" data-id=\"54f871d\" data-element_type=\"section\">\n\t\t\t\t\t\t<div class=\"elementor-container elementor-column-gap-default\">\n\t\t\t\t\t<div class=\"elementor-column elementor-col-50 elementor-top-column elementor-element elementor-element-93fe7a1\" data-id=\"93fe7a1\" data-element_type=\"column\">\n\t\t\t<div class=\"elementor-widget-wrap elementor-element-populated\">\n\t\t\t\t\t\t<div class=\"elementor-element elementor-element-00e853d elementor-widget elementor-widget-text-editor\" data-id=\"00e853d\" data-element_type=\"widget\" data-widget_type=\"text-editor.default\">\n\t\t\t\t<div class=\"elementor-widget-container\">\n\t\t\t\t\t\t\t<p><span style=\"color: #000000;font-size: 1rem;font-weight: var( --e-global-typography-text-font-weight );text-align: var(--bs-body-text-align)\">A cada per\u00edodo de inscri\u00e7\u00e3o do edital de processo seletivo para a casa de estudante, ap\u00f3s o resultado final, s\u00e3o publicadas listas de chamada com a matr\u00edcula dos(das) estudantes para ingresso na moradia estudantil. O(a) estudante convocado(a) poder\u00e1 ingressar imediatamente em alojamento provis\u00f3rio. Os alojamentos provis\u00f3rios s\u00e3o espa\u00e7os de uso coletivo e compartilhado com quartos amplos que possuem camas beliches e arm\u00e1rios, al\u00e9m de banheiro e cozinha de uso coletivo. Para o alojamento provis\u00f3rio o(a) estudante dever\u00e1 trazer colch\u00e3o e demais pertences de uso pessoal (material de higiene, prato, copo, talher, etc&#8230;).<\/span><\/p>\t\t\t\t\t\t<\/div>\n\t\t\t\t<\/div>\n\t\t\t\t\t<\/div>\n\t\t<\/div>\n\t\t\t\t<div class=\"elementor-column elementor-col-50 elementor-top-column elementor-element elementor-element-84492d6\" data-id=\"84492d6\" data-element_type=\"column\">\n\t\t\t<div class=\"elementor-widget-wrap elementor-element-populated\">\n\t\t\t\t\t\t<div class=\"elementor-element elementor-element-80da509 elementor-widget elementor-widget-image\" data-id=\"80da509\" data-element_type=\"widget\" data-widget_type=\"image.default\">\n\t\t\t\t<div class=\"elementor-widget-container\">\n\t\t\t\t\t\t\t\t\t\t\t\t\t<img fetchpriority=\"high\" decoding=\"async\" width=\"1024\" height=\"724\" src=\"https:\/\/www.ufsm.br\/app\/uploads\/sites\/764\/2024\/09\/prae-a4-1-1024x724.png\" class=\"attachment-large size-large wp-image-596\" alt=\"\" srcset=\"https:\/\/www.ufsm.br\/app\/uploads\/sites\/764\/2024\/09\/prae-a4-1-1024x724.png 1024w, https:\/\/www.ufsm.br\/app\/uploads\/sites\/764\/2024\/09\/prae-a4-1-300x212.png 300w, https:\/\/www.ufsm.br\/app\/uploads\/sites\/764\/2024\/09\/prae-a4-1-768x543.png 768w, https:\/\/www.ufsm.br\/app\/uploads\/sites\/764\/2024\/09\/prae-a4-1-1536x1086.png 1536w, https:\/\/www.ufsm.br\/app\/uploads\/sites\/764\/2024\/09\/prae-a4-1.png 2000w\" sizes=\"(max-width: 1024px) 100vw, 1024px\" \/>\t\t\t\t\t\t\t\t\t\t\t\t\t<\/div>\n\t\t\t\t<\/div>\n\t\t\t\t\t<\/div>\n\t\t<\/div>\n\t\t\t\t\t<\/div>\n\t\t<\/section>\n\t\t\t\t<section class=\"elementor-section elementor-top-section elementor-element elementor-element-5c12cee elementor-section-boxed elementor-section-height-default elementor-section-height-default\" data-id=\"5c12cee\" data-element_type=\"section\">\n\t\t\t\t\t\t<div class=\"elementor-container elementor-column-gap-default\">\n\t\t\t\t\t<div class=\"elementor-column elementor-col-50 elementor-top-column elementor-element elementor-element-2bf157d\" data-id=\"2bf157d\" data-element_type=\"column\">\n\t\t\t<div class=\"elementor-widget-wrap elementor-element-populated\">\n\t\t\t\t\t\t<div class=\"elementor-element elementor-element-7f10f4c elementor-widget elementor-widget-image\" data-id=\"7f10f4c\" data-element_type=\"widget\" data-widget_type=\"image.default\">\n\t\t\t\t<div class=\"elementor-widget-container\">\n\t\t\t\t\t\t\t\t\t\t\t\t\t<img decoding=\"async\" width=\"1024\" height=\"683\" src=\"https:\/\/www.ufsm.br\/app\/uploads\/sites\/764\/2022\/06\/Fotografo-Felippe-Richardt-1-1024x683-1.jpg\" class=\"attachment-large size-large wp-image-443\" alt=\"\" srcset=\"https:\/\/www.ufsm.br\/app\/uploads\/sites\/764\/2022\/06\/Fotografo-Felippe-Richardt-1-1024x683-1.jpg 1024w, https:\/\/www.ufsm.br\/app\/uploads\/sites\/764\/2022\/06\/Fotografo-Felippe-Richardt-1-1024x683-1-300x200.jpg 300w, https:\/\/www.ufsm.br\/app\/uploads\/sites\/764\/2022\/06\/Fotografo-Felippe-Richardt-1-1024x683-1-768x512.jpg 768w, https:\/\/www.ufsm.br\/app\/uploads\/sites\/764\/2022\/06\/Fotografo-Felippe-Richardt-1-1024x683-1-272x182.jpg 272w\" sizes=\"(max-width: 1024px) 100vw, 1024px\" \/>\t\t\t\t\t\t\t\t\t\t\t\t\t<\/div>\n\t\t\t\t<\/div>\n\t\t\t\t\t<\/div>\n\t\t<\/div>\n\t\t\t\t<div class=\"elementor-column elementor-col-50 elementor-top-column elementor-element elementor-element-3e22d68\" data-id=\"3e22d68\" data-element_type=\"column\">\n\t\t\t<div class=\"elementor-widget-wrap elementor-element-populated\">\n\t\t\t\t\t\t<div class=\"elementor-element elementor-element-7365d8d elementor-widget__width-initial elementor-widget elementor-widget-text-editor\" data-id=\"7365d8d\" data-element_type=\"widget\" data-widget_type=\"text-editor.default\">\n\t\t\t\t<div class=\"elementor-widget-container\">\n\t\t\t\t\t\t\t<p><span style=\"color: #000000;font-size: 16px\">No caso do\u00a0<\/span><span style=\"font-weight: bold;color: #000000;font-size: 16px\">Edital de Moradia da P\u00f3s-Gradua\u00e7\u00e3o<\/span><span style=\"color: #000000;font-size: 16px\">, os(as) estudantes convocados(as) podem ingressar de imediato no alojamento provis\u00f3rio da casa de estudante universit\u00e1rio da p\u00f3s-gradua\u00e7\u00e3o (CEU III) e aguardar a designa\u00e7\u00e3o de vaga para apartamento.\u00a0\u00a0<\/span><\/p><p><span style=\"color: #000000;font-size: 1rem;font-weight: var( --e-global-typography-text-font-weight );text-align: var(--bs-body-text-align)\">No caso do <\/span><b style=\"color: #000000;font-size: 1rem;text-align: var(--bs-body-text-align)\">Edital da Moradia da Gradua\u00e7\u00e3o e EBTT<\/b><span style=\"color: #000000;font-size: 1rem;font-weight: var( --e-global-typography-text-font-weight );text-align: var(--bs-body-text-align)\">, os(as) estudantes convocados(as) podem ingressar de imediato no alojamento provis\u00f3rio da Uni\u00e3o Universit\u00e1ria.<\/span><b style=\"color: #000000;font-size: 1rem;text-align: var(--bs-body-text-align)\">\u00a0<\/b><span style=\"color: #000000;font-size: 1rem;font-weight: var( --e-global-typography-text-font-weight );text-align: var(--bs-body-text-align)\">Os(as) estudantes convocados(as) que est\u00e3o com o benef\u00edcio socioecon\u00f4mico (BSE) apenas solicitado devem aguardar no alojamento provis\u00f3rio at\u00e9 a conclus\u00e3o da an\u00e1lise do BSE. Os(as) estudantes\u00a0<\/span><span style=\"color: #000000;font-size: 16px;font-weight: var( --e-global-typography-text-font-weight );text-align: var(--bs-body-text-align)\">convocados(as) que est\u00e3o com o BSE ativo j\u00e1 podem consultar o portal de transpar\u00eancia de vagas e entrar em contato com os(as) moradores para entrevista e possibilidade de ingresso nos apartamentos.<\/span><span style=\"color: #000000;font-size: 16px;font-weight: var( --e-global-typography-text-font-weight );text-align: var(--bs-body-text-align)\">\u00a0<\/span><\/p>\t\t\t\t\t\t<\/div>\n\t\t\t\t<\/div>\n\t\t\t\t<div class=\"elementor-element elementor-element-318c8bc elementor-widget elementor-widget-image\" data-id=\"318c8bc\" data-element_type=\"widget\" data-widget_type=\"image.default\">\n\t\t\t\t<div class=\"elementor-widget-container\">\n\t\t\t\t\t\t\t\t\t\t\t\t\t<img decoding=\"async\" width=\"1024\" height=\"724\" src=\"https:\/\/www.ufsm.br\/app\/uploads\/sites\/764\/2024\/09\/prae-a4-1024x724.jpg\" class=\"attachment-large size-large wp-image-595\" alt=\"\" srcset=\"https:\/\/www.ufsm.br\/app\/uploads\/sites\/764\/2024\/09\/prae-a4-1024x724.jpg 1024w, https:\/\/www.ufsm.br\/app\/uploads\/sites\/764\/2024\/09\/prae-a4-300x212.jpg 300w, https:\/\/www.ufsm.br\/app\/uploads\/sites\/764\/2024\/09\/prae-a4-768x543.jpg 768w, https:\/\/www.ufsm.br\/app\/uploads\/sites\/764\/2024\/09\/prae-a4-1536x1086.jpg 1536w, https:\/\/www.ufsm.br\/app\/uploads\/sites\/764\/2024\/09\/prae-a4.jpg 1920w\" sizes=\"(max-width: 1024px) 100vw, 1024px\" \/>\t\t\t\t\t\t\t\t\t\t\t\t\t<\/div>\n\t\t\t\t<\/div>\n\t\t\t\t\t<\/div>\n\t\t<\/div>\n\t\t\t\t\t<\/div>\n\t\t<\/section>\n\t\t\t\t<section class=\"elementor-section elementor-top-section elementor-element elementor-element-f297792 elementor-section-boxed elementor-section-height-default elementor-section-height-default\" data-id=\"f297792\" data-element_type=\"section\">\n\t\t\t\t\t\t<div class=\"elementor-container elementor-column-gap-default\">\n\t\t\t\t\t<div class=\"elementor-column elementor-col-100 elementor-top-column elementor-element elementor-element-51fc73b\" data-id=\"51fc73b\" data-element_type=\"column\">\n\t\t\t<div class=\"elementor-widget-wrap elementor-element-populated\">\n\t\t\t\t\t\t<div class=\"elementor-element elementor-element-4b91a26 elementor-widget elementor-widget-text-editor\" data-id=\"4b91a26\" data-element_type=\"widget\" data-widget_type=\"text-editor.default\">\n\t\t\t\t<div class=\"elementor-widget-container\">\n\t\t\t\t\t\t\t<p>No <b>alojamento provis\u00f3rio da Uni\u00e3o<\/b> Universit\u00e1ria os(as) estudantes convocados(as) no <b>Edital de Moradia da Gradua\u00e7\u00e3o e EBTT<\/b>, com BSE ativo, tem acesso a <b>lista de apartamentos com prioridade de ocupa\u00e7\u00e3o. <\/b>Os apartamentos constantes nessa listagem s\u00e3o monitorados pelo setor de vagas da Moradia Estudantil \/PRAE visto que devem receber, prioritariamente, estudantes que aguardam no alojamento provis\u00f3rio.\u00a0<\/p><p><strong>O\/a estudante ingressante na Uni\u00e3o Universit\u00e1ria dever\u00e1 providenciar os materiais de uso pessoal (colch\u00e3o, roupa de cama, travesseiro, cobertores, materiais de higiene, utens\u00edlios de cozinha e ventilador, especialmente em \u00e9pocas de calor).<\/strong> Os pertences de uso pessoal e particular dos estudantes ocupantes do alojamento provis\u00f3rio s\u00e3o de sua inteira responsabilidade, portanto, recomendamos aten\u00e7\u00e3o e cuidado para garantir a seguran\u00e7a de seus itens pessoais.\u00a0<\/p><p>Contudo, se ainda assim houver dificuldade no acesso as vagas\/entrevistas com os(as) moradores(as) dos apartamento\u00a0<span style=\"color: #000000;font-size: 16px;font-weight: var( --e-global-typography-text-font-weight );text-align: var(--bs-body-text-align)\">o estudante ingressante <\/span><span style=\"color: #000000;font-size: 1rem;font-weight: var( --e-global-typography-text-font-weight );text-align: var(--bs-body-text-align)\">\u00a0tamb\u00e9m poder\u00e1 comparecer presencialmente no terceiro andar do pr\u00e9dio 48-D, sala 302, no setor de vagas da Moradia Estudantil\/PRAE\u00a0para uma media\u00e7\u00e3o de busca de vaga pelo servidor respons\u00e1vel. Ap\u00f3s a media\u00e7\u00e3o da busca e aceite de vaga o(a) estudante deve agendar a vistoria patrimonial de entrada no apartamento com o setor de patrim\u00f4nio da moradia estudantil.<\/span><\/p>\t\t\t\t\t\t<\/div>\n\t\t\t\t<\/div>\n\t\t\t\t\t<\/div>\n\t\t<\/div>\n\t\t\t\t\t<\/div>\n\t\t<\/section>\n\t\t\t\t<section class=\"elementor-section elementor-top-section elementor-element elementor-element-49c8b3a elementor-section-boxed elementor-section-height-default elementor-section-height-default\" data-id=\"49c8b3a\" data-element_type=\"section\">\n\t\t\t\t\t\t<div class=\"elementor-container elementor-column-gap-default\">\n\t\t\t\t\t<div class=\"elementor-column elementor-col-100 elementor-top-column elementor-element elementor-element-f4482ee\" data-id=\"f4482ee\" data-element_type=\"column\">\n\t\t\t<div class=\"elementor-widget-wrap elementor-element-populated\">\n\t\t\t\t\t\t<div class=\"elementor-element elementor-element-9f3e6e2 elementor-widget elementor-widget-text-editor\" data-id=\"9f3e6e2\" data-element_type=\"widget\" data-widget_type=\"text-editor.default\">\n\t\t\t\t<div class=\"elementor-widget-container\">\n\t\t\t\t\t\t\t<p>Como ferramenta de aux\u00edlio na localiza\u00e7\u00e3o de pontos de interesse como a Uni\u00e3o Universit\u00e1ria, blocos da Casa do Estudante, RU, entre outros, acesse o mapa da UFSM abaixo:<\/p><p><strong><a href=\"https:\/\/www.ufsm.br\/app\/uploads\/sites\/347\/2024\/09\/Mapa_A3_Frente_e_Verso_-_Mapa_Legenda-1.pdf\">MAPA DA UFSM<\/a><\/strong><\/p>\t\t\t\t\t\t<\/div>\n\t\t\t\t<\/div>\n\t\t\t\t\t<\/div>\n\t\t<\/div>\n\t\t\t\t\t<\/div>\n\t\t<\/section>\n\t\t\t\t<section class=\"elementor-section elementor-top-section elementor-element elementor-element-63613a1 elementor-section-boxed elementor-section-height-default elementor-section-height-default\" data-id=\"63613a1\" data-element_type=\"section\">\n\t\t\t\t\t\t<div class=\"elementor-container elementor-column-gap-default\">\n\t\t\t\t\t<div class=\"elementor-column elementor-col-50 elementor-top-column elementor-element elementor-element-7f2b3c6\" data-id=\"7f2b3c6\" data-element_type=\"column\">\n\t\t\t<div class=\"elementor-widget-wrap elementor-element-populated\">\n\t\t\t\t\t\t<div class=\"elementor-element elementor-element-1196ee7 elementor-widget elementor-widget-text-editor\" data-id=\"1196ee7\" data-element_type=\"widget\" data-widget_type=\"text-editor.default\">\n\t\t\t\t<div class=\"elementor-widget-container\">\n\t\t\t\t\t\t\t<p>O que \u00e9 o <b>Painel de Transpar\u00eancia de Vagas?<\/b><\/p><p>\u00c9<b> <\/b>um painel em que consta a rela\u00e7\u00e3o de todos os apartamentos da casa de estudante universit\u00e1rio, capacidade de ocupa\u00e7\u00e3o e vagas dispon\u00edveis.\u00a0 O painel tamb\u00e9m mostra a situa\u00e7\u00e3o dos apartamentos, se regular, interditado, com necessidade de reforma ou em reforma.\u00a0\u00a0<\/p><p>O painel \u00e9 atualizado conforme<span style=\"color: #254066;font-weight: 400;font-style: normal;text-decoration: none\">\u00a0as vistorias de entrada\/sa\u00edda\/troca de apartamento s\u00e3o realizadas pelo setor de patrim\u00f4nio da moradia estudantil.<\/span><\/p><p><b>Como ter acesso ao Painel?<\/b><\/p><p><span style=\"color: #254066;font-weight: 400;font-style: normal;text-decoration: none\">O painel de transpar\u00eancia de vagas est\u00e1 dispon\u00edvel para consulta p\u00fablica e pode ser acessado em: <\/span><span style=\"color: #000000;font-size: 1rem;font-weight: var( --e-global-typography-text-font-weight );text-align: var(--bs-body-text-align)\"><a href=\"https:\/\/www.ufsm.br\/pro-reitorias\/proplan\/portal-da-transparencia-da-assistencia-estudantil\">https:\/\/www.ufsm.br\/pro-reitorias\/proplan\/portal-da-transparencia-da-assistencia-estudantil\u00a0<\/a>\u00a0<\/span><\/p>\t\t\t\t\t\t<\/div>\n\t\t\t\t<\/div>\n\t\t\t\t\t<\/div>\n\t\t<\/div>\n\t\t\t\t<div class=\"elementor-column elementor-col-50 elementor-top-column elementor-element elementor-element-c04064a\" data-id=\"c04064a\" data-element_type=\"column\">\n\t\t\t<div class=\"elementor-widget-wrap elementor-element-populated\">\n\t\t\t\t\t\t<div class=\"elementor-element elementor-element-19027cc elementor-widget elementor-widget-image\" data-id=\"19027cc\" data-element_type=\"widget\" data-widget_type=\"image.default\">\n\t\t\t\t<div class=\"elementor-widget-container\">\n\t\t\t\t\t\t\t\t\t\t\t\t\t<img loading=\"lazy\" decoding=\"async\" width=\"1024\" height=\"1024\" src=\"https:\/\/www.ufsm.br\/app\/uploads\/sites\/764\/2022\/06\/transparencia-1-1024x1024.jpg\" class=\"attachment-large size-large wp-image-445\" alt=\"\" srcset=\"https:\/\/www.ufsm.br\/app\/uploads\/sites\/764\/2022\/06\/transparencia-1-1024x1024.jpg 1024w, https:\/\/www.ufsm.br\/app\/uploads\/sites\/764\/2022\/06\/transparencia-1-300x300.jpg 300w, https:\/\/www.ufsm.br\/app\/uploads\/sites\/764\/2022\/06\/transparencia-1-150x150.jpg 150w, https:\/\/www.ufsm.br\/app\/uploads\/sites\/764\/2022\/06\/transparencia-1-768x768.jpg 768w, https:\/\/www.ufsm.br\/app\/uploads\/sites\/764\/2022\/06\/transparencia-1.jpg 1080w\" sizes=\"(max-width: 1024px) 100vw, 1024px\" \/>\t\t\t\t\t\t\t\t\t\t\t\t\t<\/div>\n\t\t\t\t<\/div>\n\t\t\t\t\t<\/div>\n\t\t<\/div>\n\t\t\t\t\t<\/div>\n\t\t<\/section>\n\t\t\t\t<\/div>\n\t\t","protected":false},"excerpt":{"rendered":"<p>A cada per\u00edodo de inscri\u00e7\u00e3o do edital de processo seletivo para a casa de estudante, ap\u00f3s o resultado final, s\u00e3o publicadas listas de chamada com a matr\u00edcula dos(das) estudantes para ingresso na moradia estudantil. O(a) estudante convocado(a) poder\u00e1 ingressar imediatamente em alojamento provis\u00f3rio. Os alojamentos provis\u00f3rios s\u00e3o espa\u00e7os de uso coletivo e compartilhado com quartos [&hellip;]<\/p>\n","protected":false},"author":4096,"featured_media":0,"parent":0,"menu_order":0,"comment_status":"closed","ping_status":"closed","template":"","meta":{"footnotes":""},"categories":[],"tags":[],"class_list":["post-439","page","type-page","status-publish","hentry"],"acf":[],"_links":{"self":[{"href":"https:\/\/www.ufsm.br\/pro-reitorias\/prae\/ceu\/wp-json\/wp\/v2\/pages\/439","targetHints":{"allow":["GET"]}}],"collection":[{"href":"https:\/\/www.ufsm.br\/pro-reitorias\/prae\/ceu\/wp-json\/wp\/v2\/pages"}],"about":[{"href":"https:\/\/www.ufsm.br\/pro-reitorias\/prae\/ceu\/wp-json\/wp\/v2\/types\/page"}],"author":[{"embeddable":true,"href":"https:\/\/www.ufsm.br\/pro-reitorias\/prae\/ceu\/wp-json\/wp\/v2\/users\/4096"}],"replies":[{"embeddable":true,"href":"https:\/\/www.ufsm.br\/pro-reitorias\/prae\/ceu\/wp-json\/wp\/v2\/comments?post=439"}],"version-history":[{"count":0,"href":"https:\/\/www.ufsm.br\/pro-reitorias\/prae\/ceu\/wp-json\/wp\/v2\/pages\/439\/revisions"}],"wp:attachment":[{"href":"https:\/\/www.ufsm.br\/pro-reitorias\/prae\/ceu\/wp-json\/wp\/v2\/media?parent=439"}],"wp:term":[{"taxonomy":"category","embeddable":true,"href":"https:\/\/www.ufsm.br\/pro-reitorias\/prae\/ceu\/wp-json\/wp\/v2\/categories?post=439"},{"taxonomy":"post_tag","embeddable":true,"href":"https:\/\/www.ufsm.br\/pro-reitorias\/prae\/ceu\/wp-json\/wp\/v2\/tags?post=439"}],"curies":[{"name":"wp","href":"https:\/\/api.w.org\/{rel}","templated":true}]}}