{"id":529,"date":"2023-08-24T16:32:04","date_gmt":"2023-08-24T19:32:04","guid":{"rendered":"https:\/\/www.ufsm.br\/pro-reitorias\/prae\/ceu\/?page_id=529"},"modified":"2025-08-25T15:56:28","modified_gmt":"2025-08-25T18:56:28","slug":"maes-e-pais-estudantes-na-ceu","status":"publish","type":"page","link":"https:\/\/www.ufsm.br\/pro-reitorias\/prae\/ceu\/maes-e-pais-estudantes-na-ceu","title":{"rendered":"M\u00e3es e Pais Estudantes na CEU &#8211; Campus Santa Maria"},"content":{"rendered":"<p><img fetchpriority=\"high\" decoding=\"async\" src=\"https:\/\/www.ufsm.br\/app\/uploads\/sites\/764\/2023\/08\/Design-sem-nome-1.jpg\" alt=\"\" width=\"1024\" height=\"297\" \/><\/p>\n<h5>Apresenta\u00e7\u00e3o<\/h5>\n<p style=\"text-align: justify\">O programa de Moradia Estudantil &#8211; Resolu\u00e7\u00e3o 25\/2014 &#8211; prev\u00ea a possibilidade de extens\u00e3o do direito a vaga de estudante de <b>gradua\u00e7\u00e3o<\/b> na moradia estudantil para filhos(as)\u00a0<b>menores de 12 anos<\/b>. A partir do ano de 2022, com a implementa\u00e7\u00e3o do edital de processo seletivo para ingresso na Casa do Estudante\u00a0no Campus Santa Maria\u00a0&#8211; CEU I e CEU II &#8211; a PRAE retomou o mapeamento de apartamentos espec\u00edficos, iniciado no ano de 2020, para atender os\/as estudantes com filhos(as) menores de doze anos: apartamentos t\u00e9rreos, com dois quartos (previstos na planta predial) e banheiro interno, uma demanda que as m\u00e3es\/pais estudantes j\u00e1 haviam apresentado.\u00a0<\/p>\n<p style=\"text-align: justify\">No segundo semestre do ano de 2023, ap\u00f3s reuni\u00e3o e constru\u00e7\u00e3o conjunta com a representa\u00e7\u00e3o estudantil da CEU II e grupo de m\u00e3es moradoras foram realizadas algumas modifica\u00e7\u00f5es no edital de ingresso na casa de estudante. Al\u00e9m da an\u00e1lise por renda per capita, outros pr\u00e9-requisitos passaram a compor a classifica\u00e7\u00e3o de candidatos(as) inscritos(as) para concorrer a apartamentos espec\u00edficos destinados a estudantes com filhos menores de 12 anos o que propicia maior transpar\u00eancia ao processo, dado a limita\u00e7\u00e3o do n\u00famero de apartamentos com o perfil desejado.\u00a0<\/p>\n<p style=\"text-align: justify\">Atualmente, a PRAE est\u00e1 trabalhando para a libera\u00e7\u00e3o dos vinte apartamentos para atendimento da demanda de m\u00e3es\/pais estudantes, contudo, tendo em vista a recente iniciativa desse encaminhamento tais apartamentos ser\u00e3o disponibilizados conforme sa\u00edda dos atuais moradores. Podem requerer vaga em apartamento espec\u00edfico tanto o(a) estudante com dependente menor de doze anos j\u00e1 morador(a) da casa em vaga geral ou rec\u00e9m ingressante na CEU.<\/p>\n<p style=\"text-align: justify\">Nesse processo, o(a) estudante pode optar pela <strong>vaga na casa de estudante<\/strong> ou o recebimento do <strong>Aux\u00edlio Moradia (PAM)<\/strong>, em quaisquer dessas op\u00e7\u00f5es tamb\u00e9m poder\u00e1 solicitar ao setor de moradia da PRAE o <strong>A<\/strong><strong>ux\u00edlio<\/strong> <strong>C<\/strong><strong>reche<\/strong>,\u00a0mediante negativa de vaga na rede municipal,\u00a0para o(a) filho(a) dependente menor de cinco anos e o <strong>acesso ao Restaurante Universit\u00e1rio<\/strong> mediante cadastro na PRAE.<\/p>\n<h5>Como concorrer a uma vaga em apartamento espec\u00edfico para m\u00e3e\/pai?<\/h5>\n<ul>\n<li style=\"text-align: justify\"><b>Estudante m\u00e3e\/pai ingressante na CEU<br \/><\/b>&#8211; Acessar o edital vigente de moradia estudantil;<br \/>&#8211; O(a) candidato(a) para ingresso em apartamento espec\u00edfico, destinado para estudante que demande a perman\u00eancia de filho menor de doze anos, ser\u00e1 classificado(a), al\u00e9m da renda per capita, conforme pontua\u00e7\u00e3o descrita no Quadro 1, mediante comprova\u00e7\u00e3o quando necess\u00e1rio.<\/li>\n<\/ul>\n<table style=\"width: 83.4271%\">\n<tbody>\n<tr>\n<td style=\"width: 6.25%\">Item<\/td>\n<td style=\"width: 60.4166%\">Descri\u00e7\u00e3o<\/td>\n<td style=\"width: 4.40529%\">Pontua\u00e7\u00e3o<\/td>\n<\/tr>\n<tr>\n<td style=\"width: 6.25%\">I<\/td>\n<td style=\"width: 60.4166%\">Estudante com defici\u00eancia e\/ou mobilidade reduzida permanente<\/td>\n<td style=\"width: 4.40529%;text-align: center\">1<\/td>\n<\/tr>\n<tr>\n<td style=\"width: 6.25%\">II<\/td>\n<td style=\"width: 60.4166%\">\n<p>Dependente menor de doze anos com defici\u00eancia ou mobilidade reduzida permanente<\/p>\n<\/td>\n<td style=\"width: 4.40529%;text-align: center\">1<\/td>\n<\/tr>\n<tr>\n<td style=\"width: 6.25%\">III<\/td>\n<td style=\"width: 60.4166%\">Crian\u00e7a de at\u00e9 6 (seis) anos completos ou 72 (setenta e dois) meses de vida<\/td>\n<td style=\"width: 4.40529%;text-align: center\">1<\/td>\n<\/tr>\n<tr>\n<td style=\"width: 6.25%\">IV<\/td>\n<td style=\"width: 60.4166%\">Estudante m\u00e3e ou pai solo<\/td>\n<td style=\"width: 4.40529%;text-align: center\">1<\/td>\n<\/tr>\n<tr>\n<td style=\"width: 6.25%\">V<\/td>\n<td style=\"width: 60.4166%\">Estudantes c\u00f4njuges regularizados em apartamento na CEU<\/td>\n<td style=\"width: 4.40529%;text-align: center\">1<\/td>\n<\/tr>\n<tr>\n<td style=\"width: 6.25%\">VI<\/td>\n<td style=\"width: 60.4166%\">Estudante em situa\u00e7\u00e3o de ref\u00fagio ou imigrante em situa\u00e7\u00e3o de<br \/>vulnerabilidade<\/td>\n<td style=\"width: 4.40529%;text-align: center\">1<\/td>\n<\/tr>\n<tr>\n<td style=\"width: 6.25%\">VII<\/td>\n<td style=\"width: 60.4166%\">Estudante com mais de um filho dependente menor de doze anos<\/td>\n<td style=\"width: 4.40529%;text-align: center\">1<\/td>\n<\/tr>\n<\/tbody>\n<\/table>\n<ul>\n<li><b>Estudante m\u00e3e\/pai morador(a) da CEU <\/b>&#8211; Enviar e-mail para moradia.estudantil.prae@ufsm.br com anexo da certid\u00e3o de nascimento da crian\u00e7a, indicando solicita\u00e7\u00e3o por vaga em apartamento espec\u00edfico ou Aux\u00edlio Moradia (Bolsa PAM) em detrimento da vaga na CEU; <br \/>&#8211; Caso o(a) estudante opte pela solicita\u00e7\u00e3o de apartamento espec\u00edfico ser\u00e1 classificado(a) nos mesmos crit\u00e9rios previstos para estudantes rec\u00e9m ingressantes via Edital: al\u00e9m do \u00edndice de vulnerabilidade social, a pontua\u00e7\u00e3o descrita no Quadro 1, mediante comprova\u00e7\u00e3o; <br \/>&#8211; Caso o(a) estudante opte pelo Aux\u00edlio Moradia (Bolsa PAM) em detrimento da vaga na CEU, al\u00e9m da certid\u00e3o de nascimento da crian\u00e7a, dever\u00e1 enviar a documenta\u00e7\u00e3o para o referido Aux\u00edlio.<\/li>\n<\/ul>\n<h5>D\u00favidas sobre o ingresso em apartamentos espec\u00edficos<\/h5>\n<p><a>Como proceder caso seja convocado no edital?<\/a><\/p>\n<p>Comparecer no setor de Moradia Estudantil da PRAE para as devidas orienta\u00e7\u00f5es.<\/p>\n<p><a>Sou m\u00e3e\/pai posso concorrer APENAS a vagas em apartamentos espec\u00edficos?<\/a><\/p>\n<p>N\u00e3o. No ato de inscri\u00e7\u00e3o o estudante ao optar por vaga em apartamento espec\u00edfico est\u00e1 concorrendo concomitantemente as vagas gerais.<\/p>\n<p><a>Fui chamado no edital da Moradia Estudantil para apartamento espec\u00edfico por\u00e9m n\u00e3o h\u00e1 vaga no momento, quais s\u00e3o as possibilidades de moradia?<\/a><\/p>\n<ul>\n<li>O estudante poder\u00e1 dividir apartamento de vaga geral, permanecendo na lista de espera para apartamento de vagas espec\u00edficas;<\/li>\n<li>O estudante poder\u00e1 optar pela Bolsa de Aux\u00edlio Moradia abrindo m\u00e3o da vaga em apartamento de vaga geral, por\u00e9m, permanecendo na lista de espera para vaga em apartamento espec\u00edfico.<\/li>\n<\/ul>\n<p><a>Optei pelo Aux\u00edlio Moradia, ainda posso continuar na lista de espera para vaga em apartamento espec\u00edfico?<\/a><\/p>\n<p>Sim. Caso o\/a estudante optar pelo Aux\u00edlio Moradia (Bolsa PAM), permanecer\u00e1 na lista de espera para vaga em apartamento espec\u00edfico. Na libera\u00e7\u00e3o de apartamento ser\u00e1 chamado(a), devendo optar novamente entre a vaga ou o aux\u00edlio moradia (Bolsa PAM).<\/p>\n<h5>Aux\u00edlio Creche<\/h5>\n<p>O(a) estudante com filho(a) de 0 a 5 anos que residir na CEU ou receber o Aux\u00edlio Moradia (Bolsa PAM) poder\u00e1 solicitar o Aux\u00edlio Creche.<\/p>\n<h5>D\u00favidas sobre o Aux\u00edlio Creche<\/h5>\n<p><a>Como solicito o Aux\u00edlio Creche?<\/a><\/p>\n<p>Entrar em contato via e-mail com o setor de Moradia Estudantil da PRAE (moradia.estudantil.prae@ufsm.br), enviando a seguinte documenta\u00e7\u00e3o:\u00a0<\/p>\n<ul>\n<li>Certid\u00e3o de nascimento da crian\u00e7a;<\/li>\n<li>Comprova\u00e7\u00e3o de inscri\u00e7\u00e3o e negativa de vaga na rede p\u00fablica municipal de creches e pr\u00e9-escolas mais pr\u00f3ximas do Campus da UFSM;<\/li>\n<li>Dados banc\u00e1rios atualizados.<\/li>\n<\/ul>\n<p><a>Como acompanho o andamento da minha solicita\u00e7\u00e3o?<\/a><\/p>\n<p>O setor de moradia abrir\u00e1 um processo PEN-SIE e incluir\u00e1 o(a) estudante como interessado. Ap\u00f3s, far\u00e1 a tramita\u00e7\u00e3o para o setor de bolsas que consultar\u00e1 a disponibilidade or\u00e7ament\u00e1ria e far\u00e1 o atendimento da demanda se poss\u00edvel.<\/p>\n<p>As solicita\u00e7\u00f5es de aux\u00edlio creche realizadas at\u00e9 o dia 10 do m\u00eas vigente ter\u00e3o pagamento realizado no m\u00eas subsequente.<\/p>\n<p><a>Tenho mais de um dependente menor de doze anos, posso solicitar mais de um Aux\u00edlio Creche?<\/a><\/p>\n<p>N\u00e3o. O aux\u00edlio \u00e9 fornecido para o(a) estudante, portanto, limitado a matr\u00edcula do estudante.<\/p>\n<h5>Aux\u00edlio Moradia (Bolsa PAM)<\/h5>\n<p>O estudante com filho(a) de at\u00e9 12 anos, convocado(a) no edital de processo seletivo para ingresso na Casa de Estudante, poder\u00e1 optar pelo Aux\u00edlio Moradia (Bolsa PAM), em detrimento de vaga em apartamento na CEU. Caso n\u00e3o haja disponibilidade de vagas em apartamentos espec\u00edficos na CEU, o estudante que optou pelo Aux\u00edlio Moradia (Bolsa PAM) permanecer\u00e1 na lista de espera at\u00e9 libera\u00e7\u00e3o de vaga em apartamento espec\u00edfico.<\/p>\n<h5>D\u00favidas sobre o Aux\u00edlio Moradia (Bolsa PAM)<\/h5>\n<p><a>Como solicitar o Aux\u00edlio Moradia (Bolsa PAM)?<\/a><\/p>\n<p style=\"color: #1c1c1c;font-size: 16px\">Entrar em contato via e-mail com o setor de Moradia Estudantil da PRAE (moradia.estudantil.prae@ufsm.br), enviando a seguinte documenta\u00e7\u00e3o:\u00a0<\/p>\n<ul style=\"color: #1c1c1c;font-size: 16px\">\n<li>Termo de compromisso, clique <a href=\"https:\/\/www.ufsm.br\/app\/uploads\/sites\/764\/2023\/10\/TERMO-DE-COMPROMISSO-BOLSA-PAM-SANTA-MARIA.pdf\"><u>aqui<\/u> <\/a>para fazer o download;<\/li>\n<li>Contrato de aluguel ou declara\u00e7\u00e3o de moradia compartilhada (com c\u00f3pia RG de quem declara); clique <a href=\"https:\/\/www.ufsm.br\/app\/uploads\/sites\/764\/2023\/10\/Declaracao-de-Moradia-Compartilhada-Bolsa-PAM-SANTA-MARIA-1.pdf\">aqui<\/a> para fazer o download;\u00a0<\/li>\n<li>Comprovante de conta banc\u00e1ria;<\/li>\n<li>Certid\u00e3o de nascimento da crian\u00e7a.<\/li>\n<\/ul>\n<p>Para fazer a solicita\u00e7\u00e3o do Aux\u00edlio Moradia, \u00e9 importante que o(a) estudante j\u00e1 tenha regularizado, mediante vistoria patrimonial, a sa\u00edda da CEU e esteja com contrato de aluguel ou declara\u00e7\u00e3o de moradia compartilhada.<br \/><a>Como acompanho o andamento da minha solicita\u00e7\u00e3o?<\/a><\/p>\n<p style=\"color: #1c1c1c;font-size: 16px\">O setor de moradia abrir\u00e1 um processo PEN-SIE e incluir\u00e1 o(a) estudante como interessado. Ap\u00f3s, far\u00e1 a tramita\u00e7\u00e3o para o setor de bolsas que consultar\u00e1 a disponibilidade or\u00e7ament\u00e1ria e far\u00e1 o atendimento da demanda se poss\u00edvel.<\/p>\n<p style=\"color: #1c1c1c;font-size: 16px\">As solicita\u00e7\u00f5es de Aux\u00edlio Moradia (Bolsa PAM) realizadas at\u00e9 o dia 10 do m\u00eas vigente ter\u00e3o pagamento realizado no m\u00eas subsequente.<\/p>\n<h5>Acesso de dependente ao Restaurante Universit\u00e1rio<\/h5>\n<p style=\"color: #1c1c1c;font-size: 16px\">O\u00a0Restaurante Universit\u00e1rio (RU), \u00f3rg\u00e3o suplementar da Universidade Federal de Santa Maria (UFSM), integra o Programa de Assist\u00eancia Estudantil desenvolvido pela Pr\u00f3-Reitoria de Assuntos Estudantis (PRAE). Os RUs oferecem aos alunos, servidores da UFSM e visitantes a possibilidade de realizar as tr\u00eas refei\u00e7\u00f5es di\u00e1rias (caf\u00e9 da manh\u00e3, almo\u00e7o e jantar).<\/p>\n<p style=\"color: #1c1c1c;font-size: 16px\">Estudante com filho(a) menor de 12 anos, que seja morador da CEU ou tenha Aux\u00edlio Moradia (PAM) pode realizar o cadastramento do dependente para a realiza\u00e7\u00e3o de refei\u00e7\u00f5es no Restaurante Universit\u00e1rio.<\/p>\n<h5>D\u00favidas sobre acesso de dependentes ao RU<\/h5>\n<p><a>Como fazer o cadastramento para o meu filho realizar as refei\u00e7\u00f5es no Restaurante Universit\u00e1rio?<\/a><\/p>\n<p>Enviar um e-mail para o setor de Moradia Estudantil da PRAE (moradia.estudantil.prae@ufsm.br) com a documenta\u00e7\u00e3o:<\/p>\n<ul style=\"color: #1c1c1c;font-size: 16px\">\n<li>Certid\u00e3o de nascimento da crian\u00e7a;<\/li>\n<li>matr\u00edcula e e-mail do\/da respons\u00e1vel\u00a0<\/li>\n<\/ul>\n<p><a>Como funciona o acesso dos dependentes no RU?<\/a><\/p>\n<ul>\n<li>O acesso dos dependentes aos refeit\u00f3rios tamb\u00e9m ser\u00e1 realizado atrav\u00e9s da carteira do RU (f\u00edsica ou digital);\u00a0<\/li>\n<li>A foto do dependente presente na carteira precisa estar atualizada, sendo necess\u00e1rio uma atualiza\u00e7\u00e3o anual (sempre antes do in\u00edcio do primeiro semestre letivo);<\/li>\n<li>\u00c9 <strong>obrigat\u00f3rio<\/strong> o acompanhamento do respons\u00e1vel legal para a realiza\u00e7\u00e3o de refei\u00e7\u00f5es;<\/li>\n<li>Para as refei\u00e7\u00f5es, n\u00e3o \u00e9 necess\u00e1rio agendamento pr\u00e9vio da refei\u00e7\u00e3o do dependente, entretanto, \u00e9 necess\u00e1ria o agendamento da refei\u00e7\u00e3o do respons\u00e1vel;<\/li>\n<li>O respons\u00e1vel e o dependente dever\u00e3o fazer a refei\u00e7\u00e3o na mesma ocasi\u00e3o, n\u00e3o podendo realizar ingresso separado no RU durante uma mesma refei\u00e7\u00e3o;<\/li>\n<li>Para a retirada do kit de distribui\u00e7\u00e3o de g\u00eaneros aliment\u00edcios e marmitex (quando for o caso), \u00e9 <strong>obrigat\u00f3rio<\/strong> o agendamento.<\/li>\n<\/ul>\n<h5>Lista de espera para ingresso em apartamento espec\u00edfico<\/h5>\n<p>Lista de espera para ingresso em apartamento espec\u00edfico para estudante da educa\u00e7\u00e3o b\u00e1sica e gradua\u00e7\u00e3o com filhos menores de doze anos na Moradia Estudantil\/PRAE.<\/p>\n\n","protected":false},"excerpt":{"rendered":"<p>Apresenta\u00e7\u00e3o O programa de Moradia Estudantil &#8211; Resolu\u00e7\u00e3o 25\/2014 &#8211; prev\u00ea a possibilidade de extens\u00e3o do direito a vaga de estudante de gradua\u00e7\u00e3o na moradia estudantil para filhos(as)\u00a0menores de 12 anos. A partir do ano de 2022, com a implementa\u00e7\u00e3o do edital de processo seletivo para ingresso na Casa do Estudante\u00a0no Campus Santa Maria\u00a0&#8211; CEU [&hellip;]<\/p>\n","protected":false},"author":2517,"featured_media":0,"parent":0,"menu_order":0,"comment_status":"closed","ping_status":"closed","template":"","meta":{"footnotes":""},"categories":[],"tags":[],"class_list":["post-529","page","type-page","status-publish","hentry"],"acf":[],"_links":{"self":[{"href":"https:\/\/www.ufsm.br\/pro-reitorias\/prae\/ceu\/wp-json\/wp\/v2\/pages\/529","targetHints":{"allow":["GET"]}}],"collection":[{"href":"https:\/\/www.ufsm.br\/pro-reitorias\/prae\/ceu\/wp-json\/wp\/v2\/pages"}],"about":[{"href":"https:\/\/www.ufsm.br\/pro-reitorias\/prae\/ceu\/wp-json\/wp\/v2\/types\/page"}],"author":[{"embeddable":true,"href":"https:\/\/www.ufsm.br\/pro-reitorias\/prae\/ceu\/wp-json\/wp\/v2\/users\/2517"}],"replies":[{"embeddable":true,"href":"https:\/\/www.ufsm.br\/pro-reitorias\/prae\/ceu\/wp-json\/wp\/v2\/comments?post=529"}],"version-history":[{"count":0,"href":"https:\/\/www.ufsm.br\/pro-reitorias\/prae\/ceu\/wp-json\/wp\/v2\/pages\/529\/revisions"}],"wp:attachment":[{"href":"https:\/\/www.ufsm.br\/pro-reitorias\/prae\/ceu\/wp-json\/wp\/v2\/media?parent=529"}],"wp:term":[{"taxonomy":"category","embeddable":true,"href":"https:\/\/www.ufsm.br\/pro-reitorias\/prae\/ceu\/wp-json\/wp\/v2\/categories?post=529"},{"taxonomy":"post_tag","embeddable":true,"href":"https:\/\/www.ufsm.br\/pro-reitorias\/prae\/ceu\/wp-json\/wp\/v2\/tags?post=529"}],"curies":[{"name":"wp","href":"https:\/\/api.w.org\/{rel}","templated":true}]}}