{"id":82,"date":"2019-11-09T12:03:40","date_gmt":"2019-11-09T15:03:40","guid":{"rendered":"https:\/\/www.ufsm.br\/pro-reitorias\/prae\/ceu\/?page_id=82"},"modified":"2019-11-11T15:52:16","modified_gmt":"2019-11-11T18:52:16","slug":"mulheres-da-ceu-ii","status":"publish","type":"page","link":"https:\/\/www.ufsm.br\/pro-reitorias\/prae\/ceu\/mulheres-da-ceu-ii","title":{"rendered":"Mulheres da CEU II"},"content":{"rendered":"\t\t<div data-elementor-type=\"wp-page\" data-elementor-id=\"82\" class=\"elementor elementor-82\">\n\t\t\t\t\t\t<section class=\"elementor-section elementor-top-section elementor-element elementor-element-05fa050 elementor-section-boxed elementor-section-height-default elementor-section-height-default\" data-id=\"05fa050\" data-element_type=\"section\">\n\t\t\t\t\t\t<div class=\"elementor-container elementor-column-gap-default\">\n\t\t\t\t\t<div class=\"elementor-column elementor-col-100 elementor-top-column elementor-element elementor-element-95433e6\" data-id=\"95433e6\" data-element_type=\"column\">\n\t\t\t<div class=\"elementor-widget-wrap elementor-element-populated\">\n\t\t\t\t\t\t<div class=\"elementor-element elementor-element-b47f137 elementor-widget elementor-widget-wp-widget-ufsm_noticias_widget\" data-id=\"b47f137\" data-element_type=\"widget\" data-widget_type=\"wp-widget-ufsm_noticias_widget.default\">\n\t\t\t\t<div class=\"elementor-widget-container\">\n\t\t\t<div id='ufsm-carousel-1775259827-800960028' class='carousel slide carousel-ufsm' data-bs-ride='carousel' aria-hidden='true'>\n    <div class='carousel-inner'>\n                    \n\n            <div class='carousel-item active' data-bs-interval='4000'>\n                                    <!-- Slider Image -->\n                    <img class='w-100'   alt=\"\" srcset=\"https:\/\/www.ufsm.br\/app\/uploads\/sites\/764\/2019\/11\/Banner-6-300x79.jpg 300w, https:\/\/www.ufsm.br\/app\/uploads\/sites\/764\/2019\/11\/Banner-6-768x203.jpg 768w, https:\/\/www.ufsm.br\/app\/uploads\/sites\/764\/2019\/11\/Banner-6.jpg 1024w\">\n                \n                \n                                                            <\/div>\n                    <!-- Exibi Indicadores -->\n            <\/div>\n<\/div>\n<!-- Acessibilidade, apenas leitor de tela -->\n<ul class='visually-hidden'>\n    <li><a href='https:\/\/www.ufsm.br\/pro-reitorias\/prae\/ceu\/2019\/11\/10\/banner'>Banner<\/a><\/li><\/ul>\n\t\t<\/div>\n\t\t\t\t<\/div>\n\t\t\t\t\t<\/div>\n\t\t<\/div>\n\t\t\t\t\t<\/div>\n\t\t<\/section>\n\t\t\t\t<section class=\"elementor-section elementor-top-section elementor-element elementor-element-a67cbd3 elementor-section-boxed elementor-section-height-default elementor-section-height-default\" data-id=\"a67cbd3\" data-element_type=\"section\">\n\t\t\t\t\t\t<div class=\"elementor-container elementor-column-gap-default\">\n\t\t\t\t\t<div class=\"elementor-column elementor-col-100 elementor-top-column elementor-element elementor-element-52aed25\" data-id=\"52aed25\" data-element_type=\"column\">\n\t\t\t<div class=\"elementor-widget-wrap elementor-element-populated\">\n\t\t\t\t\t\t<div class=\"elementor-element elementor-element-afe7e2b elementor-widget elementor-widget-heading\" data-id=\"afe7e2b\" data-element_type=\"widget\" data-widget_type=\"heading.default\">\n\t\t\t\t<div class=\"elementor-widget-container\">\n\t\t\t<h5 class=\"elementor-heading-title elementor-size-default\">Apresenta\u00e7\u00e3o<\/h5>\t\t<\/div>\n\t\t\t\t<\/div>\n\t\t\t\t\t<\/div>\n\t\t<\/div>\n\t\t\t\t\t<\/div>\n\t\t<\/section>\n\t\t\t\t<section class=\"elementor-section elementor-top-section elementor-element elementor-element-0bde9ca elementor-section-boxed elementor-section-height-default elementor-section-height-default\" data-id=\"0bde9ca\" data-element_type=\"section\">\n\t\t\t\t\t\t<div class=\"elementor-container elementor-column-gap-default\">\n\t\t\t\t\t<div class=\"elementor-column elementor-col-100 elementor-top-column elementor-element elementor-element-f19569f\" data-id=\"f19569f\" data-element_type=\"column\">\n\t\t\t<div class=\"elementor-widget-wrap elementor-element-populated\">\n\t\t\t\t\t\t<div class=\"elementor-element elementor-element-bcac0e8 elementor-widget elementor-widget-text-editor\" data-id=\"bcac0e8\" data-element_type=\"widget\" data-widget_type=\"text-editor.default\">\n\t\t\t\t<div class=\"elementor-widget-container\">\n\t\t\t\t\t\t\t<p><span style=\"font-weight: 400\">Est\u00e1 p\u00e1gina foi criada por estudantes moradoras da CEU II em colabora\u00e7\u00e3o com a Diretoria da CEU e Pr\u00f3-reitoria de Assist\u00eancia Estudantil, com o intuito de fornecer informa\u00e7\u00f5es para as mulheres que moram e vierem a morar na resid\u00eancia estudantil da UFSM. Aqui podem ser encontrados conte\u00fados sobre a assist\u00eancia estudantil oferecida pela Universidade, formas de reagir \u00e0 viol\u00eancia contra a mulher na institui\u00e7\u00e3o, o que \u00e9 oferecido para que voc\u00ea cuide de sua sa\u00fade, entre outros assuntos pertinentes.<\/span><\/p>\t\t\t\t\t\t<\/div>\n\t\t\t\t<\/div>\n\t\t\t\t\t<\/div>\n\t\t<\/div>\n\t\t\t\t\t<\/div>\n\t\t<\/section>\n\t\t\t\t<section class=\"elementor-section elementor-top-section elementor-element elementor-element-1a59686 elementor-section-boxed elementor-section-height-default elementor-section-height-default\" data-id=\"1a59686\" data-element_type=\"section\">\n\t\t\t\t\t\t<div class=\"elementor-container elementor-column-gap-default\">\n\t\t\t\t\t<div class=\"elementor-column elementor-col-100 elementor-top-column elementor-element elementor-element-90069a4\" data-id=\"90069a4\" data-element_type=\"column\">\n\t\t\t<div class=\"elementor-widget-wrap elementor-element-populated\">\n\t\t\t\t\t\t<div class=\"elementor-element elementor-element-512d61b elementor-widget elementor-widget-heading\" data-id=\"512d61b\" data-element_type=\"widget\" data-widget_type=\"heading.default\">\n\t\t\t\t<div class=\"elementor-widget-container\">\n\t\t\t<h5 class=\"elementor-heading-title elementor-size-default\">Utilidades<\/h5>\t\t<\/div>\n\t\t\t\t<\/div>\n\t\t\t\t\t<\/div>\n\t\t<\/div>\n\t\t\t\t\t<\/div>\n\t\t<\/section>\n\t\t\t\t<section class=\"elementor-section elementor-top-section elementor-element elementor-element-d0f162f elementor-section-boxed elementor-section-height-default elementor-section-height-default\" data-id=\"d0f162f\" data-element_type=\"section\">\n\t\t\t\t\t\t<div class=\"elementor-container elementor-column-gap-default\">\n\t\t\t\t\t<div class=\"elementor-column elementor-col-50 elementor-top-column elementor-element elementor-element-f0c5617\" data-id=\"f0c5617\" data-element_type=\"column\">\n\t\t\t<div class=\"elementor-widget-wrap elementor-element-populated\">\n\t\t\t\t\t\t<div class=\"elementor-element elementor-element-09f3210 elementor-view-default elementor-position-top elementor-mobile-position-top elementor-widget elementor-widget-icon-box\" data-id=\"09f3210\" data-element_type=\"widget\" data-widget_type=\"icon-box.default\">\n\t\t\t\t<div class=\"elementor-widget-container\">\n\t\t\t\t\t<div class=\"elementor-icon-box-wrapper\">\n\n\t\t\t\t\t\t<div class=\"elementor-icon-box-icon\">\n\t\t\t\t<a href=\"https:\/\/www.ufsm.br\/pro-reitorias\/prae\/ceu\/conheca\/\" class=\"elementor-icon elementor-animation-\" tabindex=\"-1\">\n\t\t\t\t<i aria-hidden=\"true\" class=\"far fa-comments\"><\/i>\t\t\t\t<\/a>\n\t\t\t<\/div>\n\t\t\t\n\t\t\t\t\t\t<div class=\"elementor-icon-box-content\">\n\n\t\t\t\t\t\t\t\t\t<h3 class=\"elementor-icon-box-title\">\n\t\t\t\t\t\t<a href=\"https:\/\/www.ufsm.br\/pro-reitorias\/prae\/ceu\/conheca\/\" >\n\t\t\t\t\t\t\tConhe\u00e7a\t\t\t\t\t\t<\/a>\n\t\t\t\t\t<\/h3>\n\t\t\t\t\n\t\t\t\t\n\t\t\t<\/div>\n\t\t\t\n\t\t<\/div>\n\t\t\t\t<\/div>\n\t\t\t\t<\/div>\n\t\t\t\t\t<\/div>\n\t\t<\/div>\n\t\t\t\t<div class=\"elementor-column elementor-col-50 elementor-top-column elementor-element elementor-element-5ed165f\" data-id=\"5ed165f\" data-element_type=\"column\">\n\t\t\t<div class=\"elementor-widget-wrap elementor-element-populated\">\n\t\t\t\t\t\t<div class=\"elementor-element elementor-element-c49da8b elementor-view-default elementor-position-top elementor-mobile-position-top elementor-widget elementor-widget-icon-box\" data-id=\"c49da8b\" data-element_type=\"widget\" data-widget_type=\"icon-box.default\">\n\t\t\t\t<div class=\"elementor-widget-container\">\n\t\t\t\t\t<div class=\"elementor-icon-box-wrapper\">\n\n\t\t\t\t\t\t<div class=\"elementor-icon-box-icon\">\n\t\t\t\t<a href=\"https:\/\/www.ufsm.br\/pro-reitorias\/prae\/ceu\/cuidado-com-a-sua-saude\/\" class=\"elementor-icon elementor-animation-\" tabindex=\"-1\">\n\t\t\t\t<i aria-hidden=\"true\" class=\"fas fa-hospital\"><\/i>\t\t\t\t<\/a>\n\t\t\t<\/div>\n\t\t\t\n\t\t\t\t\t\t<div class=\"elementor-icon-box-content\">\n\n\t\t\t\t\t\t\t\t\t<h3 class=\"elementor-icon-box-title\">\n\t\t\t\t\t\t<a href=\"https:\/\/www.ufsm.br\/pro-reitorias\/prae\/ceu\/cuidado-com-a-sua-saude\/\" >\n\t\t\t\t\t\t\tCuidado com a sua sa\u00fade\t\t\t\t\t\t<\/a>\n\t\t\t\t\t<\/h3>\n\t\t\t\t\n\t\t\t\t\n\t\t\t<\/div>\n\t\t\t\n\t\t<\/div>\n\t\t\t\t<\/div>\n\t\t\t\t<\/div>\n\t\t\t\t\t<\/div>\n\t\t<\/div>\n\t\t\t\t\t<\/div>\n\t\t<\/section>\n\t\t\t\t<section class=\"elementor-section elementor-top-section elementor-element elementor-element-0b49ac6 elementor-section-boxed elementor-section-height-default elementor-section-height-default\" data-id=\"0b49ac6\" data-element_type=\"section\">\n\t\t\t\t\t\t<div class=\"elementor-container elementor-column-gap-default\">\n\t\t\t\t\t<div class=\"elementor-column elementor-col-100 elementor-top-column elementor-element elementor-element-ce83cac\" data-id=\"ce83cac\" data-element_type=\"column\">\n\t\t\t<div class=\"elementor-widget-wrap elementor-element-populated\">\n\t\t\t\t\t\t<div class=\"elementor-element elementor-element-cd93525 elementor-widget elementor-widget-wp-widget-ufsm_noticias_widget\" data-id=\"cd93525\" data-element_type=\"widget\" data-widget_type=\"wp-widget-ufsm_noticias_widget.default\">\n\t\t\t\t<div class=\"elementor-widget-container\">\n\t\t\t<h5 class='titulo-conteudos'>Destaques<\/h5><div class='widget-noticias-inside'>\n                        <div class=\"row\">\n                                    <div class=\"col-12 col-lg-4 pb-4\">\n                                            <div class=\"noticias-widget-wrap\" style=\"height: 180px; overflow: hidden;\">\n                            <a title=\"\" href=\"https:\/\/www.ufsm.br\/pro-reitorias\/prae\/ceu\/2019\/11\/09\/assistencia-estudantil\">\n                                <span class=\"visually-hidden\">\n                                    A\u00e7\u00f5es de Assist\u00eancia Estudantil                                <\/span>\n                                <div class=\"noticias-widget-thumbs h-100\">\n                                    <img decoding=\"async\" class=\"object-fit-cover h-100 w-100\" alt=\"\" srcset=\"https:\/\/www.ufsm.br\/app\/uploads\/sites\/764\/2019\/11\/A-CULPA-N\u00c3O-\u00c9-SUA-3-300x192.png 300w, https:\/\/www.ufsm.br\/app\/uploads\/sites\/764\/2019\/11\/A-CULPA-N\u00c3O-\u00c9-SUA-3-768x490.png 768w, https:\/\/www.ufsm.br\/app\/uploads\/sites\/764\/2019\/11\/A-CULPA-N\u00c3O-\u00c9-SUA-3-1024x654.png 1024w, https:\/\/www.ufsm.br\/app\/uploads\/sites\/764\/2019\/11\/A-CULPA-N\u00c3O-\u00c9-SUA-3.png 1200w\" src=\"https:\/\/www.ufsm.br\/app\/uploads\/sites\/764\/2019\/11\/A-CULPA-N\u00c3O-\u00c9-SUA-3-1024x654.png\"><\/img>\n                                <\/div>\n                            <\/a>\n                        <\/div>\n                                        \n                                        \n                    \n                    <a class=\"noticias-widget-title d-block  m-0 \"  title=\"A\u00e7\u00f5es de Assist\u00eancia Estudantil\" href=\"https:\/\/www.ufsm.br\/pro-reitorias\/prae\/ceu\/2019\/11\/09\/assistencia-estudantil\">\n                                                A\u00e7\u00f5es de Assist\u00eancia Estudantil                    <\/a>\n                    \n                    \n                                        \n                                        \n                                        <\/div>\n                                    <div class=\"col-12 col-lg-4 pb-4\">\n                                            <div class=\"noticias-widget-wrap\" style=\"height: 180px; overflow: hidden;\">\n                            <a title=\"\" href=\"https:\/\/www.ufsm.br\/pro-reitorias\/prae\/ceu\/2019\/11\/09\/violencia-contra-a-mulher\">\n                                <span class=\"visually-hidden\">\n                                    Viol\u00eancia Contra a Mulher                                <\/span>\n                                <div class=\"noticias-widget-thumbs h-100\">\n                                    <img decoding=\"async\" class=\"object-fit-cover h-100 w-100\" alt=\"\" srcset=\"https:\/\/www.ufsm.br\/app\/uploads\/sites\/764\/2019\/11\/A-CULPA-N\u00c3O-\u00c9-SUA-4-300x192.jpg 300w, https:\/\/www.ufsm.br\/app\/uploads\/sites\/764\/2019\/11\/A-CULPA-N\u00c3O-\u00c9-SUA-4-768x490.jpg 768w, https:\/\/www.ufsm.br\/app\/uploads\/sites\/764\/2019\/11\/A-CULPA-N\u00c3O-\u00c9-SUA-4-1024x654.jpg 1024w, https:\/\/www.ufsm.br\/app\/uploads\/sites\/764\/2019\/11\/A-CULPA-N\u00c3O-\u00c9-SUA-4.jpg 1200w\" src=\"https:\/\/www.ufsm.br\/app\/uploads\/sites\/764\/2019\/11\/A-CULPA-N\u00c3O-\u00c9-SUA-4-1024x654.jpg\"><\/img>\n                                <\/div>\n                            <\/a>\n                        <\/div>\n                                        \n                                        \n                    \n                    <a class=\"noticias-widget-title d-block  m-0 \"  title=\"Viol\u00eancia Contra a Mulher\" href=\"https:\/\/www.ufsm.br\/pro-reitorias\/prae\/ceu\/2019\/11\/09\/violencia-contra-a-mulher\">\n                                                Viol\u00eancia Contra a Mulher                    <\/a>\n                    \n                    \n                                        \n                                        \n                                        <\/div>\n                                    <div class=\"col-12 col-lg-4 pb-4\">\n                                            <div class=\"noticias-widget-wrap\" style=\"height: 180px; overflow: hidden;\">\n                            <a title=\"\" href=\"https:\/\/www.ufsm.br\/pro-reitorias\/prae\/ceu\/2019\/11\/09\/luta-x-direitos\">\n                                <span class=\"visually-hidden\">\n                                    Luta x Direitos                                <\/span>\n                                <div class=\"noticias-widget-thumbs h-100\">\n                                    <img decoding=\"async\" class=\"object-fit-cover h-100 w-100\" alt=\"\" srcset=\"https:\/\/www.ufsm.br\/app\/uploads\/sites\/764\/2019\/11\/Design-sem-nome-5-300x214.png 300w, https:\/\/www.ufsm.br\/app\/uploads\/sites\/764\/2019\/11\/Design-sem-nome-5.png 700w\" src=\"https:\/\/www.ufsm.br\/app\/uploads\/sites\/764\/2019\/11\/Design-sem-nome-5.png\"><\/img>\n                                <\/div>\n                            <\/a>\n                        <\/div>\n                                        \n                                        \n                    \n                    <a class=\"noticias-widget-title d-block  m-0 \"  title=\"Luta x Direitos\" href=\"https:\/\/www.ufsm.br\/pro-reitorias\/prae\/ceu\/2019\/11\/09\/luta-x-direitos\">\n                                                Luta x Direitos                    <\/a>\n                    \n                    \n                                        \n                                        \n                                        <\/div>\n                            <\/div>\n            <\/div>\n\t\t<\/div>\n\t\t\t\t<\/div>\n\t\t\t\t\t<\/div>\n\t\t<\/div>\n\t\t\t\t\t<\/div>\n\t\t<\/section>\n\t\t\t\t<\/div>\n\t\t","protected":false},"excerpt":{"rendered":"<p>Apresenta\u00e7\u00e3o Est\u00e1 p\u00e1gina foi criada por estudantes moradoras da CEU II em colabora\u00e7\u00e3o com a Diretoria da CEU e Pr\u00f3-reitoria de Assist\u00eancia Estudantil, com o intuito de fornecer informa\u00e7\u00f5es para as mulheres que moram e vierem a morar na resid\u00eancia estudantil da UFSM. Aqui podem ser encontrados conte\u00fados sobre a assist\u00eancia estudantil oferecida pela Universidade, [&hellip;]<\/p>\n","protected":false},"author":117,"featured_media":0,"parent":0,"menu_order":0,"comment_status":"closed","ping_status":"closed","template":"","meta":{"footnotes":""},"categories":[],"tags":[],"class_list":["post-82","page","type-page","status-publish","hentry"],"acf":[],"_links":{"self":[{"href":"https:\/\/www.ufsm.br\/pro-reitorias\/prae\/ceu\/wp-json\/wp\/v2\/pages\/82","targetHints":{"allow":["GET"]}}],"collection":[{"href":"https:\/\/www.ufsm.br\/pro-reitorias\/prae\/ceu\/wp-json\/wp\/v2\/pages"}],"about":[{"href":"https:\/\/www.ufsm.br\/pro-reitorias\/prae\/ceu\/wp-json\/wp\/v2\/types\/page"}],"author":[{"embeddable":true,"href":"https:\/\/www.ufsm.br\/pro-reitorias\/prae\/ceu\/wp-json\/wp\/v2\/users\/117"}],"replies":[{"embeddable":true,"href":"https:\/\/www.ufsm.br\/pro-reitorias\/prae\/ceu\/wp-json\/wp\/v2\/comments?post=82"}],"version-history":[{"count":0,"href":"https:\/\/www.ufsm.br\/pro-reitorias\/prae\/ceu\/wp-json\/wp\/v2\/pages\/82\/revisions"}],"wp:attachment":[{"href":"https:\/\/www.ufsm.br\/pro-reitorias\/prae\/ceu\/wp-json\/wp\/v2\/media?parent=82"}],"wp:term":[{"taxonomy":"category","embeddable":true,"href":"https:\/\/www.ufsm.br\/pro-reitorias\/prae\/ceu\/wp-json\/wp\/v2\/categories?post=82"},{"taxonomy":"post_tag","embeddable":true,"href":"https:\/\/www.ufsm.br\/pro-reitorias\/prae\/ceu\/wp-json\/wp\/v2\/tags?post=82"}],"curies":[{"name":"wp","href":"https:\/\/api.w.org\/{rel}","templated":true}]}}