{"id":1334,"date":"2018-05-03T15:33:31","date_gmt":"2018-05-03T18:33:31","guid":{"rendered":"https:\/\/www.ufsm.br\/pro-reitorias\/prae\/?page_id=1334"},"modified":"2026-04-01T09:25:57","modified_gmt":"2026-04-01T12:25:57","slug":"contato","status":"publish","type":"page","link":"https:\/\/www.ufsm.br\/pro-reitorias\/prae\/contato","title":{"rendered":"Contatos"},"content":{"rendered":"\t\t<div data-elementor-type=\"wp-post\" data-elementor-id=\"1334\" class=\"elementor elementor-1334\">\n\t\t\t\t\t\t<section class=\"elementor-section elementor-top-section elementor-element elementor-element-1538c3b2 elementor-section-boxed elementor-section-height-default elementor-section-height-default\" data-id=\"1538c3b2\" data-element_type=\"section\">\n\t\t\t\t\t\t<div class=\"elementor-container elementor-column-gap-default\">\n\t\t\t\t\t<div class=\"elementor-column elementor-col-100 elementor-top-column elementor-element elementor-element-2a238a42\" data-id=\"2a238a42\" data-element_type=\"column\">\n\t\t\t<div class=\"elementor-widget-wrap elementor-element-populated\">\n\t\t\t\t\t\t<div class=\"elementor-element elementor-element-412a4b96 elementor-widget elementor-widget-text-editor\" data-id=\"412a4b96\" data-element_type=\"widget\" data-widget_type=\"text-editor.default\">\n\t\t\t\t<div class=\"elementor-widget-container\">\n\t\t\t\t\t\t\t<p style=\"text-align: center\">A <strong>Pr\u00f3-Reitoria de Assuntos Estudantis (PRAE)\u00a0<\/strong>localiza-se no 3\u00ba andar do pr\u00e9dio 48-D, no Campus Sede.<\/p><table style=\"border-collapse: collapse;width: 95.0746%;height: 584px\" border=\"1\"><tbody><tr style=\"height: 18px\"><td style=\"width: 12.8561%;text-align: center;height: 24px\">Sala<\/td><td style=\"width: 42.3162%;height: 24px;text-align: center\">Setor<\/td><td style=\"width: 22.8465%;height: 24px;text-align: center\">E-mail<\/td><td style=\"width: 17.8315%;height: 24px;text-align: center\">Telefone<\/td><\/tr><tr style=\"height: 24px\"><td style=\"width: 12.8561%;text-align: center;height: 24px\"><strong>301<\/strong><\/td><td style=\"width: 42.3162%;text-align: center;height: 24px\"><strong>Sa\u00fade da Casa<\/strong><\/td><td style=\"width: 22.8465%;text-align: center;height: 24px\"><p><span style=\"color: #000080\">equipesaudedacasa@gmail.com<\/span><\/p><p><span style=\"color: #000080\">saudementalceu@ufsm.br<\/span><\/p><\/td><td style=\"width: 17.8315%;text-align: center;height: 24px\"><p>(55) 991472757<\/p><\/td><\/tr><tr><td style=\"width: 12.8561%;text-align: center\"><strong>\u00a0301 C<\/strong><\/td><td style=\"width: 82.9942%;text-align: center\" colspan=\"3\"><strong>A\u00e7\u00f5es Comunit\u00e1rias\u00a0<\/strong><\/td><\/tr><tr><td style=\"width: 12.8561%;text-align: center\"><strong>302<\/strong><\/td><td style=\"width: 42.3162%;text-align: center\"><p><strong>Moradia Estudantil <\/strong><\/p><p>(Setor de vagas)<\/p><\/td><td style=\"width: 22.8465%;text-align: center\"><span style=\"color: #000080\">moradia.estudantil.prae@ufsm.br<\/span><\/td><td style=\"width: 17.8315%;text-align: center\"><p>3220 8825<\/p><p>Whats: (55) 991043269<\/p><\/td><\/tr><tr><td style=\"width: 12.8561%;text-align: center\"><strong>305<\/strong><\/td><td style=\"width: 42.3162%;text-align: center\"><strong>Benef\u00edcio Socioecon\u00f4mico<br \/><\/strong>(Perman\u00eancia)<\/td><td style=\"width: 40.678%;text-align: center\" colspan=\"2\"><span style=\"color: #000080\">reativabse@ufsm.br<\/span><\/td><\/tr><tr><td style=\"width: 12.8561%;text-align: center\"><strong>306<\/strong><\/td><td style=\"width: 42.3162%;text-align: center\"><strong>Patrim\u00f4nio<br \/><\/strong>(Vistorias)<\/td><td style=\"width: 22.8465%;text-align: center\"><span style=\"color: #000080\">patrimonioprae@ufsm.br<\/span><\/td><td style=\"width: 17.8315%;text-align: center\"><p>3220 8515<\/p><p>Whats: (55) 991974487<\/p><\/td><\/tr><tr><td style=\"width: 12.8561%;text-align: center\"><strong>Bloco 26<\/strong><\/td><td style=\"width: 42.3162%;text-align: center\"><strong>Manuten\u00e7\u00e3o CEU<\/strong><\/td><td style=\"width: 22.8465%;text-align: center\"><span style=\"color: #000080\">manutceu@ufsm.br<\/span><\/td><td style=\"width: 17.8315%;text-align: center\">Whats: (55) 991937487<\/td><\/tr><tr><td style=\"width: 12.8561%;text-align: center\"><strong>307<\/strong><\/td><td style=\"width: 42.3162%;text-align: center\"><p><strong>Benef\u00edcio Socioecon\u00f4mico<\/strong><\/p><p>(Ingresso)<\/p><\/td><td style=\"width: 22.8465%;text-align: center\"><span style=\"color: #000080\">bse@ufsm.br<\/span><\/td><td style=\"text-align: center;width: 17.8315%\">\u00a0<\/td><\/tr><tr><td style=\"width: 12.8561%;text-align: center\"><strong>308<\/strong><\/td><td style=\"width: 82.9942%;text-align: center\" colspan=\"3\"><strong>Acolhimento Moradia<\/strong><\/td><\/tr><tr><td style=\"width: 12.8561%;text-align: center\"><strong>309<\/strong><\/td><td style=\"width: 42.3162%;text-align: center\"><p><strong>N\u00facleo de Aten\u00e7\u00e3o ao Estudante &#8211; NAE<\/strong><\/p><p><strong>Processo Administrativo Disciplina Discente &#8211; PADD<\/strong><\/p><\/td><td style=\"width: 40.678%;text-align: center\" colspan=\"2\"><p><span style=\"color: #000080\">nae@ufsm.br<\/span><\/p><p><span style=\"color: #000080\">assessoria.processosadministrativos.prae@ufsm.br<\/span><\/p><\/td><\/tr><tr><td style=\"width: 12.8561%;text-align: center\"><strong>310<\/strong><\/td><td style=\"width: 42.3162%;text-align: center\"><strong>Setor de Bolsas<br \/><\/strong>(Aux\u00edlios)<strong><br \/><\/strong><\/td><td style=\"width: 22.8465%;text-align: center\"><span style=\"color: #000080\">bolsasprae@ufsm.br<\/span><\/td><td style=\"width: 17.8315%;text-align: center\"><p>3220 8561<\/p><p>Whats: (55) 991397900<\/p><\/td><\/tr><tr><td style=\"width: 12.8561%;text-align: center\"><strong>311<\/strong><\/td><td style=\"width: 42.3162%;text-align: center\"><strong>Gabinete Pr\u00f3 Reitoras<\/strong><\/td><td style=\"width: 22.8465%;text-align: center\"><span style=\"color: #000080\">prae@ufsm.br<\/span><\/td><td style=\"width: 17.8315%;text-align: center\"><p>Ramal 3220 8310<\/p><p>Whats:(55) 991937462<\/p><\/td><\/tr><tr style=\"height: 120px\"><td style=\"width: 12.8561%;text-align: center;height: 120px\"><strong>311 A<\/strong><\/td><td style=\"width: 42.3162%;text-align: center;height: 120px\"><strong>Pr\u00f3-Reitora de Assuntos Estudantis<\/strong><br \/>Jaciele Carine Vidor Sell<\/td><td style=\"width: 22.8465%;text-align: center;height: 120px\"><span style=\"color: #000080\"><a style=\"color: #000080\" href=\"mailto:prae@smail.ufsm.br\">prae@ufsm.br<\/a><\/span><\/td><td style=\"width: 17.8315%;text-align: center;height: 120px\">3220 8394<\/td><\/tr><tr style=\"height: 72px\"><td style=\"width: 12.8561%;text-align: center;height: 72px\"><strong>\u00a0311 B<\/strong><\/td><td style=\"width: 42.3162%;text-align: center;height: 72px\"><p><strong>Pr\u00f3-Reitor Adjunto<\/strong><\/p><p>Victor de Carli Lopes<\/p><\/td><td style=\"width: 22.8465%;text-align: center;height: 72px\"><span style=\"color: #000080\"><a style=\"color: #000080\" href=\"mailto:prae@smail.ufsm.br\">prae@ufsm.br<\/a><\/span><\/td><td style=\"width: 17.8315%;text-align: center;height: 72px\">3220 8316<\/td><\/tr><tr><td style=\"width: 12.8561%;text-align: center\"><strong>312<\/strong><\/td><td style=\"width: 42.3162%;text-align: center\"><strong>Financeiro\/Or\u00e7ament\u00e1rio<\/strong><\/td><td style=\"width: 40.678%;text-align: center\" colspan=\"2\"><span style=\"color: #000080\">financeiroipraeufsm@gmail.com<\/span><\/td><\/tr><tr><td style=\"width: 12.8561%;text-align: center\"><strong>313<\/strong><\/td><td style=\"width: 42.3162%;text-align: center\"><strong>Odontologia<br \/><\/strong>(Agendamentos sexta \u00e0s 10h)<\/td><td style=\"width: 22.8465%;text-align: center\"><span style=\"color: #000080\">odontoprae@ufsm.br<\/span><\/td><td style=\"width: 17.8315%;text-align: center\"><p>3220 8705<\/p><p>Whats: (55) 991016178<\/p><\/td><\/tr><tr><td style=\"width: 12.8561%;text-align: center\"><strong>316<\/strong><\/td><td style=\"width: 82.9942%;text-align: center\" colspan=\"3\"><strong>Sala de Reuni\u00f5es e Confer\u00eancias<\/strong><\/td><\/tr><tr><td style=\"width: 12.8561%;text-align: center\"><p><strong>Uni\u00e3o<\/strong><\/p><p><strong>Universit\u00e1ria<\/strong><\/p><p>(2\u00ba andar)<\/p><\/td><td style=\"width: 42.3162%;text-align: center\"><strong>Setor de Atendimento Integral ao Estudante &#8211; SATIE<\/strong><\/td><td style=\"width: 22.8465%;text-align: center\"><span style=\"color: #000080\">satie.prae@ufsm.br<\/span><\/td><td style=\"width: 17.8315%;text-align: center\"><p>3220 9535<\/p><p>Whats: (55) 991930455<\/p><\/td><\/tr><\/tbody><\/table><p><!--nextpage--><\/p><p><!--nextpage--><\/p><p>Servi\u00e7o Social e atendimento ao aluno nas unidades descentralizadas da UFSM:<\/p><table style=\"border-collapse: collapse;width: 100%\" border=\"1\"><tbody><tr style=\"height: 18px\"><td style=\"width: 37.6011%;text-align: center;height: 18px\" colspan=\"2\">Unidade<\/td><td style=\"width: 16.8262%;text-align: center;height: 18px\">E-mail<\/td><td style=\"width: 9.91307%;text-align: center;height: 18px\">Telefone<\/td><\/tr><tr style=\"height: 18px\"><td style=\"width: 37.6011%;height: 18px;text-align: center\" colspan=\"2\"><strong>NAP &#8211; Campus de Frederico Westphalen<\/strong><\/td><td style=\"width: 16.8262%;height: 18px;text-align: center\"><a class=\"notranslate\" href=\"mailto:nappm@ufsm.br\" target=\"_blank\" rel=\"noopener\">napfw@ufsm.br<\/a><br \/><span style=\"color: #000000;font-size: 16px\">naefw@ufsm.br\u00a0<\/span><\/td><td style=\"width: 9.91307%;height: 18px;text-align: center\">(55) 37440606<\/td><\/tr><tr style=\"height: 18px\"><td style=\"width: 37.6011%;height: 18px;text-align: center\" colspan=\"2\"><b>NAE &#8211; Campus Cachoeira do Sul<\/b><\/td><td style=\"width: 16.8262%;height: 18px;text-align: center\"><a class=\"notranslate\" href=\"mailto:naeufsmcsul@ufsm.br\">naeufsmcsul@ufsm.br<\/a><\/td><td style=\"width: 9.91307%;height: 18px;text-align: center\">(51) 98983-0184<\/td><\/tr><tr style=\"height: 18px\"><td style=\"width: 37.6011%;height: 18px;text-align: center\" colspan=\"2\"><strong>NAP &#8211; Campus de Palmeira das Miss\u00f5es<\/strong><\/td><td style=\"width: 16.8262%;height: 18px;text-align: center\"><a href=\"mailto:nappm@ufsm.br\">nappm@ufsm.br<\/a><\/td><td style=\"width: 9.91307%;height: 18px;text-align: center\">(55) 3742 8800<br \/>Ramal: 8819<\/td><\/tr><\/tbody><\/table><p><strong>Hor\u00e1rio de expediente:<\/strong><\/p><p>de Segunda a Sexta-Feira<br \/>das 8h ao 12:00\/ 13h \u00e0s 17h.<\/p>\t\t\t\t\t\t<\/div>\n\t\t\t\t<\/div>\n\t\t\t\t\t<\/div>\n\t\t<\/div>\n\t\t\t\t\t<\/div>\n\t\t<\/section>\n\t\t\t\t<\/div>\n\t\t","protected":false},"excerpt":{"rendered":"<p>A Pr\u00f3-Reitoria de Assuntos Estudantis (PRAE)\u00a0localiza-se no 3\u00ba andar do pr\u00e9dio 48-D, no Campus Sede. Sala Setor E-mail Telefone 301 Sa\u00fade da Casa equipesaudedacasa@gmail.com saudementalceu@ufsm.br (55) 991472757 \u00a0301 C A\u00e7\u00f5es Comunit\u00e1rias\u00a0 302 Moradia Estudantil (Setor de vagas) moradia.estudantil.prae@ufsm.br 3220 8825 Whats: (55) 991043269 305 Benef\u00edcio Socioecon\u00f4mico(Perman\u00eancia) reativabse@ufsm.br 306 Patrim\u00f4nio(Vistorias) patrimonioprae@ufsm.br 3220 8515 Whats: (55) 991974487 [&hellip;]<\/p>\n","protected":false},"author":46,"featured_media":0,"parent":0,"menu_order":0,"comment_status":"closed","ping_status":"closed","template":"","meta":{"footnotes":""},"categories":[],"tags":[],"class_list":["post-1334","page","type-page","status-publish","hentry"],"acf":[],"_links":{"self":[{"href":"https:\/\/www.ufsm.br\/pro-reitorias\/prae\/wp-json\/wp\/v2\/pages\/1334","targetHints":{"allow":["GET"]}}],"collection":[{"href":"https:\/\/www.ufsm.br\/pro-reitorias\/prae\/wp-json\/wp\/v2\/pages"}],"about":[{"href":"https:\/\/www.ufsm.br\/pro-reitorias\/prae\/wp-json\/wp\/v2\/types\/page"}],"author":[{"embeddable":true,"href":"https:\/\/www.ufsm.br\/pro-reitorias\/prae\/wp-json\/wp\/v2\/users\/46"}],"replies":[{"embeddable":true,"href":"https:\/\/www.ufsm.br\/pro-reitorias\/prae\/wp-json\/wp\/v2\/comments?post=1334"}],"version-history":[{"count":0,"href":"https:\/\/www.ufsm.br\/pro-reitorias\/prae\/wp-json\/wp\/v2\/pages\/1334\/revisions"}],"wp:attachment":[{"href":"https:\/\/www.ufsm.br\/pro-reitorias\/prae\/wp-json\/wp\/v2\/media?parent=1334"}],"wp:term":[{"taxonomy":"category","embeddable":true,"href":"https:\/\/www.ufsm.br\/pro-reitorias\/prae\/wp-json\/wp\/v2\/categories?post=1334"},{"taxonomy":"post_tag","embeddable":true,"href":"https:\/\/www.ufsm.br\/pro-reitorias\/prae\/wp-json\/wp\/v2\/tags?post=1334"}],"curies":[{"name":"wp","href":"https:\/\/api.w.org\/{rel}","templated":true}]}}