{"id":1336,"date":"2018-05-03T15:39:20","date_gmt":"2018-05-03T18:39:20","guid":{"rendered":"https:\/\/www.ufsm.br\/pro-reitorias\/prae\/?page_id=1336"},"modified":"2026-01-20T13:54:48","modified_gmt":"2026-01-20T16:54:48","slug":"equipe-prae","status":"publish","type":"page","link":"https:\/\/www.ufsm.br\/pro-reitorias\/prae\/equipe-prae","title":{"rendered":"Equipe PRAE"},"content":{"rendered":"\t\t<div data-elementor-type=\"wp-post\" data-elementor-id=\"1336\" class=\"elementor elementor-1336\">\n\t\t\t\t\t\t<section class=\"elementor-section elementor-top-section elementor-element elementor-element-0527840 elementor-section-boxed elementor-section-height-default elementor-section-height-default\" data-id=\"0527840\" data-element_type=\"section\">\n\t\t\t\t\t\t<div class=\"elementor-container elementor-column-gap-default\">\n\t\t\t\t\t<div class=\"elementor-column elementor-col-100 elementor-top-column elementor-element elementor-element-54d203f\" data-id=\"54d203f\" data-element_type=\"column\">\n\t\t\t<div class=\"elementor-widget-wrap elementor-element-populated\">\n\t\t\t\t\t\t<div class=\"elementor-element elementor-element-0c656db elementor-widget elementor-widget-text-editor\" data-id=\"0c656db\" data-element_type=\"widget\" data-widget_type=\"text-editor.default\">\n\t\t\t\t<div class=\"elementor-widget-container\">\n\t\t\t\t\t\t\t<p><b>Pr\u00f3-Reitora de Assuntos Estudantis<br \/><\/b>Jaciele Carine Vidor Sell\u00a0<\/p><p><b>Pr\u00f3-Reitor Substituto<br \/><\/b>Victor de Carli Lopes<\/p><p><b style=\"color: #000000;font-size: 1rem;text-align: var(--bs-body-text-align)\">Coordenadoria de Apoio e Organiza\u00e7\u00f5es Comunit\u00e1rias<\/b><\/p><p>Assist. em Adm. Aline Oleg\u00e1rio Baptista<\/p><p>Assist. em Adm. Gilian de Moraes Pinto<\/p><p>Administrador Jo\u00e3o Felipe Figueiredo<\/p><p>Psic\u00f3loga Marta Alves de Oliveira<\/p><p><b>Secretaria Geral da PRAE<br \/><\/b><\/p><p><span style=\"font-weight: 400\">Recepcionista Rosane S\u00f3ria Rodrigues<\/span><\/p><p><b>Setor de Acompanhamento da Moradia Estudantil<\/b><\/p><p><span style=\"font-weight: 400\">Assist. em Adm. M\u00e1rcia Naiar Cerdote Pedroso <span style=\"font-size: 12pt\">&#8211; Chefe do setor<\/span><\/span><\/p><p><span style=\"font-weight: 400\">Recepcionista Rita Simone de Salles<\/span><\/p><p>Assist. em Adm. Rosane Rivarola Schmitt<\/p><p><span style=\"font-size: 12pt\">Administradora Fernanda Volpato Chiapinoto\u00a0<\/span><\/p><p>Administrador Vin\u00edcius Ludke Nicolini<\/p><p><b>Setor de Patrim\u00f4nio e Manuten\u00e7\u00e3o<\/b><\/p><p>Administrador Thiago Ribas Fenner &#8211; Chefe do Setor<\/p><p><span style=\"font-weight: 400\"><span style=\"color: #000000;font-size: 16px\">Assist. em Adm. Marcus Vin\u00edcius Freitas Fontana<\/span><\/span><\/p><p>Carpinteiro Nelson Morais de Quevedo<\/p><p><span style=\"color: #000000;font-size: 16px\">Assist. em Adm. <\/span>Filipe Jos\u00e9 Roque Ferreira<\/p><p><span style=\"color: #000000;font-size: 16px\">Assist. em Adm. Jos\u00e9 Lib\u00e2neo Nunes Garcia<\/span><\/p><p><b>Se\u00e7\u00e3o de Bolsas<\/b><\/p><p>Contador Ederson Fernando Sparremberger\u00a0 &#8211; Chefe do setor<\/p><p><span style=\"font-weight: 400\">Contador Anderson Luiz Veduim Bortoluzi<\/span><\/p><p><span style=\"font-weight: 400\">Assist. em Adm. Neida F\u00e1tima de Moura<\/span><\/p><p><span style=\"font-weight: 400\">Assist. em Adm. Ketlin El\u00eds Perske<\/span><\/p><p><span style=\"font-weight: 400\">Assist. em Adm. Jo\u00e3o Juliano Monteblanco Castro<\/span><\/p><p><b>N\u00facleo de Aten\u00e7\u00e3o ao Estudante (NAE)<\/b><\/p><p>Vanessa Giacomelli Bressan<\/p><p><b>Setor de Aten\u00e7\u00e3o Integral ao Estudante (SATIE)<br \/><\/b><\/p><p><b><\/b><span style=\"font-weight: 400\">Assistente Social Andreia Maria Zanoello<\/span><\/p><p><span style=\"font-weight: 400\">Assistente Social Paulo Roberto Martins<\/span><\/p><p><span style=\"font-weight: 400\">Psic\u00f3loga Amanda Schreiner Pereira<\/span><\/p><p><span style=\"font-weight: 400\">Psic\u00f3loga Caroline Matos Romio<\/span><\/p><p><span style=\"font-weight: 400\">Psic\u00f3logo Eduardo Ilha Bagolin<\/span><\/p><p><span style=\"font-weight: 400\">Psic\u00f3logo Jaisso Rodrigues Vautero<\/span><\/p><p><span style=\"font-weight: 400\">Psic\u00f3loga Luciane Leorato Pozobon<\/span><\/p><p><span style=\"font-weight: 400\">Recreacionista Ros\u00e2ngela da Silva Correa<\/span><\/p><p><strong>Setor de Aten\u00e7\u00e3o Ondontol\u00f3gica (SAO)<\/strong><\/p><p><span style=\"font-weight: 400\">Aux. de Sa\u00fade Liliane Fernandes <\/span><\/p><p><span style=\"font-weight: 400\">Aux. de Sa\u00fade Liziane Aita Bianchini<\/span><\/p><p><span style=\"font-weight: 400\">Odont\u00f3loga Marcela Marquezan<\/span><\/p><p><span style=\"font-size: 16px\">Odont\u00f3loga M\u00e1rcia Martins Galetto<\/span><\/p><p>Odont\u00f3loga Tatiana Dalla Costa Chiattone<\/p><p><b>Setor de Ingresso no Programa do Benef\u00edcio Socioecon\u00f4mico (PBSE)<\/b><\/p><p>Assistente Social M\u00e1ri Aparecida Bortoli<\/p><p>Assistente Social Juliana Barreto da Silva<\/p><p>Assistente Social Marina da Cunha Carvalho<\/p><p>Assistente Social Viviane de Mello Granzotto<\/p><p><b>Setor de Perman\u00eancia no Programa do Benef\u00edcio Socioecon\u00f4mico (PBSE)<\/b><\/p><p>Assistente Social M\u00e1rcia Cristina Almeida<\/p><p>Assistente Social T\u00e2nia Maria Flores<\/p><p><strong>Setor de Comunica\u00e7\u00e3o<\/strong><\/p><p><span style=\"font-weight: 400\">Assist. em Adm. Da\u00edse dos Santos Vargas<\/span><\/p><p>\u00a0<\/p>\t\t\t\t\t\t<\/div>\n\t\t\t\t<\/div>\n\t\t\t\t\t<\/div>\n\t\t<\/div>\n\t\t\t\t\t<\/div>\n\t\t<\/section>\n\t\t\t\t<\/div>\n\t\t","protected":false},"excerpt":{"rendered":"<p>Pr\u00f3-Reitora de Assuntos EstudantisJaciele Carine Vidor Sell\u00a0 Pr\u00f3-Reitor SubstitutoVictor de Carli Lopes Coordenadoria de Apoio e Organiza\u00e7\u00f5es Comunit\u00e1rias Assist. em Adm. Aline Oleg\u00e1rio Baptista Assist. em Adm. Gilian de Moraes Pinto Administrador Jo\u00e3o Felipe Figueiredo Psic\u00f3loga Marta Alves de Oliveira Secretaria Geral da PRAE Recepcionista Rosane S\u00f3ria Rodrigues Setor de Acompanhamento da Moradia Estudantil Assist. [&hellip;]<\/p>\n","protected":false},"author":46,"featured_media":0,"parent":0,"menu_order":0,"comment_status":"closed","ping_status":"closed","template":"","meta":{"footnotes":""},"categories":[],"tags":[],"class_list":["post-1336","page","type-page","status-publish","hentry"],"acf":[],"_links":{"self":[{"href":"https:\/\/www.ufsm.br\/pro-reitorias\/prae\/wp-json\/wp\/v2\/pages\/1336","targetHints":{"allow":["GET"]}}],"collection":[{"href":"https:\/\/www.ufsm.br\/pro-reitorias\/prae\/wp-json\/wp\/v2\/pages"}],"about":[{"href":"https:\/\/www.ufsm.br\/pro-reitorias\/prae\/wp-json\/wp\/v2\/types\/page"}],"author":[{"embeddable":true,"href":"https:\/\/www.ufsm.br\/pro-reitorias\/prae\/wp-json\/wp\/v2\/users\/46"}],"replies":[{"embeddable":true,"href":"https:\/\/www.ufsm.br\/pro-reitorias\/prae\/wp-json\/wp\/v2\/comments?post=1336"}],"version-history":[{"count":0,"href":"https:\/\/www.ufsm.br\/pro-reitorias\/prae\/wp-json\/wp\/v2\/pages\/1336\/revisions"}],"wp:attachment":[{"href":"https:\/\/www.ufsm.br\/pro-reitorias\/prae\/wp-json\/wp\/v2\/media?parent=1336"}],"wp:term":[{"taxonomy":"category","embeddable":true,"href":"https:\/\/www.ufsm.br\/pro-reitorias\/prae\/wp-json\/wp\/v2\/categories?post=1336"},{"taxonomy":"post_tag","embeddable":true,"href":"https:\/\/www.ufsm.br\/pro-reitorias\/prae\/wp-json\/wp\/v2\/tags?post=1336"}],"curies":[{"name":"wp","href":"https:\/\/api.w.org\/{rel}","templated":true}]}}