{"id":15,"date":"2018-03-20T10:30:45","date_gmt":"2018-03-20T13:30:45","guid":{"rendered":"https:\/\/www.ufsm.br\/pro-reitorias\/prae\/?page_id=15"},"modified":"2025-08-06T13:20:29","modified_gmt":"2025-08-06T16:20:29","slug":"resolucoes-declaracoes-e-relatorios","status":"publish","type":"page","link":"https:\/\/www.ufsm.br\/pro-reitorias\/prae\/resolucoes-declaracoes-e-relatorios","title":{"rendered":"Resolu\u00e7\u00f5es e Relat\u00f3rios"},"content":{"rendered":"\t\t<div data-elementor-type=\"wp-page\" data-elementor-id=\"15\" class=\"elementor elementor-15\">\n\t\t\t\t\t\t<section class=\"elementor-section elementor-top-section elementor-element elementor-element-3f817c60 elementor-section-boxed elementor-section-height-default elementor-section-height-default\" data-id=\"3f817c60\" data-element_type=\"section\">\n\t\t\t\t\t\t<div class=\"elementor-container elementor-column-gap-default\">\n\t\t\t\t\t<div class=\"elementor-column elementor-col-100 elementor-top-column elementor-element elementor-element-2501db6a\" data-id=\"2501db6a\" data-element_type=\"column\">\n\t\t\t<div class=\"elementor-widget-wrap elementor-element-populated\">\n\t\t\t\t\t\t<div class=\"elementor-element elementor-element-3278fd8b elementor-drop-cap-yes elementor-drop-cap-view-default elementor-widget elementor-widget-text-editor\" data-id=\"3278fd8b\" data-element_type=\"widget\" data-settings=\"{&quot;drop_cap&quot;:&quot;yes&quot;}\" data-widget_type=\"text-editor.default\">\n\t\t\t\t<div class=\"elementor-widget-container\">\n\t\t\t\t\t\t\t<h1><strong>Relat\u00f3rios<\/strong><\/h1>\n<p><a href=\"https:\/\/www.ufsm.br\/app\/uploads\/sites\/347\/2024\/12\/Relatorio-gestao-NAE-2022.pdf\">Relat\u00f3rio de gest\u00e3o NAE<\/a><\/p>\n<p><a href=\"https:\/\/www.ufsm.br\/app\/uploads\/sites\/347\/2024\/12\/RELATORIO-GESTAO-NAE-2022-CGU.pdf\">Relat\u00f3rio de gest\u00e3o NAE CGU<\/a><\/p>\n<p><a href=\"https:\/\/www.ufsm.br\/app\/uploads\/sites\/347\/2024\/08\/Relatorio-de-gestao-da-Moradia-Estudantil_PRAE_2024_1.pdf\">Relat\u00f3rio de Gest\u00e3o MORADIA ESTUDANTIL<\/a><\/p>\n<p><a href=\"https:\/\/www.ufsm.br\/pro-reitorias\/prae\/relatorio-prae-2024-ppt-1\" rel=\"attachment wp-att-5453\">Relat\u00f3rio PRAE 2024 PPT (1)<\/a><\/p>\n<p>\u00a0<\/p>\n<h3><strong>Documentos Programa Bolsa Perman\u00eancia<\/strong><\/h3>\n<p><a href=\"https:\/\/www.ufsm.br\/app\/uploads\/sites\/347\/2022\/01\/pbp_termo_bolsista_ind_qui.pdf\">Termo de compromisso do bolsista Ind\u00edgena ou Quilombola<\/a><\/p>\n<p><a href=\"https:\/\/www.ufsm.br\/app\/uploads\/sites\/347\/2022\/01\/autodeclaracao-indigena.pdf\">Autodeclara\u00e7\u00e3o do candidato &#8211; Estudante Ind\u00edgena<\/a><\/p>\n<p><a href=\"https:\/\/www.ufsm.br\/app\/uploads\/sites\/347\/2022\/01\/autodeclaracao-quilombola-.pdf\">Autodeclara\u00e7\u00e3o do candidato &#8211; Estudante Quilombola<\/a><\/p>\n<p><a href=\"https:\/\/www.ufsm.br\/app\/uploads\/sites\/347\/2022\/01\/declaracao-pertencimento-etnico-indigena.pdf\">Declara\u00e7\u00e3o de pertencimento \u00e9tnico &#8211; Estudante Ind\u00edgena<\/a><\/p>\n<p><a href=\"https:\/\/www.ufsm.br\/app\/uploads\/sites\/347\/2022\/01\/declaracao-pertencimento-etnico-quilombola.pdf\">Declara\u00e7\u00e3o de pertencimento \u00e9tnico &#8211; Estudante Quilombola<\/a><\/p>\n<p><a href=\"https:\/\/www.ufsm.br\/app\/uploads\/sites\/347\/2022\/01\/Portaria-389_2013.pdf\">Portaria 389-2013 &#8211; Cria\u00e7\u00e3o do Programa Bolsa Perman\u00eancia<\/a><\/p>\n<p>\u00a0<\/p>\n<h3><strong>Documentos solicita\u00e7\u00e3o de retorno CEU 2021<\/strong><\/h3>\n<p><a href=\"https:\/\/www.ufsm.br\/app\/uploads\/sites\/347\/2021\/04\/1.Termo-de-Solicitacao-de-Retorno-CEU.docx\">Termo-de-Solicitacao-de-Retorno-CEU<\/a><\/p>\n<p><a href=\"https:\/\/www.ufsm.br\/app\/uploads\/2021\/03\/Folheto-CBIO-Moradia6.pdf\">Medidas de conting\u00eancia COVID-19 CEU<\/a><\/p>\n<p><a href=\"https:\/\/www.ufsm.br\/app\/uploads\/sites\/347\/2021\/09\/Termo-de-Solicitacao-de-Retorno-PAM-ativa.docx\">Termo-de-Solicitacao-de-Retorno-PAM ativa<\/a><\/p>\n<p><a href=\"https:\/\/www.ufsm.br\/app\/uploads\/sites\/347\/2021\/09\/Termo-de-Solicitacao-de-inclusao-na-PAM.docx\">Termo-de-Solicitacao-de-inclus\u00e3o na -PAM<\/a><\/p>\n<p><a href=\"https:\/\/www.ufsm.br\/app\/uploads\/sites\/416\/2021\/04\/Tutorial-retorno-moradia-mesclado.pdf\">Guia para processo PEN-SIE solicita\u00e7\u00e3o de retorno<\/a><\/p>\n<p><a href=\"https:\/\/www.ufsm.br\/app\/uploads\/sites\/416\/2020\/04\/Passo-a-passo-termo-assinatura-eletronica-PEN-SIE.pdf\">Passo a passo para assinatura eletr\u00f4nica<\/a><\/p>\n<p>\u00a0<\/p>\n<h3><strong>Atestado carga hor\u00e1ria baixa<\/strong><\/h3>\n<p><a href=\"https:\/\/www.ufsm.br\/app\/uploads\/sites\/347\/2024\/09\/Modelo_atestado_CH.pdf\">Modelo de atestado para estudantes com carga hor\u00e1ria baixa<\/a><\/p>\n<p>\u00a0<\/p>\n<h3><strong>Resolu\u00e7\u00f5es<\/strong><\/h3>\n<p><a href=\"https:\/\/www.ufsm.br\/pro-reitorias\/prae\/wp-content\/uploads\/sites\/347\/2018\/03\/3.pdf\">Moradia Estudantil para alunos do Ensino M\u00e9dio, T\u00e9cnico e Gradua\u00e7\u00e3o \u2013 Resolu\u00e7\u00e3o N. 25\/2014<\/a><\/p>\n<p><a href=\"https:\/\/www.ufsm.br\/pro-reitorias\/proplan\/resolucao-ufsm-n-170-2024-2\" target=\"_blank\" rel=\"noopener\">Conselho do Programa de Moradia Estudantil (CPME) e altera\u00e7\u00e3o Art.2\u00b0 &#8211; Resolu\u00e7\u00e3o 170\/2024<\/a><\/p>\n<p><a href=\"https:\/\/www.ufsm.br\/pro-reitorias\/prae\/wp-content\/uploads\/sites\/347\/2018\/03\/4.pdf\">Moradia Estudantil para alunos da P\u00f3s-Gradua\u00e7\u00e3o \u2013 Resolu\u00e7\u00e3o N. 23\/2014<\/a><\/p>\n<p><a href=\"https:\/\/www.ufsm.br\/pro-reitorias\/proplan\/resolucao-ufsm-n-149-2023\" target=\"_blank\" rel=\"noopener\">Conselho do Programa de Moradia Estudantil da P\u00f3s-Gradua\u00e7\u00e3o &#8211; Resolu\u00e7\u00e3o 149\/2023<\/a><\/p>\n<p><a href=\"https:\/\/www.ufsm.br\/pro-reitorias\/prae\/wp-content\/uploads\/sites\/347\/2018\/03\/5.pdf\">Regulamenta\u00e7\u00e3o do uso de m\u00f3veis e im\u00f3veis &#8211; Resolu\u00e7\u00e3o N. 10\/2004<\/a><\/p>\n<p><a href=\"https:\/\/portal.ufsm.br\/documentos\/download.html?action=arquivosIndexados&amp;id=4507811&amp;download=false\">Bolsa de Assist\u00eancia ao Estudante PRAE e HUSM \u2013 Resolu\u00e7\u00e3o N. 026\/95<\/a><\/p>\n<p><a href=\"https:\/\/www.ufsm.br\/app\/uploads\/sites\/451\/2018\/12\/020-96.pdf\">Bolsa de Monitoria \u2013 Resolu\u00e7\u00e3o N. 020\/96<\/a><\/p>\n<p><a href=\"https:\/\/www.ufsm.br\/pro-reitorias\/prae\/wp-content\/uploads\/sites\/347\/2018\/03\/7.pdf\">Bolsa de Forma\u00e7\u00e3o Estudantil (Programa de Aux\u00edlio \u00e0 Forma\u00e7\u00e3o Estudantil) \u2013 Resolu\u00e7\u00e3o N. 017\/99<\/a><\/p>\n<p><a href=\"https:\/\/www.ufsm.br\/pro-reitorias\/prae\/wp-content\/uploads\/sites\/347\/2018\/03\/8.pdf\">Bolsa da Orquestra Sinf\u00f4nica de Santa Maria \u2013 Resolu\u00e7\u00e3o N. 20\/2014<\/a><\/p>\n<p><a href=\"https:\/\/www.ufsm.br\/pro-reitorias\/prae\/wp-content\/uploads\/sites\/347\/2018\/11\/Resolu\u00e7\u00e3o-27-2018-PAM-FORA-DE-SEDE.pdf\">Programa de Auxilio \u00e0 Moradia &#8211; Resolu\u00e7\u00e3o N. 027\/2018<\/a><\/p>\n<p><a href=\"https:\/\/www.ufsm.br\/pro-reitorias\/prae\/wp-content\/uploads\/sites\/347\/2018\/03\/10.pdf\">Resolu\u00e7\u00e3o Geral das Bolsas &#8211; Resolu\u00e7\u00e3o N. 01\/2013<\/a><\/p>\n<p><a href=\"https:\/\/www.ufsm.br\/pro-reitorias\/prae\/wp-content\/uploads\/sites\/347\/2018\/03\/11.pdf\">Aux\u00edlio \u00e0 aquisi\u00e7\u00e3o de Materiais Pedag\u00f3gicos N. 35\/2013<\/a><\/p>\n<p><a href=\"https:\/\/www.ufsm.br\/cursos\/graduacao\/santa-maria\/pedagogia\/wp-content\/uploads\/sites\/458\/2019\/01\/Resoluo-017-2018-UFSM-1.pdf\">C\u00f3digo de \u00c9tica e Conviv\u00eancia Discente da UFSM<\/a><\/p>\n<p><a href=\"https:\/\/portal.ufsm.br\/documentos\/download.html?action=componente&amp;download=false&amp;id=3357647\">RESOLU\u00c7\u00c3O N. 142\/2023 &#8211; Regulamenta o Programa de Benef\u00edcio Socioecon\u00f4mico para estudantes no \u00e2mbito da Universidade Federal de Santa Maria, e revoga as Resolu\u00e7\u00f5es UFSM n\u00b0 007\/2008 e 035\/2015.<\/a><\/p>\n<p>\u00a0<\/p>\n<h3><strong>Ordens de servi\u00e7o<\/strong><\/h3>\n<p><a href=\"https:\/\/www.ufsm.br\/pro-reitorias\/prae\/wp-content\/uploads\/sites\/347\/2018\/03\/2.jpg\">Ordem de servi\u00e7o 03\/2016 &#8211; Normas de acesso aos R.U da UFSM<\/a><\/p>\n<p><a href=\"https:\/\/www.ufsm.br\/pro-reitorias\/prae\/wp-content\/uploads\/sites\/347\/2018\/03\/3.jpg\">Ordem de servi\u00e7o 04\/2016 &#8211; Acesso de dependentes aos R.U da UFSM<\/a><\/p>\n<p><a href=\"https:\/\/www.ufsm.br\/pro-reitorias\/prae\/wp-content\/uploads\/sites\/347\/2018\/03\/5-1.pdf\">Ordem de servi\u00e7o 04\/2017 &#8211; Procedimentos para an\u00e1lises do aux\u00edlio transporte<\/a><\/p>\n<p><a href=\"https:\/\/www.ufsm.br\/pro-reitorias\/prae\/wp-content\/uploads\/sites\/347\/2018\/03\/6-1.pdf\">Ordem de servi\u00e7o 12\/2017 &#8211; Rotinas presta\u00e7\u00e3o de contas aux\u00edlios transporte, moradia e pedag\u00f3gico<\/a><\/p>\n<p><a href=\"https:\/\/www.ufsm.br\/pro-reitorias\/prae\/wp-content\/uploads\/sites\/347\/2018\/03\/7-1.pdf\">Ordem de servi\u00e7o 01\/2018 &#8211; Medidas adotadas para pagamento de bolsa PAM<\/a><\/p>\n<p><a href=\"https:\/\/www.ufsm.br\/pro-reitorias\/prae\/wp-content\/uploads\/sites\/347\/2018\/08\/Ordem-de-Servi\u00e7o-agendamento-obrigat\u00f3rio.pdf\">Ordem de servi\u00e7o 04\/2018 &#8211;\u00a0 Agendamento obrigat\u00f3rio R.U.<\/a><\/p>\n<p><a href=\"https:\/\/www.ufsm.br\/pro-reitorias\/prae\/wp-content\/uploads\/sites\/347\/2019\/05\/ORDEM-DE-SERVI\u00c7O-N\u00ba-001-2019.pdf\">Ordem de Servi\u00e7o N\u00ba 001\/2019\/PRAE &#8211; Define a carga hor\u00e1ria m\u00ednima para solicita\u00e7\u00e3o da Bolsa de Forma\u00e7\u00e3o Estudantil\u00a0<\/a><\/p>\n<p><a href=\"https:\/\/www.ufsm.br\/pro-reitorias\/prae\/wp-content\/uploads\/sites\/347\/2019\/05\/ORDEM-DE-SERVI\u00c7O-N\u00ba-002-2019.pdf\">ORDEM DE SERVI\u00c7O N\u00ba 002\/2019<\/a> &#8211; Define as medidas a serem adotadas quanto ao pagamento do Aux\u00edlio \u00e0 Moradia Estudantil (Bolsa PAM)<\/p>\n<p><a href=\"https:\/\/www.ufsm.br\/pro-reitorias\/prae\/wp-content\/uploads\/sites\/347\/2020\/03\/ORDEM-SERVI\u00c7O-001-2020-PRAE.pdf\">ORDEM-SERVI\u00c7O-001-2020-PRAE &#8211; Revoga a Ordem de Servi\u00e7o n\u00ba 009\/2014\/PRAE<\/a><\/p>\n<p><a href=\"https:\/\/www.ufsm.br\/pro-reitorias\/prae\/wp-content\/uploads\/sites\/347\/2020\/03\/2020.03.19_Ordem-de-servi%C3%A7o-PRAE-002-2020-_-Aux%C3%ADlio-Transporte-em-car%C3%A1ter-excepcional-de-urgencia.pdf\">ORDEM-SERVI\u00c7O-002-2020-PRAE &#8211; Disp\u00f5e sobre a concess\u00e3o de aux\u00edlio transporte a moradores das Casas de Estudante Universit\u00e1rio &#8211; CEUs da Universidade Federal de Santa Maria &#8211; UFSM em car\u00e1ter excepcional de emerg\u00eancia<\/a><\/p>\n<p><a href=\"https:\/\/www.ufsm.br\/app\/uploads\/sites\/347\/2021\/01\/Ordem-de-Servico-01-2021-PRAE.pdf\">Ordem de Servi\u00e7o 01-2021 PRAE &#8211; Disp\u00f5e sobre sobre o Programa de Aux\u00edlio \u00e0 Moradia &#8211; no per\u00edodo de suspens\u00e3o das atividades acad\u00eamicas e administrativas presenciais, devido \u00e0 Pandemia da Covid-19<\/a><\/p>\n<p><a href=\"https:\/\/www.ufsm.br\/app\/uploads\/sites\/347\/2021\/04\/OS-02-FLEXIBILIZACAO-REQUISITOS-BOLSAS-1.pdf\">Ordem de Servi\u00e7o 02\/2021 &#8211; PRAE &#8211; Define flexibiliza\u00e7\u00e3o das contrapartidas para manuten\u00e7\u00e3o de bolsas e aux\u00edlios PRAE<\/a><br \/><br \/><a href=\"https:\/\/www.ufsm.br\/app\/uploads\/sites\/347\/2025\/04\/Ordem-de-Servico-n.o-0012025-4-1.pdf\">Ordem de Servi\u00e7o n.\u00ba 001\/2025 &#8211; PRAE &#8211;\u00a0Define o ingresso provis\u00f3rio de estudantes de gradua\u00e7\u00e3o, convocados no Edital N. 04\/2025 da Moradia Estudandil do Campus Sede, com Benef\u00edcio Socioecon\u00f4mico Solicitado, em apartamentos da CEU II<\/a><\/p>\n<h3><strong>Instru\u00e7\u00f5es normativas<\/strong><\/h3>\n<p><a href=\"https:\/\/www.ufsm.br\/pro-reitorias\/prae\/wp-content\/uploads\/sites\/347\/2018\/01\/Instrucao-Normativa-01-2018.pdf\">Normativa 01\/2018 PRAE &#8211; Disp\u00f5e sobre os usos dos espa\u00e7os p\u00fablicos das moradias<\/a><\/p>\n<p><a href=\"https:\/\/www.ufsm.br\/pro-reitorias\/prae\/wp-content\/uploads\/sites\/347\/2018\/08\/Memo-Circ.001-2018-PRAE.pdf\">Memo-Circular 001-2018-PRAE Bolsa Monitoria<\/a><\/p>\n<p><a href=\"https:\/\/www.ufsm.br\/pro-reitorias\/prae\/wp-content\/uploads\/sites\/347\/2020\/03\/IN-01-2020-convertido.pdf\">Instru\u00e7\u00e3o Normativa 01 2020- pagamento de bolsas e aux\u00edlio alimenta\u00e7\u00e3o durante o per\u00edodo de suspens\u00e3o das atividades<\/a><\/p>\n<p><a href=\"https:\/\/www.ufsm.br\/pro-reitorias\/prae\/wp-content\/uploads\/sites\/347\/2020\/04\/2020.04.16_IN-002-2020-PRAE_Bolsas-mantidas-no-isolamento.-PAM-CRECHE-PR\u00c1XIS-e-ORQUESTRA.pdf\">INSTRU\u00c7\u00c3O NORMATIVA N. 02\/2020\/PRAE de 16 de abril de 2020 &#8211; Regulamenta o pagamento do Programa de Aux\u00edlio \u00e0 Moradia &#8211; PAM (todos os campus UFSM), Aux\u00edlio Creche, Bolsa PR\u00c1XIS e Bolsa Orquestra durante o per\u00edodo de suspens\u00e3o das atividades acad\u00eamicas e administrativas da UFSM<\/a><\/p>\n<p><a href=\"https:\/\/www.ufsm.br\/pro-reitorias\/prae\/wp-content\/uploads\/sites\/347\/2020\/07\/Instrucao-normativa-003-2020-1.pdf\"> INSTRU\u00c7\u00c3O NORMATIVA N. 003\/2020\/PRAE, de 22 de junho de 2020 &#8211; Orienta acerca das medidas a serem adotadas com vistas \u00e0 diminui\u00e7\u00e3o do risco de transmiss\u00e3o do SARS-COVID-2 no \u00e2mbito da moradia estudantil da Universidade Federal de Santa Maria.<\/a><\/p>\n<p><a href=\"https:\/\/www.ufsm.br\/app\/uploads\/sites\/347\/2020\/09\/IN-04.2020-PRAE-1.pdf\">INSTRU\u00c7\u00c3O NORMATIVA\u00a0 N. 004\/2020\/PRAE. de 15 de setembro de 2020 &#8211; Orienta acerca das medidas a serem adotadas com vistas \u00e0 diminui\u00e7\u00e3o do risco de transmiss\u00e3o do SARS-COVID-2 no \u00e2mbito da moradia estudantil da Universidade Federal de Santa Maria.<\/a><\/p>\n<p><a href=\"https:\/\/www.ufsm.br\/app\/uploads\/sites\/347\/2021\/08\/IN-N.-02.2021-PRAE.pdf\">INSTRU\u00c7\u00c3O NORMATIVA N. 02\/2021 &#8211; PRAE Revoga a IN N. 01\/2020\/PRAE e regulamenta o pagamento das Bolsas PRAE 02 e 2A e Monitorias durante o per\u00edodo de suspens\u00e3o das atividades acad\u00eamicas e administrativas da UFSM, altera o aux\u00edlio alimenta\u00e7\u00e3o emergencial e regulamenta o aux\u00edlio material pedag\u00f3gico para cursos com autoriza\u00e7\u00e3o de retorno presencial para o segundo semestre de 2021.<\/a>\u00a0<\/p>\n<p><a href=\"https:\/\/www.ufsm.br\/app\/uploads\/sites\/347\/2021\/10\/IN-03-2021.pdf\">INSTRU\u00c7\u00c3O NORMATIVA N. 03\/2021 &#8211; PRAE Revoga a IN N. 02\/2020\/PRAE e regulamenta o pagamento das Bolsas PRAE 02 e 2A e Monitorias durante o per\u00edodo de suspens\u00e3o das atividades acad\u00eamicas e administrativas da UFSM, altera o aux\u00edlio alimenta\u00e7\u00e3o emergencial para os moradores das Casas de Estudante da Universidade Federal de Santa Maria e regulamenta o aux\u00edlio material pedag\u00f3gico para cursos com autoriza\u00e7\u00e3o de retorno presencial para o segundo semestre de 2021.<\/a><\/p>\n<p><a href=\"https:\/\/portal.ufsm.br\/documentos\/download.html?action=arquivosIndexados&amp;id=14058111&amp;download=false\" target=\"_blank\" rel=\"noopener\">INSTRU\u00c7\u00c3O NORMATIVA N. 01\/2022\/PRAE DE 18 DE MAR\u00c7O DE 2022 &#8211; Revoga a IN N. 03\/2021\/PRAE e altera o aux\u00edlio alimenta\u00e7\u00e3o para os moradores das Casas de Estudante da Universidade Federal de Santa Maria.<\/a><\/p>\n<p><!-- wp:heading \/--><\/p>\n<p><!-- wp:tadv\/classic-paragraph --><\/p>\n<p><a href=\"https:\/\/portal.ufsm.br\/documentos\/download.html?action=arquivosIndexados&amp;download=false&amp;id=14071425\">INSTRU\u00c7\u00c3O NORMATIVA N. 002\/2022\/PRAE &#8211; Autoriza o retorno das moradoras e dos moradores regularizadas\/regularizados nos cadastros das equipes da Pr\u00f3-Reitoria de Assuntos Estudantis, dos NAEs e dos NAPs da Universidade Federal de Santa Maria, bem como informa sobre as medidas de preven\u00e7\u00e3o, monitoramento e controle da transmiss\u00e3o do SARSCoV-2 para o ingresso nas Casas de Estudante da UFSM.<\/a><\/p>\n<p><!-- \/wp:tadv\/classic-paragraph --><\/p>\n<p><!-- wp:tadv\/classic-paragraph --><\/p>\n<p><a href=\"https:\/\/portal.ufsm.br\/documentos\/download.html?action=arquivosIndexados&amp;id=14272372&amp;download=false\" target=\"_blank\" rel=\"noopener\">INSTRU\u00c7\u00c3O NORMATIVA N. 03\/2022\/PRAE &#8211; <span aria-labelledby=\"OutFieldTag_vwhLycz0hLtR1rKD_label\">Revoga a IN N. 01\/2022\/PRAE e altera o aux\u00edlio alimenta\u00e7\u00e3o para os moradores das Casas de Estudante da Universidade Federal de Santa Maria.<\/span><\/a><\/p>\n<p><!-- \/wp:tadv\/classic-paragraph --><\/p>\n<p><!-- wp:tadv\/classic-paragraph --><\/p>\n<p><a href=\"https:\/\/portal.ufsm.br\/documentos\/download.html?action=arquivosIndexados&amp;id=14272416&amp;download=false\" target=\"_blank\" rel=\"noopener\">INSTRU\u00c7\u00c3O NORMATIVA N. 04\/2022\/PRAE &#8211; Disp\u00f5e sobre a comprova\u00e7\u00e3o de despesas do Aux\u00edlio Transporte em car\u00e1ter excepcional de urg\u00eancia, Aux\u00edlio Alimenta\u00e7\u00e3o Emergencial e Aux\u00edlio Inclus\u00e3o Digital (Internet) &#8211; no per\u00edodo de suspens\u00e3o<br \/>das atividades acad\u00eamicas <\/a><a href=\"https:\/\/portal.ufsm.br\/documentos\/download.html?action=arquivosIndexados&amp;id=14272416&amp;download=false\">presenciais<\/a><a href=\"https:\/\/portal.ufsm.br\/documentos\/download.html?action=arquivosIndexados&amp;id=14272416&amp;download=false\" target=\"_blank\" rel=\"noopener\">, devido \u00e0 Pandemia do Covid-19 e de REDE (Regime de Exerc\u00edcios Domiciliares Especiais) da Universidade Federal de Santa Maria.<\/a><\/p>\n<p><!-- \/wp:tadv\/classic-paragraph --><\/p>\n<p><!-- wp:tadv\/classic-paragraph \/--><\/p>\n<p><!-- wp:tadv\/classic-paragraph --><\/p>\n<h3>\u00a0<\/h3>\n<h3><strong>Portarias normativas<\/strong><\/h3>\n<p><a href=\"https:\/\/www.ufsm.br\/pro-reitorias\/proplan\/portaria-normativa-ufsm-n-080-2024\">PORTARIA NORMATIVA UFSM N\u00ba 080, DE 16 DE MAIO DE 2024 &#8211; Autoriza a cria\u00e7\u00e3o e pagamento de Aux\u00edlio Calamidade (AC) em face do Estado de Calamidade P\u00fablica decretado no Rio Grande Sul e Munic\u00edpio de Santa Maria. <\/a><\/p>\n<p><a href=\"https:\/\/www.ufsm.br\/pro-reitorias\/proplan\/portaria-normativa-082-2024\">PORTARIA NORMATIVA N\u00ba 082, DE 04 DE JUNHO DE 2024 &#8211; <span style=\"color: 800000\">Altera a IN N. 03\/2022\/PRAE que revoga a IN N. 01\/2022\/PRAE e altera o Aux\u00edlio Alimenta\u00e7\u00e3o para os moradores da Casa de Estudante do Centro (CEU I), da Universidade Federal de Santa Maria.<\/span><\/a><\/p>\n<p><a href=\"https:\/\/www.ufsm.br\/pro-reitorias\/proplan\/portaria-normativa-prae-ufsm-n-03-2024\" target=\"_blank\" rel=\"noopener\">PORTARIA NORMATIVA PRAE UFSM N\u00b0 03, DE 29 DE AGOSTO DE 2024 \u2013 Disp\u00f5e sobre os crit\u00e9rios para perman\u00eancia dos(as) estudantes no Programa de Benef\u00edcio Socioecon\u00f4mico (PBSE) da Universidade Federal de Santa Maria.\u00a0<\/a><\/p>\n<p><span style=\"color: #3366ff\"><a style=\"color: #3366ff\" href=\"https:\/\/www.ufsm.br\/pro-reitorias\/proplan\/portaria-normativa-prae-ufsm-no-04-2025\">PORTARIA NORMATIVA PRAE\/UFSM N\u00b0 04, DE 14 DE JULHO DE 2025 &#8211; Disp\u00f5e sobre o\u00a0novo ingresso no Programa de Benef\u00edcio\u00a0Socioecon\u00f4mico (PBSE) para os(as) estudantes de N\u00edvel T\u00e9cnico e de Gradua\u00e7\u00e3o que descumpriram as condicionalidades previstas na Portaria Normativa PRAE\/UFSM n\u00b0 03, de 29 de agosto de 2024.<\/a><\/span><\/p>\n<p><!-- \/wp:tadv\/classic-paragraph --><\/p>\t\t\t\t\t\t<\/div>\n\t\t\t\t<\/div>\n\t\t\t\t\t<\/div>\n\t\t<\/div>\n\t\t\t\t\t<\/div>\n\t\t<\/section>\n\t\t\t\t<\/div>\n\t\t","protected":false},"excerpt":{"rendered":"<p>Relat\u00f3rios Relat\u00f3rio de gest\u00e3o NAE Relat\u00f3rio de gest\u00e3o NAE CGU Relat\u00f3rio de Gest\u00e3o MORADIA ESTUDANTIL Relat\u00f3rio PRAE 2024 PPT (1) \u00a0 Documentos Programa Bolsa Perman\u00eancia Termo de compromisso do bolsista Ind\u00edgena ou Quilombola Autodeclara\u00e7\u00e3o do candidato &#8211; Estudante Ind\u00edgena Autodeclara\u00e7\u00e3o do candidato &#8211; Estudante Quilombola Declara\u00e7\u00e3o de pertencimento \u00e9tnico &#8211; Estudante Ind\u00edgena Declara\u00e7\u00e3o de pertencimento [&hellip;]<\/p>\n","protected":false},"author":74,"featured_media":0,"parent":0,"menu_order":0,"comment_status":"closed","ping_status":"closed","template":"","meta":{"footnotes":""},"categories":[],"tags":[],"class_list":["post-15","page","type-page","status-publish","hentry"],"acf":[],"_links":{"self":[{"href":"https:\/\/www.ufsm.br\/pro-reitorias\/prae\/wp-json\/wp\/v2\/pages\/15","targetHints":{"allow":["GET"]}}],"collection":[{"href":"https:\/\/www.ufsm.br\/pro-reitorias\/prae\/wp-json\/wp\/v2\/pages"}],"about":[{"href":"https:\/\/www.ufsm.br\/pro-reitorias\/prae\/wp-json\/wp\/v2\/types\/page"}],"author":[{"embeddable":true,"href":"https:\/\/www.ufsm.br\/pro-reitorias\/prae\/wp-json\/wp\/v2\/users\/74"}],"replies":[{"embeddable":true,"href":"https:\/\/www.ufsm.br\/pro-reitorias\/prae\/wp-json\/wp\/v2\/comments?post=15"}],"version-history":[{"count":0,"href":"https:\/\/www.ufsm.br\/pro-reitorias\/prae\/wp-json\/wp\/v2\/pages\/15\/revisions"}],"wp:attachment":[{"href":"https:\/\/www.ufsm.br\/pro-reitorias\/prae\/wp-json\/wp\/v2\/media?parent=15"}],"wp:term":[{"taxonomy":"category","embeddable":true,"href":"https:\/\/www.ufsm.br\/pro-reitorias\/prae\/wp-json\/wp\/v2\/categories?post=15"},{"taxonomy":"post_tag","embeddable":true,"href":"https:\/\/www.ufsm.br\/pro-reitorias\/prae\/wp-json\/wp\/v2\/tags?post=15"}],"curies":[{"name":"wp","href":"https:\/\/api.w.org\/{rel}","templated":true}]}}