{"id":3542,"date":"2018-08-29T12:35:27","date_gmt":"2018-08-29T15:35:27","guid":{"rendered":"https:\/\/www.ufsm.br\/pro-reitorias\/prae\/?page_id=3542"},"modified":"2025-03-10T14:12:09","modified_gmt":"2025-03-10T17:12:09","slug":"bolsa-beneficio-socioeconomico","status":"publish","type":"page","link":"https:\/\/www.ufsm.br\/pro-reitorias\/prae\/bolsa-beneficio-socioeconomico","title":{"rendered":"Benef\u00edcio Socioecon\u00f4mico"},"content":{"rendered":"\t\t<div data-elementor-type=\"wp-page\" data-elementor-id=\"3542\" class=\"elementor elementor-3542\">\n\t\t\t\t\t\t<section class=\"elementor-section elementor-top-section elementor-element elementor-element-d6cbf8b elementor-section-boxed elementor-section-height-default elementor-section-height-default\" data-id=\"d6cbf8b\" data-element_type=\"section\">\n\t\t\t\t\t\t<div class=\"elementor-container elementor-column-gap-default\">\n\t\t\t\t\t<div class=\"elementor-column elementor-col-100 elementor-top-column elementor-element elementor-element-47f5f7d\" data-id=\"47f5f7d\" data-element_type=\"column\">\n\t\t\t<div class=\"elementor-widget-wrap elementor-element-populated\">\n\t\t\t\t\t\t<div class=\"elementor-element elementor-element-11ca11e1 elementor-widget elementor-widget-text-editor\" data-id=\"11ca11e1\" data-element_type=\"widget\" data-widget_type=\"text-editor.default\">\n\t\t\t\t<div class=\"elementor-widget-container\">\n\t\t\t\t\t\t\t<p><strong>O que \u00e9 o Programa de Benef\u00edcio Socioecon\u00f4mico (PBSE)?<\/strong><\/p><p>O PBSE \u00e9 um programa institucional mantido com recursos da Pol\u00edtica Nacional de Assist\u00eancia Estudantil (PNAES), institu\u00edda pela Lei n\u00ba 14.914, de 3 de julho de 2024, destinado a estudantes de cursos presenciais com renda familiar de at\u00e9 um sal\u00e1rio m\u00ednimo nacional, ou seja, R$ 1.518,00 por pessoa.<\/p><p>Ao ingressar no programa, o\/a estudante tem a garantia de:<\/p><ul><li>Gratuidade das refei\u00e7\u00f5es (caf\u00e9 da manh\u00e3, almo\u00e7o e jantar) nos Restaurantes Universit\u00e1rios da UFSM, conforme Resolu\u00e7\u00e3o UFSM 029\/2016;<\/li><li>Participa\u00e7\u00e3o nos editais dos processos seletivos para ingresso no Programa de Moradia Estudantil da UFSM, conforme Resolu\u00e7\u00f5es UFSM 023\/2014 e UFSM 025\/2014;<\/li><li>Participa\u00e7\u00e3o nos editais dos processos seletivos para o Aux\u00edlio Transporte;<\/li><li>Participa\u00e7\u00e3o nos editais dos processos seletivos para o Aux\u00edlio Material Pedag\u00f3gico, conforme Resolu\u00e7\u00e3o UFSM 035\/2013;<\/li><li>Acesso ao atendimento odontol\u00f3gico dispon\u00edvel para estudantes do <em>campus<\/em> de Santa Maria;<\/li><li>Participa\u00e7\u00e3o em demais editais referentes \u00e0 aux\u00edlios proporcionados a partir da Pol\u00edtica Nacional de Assist\u00eancia Estudantil.<\/li><\/ul><p><b>Como fa\u00e7o para solicitar o BSE?<\/b><\/p><p>Para participar do processo seletivo, \u00e9 importante ler e seguir todas as orienta\u00e7\u00f5es do Edital de BSE\u00a0que \u00e9 publicado pela PRAE, no in\u00edcio de cada semestre letivo.<\/p><p>Os documentos necess\u00e1rios para participar do processo seletivo para ingresso no Programa de BSE s\u00e3o gerados automaticamente pelo sistema, de acordo com as informa\u00e7\u00f5es prestadas pelo\/a estudante ao formul\u00e1rio eletr\u00f4nico.\u00a0<\/p><p>Para acessar o <b>formul\u00e1rio eletr\u00f4nico<\/b> basta fazer <em>login<\/em> no <strong>Portal Estudantil<\/strong>, selecionar a aba <strong>Assist\u00eancia<\/strong> e clicar em <strong>Benef\u00edcio Socioecon\u00f4mico<\/strong>.\u00a0<\/p><p>Mais informa\u00e7\u00f5es sobre o PBSE devem ser encaminhadas aos setores respons\u00e1veis pelos hor\u00e1rios e contatos listados abaixo:<strong><br \/><\/strong><\/p><p><strong>\u00a0<\/strong><\/p><table><tbody><tr><td><p><b><i>Campus <\/i><\/b><b>da UFSM<\/b><\/p><\/td><td><p><b>Local<\/b><\/p><\/td><td><p><b>Hor\u00e1rio<\/b><\/p><\/td><td><p><b>E-mail de contato<\/b><\/p><\/td><\/tr><tr><td><p><span style=\"font-weight: 400\">Santa Maria<\/span><\/p><\/td><td><p><span style=\"font-weight: 400\">Setor de BSE<\/span><\/p><p><span style=\"font-weight: 400\">Sala 307 &#8211; 3\u00b0 andar<\/span><\/p><p><span style=\"font-weight: 400\">Pr\u00e9dio 48D<\/span><\/p><\/td><td><p><span style=\"font-weight: 400\">Segunda-feira, Ter\u00e7a-feira, Quinta-feira e<\/span><\/p><p><span style=\"font-weight: 400\">Sexta-feira das<\/span><\/p><p><span style=\"font-weight: 400\">8h \u00e0s 12h e das 13h \u00e0s 17h<\/span><\/p><\/td><td><p><a href=\"mailto:bse@ufsm.br\"><b>bse@ufsm.br<\/b><\/a><b>\u00a0\u00a0<\/b><\/p><\/td><\/tr><tr><td><p><span style=\"font-weight: 400\">Palmeira das Miss\u00f5es<\/span><\/p><\/td><td><p><span style=\"font-weight: 400\">N\u00facleo de Apoio Pedag\u00f3gico<\/span><\/p><p><span style=\"font-weight: 400\">Sala 218<\/span><\/p><p><span style=\"font-weight: 400\">Servi\u00e7o Social<\/span><\/p><\/td><td><p><span style=\"font-weight: 400\">Segunda-feira\u00a0\u00a0<\/span><\/p><p><span style=\"font-weight: 400\">7h \u00e0s 11h30min e das 17 \u00e0s 21h<\/span><\/p><p><span style=\"font-weight: 400\">\u00a0Ter\u00e7a-feira \u00e0 quinta-feira: 7h \u00e0s 11h30min e das 13h30min \u00e0s 17h<\/span><\/p><p><span style=\"font-weight: 400\">Sexta-feira: das 8h \u00e0s 12h<\/span><\/p><\/td><td><p><a href=\"mailto:servicosocialpm@ufsm.br\"><b>servicosocialpm@ufsm.br<\/b><\/a><\/p><\/td><\/tr><tr><td><p><span style=\"font-weight: 400\">Frederico Westphalen<\/span><\/p><\/td><td><p><span style=\"font-weight: 400\">N\u00facleo de Assist\u00eancia Estudantil &#8211; <\/span><\/p><p><span style=\"font-weight: 400\">Bloco I Sala 09<\/span><\/p><\/td><td><p><span style=\"font-weight: 400\">Segunda-feira, Quarta-feira, Quinta-feira e Sexta-feira:<\/span><\/p><p><span style=\"font-weight: 400\">8h \u00e0s 12h e das 13h \u00e0s 17h<\/span><\/p><p><span style=\"font-weight: 400\">Ter\u00e7a-feira: 8h \u00e0s 12h e das 17h \u00e0s 21h<\/span><\/p><\/td><td><p><a href=\"mailto:servico.social.fw@ufsm.br\"><b>servico.social.fw@ufsm.br<\/b><\/a><\/p><\/td><\/tr><tr><td><p><span style=\"font-weight: 400\">Cachoeira do Sul<\/span><\/p><\/td><td><p><span style=\"font-weight: 400\">N\u00facleo de Assist\u00eancia aos Estudantes e Servidores NAES<\/span><\/p><p><span style=\"font-weight: 400\">Pr\u00e9dio D2<\/span><\/p><p><span style=\"font-weight: 400\">Salas 10 e 14<\/span><\/p><\/td><td><p><span style=\"font-weight: 400\">Segunda-feira\u00a0 a Sexta-feira:<\/span><\/p><p><span style=\"font-weight: 400\">8h \u00e0s 12h e das\u00a0<\/span><\/p><p><span style=\"font-weight: 400\">13h \u00e0s 17h<\/span><\/p><\/td><td><p>\u00a0<\/p><p><a href=\"mailto:cs.servicosocial@ufsm.br\"><b>cs.servicosocial@ufsm.br<\/b><\/a><\/p><p><b>\u00a0<\/b><\/p><\/td><\/tr><\/tbody><\/table><p>\u00a0<\/p>\t\t\t\t\t\t<\/div>\n\t\t\t\t<\/div>\n\t\t\t\t\t<\/div>\n\t\t<\/div>\n\t\t\t\t\t<\/div>\n\t\t<\/section>\n\t\t\t\t<section class=\"elementor-section elementor-top-section elementor-element elementor-element-98822ee elementor-section-boxed elementor-section-height-default elementor-section-height-default\" data-id=\"98822ee\" data-element_type=\"section\">\n\t\t\t\t\t\t<div class=\"elementor-container elementor-column-gap-default\">\n\t\t\t\t\t<div class=\"elementor-column elementor-col-33 elementor-top-column elementor-element elementor-element-3b573ba\" data-id=\"3b573ba\" data-element_type=\"column\">\n\t\t\t<div class=\"elementor-widget-wrap elementor-element-populated\">\n\t\t\t\t\t\t<div class=\"elementor-element elementor-element-18fc1e4 elementor-align-center elementor-widget elementor-widget-button\" data-id=\"18fc1e4\" data-element_type=\"widget\" data-widget_type=\"button.default\">\n\t\t\t\t<div class=\"elementor-widget-container\">\n\t\t\t\t\t\t\t<div class=\"elementor-button-wrapper\">\n\t\t\t\t\t<a class=\"elementor-button elementor-button-link elementor-size-sm\" href=\"https:\/\/www.ufsm.br\/pro-reitorias\/prae\/?page_id=4788\">\n\t\t\t\t\t\t<span class=\"elementor-button-content-wrapper\">\n\t\t\t\t\t\t\t\t\t<span class=\"elementor-button-text\">Lista de Documentos\/ Declara\u00e7\u00f5es<\/span>\n\t\t\t\t\t<\/span>\n\t\t\t\t\t<\/a>\n\t\t\t\t<\/div>\n\t\t\t\t\t\t<\/div>\n\t\t\t\t<\/div>\n\t\t\t\t\t<\/div>\n\t\t<\/div>\n\t\t\t\t<div class=\"elementor-column elementor-col-33 elementor-top-column elementor-element elementor-element-c135063\" data-id=\"c135063\" data-element_type=\"column\">\n\t\t\t<div class=\"elementor-widget-wrap elementor-element-populated\">\n\t\t\t\t\t\t<div class=\"elementor-element elementor-element-7cd0440 elementor-align-center elementor-widget elementor-widget-button\" data-id=\"7cd0440\" data-element_type=\"widget\" data-widget_type=\"button.default\">\n\t\t\t\t<div class=\"elementor-widget-container\">\n\t\t\t\t\t\t\t<div class=\"elementor-button-wrapper\">\n\t\t\t\t\t<a class=\"elementor-button elementor-button-link elementor-size-sm\" href=\"https:\/\/portal.ufsm.br\/aluno\/\">\n\t\t\t\t\t\t<span class=\"elementor-button-content-wrapper\">\n\t\t\t\t\t\t\t\t\t<span class=\"elementor-button-text\">Portal Estudantil da UFSM<\/span>\n\t\t\t\t\t<\/span>\n\t\t\t\t\t<\/a>\n\t\t\t\t<\/div>\n\t\t\t\t\t\t<\/div>\n\t\t\t\t<\/div>\n\t\t\t\t\t<\/div>\n\t\t<\/div>\n\t\t\t\t<div class=\"elementor-column elementor-col-33 elementor-top-column elementor-element elementor-element-34fd94c\" data-id=\"34fd94c\" data-element_type=\"column\">\n\t\t\t<div class=\"elementor-widget-wrap elementor-element-populated\">\n\t\t\t\t\t\t<div class=\"elementor-element elementor-element-2a2b701 elementor-align-center elementor-widget elementor-widget-button\" data-id=\"2a2b701\" data-element_type=\"widget\" data-widget_type=\"button.default\">\n\t\t\t\t<div class=\"elementor-widget-container\">\n\t\t\t\t\t\t\t<div class=\"elementor-button-wrapper\">\n\t\t\t\t\t<a class=\"elementor-button elementor-button-link elementor-size-sm\" href=\"https:\/\/www.ufsm.br\/pro-reitorias\/prae\/duvidas-frequentes\/\">\n\t\t\t\t\t\t<span class=\"elementor-button-content-wrapper\">\n\t\t\t\t\t\t\t\t\t<span class=\"elementor-button-text\">D\u00favidas Frequentes<\/span>\n\t\t\t\t\t<\/span>\n\t\t\t\t\t<\/a>\n\t\t\t\t<\/div>\n\t\t\t\t\t\t<\/div>\n\t\t\t\t<\/div>\n\t\t\t\t\t<\/div>\n\t\t<\/div>\n\t\t\t\t\t<\/div>\n\t\t<\/section>\n\t\t\t\t<section class=\"elementor-section elementor-top-section elementor-element elementor-element-5ad1f84 elementor-section-boxed elementor-section-height-default elementor-section-height-default\" data-id=\"5ad1f84\" data-element_type=\"section\">\n\t\t\t\t\t\t<div class=\"elementor-container elementor-column-gap-default\">\n\t\t\t\t\t<div class=\"elementor-column elementor-col-100 elementor-top-column elementor-element elementor-element-290cfcb\" data-id=\"290cfcb\" data-element_type=\"column\">\n\t\t\t<div class=\"elementor-widget-wrap elementor-element-populated\">\n\t\t\t\t\t\t<div class=\"elementor-element elementor-element-fb9b862 elementor-widget elementor-widget-text-editor\" data-id=\"fb9b862\" data-element_type=\"widget\" data-widget_type=\"text-editor.default\">\n\t\t\t\t<div class=\"elementor-widget-container\">\n\t\t\t\t\t\t\t<p><strong>TUTORIAL PARA SOLICITA\u00c7\u00c3O DO BSE:<br \/><\/strong><strong><a href=\"https:\/\/www.instagram.com\/reel\/DABtIwoSlvB\/?utm_source=ig_web_copy_link&amp;igsh=MzRlODBiNWFlZA==\">https:\/\/www.instagram.com\/reel\/DABtIwoSlvB\/?utm_source=ig_web_copy_link&amp;igsh=MzRlODBiNWFlZA==<\/a><\/strong><\/p><p>\u00a0<\/p>\t\t\t\t\t\t<\/div>\n\t\t\t\t<\/div>\n\t\t\t\t\t<\/div>\n\t\t<\/div>\n\t\t\t\t\t<\/div>\n\t\t<\/section>\n\t\t\t\t<section class=\"elementor-section elementor-top-section elementor-element elementor-element-d6807a9 elementor-section-boxed elementor-section-height-default elementor-section-height-default\" data-id=\"d6807a9\" data-element_type=\"section\">\n\t\t\t\t\t\t<div class=\"elementor-container elementor-column-gap-default\">\n\t\t\t\t\t<div class=\"elementor-column elementor-col-100 elementor-top-column elementor-element elementor-element-db0c6a0\" data-id=\"db0c6a0\" data-element_type=\"column\">\n\t\t\t<div class=\"elementor-widget-wrap elementor-element-populated\">\n\t\t\t\t\t\t<div class=\"elementor-element elementor-element-81a6ade elementor-widget elementor-widget-wp-widget-ufsm_noticias_widget\" data-id=\"81a6ade\" data-element_type=\"widget\" data-widget_type=\"wp-widget-ufsm_noticias_widget.default\">\n\t\t\t\t<div class=\"elementor-widget-container\">\n\t\t\t<h5 class='titulo-conteudos'>Not\u00edcias BSE<\/h5><div class='widget-noticias-inside'>\n                        <div class=\"row\">\n                                    <div class=\"col-12 col-lg-12 pb-4\">\n                                        \n                                        \n                    \n                    <a class=\"noticias-widget-title d-block \"  title=\"Aten\u00e7\u00e3o Odontol\u00f3gica da PRAE refor\u00e7a hor\u00e1rios de atendimento\" href=\"https:\/\/www.ufsm.br\/pro-reitorias\/prae\/atencao-odontologica-da-prae-reforca-horarios-de-atendimento\">\n                                                Aten\u00e7\u00e3o Odontol\u00f3gica da PRAE refor\u00e7a hor\u00e1rios de atendimento                    <\/a>\n                    \n                                            <div class=\"noticias-widget-introtext\">\n                            O acolhimento do Setor de Aten\u00e7\u00e3o Odontol\u00f3gica da Pr\u00f3-Reitoria de Assuntos Estudantis (PRAE),destinado exclusivamente a estudantes com Benef\u00edcio Socioecon\u00f4mico (BSE) ativo, acontece de forma remota via WhatsApp, tanto para urg\u00eancias (dor de dente\/fratura dent\u00e1ria) quanto para agendamento de consultas presenciais.&hellip;                        <\/div>\n                    \n                                        \n                                        \n                                            \n                                                    <div title=\"Publicado em 30\/03\/2026 \" class=\"data-publicacao-widget\">\n                                <i  class=\"far fa-clock\"><\/i>\n                                30\/03\/2026                             <\/div>\n                                                                <\/div>\n                            <\/div>\n                    <div class=\"row\">\n                                    <div class=\"col-12 col-lg-12 pb-4\">\n                                        \n                                        \n                    \n                    <a class=\"noticias-widget-title d-block \"  title=\"Nota sobre o funcionamento da PRAE durante o per\u00edodo de greve\" href=\"https:\/\/www.ufsm.br\/pro-reitorias\/prae\/nota-sobre-o-funcionamento-da-prae-durante-o-periodo-de-greve\">\n                                                Nota sobre o funcionamento da PRAE durante o per\u00edodo de greve                    <\/a>\n                    \n                                            <div class=\"noticias-widget-introtext\">\n                            Os setores da Pr\u00f3-Reitoria de Assuntos Estudantis (PRAE) ter\u00e3o o fluxo administrativo alterado durante o per\u00edodo de greve dos(as) T\u00e9cnicos(as)-Administrativos(as) em Educa\u00e7\u00e3o (TAEs) da UFSM a partir de 23 de fevereiro de 2026. Segue as altera\u00e7\u00f5es:\u00a0 Fique atento: quaisquer novas&hellip;                        <\/div>\n                    \n                                        \n                                        \n                                            \n                                                    <div title=\"Publicado em 26\/02\/2026 \" class=\"data-publicacao-widget\">\n                                <i  class=\"far fa-clock\"><\/i>\n                                26\/02\/2026                             <\/div>\n                                                                <\/div>\n                            <\/div>\n                    <div class=\"row\">\n                                    <div class=\"col-12 col-lg-12 pb-4\">\n                                        \n                                        \n                    \n                    <a class=\"noticias-widget-title d-block \"  title=\"PRAE divulga orienta\u00e7\u00f5es sobre o PBSE do primeiro semestre de 2026\" href=\"https:\/\/www.ufsm.br\/pro-reitorias\/prae\/prae-divulga-orientacoes-sobre-o-pbse-do-primeiro-semestre-de-2026\">\n                                                PRAE divulga orienta\u00e7\u00f5es sobre o PBSE do primeiro semestre de 2026                    <\/a>\n                    \n                                            <div class=\"noticias-widget-introtext\">\n                            Os Editais para o Processo Seletivo do Programa de Benef\u00edcio Socioecon\u00f4mico foi publicado no dia 10 de fevereiro e pode ser encontrado aqui. As inscri\u00e7\u00f5es de Ingresso est\u00e3o abertas at\u00e9 dia 15 de maio e as inscri\u00e7\u00f5es de Reingresso estar\u00e3o&hellip;                        <\/div>\n                    \n                                        \n                                        \n                                            \n                                                    <div title=\"Publicado em 23\/02\/2026 \" class=\"data-publicacao-widget\">\n                                <i  class=\"far fa-clock\"><\/i>\n                                23\/02\/2026                             <\/div>\n                                                                <\/div>\n                            <\/div>\n                    <div class=\"row\">\n                                    <div class=\"col-12 col-lg-12 pb-4\">\n                                        \n                                        \n                    \n                    <a class=\"noticias-widget-title d-block \"  title=\"PET \u201cL\u00e9lia Gonzalez\u201d de Estudos \u00c9tnico-Raciais oferta vagas para bolsistas e n\u00e3o bolsistas\" href=\"https:\/\/www.ufsm.br\/2026\/03\/25\/pet-lelia-gonzalez-de-estudos-etnico-raciais-oferta-vagas-para-bolsistas-e-nao-bolsistas\">\n                                                PET \u201cL\u00e9lia Gonzalez\u201d de Estudos \u00c9tnico-Raciais oferta vagas para bolsistas e n\u00e3o bolsistas                    <\/a>\n                    \n                                            <div class=\"noticias-widget-introtext\">\n                            Podem concorrer estudantes de cursos de gradua\u00e7\u00e3o vinculados \u00e0 \u00e1rea de Ci\u00eancias Sociais e Humanidades                        <\/div>\n                    \n                                        \n                                        \n                                            \n                                                    <div title=\"Publicado em 25\/03\/2026 \" class=\"data-publicacao-widget\">\n                                <i  class=\"far fa-clock\"><\/i>\n                                25\/03\/2026                             <\/div>\n                                                                <\/div>\n                            <\/div>\n                    <div class=\"row\">\n                                    <div class=\"col-12 col-lg-12 pb-4\">\n                                        \n                                        \n                    \n                    <a class=\"noticias-widget-title d-block \"  title=\"Abertas as inscri\u00e7\u00f5es para cursos de ingl\u00eas no campus sede da UFSM\" href=\"https:\/\/www.ufsm.br\/2026\/03\/02\/abertas-as-inscricoes-para-cursos-de-ingles-no-campus-sede-da-ufsm\">\n                                                Abertas as inscri\u00e7\u00f5es para cursos de ingl\u00eas no campus sede da UFSM                    <\/a>\n                    \n                                            <div class=\"noticias-widget-introtext\">\n                            Programa L\u00ednguas no Campus oferece cursos para comunidade universit\u00e1ria e regional                        <\/div>\n                    \n                                        \n                                        \n                                            \n                                                    <div title=\"Publicado em 02\/03\/2026 \" class=\"data-publicacao-widget\">\n                                <i  class=\"far fa-clock\"><\/i>\n                                02\/03\/2026                             <\/div>\n                                                                <\/div>\n                            <\/div>\n            <\/div>\n<div class=\"leia-mais p-1\">\n                <a href=\"https:\/\/www.ufsm.br\/pro-reitorias\/prae\/busca\/?q=&area=post|page&orderby=date&sites%5B%5D=347&sites%5B%5D=1\">\n            LEIA MAIS NOT\u00cdCIAS            <span class=\"icon-box\">\n                <span class=\"bg-ufsm-widget-icon\">\n                    <i class=\"fas fa-chevron-right\" aria-hidden=\"true\"><\/i>\n                <\/span>\n            <\/span>\n        <\/a>\n    <\/div>\n\t\t<\/div>\n\t\t\t\t<\/div>\n\t\t\t\t\t<\/div>\n\t\t<\/div>\n\t\t\t\t\t<\/div>\n\t\t<\/section>\n\t\t\t\t<\/div>\n\t\t","protected":false},"excerpt":{"rendered":"<p>O que \u00e9 o Programa de Benef\u00edcio Socioecon\u00f4mico (PBSE)? O PBSE \u00e9 um programa institucional mantido com recursos da Pol\u00edtica Nacional de Assist\u00eancia Estudantil (PNAES), institu\u00edda pela Lei n\u00ba 14.914, de 3 de julho de 2024, destinado a estudantes de cursos presenciais com renda familiar de at\u00e9 um sal\u00e1rio m\u00ednimo nacional, ou seja, R$ 1.518,00 [&hellip;]<\/p>\n","protected":false},"author":118,"featured_media":0,"parent":0,"menu_order":0,"comment_status":"closed","ping_status":"closed","template":"","meta":{"footnotes":""},"categories":[],"tags":[],"class_list":["post-3542","page","type-page","status-publish","hentry"],"acf":[],"_links":{"self":[{"href":"https:\/\/www.ufsm.br\/pro-reitorias\/prae\/wp-json\/wp\/v2\/pages\/3542","targetHints":{"allow":["GET"]}}],"collection":[{"href":"https:\/\/www.ufsm.br\/pro-reitorias\/prae\/wp-json\/wp\/v2\/pages"}],"about":[{"href":"https:\/\/www.ufsm.br\/pro-reitorias\/prae\/wp-json\/wp\/v2\/types\/page"}],"author":[{"embeddable":true,"href":"https:\/\/www.ufsm.br\/pro-reitorias\/prae\/wp-json\/wp\/v2\/users\/118"}],"replies":[{"embeddable":true,"href":"https:\/\/www.ufsm.br\/pro-reitorias\/prae\/wp-json\/wp\/v2\/comments?post=3542"}],"version-history":[{"count":0,"href":"https:\/\/www.ufsm.br\/pro-reitorias\/prae\/wp-json\/wp\/v2\/pages\/3542\/revisions"}],"wp:attachment":[{"href":"https:\/\/www.ufsm.br\/pro-reitorias\/prae\/wp-json\/wp\/v2\/media?parent=3542"}],"wp:term":[{"taxonomy":"category","embeddable":true,"href":"https:\/\/www.ufsm.br\/pro-reitorias\/prae\/wp-json\/wp\/v2\/categories?post=3542"},{"taxonomy":"post_tag","embeddable":true,"href":"https:\/\/www.ufsm.br\/pro-reitorias\/prae\/wp-json\/wp\/v2\/tags?post=3542"}],"curies":[{"name":"wp","href":"https:\/\/api.w.org\/{rel}","templated":true}]}}