{"id":4788,"date":"2022-05-20T09:04:05","date_gmt":"2022-05-20T12:04:05","guid":{"rendered":"https:\/\/www.ufsm.br\/pro-reitorias\/prae\/?page_id=4788"},"modified":"2026-02-12T13:16:23","modified_gmt":"2026-02-12T16:16:23","slug":"beneficio-socioeconomico-documentos-necessarios-para-encaminhamento","status":"publish","type":"page","link":"https:\/\/www.ufsm.br\/pro-reitorias\/prae\/beneficio-socioeconomico-documentos-necessarios-para-encaminhamento","title":{"rendered":"Benef\u00edcio Socioecon\u00f4mico &#8211; Documentos para encaminhamento"},"content":{"rendered":"\t\t<div data-elementor-type=\"wp-page\" data-elementor-id=\"4788\" class=\"elementor elementor-4788\">\n\t\t\t\t\t\t<section class=\"elementor-section elementor-top-section elementor-element elementor-element-30a003 elementor-section-boxed elementor-section-height-default elementor-section-height-default\" data-id=\"30a003\" data-element_type=\"section\">\n\t\t\t\t\t\t<div class=\"elementor-container elementor-column-gap-default\">\n\t\t\t\t\t<div class=\"elementor-column elementor-col-100 elementor-top-column elementor-element elementor-element-2c7fe127\" data-id=\"2c7fe127\" data-element_type=\"column\">\n\t\t\t<div class=\"elementor-widget-wrap elementor-element-populated\">\n\t\t\t\t\t\t<div class=\"elementor-element elementor-element-4dc0da79 elementor-widget elementor-widget-text-editor\" data-id=\"4dc0da79\" data-element_type=\"widget\" data-widget_type=\"text-editor.default\">\n\t\t\t\t<div class=\"elementor-widget-container\">\n\t\t\t\t\t\t\t<!-- wp:tadv\/classic-paragraph \/-->\t\t\t\t\t\t<\/div>\n\t\t\t\t<\/div>\n\t\t\t\t\t<\/div>\n\t\t<\/div>\n\t\t\t\t\t<\/div>\n\t\t<\/section>\n\t\t\t\t<section class=\"elementor-section elementor-top-section elementor-element elementor-element-533f651 elementor-section-boxed elementor-section-height-default elementor-section-height-default\" data-id=\"533f651\" data-element_type=\"section\">\n\t\t\t\t\t\t<div class=\"elementor-container elementor-column-gap-default\">\n\t\t\t\t\t<div class=\"elementor-column elementor-col-100 elementor-top-column elementor-element elementor-element-afa3d13\" data-id=\"afa3d13\" data-element_type=\"column\">\n\t\t\t<div class=\"elementor-widget-wrap elementor-element-populated\">\n\t\t\t\t\t\t<div class=\"elementor-element elementor-element-d1360e5 elementor-widget elementor-widget-text-editor\" data-id=\"d1360e5\" data-element_type=\"widget\" data-widget_type=\"text-editor.default\">\n\t\t\t\t<div class=\"elementor-widget-container\">\n\t\t\t\t\t\t\t<p>\u00a0<\/p>\n<p><a href=\"https:\/\/www.ufsm.br\/app\/uploads\/sites\/347\/2025\/03\/LISTA-DOCS-BSE.docx.pdf\">Rela\u00e7\u00e3o de documentos comprobat\u00f3rios da situa\u00e7\u00e3o socioecon\u00f4mica do Grupo Familiar para o processo seletivo do Programa de Benef\u00edcio Socioecon\u00f4mico (PBSE) da UFSM<\/a><\/p>\n<p><a href=\"https:\/\/www.ufsm.br\/app\/uploads\/sites\/347\/2025\/03\/roteiro_estudantes_indigenas.pdf\">Roteiro para estudantes ind\u00edgenas<\/a><\/p>\n<p><a href=\"https:\/\/www.ufsm.br\/app\/uploads\/sites\/347\/2025\/03\/roteiro_estudantes_refugiados_imigrantes_.pdf\">Roteiro para estudantes internacionais<\/a><\/p>\n<p><a href=\"https:\/\/www.ufsm.br\/app\/uploads\/sites\/347\/2025\/03\/Memorial-Descritivo-Comunidades-Quilombolas.pdf\">Roteiro para estudantes quilombolas<\/a><\/p>\n<p><a href=\"https:\/\/www.ufsm.br\/app\/uploads\/sites\/347\/2025\/03\/Declarao-nao-emissao-ou-extravio-CTPS.pdf\">N\u00e3o emiss\u00e3o\/perda de Carteira de Trabalho e Previd\u00eancia Social<\/a><\/p>\n<p><a href=\"https:\/\/www.ufsm.br\/app\/uploads\/sites\/347\/2025\/03\/declaracao_de_bens_.pdf\">Bens\/Patrim\u00f4nio do grupo familiar<\/a><\/p>\n<p><a href=\"https:\/\/www.ufsm.br\/app\/uploads\/sites\/347\/2025\/03\/declaracao_de_inexistencia_de_bens__.pdf\">Inexist\u00eancia de bens<\/a><\/p>\n<p><a href=\"https:\/\/www.ufsm.br\/app\/uploads\/sites\/347\/2025\/03\/declaracao-aluguel_direto_proprietario.pdf\">Aluguel direto com o propriet\u00e1rio<\/a><\/p>\n<p><a href=\"https:\/\/www.ufsm.br\/app\/uploads\/sites\/347\/2025\/03\/Declaracao-aluguel-do-grupo-familiar.pdf\">Moradia de aluguel<\/a><\/p>\n<p><a href=\"https:\/\/www.ufsm.br\/app\/uploads\/sites\/347\/2025\/03\/declaracao_de_moradia_cedida.pdf\">Moradia cedida<\/a><\/p>\n<p><a href=\"https:\/\/www.ufsm.br\/app\/uploads\/sites\/347\/2025\/03\/declaracao_de_nao_exercicio_de_atividade_remunerada.pdf\">N\u00e3o exerc\u00edcio de atividade remunerada<\/a><\/p>\n<p><a href=\"https:\/\/www.ufsm.br\/pro-reitorias\/prae\/wp-content\/uploads\/sites\/347\/2018\/03\/Nao_utilizacao_de_imovel.pdf\">N\u00e3o utiliza\u00e7\u00e3o de im\u00f3vel<\/a><\/p>\n<p><a href=\"https:\/\/www.ufsm.br\/app\/uploads\/sites\/347\/2025\/03\/declaracao_de_pensao_alimenticia.pdf\">Pens\u00e3o aliment\u00edcia<\/a><\/p>\n<p><a href=\"https:\/\/www.ufsm.br\/app\/uploads\/sites\/347\/2025\/03\/Declarao-de-Separao-de-Fato.pdf\">Separa\u00e7\u00e3o de fato<\/a><\/p>\n<p><a href=\"https:\/\/www.ufsm.br\/app\/uploads\/sites\/347\/2025\/03\/Declaracao-de-Trabalho-Informal.pdf\">Trabalho informal<\/a><\/p>\n<p><a href=\"https:\/\/www.ufsm.br\/app\/uploads\/sites\/347\/2025\/03\/Declaracao-de-Uniao-Estavel.pdf\">Uni\u00e3o est\u00e1vel<\/a><\/p>\n<p><a href=\"https:\/\/www.ufsm.br\/app\/uploads\/sites\/347\/2025\/03\/declaracao-de-situacao-ocupacional.pdf\">Situa\u00e7\u00e3o ocupacional<\/a><\/p>\n<p><a href=\"https:\/\/www.ufsm.br\/app\/uploads\/sites\/347\/2025\/03\/Declaracao-de-Rendimentos-de-Microempreendedora-Individual.pdf\">Rendimentos de Microempreendedor(a) Individual &#8211; MEI<\/a><\/p>\n<p><a href=\"https:\/\/www.ufsm.br\/app\/uploads\/sites\/347\/2025\/03\/Declaracao-de-renda-proveninete-de-aluguel-rural-ou-urbano.pdf\">Rendimentos provenientes de aluguel de im\u00f3vel<\/a><\/p>\n<p>\u00a0<\/p>\n<p>\u00a0<\/p>\t\t\t\t\t\t<\/div>\n\t\t\t\t<\/div>\n\t\t\t\t\t<\/div>\n\t\t<\/div>\n\t\t\t\t\t<\/div>\n\t\t<\/section>\n\t\t\t\t<\/div>\n\t\t","protected":false},"excerpt":{"rendered":"<p>\u00a0 Rela\u00e7\u00e3o de documentos comprobat\u00f3rios da situa\u00e7\u00e3o socioecon\u00f4mica do Grupo Familiar para o processo seletivo do Programa de Benef\u00edcio Socioecon\u00f4mico (PBSE) da UFSM Roteiro para estudantes ind\u00edgenas Roteiro para estudantes internacionais Roteiro para estudantes quilombolas N\u00e3o emiss\u00e3o\/perda de Carteira de Trabalho e Previd\u00eancia Social Bens\/Patrim\u00f4nio do grupo familiar Inexist\u00eancia de bens Aluguel direto com o [&hellip;]<\/p>\n","protected":false},"author":4096,"featured_media":0,"parent":0,"menu_order":0,"comment_status":"closed","ping_status":"closed","template":"","meta":{"footnotes":""},"categories":[],"tags":[],"class_list":["post-4788","page","type-page","status-publish","hentry"],"acf":[],"_links":{"self":[{"href":"https:\/\/www.ufsm.br\/pro-reitorias\/prae\/wp-json\/wp\/v2\/pages\/4788","targetHints":{"allow":["GET"]}}],"collection":[{"href":"https:\/\/www.ufsm.br\/pro-reitorias\/prae\/wp-json\/wp\/v2\/pages"}],"about":[{"href":"https:\/\/www.ufsm.br\/pro-reitorias\/prae\/wp-json\/wp\/v2\/types\/page"}],"author":[{"embeddable":true,"href":"https:\/\/www.ufsm.br\/pro-reitorias\/prae\/wp-json\/wp\/v2\/users\/4096"}],"replies":[{"embeddable":true,"href":"https:\/\/www.ufsm.br\/pro-reitorias\/prae\/wp-json\/wp\/v2\/comments?post=4788"}],"version-history":[{"count":0,"href":"https:\/\/www.ufsm.br\/pro-reitorias\/prae\/wp-json\/wp\/v2\/pages\/4788\/revisions"}],"wp:attachment":[{"href":"https:\/\/www.ufsm.br\/pro-reitorias\/prae\/wp-json\/wp\/v2\/media?parent=4788"}],"wp:term":[{"taxonomy":"category","embeddable":true,"href":"https:\/\/www.ufsm.br\/pro-reitorias\/prae\/wp-json\/wp\/v2\/categories?post=4788"},{"taxonomy":"post_tag","embeddable":true,"href":"https:\/\/www.ufsm.br\/pro-reitorias\/prae\/wp-json\/wp\/v2\/tags?post=4788"}],"curies":[{"name":"wp","href":"https:\/\/api.w.org\/{rel}","templated":true}]}}