{"id":4798,"date":"2022-05-25T11:47:59","date_gmt":"2022-05-25T14:47:59","guid":{"rendered":"https:\/\/www.ufsm.br\/pro-reitorias\/prae\/?page_id=4798"},"modified":"2022-05-25T11:50:38","modified_gmt":"2022-05-25T14:50:38","slug":"incentivo-a-orquestra-sinfonica-da-ufsm","status":"publish","type":"page","link":"https:\/\/www.ufsm.br\/pro-reitorias\/prae\/incentivo-a-orquestra-sinfonica-da-ufsm","title":{"rendered":"Incentivo \u00e0 Orquestra Sinf\u00f4nica da UFSM"},"content":{"rendered":"\t\t<div data-elementor-type=\"wp-page\" data-elementor-id=\"4798\" class=\"elementor elementor-4798\">\n\t\t\t\t\t\t<section class=\"elementor-section elementor-top-section elementor-element elementor-element-66cc1d7 elementor-section-boxed elementor-section-height-default elementor-section-height-default\" data-id=\"66cc1d7\" data-element_type=\"section\">\n\t\t\t\t\t\t<div class=\"elementor-container elementor-column-gap-default\">\n\t\t\t\t\t<div class=\"elementor-column elementor-col-100 elementor-top-column elementor-element elementor-element-fc701ef\" data-id=\"fc701ef\" data-element_type=\"column\">\n\t\t\t<div class=\"elementor-widget-wrap elementor-element-populated\">\n\t\t\t\t\t\t<div class=\"elementor-element elementor-element-def9781 elementor-align-center elementor-widget elementor-widget-button\" data-id=\"def9781\" data-element_type=\"widget\" data-widget_type=\"button.default\">\n\t\t\t\t<div class=\"elementor-widget-container\">\n\t\t\t\t\t\t\t<div class=\"elementor-button-wrapper\">\n\t\t\t\t\t<a class=\"elementor-button elementor-button-link elementor-size-sm\" href=\"\">\n\t\t\t\t\t\t<span class=\"elementor-button-content-wrapper\">\n\t\t\t\t\t\t\t\t\t<span class=\"elementor-button-text\">Site Oficial da Orquestra<\/span>\n\t\t\t\t\t<\/span>\n\t\t\t\t\t<\/a>\n\t\t\t\t<\/div>\n\t\t\t\t\t\t<\/div>\n\t\t\t\t<\/div>\n\t\t\t\t<div class=\"elementor-element elementor-element-8d8e79d elementor-widget elementor-widget-text-editor\" data-id=\"8d8e79d\" data-element_type=\"widget\" data-widget_type=\"text-editor.default\">\n\t\t\t\t<div class=\"elementor-widget-container\">\n\t\t\t\t\t\t\t<p>Como incentivo \u00e0 cultura, a PRAE realiza o cadastro do\u00a0 discente e respectivo pagamento da <strong>Bolsa da Orquestra Sinf\u00f4nica de Santa Maria<\/strong>, institu\u00edda pela Resolu\u00e7\u00e3o N\u00ba 020\/2014.<\/p><p><strong>S\u00e3o bolsas mensais, pagas durante o per\u00edodo letivo<\/strong>. O pagamento do valor integral da bolsa est\u00e1 condicionado \u00e0 freq\u00fc\u00eancia dos bolsistas nos ensaios e concertos, apurados pela Orquestra sinf\u00f4nica da UFSM.<\/p><p>Em todos os casos, o pagamento de Bolsas ou Aux\u00edlios est\u00e1 condicionado ao benefici\u00e1rio possuir conta, exclusivamente, na modalidade corrente em seu nome e CPF somente,\u00a0N\u00c3O podendo\u00a0ser de terceiros, conjunta, F\u00e1cil do BB, ou contas cujas institui\u00e7\u00f5es existam, exclusivamente, na modalidade digital. D\u00favidas contatar o Setor de Bolsas da PRAE, conforme abaixo:<\/p>\t\t\t\t\t\t<\/div>\n\t\t\t\t<\/div>\n\t\t\t\t<div class=\"elementor-element elementor-element-7413b9a elementor-widget elementor-widget-text-editor\" data-id=\"7413b9a\" data-element_type=\"widget\" data-widget_type=\"text-editor.default\">\n\t\t\t\t<div class=\"elementor-widget-container\">\n\t\t\t\t\t\t\t<p><strong>Setor de Bolsas<\/strong><\/p>\n<p>Localiza\u00e7\u00e3o: Pr\u00e9dio 48-D, 3\u00ba andar, Sala 310, Campus Sede da UFSM<\/p>\n<p>Telefone: (55) 3220 8561<\/p>\n<p>Whatsapp: (55) 9 9139-7900<\/p>\n<p>email:&nbsp;<a href=\"mailto:bolsasprae@ufsm.br\" target=\"_blank\" rel=\"noopener\">bolsasprae@ufsm.br<\/a><\/p>\t\t\t\t\t\t<\/div>\n\t\t\t\t<\/div>\n\t\t\t\t\t<\/div>\n\t\t<\/div>\n\t\t\t\t\t<\/div>\n\t\t<\/section>\n\t\t\t\t<\/div>\n\t\t","protected":false},"excerpt":{"rendered":"<p>Site Oficial da Orquestra Como incentivo \u00e0 cultura, a PRAE realiza o cadastro do\u00a0 discente e respectivo pagamento da Bolsa da Orquestra Sinf\u00f4nica de Santa Maria, institu\u00edda pela Resolu\u00e7\u00e3o N\u00ba 020\/2014. S\u00e3o bolsas mensais, pagas durante o per\u00edodo letivo. O pagamento do valor integral da bolsa est\u00e1 condicionado \u00e0 freq\u00fc\u00eancia dos bolsistas nos ensaios e [&hellip;]<\/p>\n","protected":false},"author":4096,"featured_media":0,"parent":0,"menu_order":0,"comment_status":"closed","ping_status":"closed","template":"","meta":{"footnotes":""},"categories":[],"tags":[],"class_list":["post-4798","page","type-page","status-publish","hentry"],"acf":[],"_links":{"self":[{"href":"https:\/\/www.ufsm.br\/pro-reitorias\/prae\/wp-json\/wp\/v2\/pages\/4798","targetHints":{"allow":["GET"]}}],"collection":[{"href":"https:\/\/www.ufsm.br\/pro-reitorias\/prae\/wp-json\/wp\/v2\/pages"}],"about":[{"href":"https:\/\/www.ufsm.br\/pro-reitorias\/prae\/wp-json\/wp\/v2\/types\/page"}],"author":[{"embeddable":true,"href":"https:\/\/www.ufsm.br\/pro-reitorias\/prae\/wp-json\/wp\/v2\/users\/4096"}],"replies":[{"embeddable":true,"href":"https:\/\/www.ufsm.br\/pro-reitorias\/prae\/wp-json\/wp\/v2\/comments?post=4798"}],"version-history":[{"count":0,"href":"https:\/\/www.ufsm.br\/pro-reitorias\/prae\/wp-json\/wp\/v2\/pages\/4798\/revisions"}],"wp:attachment":[{"href":"https:\/\/www.ufsm.br\/pro-reitorias\/prae\/wp-json\/wp\/v2\/media?parent=4798"}],"wp:term":[{"taxonomy":"category","embeddable":true,"href":"https:\/\/www.ufsm.br\/pro-reitorias\/prae\/wp-json\/wp\/v2\/categories?post=4798"},{"taxonomy":"post_tag","embeddable":true,"href":"https:\/\/www.ufsm.br\/pro-reitorias\/prae\/wp-json\/wp\/v2\/tags?post=4798"}],"curies":[{"name":"wp","href":"https:\/\/api.w.org\/{rel}","templated":true}]}}