{"id":6043,"date":"2026-04-01T14:43:40","date_gmt":"2026-04-01T17:43:40","guid":{"rendered":"https:\/\/www.ufsm.br\/pro-reitorias\/prae\/?page_id=6043"},"modified":"2026-04-01T16:25:35","modified_gmt":"2026-04-01T19:25:35","slug":"quinthall-cafe-promove-noite-de-karaoke-jogos-e-clima-de-pascoa-nesta-quinta-02","status":"publish","type":"page","link":"https:\/\/www.ufsm.br\/pro-reitorias\/prae\/quinthall-cafe-promove-noite-de-karaoke-jogos-e-clima-de-pascoa-nesta-quinta-02","title":{"rendered":"QuintHall Caf\u00e9 promove noite de karaok\u00ea, jogos e clima de P\u00e1scoa nesta quinta (02)"},"content":{"rendered":"\n<p data-start=\"205\" data-end=\"461\">O QuintHall Caf\u00e9 realiza, na pr\u00f3xima quinta-feira, 2 de abril, uma edi\u00e7\u00e3o especial marcada por m\u00fasica, conviv\u00eancia e o clima da P\u00e1scoa. A programa\u00e7\u00e3o acontece a partir das 17h, no Hall do Restaurante Universit\u00e1rio I da UFSM.<\/p>\n<p data-start=\"463\" data-end=\"776\"><img fetchpriority=\"high\" decoding=\"async\" class=\" wp-image-6044 aligncenter\" src=\"https:\/\/www.ufsm.br\/app\/uploads\/sites\/347\/2026\/04\/WhatsApp-Image-2026-03-31-at-16.15.09-240x300.jpeg\" alt=\"\" width=\"330\" height=\"413\" srcset=\"https:\/\/www.ufsm.br\/app\/uploads\/sites\/347\/2026\/04\/WhatsApp-Image-2026-03-31-at-16.15.09-240x300.jpeg 240w, https:\/\/www.ufsm.br\/app\/uploads\/sites\/347\/2026\/04\/WhatsApp-Image-2026-03-31-at-16.15.09-819x1024.jpeg 819w, https:\/\/www.ufsm.br\/app\/uploads\/sites\/347\/2026\/04\/WhatsApp-Image-2026-03-31-at-16.15.09-768x960.jpeg 768w, https:\/\/www.ufsm.br\/app\/uploads\/sites\/347\/2026\/04\/WhatsApp-Image-2026-03-31-at-16.15.09.jpeg 1080w\" sizes=\"(max-width: 330px) 100vw, 330px\" \/><\/p>\n<p data-start=\"463\" data-end=\"776\">\u00a0<\/p>\n<p data-start=\"463\" data-end=\"776\">Com o <strong data-start=\"469\" data-end=\"512\">karaok\u00ea como atra\u00e7\u00e3o principal da noite<\/strong>, o evento convida a comunidade acad\u00eamica a soltar a voz, compartilhar momentos e transformar o espa\u00e7o universit\u00e1rio em um ambiente de express\u00e3o, descontra\u00e7\u00e3o e encontro. A proposta \u00e9 simples: reunir pessoas, cantar junto e criar mem\u00f3rias em um espa\u00e7o acolhedor.<\/p>\n<p data-start=\"778\" data-end=\"1163\">Al\u00e9m do karaok\u00ea, a programa\u00e7\u00e3o contar\u00e1 com diversas atividades ao longo da tarde, integrando cultura, criatividade e intera\u00e7\u00e3o entre os participantes. Entre os destaques est\u00e3o o <strong data-start=\"956\" data-end=\"975\">Clube dos Jogos<\/strong>, realizado pela Top Tab, locadora de jogos de tabuleiro de Santa Maria com mais de 60 t\u00edtulos dispon\u00edveis, bingo tem\u00e1tico, oficina criativa e atividades l\u00fadicas inspiradas na P\u00e1scoa.<\/p>\n<p data-start=\"1165\" data-end=\"1405\">A edi\u00e7\u00e3o tamb\u00e9m prop\u00f5e momentos de experimenta\u00e7\u00e3o art\u00edstica e conviv\u00eancia, como a din\u00e2mica \u201cCrie uma m\u00fasica\u201d, incentivando a criatividade coletiva, al\u00e9m de pintura facial tem\u00e1tica e oficina de costura criativa com confec\u00e7\u00e3o de coelhinhos.<\/p>\n<p data-start=\"1407\" data-end=\"1726\">Realizado pelo <strong data-start=\"1422\" data-end=\"1472\">Setor de Aten\u00e7\u00e3o Integral ao Estudante (SATIE)<\/strong>, vinculado \u00e0 <strong data-start=\"1486\" data-end=\"1537\">Pr\u00f3-Reitoria de Assuntos Estudantis (PRAE\/UFSM)<\/strong> e com apoio do <strong>UFSM Conecta Sa\u00fade Mental, <\/strong>o QuintHall Caf\u00e9 acontece semanalmente, sempre \u00e0s quintas-feiras, e tem como objetivo promover sa\u00fade mental, bem-estar e integra\u00e7\u00e3o por meio da arte e da cultura dentro da universidade.<\/p>\n<h3 data-section-id=\"1fhwz18\" data-start=\"1748\" data-end=\"1783\"><span role=\"text\"><strong data-start=\"1752\" data-end=\"1781\">Programa\u00e7\u00e3o \u2013 02 de abril<\/strong><\/span><\/h3>\n<ul data-start=\"1785\" data-end=\"2073\">\n<li data-section-id=\"12as37\" data-start=\"1785\" data-end=\"1824\"><strong data-start=\"1787\" data-end=\"1794\">17h<\/strong> \u2013 Clube dos Jogos (Top Tab)<\/li>\n<li data-section-id=\"1tu7v47\" data-start=\"1825\" data-end=\"1896\"><strong data-start=\"1827\" data-end=\"1843\">17h \u00e0s 18h30<\/strong> \u2013 Oficina de costura criativa: coelhinho de P\u00e1scoa<\/li>\n<li data-section-id=\"ok3gzn\" data-start=\"1897\" data-end=\"1953\"><strong data-start=\"1899\" data-end=\"1908\">17h30<\/strong> \u2013 Bingo tem\u00e1tico: festividades brasileiras<\/li>\n<li data-section-id=\"1gendpx\" data-start=\"1954\" data-end=\"2004\"><strong data-start=\"1956\" data-end=\"1965\">17h30<\/strong> \u2013 Momento musical: \u201cCrie uma m\u00fasica\u201d<\/li>\n<li data-section-id=\"1qbeybx\" data-start=\"2005\" data-end=\"2051\"><strong data-start=\"2007\" data-end=\"2023\">18h30 \u00e0s 19h<\/strong> \u2013 Pintura facial tem\u00e1tica<\/li>\n<li data-section-id=\"r25ua4\" data-start=\"2052\" data-end=\"2073\"><strong data-start=\"2054\" data-end=\"2061\">19h<\/strong> \u2013 Karaok\u00ea<\/li>\n<\/ul>\n<p data-start=\"2071\" data-end=\"2233\">\u00a0<\/p>\n<p data-start=\"2071\" data-end=\"2233\">\ud83d\udccd <strong data-start=\"2074\" data-end=\"2084\">Local:<\/strong> Hall do Restaurante Universit\u00e1rio I \u2013 UFSM<br data-start=\"2127\" data-end=\"2130\" \/>\ud83d\udcc5 <strong data-start=\"2133\" data-end=\"2142\">Data:<\/strong> 02 de abril (quinta-feira)<br data-start=\"2169\" data-end=\"2172\" \/>\ud83d\udd54 <strong data-start=\"2175\" data-end=\"2187\">Hor\u00e1rio:<\/strong> A partir das 17h<\/p>\n\n\n\n\n\n\n","protected":false},"excerpt":{"rendered":"<p>O QuintHall Caf\u00e9 realiza, na pr\u00f3xima quinta-feira, 2 de abril, uma edi\u00e7\u00e3o especial marcada por m\u00fasica, conviv\u00eancia e o clima da P\u00e1scoa. A programa\u00e7\u00e3o acontece a partir das 17h, no Hall do Restaurante Universit\u00e1rio I da UFSM. \u00a0 Com o karaok\u00ea como atra\u00e7\u00e3o principal da noite, o evento convida a comunidade acad\u00eamica a soltar a [&hellip;]<\/p>\n","protected":false},"author":9364,"featured_media":0,"parent":0,"menu_order":0,"comment_status":"closed","ping_status":"closed","template":"","meta":{"footnotes":""},"categories":[],"tags":[63,195,196,197],"class_list":["post-6043","page","type-page","status-publish","hentry","tag-prae","tag-quinthall-cafe","tag-satie-2","tag-ufsm-conecta-saude-mental"],"acf":[],"_links":{"self":[{"href":"https:\/\/www.ufsm.br\/pro-reitorias\/prae\/wp-json\/wp\/v2\/pages\/6043","targetHints":{"allow":["GET"]}}],"collection":[{"href":"https:\/\/www.ufsm.br\/pro-reitorias\/prae\/wp-json\/wp\/v2\/pages"}],"about":[{"href":"https:\/\/www.ufsm.br\/pro-reitorias\/prae\/wp-json\/wp\/v2\/types\/page"}],"author":[{"embeddable":true,"href":"https:\/\/www.ufsm.br\/pro-reitorias\/prae\/wp-json\/wp\/v2\/users\/9364"}],"replies":[{"embeddable":true,"href":"https:\/\/www.ufsm.br\/pro-reitorias\/prae\/wp-json\/wp\/v2\/comments?post=6043"}],"version-history":[{"count":0,"href":"https:\/\/www.ufsm.br\/pro-reitorias\/prae\/wp-json\/wp\/v2\/pages\/6043\/revisions"}],"wp:attachment":[{"href":"https:\/\/www.ufsm.br\/pro-reitorias\/prae\/wp-json\/wp\/v2\/media?parent=6043"}],"wp:term":[{"taxonomy":"category","embeddable":true,"href":"https:\/\/www.ufsm.br\/pro-reitorias\/prae\/wp-json\/wp\/v2\/categories?post=6043"},{"taxonomy":"post_tag","embeddable":true,"href":"https:\/\/www.ufsm.br\/pro-reitorias\/prae\/wp-json\/wp\/v2\/tags?post=6043"}],"curies":[{"name":"wp","href":"https:\/\/api.w.org\/{rel}","templated":true}]}}