{"id":192,"date":"2019-02-19T09:07:56","date_gmt":"2019-02-19T12:07:56","guid":{"rendered":"https:\/\/www.ufsm.br\/pro-reitorias\/pre\/incubadora-social\/?page_id=192"},"modified":"2024-09-02T15:45:52","modified_gmt":"2024-09-02T18:45:52","slug":"grupos-incubados","status":"publish","type":"page","link":"https:\/\/www.ufsm.br\/pro-reitorias\/pre\/incubadora-social\/grupos-incubados","title":{"rendered":"Ciclo de Incuba\u00e7\u00e3o 2016\/2021"},"content":{"rendered":"\t\t<div data-elementor-type=\"wp-post\" data-elementor-id=\"192\" class=\"elementor elementor-192\">\n\t\t\t\t\t\t<section class=\"elementor-section elementor-top-section elementor-element elementor-element-528376b elementor-section-boxed elementor-section-height-default elementor-section-height-default\" data-id=\"528376b\" data-element_type=\"section\">\n\t\t\t\t\t\t<div class=\"elementor-container elementor-column-gap-default\">\n\t\t\t\t\t<div class=\"elementor-column elementor-col-100 elementor-top-column elementor-element elementor-element-3b9e27a\" data-id=\"3b9e27a\" data-element_type=\"column\">\n\t\t\t<div class=\"elementor-widget-wrap elementor-element-populated\">\n\t\t\t\t\t\t<div class=\"elementor-element elementor-element-d8a6d31 elementor-widget elementor-widget-text-editor\" data-id=\"d8a6d31\" data-element_type=\"widget\" data-widget_type=\"text-editor.default\">\n\t\t\t\t<div class=\"elementor-widget-container\">\n\t\t\t\t\t\t\t<p><span style=\"font-weight: 400\">Em 2016, a IS lan\u00e7ou o terceiro Edital de Incuba\u00e7\u00e3o, o\u00a0 p\u00fablico alvo foram\u00a0 grupos em situa\u00e7\u00e3o de vulnerabilidade social, j\u00e1 organizados ou em processo de organiza\u00e7\u00e3o solid\u00e1ria. Participaram do ciclo 6 grupos\/empreendimentos, os quais voc\u00ea pode conhecer um pouco mais no v\u00eddeo abaixo: <\/span><\/p>\t\t\t\t\t\t<\/div>\n\t\t\t\t<\/div>\n\t\t\t\t<div class=\"elementor-element elementor-element-4f17c38 elementor-widget elementor-widget-accordion\" data-id=\"4f17c38\" data-element_type=\"widget\" data-widget_type=\"accordion.default\">\n\t\t\t\t<div class=\"elementor-widget-container\">\n\t\t\t\t\t<div class=\"elementor-accordion\">\n\t\t\t\t\t\t\t<div class=\"elementor-accordion-item\">\n\t\t\t\t\t<div id=\"elementor-tab-title-8291\" class=\"elementor-tab-title\" data-tab=\"1\" role=\"button\" aria-controls=\"elementor-tab-content-8291\" aria-expanded=\"false\">\n\t\t\t\t\t\t\t\t\t\t\t\t\t<span class=\"elementor-accordion-icon elementor-accordion-icon-left\" aria-hidden=\"true\">\n\t\t\t\t\t\t\t\t\t\t\t\t\t\t\t<span class=\"elementor-accordion-icon-closed\"><i class=\"fas fa-plus\"><\/i><\/span>\n\t\t\t\t\t\t\t\t<span class=\"elementor-accordion-icon-opened\"><i class=\"fas fa-minus\"><\/i><\/span>\n\t\t\t\t\t\t\t\t\t\t\t\t\t\t<\/span>\n\t\t\t\t\t\t\t\t\t\t\t\t<a class=\"elementor-accordion-title\" tabindex=\"0\">Ar\u00e1 Dudu - Coletivo de Arte e Cultura Negra<\/a>\n\t\t\t\t\t<\/div>\n\t\t\t\t\t<div id=\"elementor-tab-content-8291\" class=\"elementor-tab-content elementor-clearfix\" data-tab=\"1\" role=\"region\" aria-labelledby=\"elementor-tab-title-8291\"><p>As discuss\u00f5es sobre a forma\u00e7\u00e3o do grupo iniciaram em 2014, mas sua constitui\u00e7\u00e3o enquanto coletivo, formado em sua maioria por negros e negras, deu-se em 21 de mar\u00e7o de 2015, data significativa para o grupo por ser o Dia internacional contra a discrimina\u00e7\u00e3o racial. O coletivo estrutura-se em torno de uma proposta de trabalho com arte e cultura negra na cidade de Santa Maria e Regi\u00e3o, a partir das produ\u00e7\u00f5es art\u00edsticas e culturais j\u00e1 existentes e outras constru\u00eddas coletivamente, com o intuito de formar uma rede de aux\u00edlio m\u00fatuo.<\/p><p>Junto \u00e0 Incubadora Social da UFSM, o grupo prop\u00f5e a execu\u00e7\u00e3o de a\u00e7\u00f5es relacionadas \u00e0 divulga\u00e7\u00e3o, agenciamento e venda de trabalhos art\u00edsticos e culturais realizados por artistas negros (Est\u00e9tica e Moda Afro; Agenda de espet\u00e1culos anuais, com foco nas artes c\u00eanicas com temas vinculados \u00e0 negritude; Oficinas, Semin\u00e1rios, Capacita\u00e7\u00f5es, Forma\u00e7\u00f5es para Escolas P\u00fablicas e Privadas com temas ligados a g\u00eanero, promo\u00e7\u00e3o de igualdade, xenofobia e intoler\u00e2ncias; Festival Municipal de Artes Negras).<\/p><p>Email: coletivoaradudu@gmail.com<\/p><\/div>\n\t\t\t\t<\/div>\n\t\t\t\t\t\t\t<div class=\"elementor-accordion-item\">\n\t\t\t\t\t<div id=\"elementor-tab-title-8292\" class=\"elementor-tab-title\" data-tab=\"2\" role=\"button\" aria-controls=\"elementor-tab-content-8292\" aria-expanded=\"false\">\n\t\t\t\t\t\t\t\t\t\t\t\t\t<span class=\"elementor-accordion-icon elementor-accordion-icon-left\" aria-hidden=\"true\">\n\t\t\t\t\t\t\t\t\t\t\t\t\t\t\t<span class=\"elementor-accordion-icon-closed\"><i class=\"fas fa-plus\"><\/i><\/span>\n\t\t\t\t\t\t\t\t<span class=\"elementor-accordion-icon-opened\"><i class=\"fas fa-minus\"><\/i><\/span>\n\t\t\t\t\t\t\t\t\t\t\t\t\t\t<\/span>\n\t\t\t\t\t\t\t\t\t\t\t\t<a class=\"elementor-accordion-title\" tabindex=\"0\">Ketaju Tegtu &amp; Guaviraty Por\u00e3<\/a>\n\t\t\t\t\t<\/div>\n\t\t\t\t\t<div id=\"elementor-tab-content-8292\" class=\"elementor-tab-content elementor-clearfix\" data-tab=\"2\" role=\"region\" aria-labelledby=\"elementor-tab-title-8292\"><p>A atual comunidade Kaingang de Santa Maria come\u00e7a sua trajet\u00f3ria no munic\u00edpio em 2001, quando fam\u00edlias passaram a ocupar um terreno pr\u00f3ximo \u00e0 rodovi\u00e1ria como local de passagem para as vendas de artesanatos, firmando-se como aldeia reconhecida pela FUNAI no ano de 2010.<\/p><p>J\u00e1 a comunidade Guarani Mbya come\u00e7a a se estabelecer no munic\u00edpio em 1976, com as primeiras fam\u00edlias desta etnia que acampavam sob a ponte do Rio Arenal, na sa\u00edda para S\u00e3o Sep\u00e9. Ap\u00f3s anos convivendo em situa\u00e7\u00e3o de vulnerabilidade, s\u00e3o reconhecidos como aldeia pela FUNAI no ano de 2012, compreendendo o atual aldeamento. As duas aldeias constituem um grupo, cuja proposta junto \u00e0 IS-UFSM consiste no desenvolvimento de a\u00e7\u00f5es relacionadas ao plantio, manejo, recupera\u00e7\u00e3o e manuten\u00e7\u00e3o das t\u00e9cnicas ind\u00edgenas tradicionais, al\u00e9m de t\u00e9cnicas agroecol\u00f3gicas e sintr\u00f3picas de cultivo de plantas utilizadas tanto nas produ\u00e7\u00f5es culturais e art\u00edsticas (artesanatos, pinturas etc.) quanto na alimenta\u00e7\u00e3o, na perspectiva da sustentabilidade socioambiental, visando principalmente \u00e0 autonomia financeira.<\/p><\/div>\n\t\t\t\t<\/div>\n\t\t\t\t\t\t\t<div class=\"elementor-accordion-item\">\n\t\t\t\t\t<div id=\"elementor-tab-title-8293\" class=\"elementor-tab-title\" data-tab=\"3\" role=\"button\" aria-controls=\"elementor-tab-content-8293\" aria-expanded=\"false\">\n\t\t\t\t\t\t\t\t\t\t\t\t\t<span class=\"elementor-accordion-icon elementor-accordion-icon-left\" aria-hidden=\"true\">\n\t\t\t\t\t\t\t\t\t\t\t\t\t\t\t<span class=\"elementor-accordion-icon-closed\"><i class=\"fas fa-plus\"><\/i><\/span>\n\t\t\t\t\t\t\t\t<span class=\"elementor-accordion-icon-opened\"><i class=\"fas fa-minus\"><\/i><\/span>\n\t\t\t\t\t\t\t\t\t\t\t\t\t\t<\/span>\n\t\t\t\t\t\t\t\t\t\t\t\t<a class=\"elementor-accordion-title\" tabindex=\"0\">Grupo de Agricultores Org\u00e2nicos da Regi\u00e3o Central - RS<\/a>\n\t\t\t\t\t<\/div>\n\t\t\t\t\t<div id=\"elementor-tab-content-8293\" class=\"elementor-tab-content elementor-clearfix\" data-tab=\"3\" role=\"region\" aria-labelledby=\"elementor-tab-title-8293\"><p>A caminhada do grupo teve in\u00edcio quando, em novembro de 2014, agricultores(as) org\u00e2nicos(as) de assentamentos do MST dos munic\u00edpios de J\u00falio de Castilhos e Pinhal Grande e outros de Dona Francisca e Itaara, juntamente com t\u00e9cnicos da EMATER, procuraram a universidade para estabelecer parcerias tanto para a produ\u00e7\u00e3o quanto para a comercializa\u00e7\u00e3o de produtos org\u00e2nicos. Na continuidade, ocorreram visitas \u00e0s propriedades das fam\u00edlias para efetiv\u00e1-las enquanto grupo que compartilha saberes sobre produ\u00e7\u00e3o org\u00e2nica, agroecol\u00f3gica e biodin\u00e2mica de alimentos.<\/p><\/div>\n\t\t\t\t<\/div>\n\t\t\t\t\t\t\t<div class=\"elementor-accordion-item\">\n\t\t\t\t\t<div id=\"elementor-tab-title-8294\" class=\"elementor-tab-title\" data-tab=\"4\" role=\"button\" aria-controls=\"elementor-tab-content-8294\" aria-expanded=\"false\">\n\t\t\t\t\t\t\t\t\t\t\t\t\t<span class=\"elementor-accordion-icon elementor-accordion-icon-left\" aria-hidden=\"true\">\n\t\t\t\t\t\t\t\t\t\t\t\t\t\t\t<span class=\"elementor-accordion-icon-closed\"><i class=\"fas fa-plus\"><\/i><\/span>\n\t\t\t\t\t\t\t\t<span class=\"elementor-accordion-icon-opened\"><i class=\"fas fa-minus\"><\/i><\/span>\n\t\t\t\t\t\t\t\t\t\t\t\t\t\t<\/span>\n\t\t\t\t\t\t\t\t\t\t\t\t<a class=\"elementor-accordion-title\" tabindex=\"0\">Associa\u00e7\u00e3o Quilombola Linha F\u00e3o<\/a>\n\t\t\t\t\t<\/div>\n\t\t\t\t\t<div id=\"elementor-tab-content-8294\" class=\"elementor-tab-content elementor-clearfix\" data-tab=\"4\" role=\"region\" aria-labelledby=\"elementor-tab-title-8294\"><p>A comunidade est\u00e1 localizada a 30 km do centro de Arroio do Tigre, em um terreno bastante \u00edngreme e de solo pedregoso, pr\u00f3ximo ao Rio Caix\u00e3o, que faz divisa com o munic\u00edpio de Salto de Jacu\u00ed. Neste local residem 15 fam\u00edlias, que compartilham uma \u00e1rea de aproximadamente 11 hectares. As atividades produtivas da comunidade baseiam-se na agricultura de subsist\u00eancia (mandioca, feij\u00e3o, verduras e legumes) e no plantio de fumo, bem como na produ\u00e7\u00e3o de artesanato. A maioria das pessoas, com exce\u00e7\u00e3o dos mais novos e idosos, costuma trabalhar como pe\u00f5es, diaristas ou agregados nas propriedades que cultivam fumo na regi\u00e3o, al\u00e9m de prestar servi\u00e7os diversos fora do per\u00edodo de colheita do fumo.<\/p><p>A comunidade busca junto \u00e0 IS-UFSM aux\u00edlio para diversificar as atividades produtivas e assim incrementar a renda das fam\u00edlias e promover o seu desenvolvimento. A proposta da Associa\u00e7\u00e3o est\u00e1 baseada na instala\u00e7\u00e3o de estufas para cultivo protegido de oler\u00edcolas, capacita\u00e7\u00f5es t\u00e9cnicas em agroecologia, forma\u00e7\u00e3o em economia solid\u00e1ria e inser\u00e7\u00e3o da produ\u00e7\u00e3o em mercados consumidores regionais e institucionais.<\/p><\/div>\n\t\t\t\t<\/div>\n\t\t\t\t\t\t\t<div class=\"elementor-accordion-item\">\n\t\t\t\t\t<div id=\"elementor-tab-title-8295\" class=\"elementor-tab-title\" data-tab=\"5\" role=\"button\" aria-controls=\"elementor-tab-content-8295\" aria-expanded=\"false\">\n\t\t\t\t\t\t\t\t\t\t\t\t\t<span class=\"elementor-accordion-icon elementor-accordion-icon-left\" aria-hidden=\"true\">\n\t\t\t\t\t\t\t\t\t\t\t\t\t\t\t<span class=\"elementor-accordion-icon-closed\"><i class=\"fas fa-plus\"><\/i><\/span>\n\t\t\t\t\t\t\t\t<span class=\"elementor-accordion-icon-opened\"><i class=\"fas fa-minus\"><\/i><\/span>\n\t\t\t\t\t\t\t\t\t\t\t\t\t\t<\/span>\n\t\t\t\t\t\t\t\t\t\t\t\t<a class=\"elementor-accordion-title\" tabindex=\"0\">Associa\u00e7\u00e3o de Catadores de Materiais Recicl\u00e1veis Palmeira Verde<\/a>\n\t\t\t\t\t<\/div>\n\t\t\t\t\t<div id=\"elementor-tab-content-8295\" class=\"elementor-tab-content elementor-clearfix\" data-tab=\"5\" role=\"region\" aria-labelledby=\"elementor-tab-title-8295\"><p>A Associa\u00e7\u00e3o foi constitu\u00edda em 2012, por indiv\u00edduos que t\u00eam como atividade principal a coleta de materiais recicl\u00e1veis em Palmeira das Miss\u00f5es. A partir de debates com esses indiv\u00edduos, entendeu-se que um dos caminhos para a supera\u00e7\u00e3o da vulnerabilidade das fam\u00edlias seria a organiza\u00e7\u00e3o de uma gest\u00e3o solid\u00e1ria e cooperativa que viesse a proporcionar mais rendimentos e qualidade de vida aos trabalhadores.<\/p><p>Juntamente com a comunidade, a Associa\u00e7\u00e3o busca realizar um trabalho sobre a import\u00e2ncia e a valoriza\u00e7\u00e3o do papel do catador(a) como sujeito que busca espa\u00e7o na sociedade e contribui para a sa\u00fade e qualidade de vida da popula\u00e7\u00e3o.<\/p><p>A proposta do grupo junto \u00e0 IS-UFSM visa \u00e0 conquista da autonomia para gest\u00e3o e organiza\u00e7\u00e3o social da Associa\u00e7\u00e3o, pautada pelos princ\u00edpios da economia solid\u00e1ria, a fim de promover mudan\u00e7as nos h\u00e1bitos e atitudes das pessoas com rela\u00e7\u00e3o \u00e0 reutiliza\u00e7\u00e3o ou reciclagem de materiais, gerando renda e promovendo a sustentabilidade socioambiental.<\/p><\/div>\n\t\t\t\t<\/div>\n\t\t\t\t\t\t\t<div class=\"elementor-accordion-item\">\n\t\t\t\t\t<div id=\"elementor-tab-title-8296\" class=\"elementor-tab-title\" data-tab=\"6\" role=\"button\" aria-controls=\"elementor-tab-content-8296\" aria-expanded=\"false\">\n\t\t\t\t\t\t\t\t\t\t\t\t\t<span class=\"elementor-accordion-icon elementor-accordion-icon-left\" aria-hidden=\"true\">\n\t\t\t\t\t\t\t\t\t\t\t\t\t\t\t<span class=\"elementor-accordion-icon-closed\"><i class=\"fas fa-plus\"><\/i><\/span>\n\t\t\t\t\t\t\t\t<span class=\"elementor-accordion-icon-opened\"><i class=\"fas fa-minus\"><\/i><\/span>\n\t\t\t\t\t\t\t\t\t\t\t\t\t\t<\/span>\n\t\t\t\t\t\t\t\t\t\t\t\t<a class=\"elementor-accordion-title\" tabindex=\"0\">Associa\u00e7\u00e3o Comunit\u00e1ria Remanescente Quilombola de J\u00falio Borges<\/a>\n\t\t\t\t\t<\/div>\n\t\t\t\t\t<div id=\"elementor-tab-content-8296\" class=\"elementor-tab-content elementor-clearfix\" data-tab=\"6\" role=\"region\" aria-labelledby=\"elementor-tab-title-8296\"><p>A comunidade quilombola, situada no munic\u00edpio de Salto do Jacu\u00ed, RS, constitui-se em uma agrovila formada pelos domic\u00edlios de 48 fam\u00edlias. Atualmente, vivem em uma \u00e1rea total de 210 hectares, onde s\u00e3o cultivados principalmente mandioca, amendoim, milho, batata e feij\u00e3o, mantendo a produ\u00e7\u00e3o de alimentos tradicionais das comunidades quilombolas.<\/p><p>A proposta do grupo junto \u00e0 IS-UFSM busca promover a qualifica\u00e7\u00e3o e a diversifica\u00e7\u00e3o das atividades produtivas dedicadas aos cultivos tradicionais, levando em conta os princ\u00edpios da agroecologia, o planejamento de atividades voltadas \u00e0 produ\u00e7\u00e3o de panificados e o fomento do artesanato, com vistas \u00e0 participa\u00e7\u00e3o da comunidade quilombola em redes de economia solid\u00e1ria e mercados institucionais. Busca-se, neste sentido, dar \u00eanfase aos sistemas de produ\u00e7\u00e3o tradicionais para constituir uma cooperativa de comercializa\u00e7\u00e3o dos produtos quilombolas.<\/p><\/div>\n\t\t\t\t<\/div>\n\t\t\t\t\t\t\t\t<\/div>\n\t\t\t\t<\/div>\n\t\t\t\t<\/div>\n\t\t\t\t\t<\/div>\n\t\t<\/div>\n\t\t\t\t\t<\/div>\n\t\t<\/section>\n\t\t\t\t<section class=\"elementor-section elementor-top-section elementor-element elementor-element-14a443e elementor-section-boxed elementor-section-height-default elementor-section-height-default\" data-id=\"14a443e\" data-element_type=\"section\">\n\t\t\t\t\t\t<div class=\"elementor-container elementor-column-gap-default\">\n\t\t\t\t\t<div class=\"elementor-column elementor-col-100 elementor-top-column elementor-element elementor-element-b1fa2b3\" data-id=\"b1fa2b3\" data-element_type=\"column\">\n\t\t\t<div class=\"elementor-widget-wrap elementor-element-populated\">\n\t\t\t\t\t\t<div class=\"elementor-element elementor-element-698f9d9 elementor-widget elementor-widget-video\" data-id=\"698f9d9\" data-element_type=\"widget\" data-settings=\"{&quot;youtube_url&quot;:&quot;https:\\\/\\\/www.youtube.com\\\/watch?v=ijnZlpn2RKE&quot;,&quot;video_type&quot;:&quot;youtube&quot;,&quot;controls&quot;:&quot;yes&quot;}\" data-widget_type=\"video.default\">\n\t\t\t\t<div class=\"elementor-widget-container\">\n\t\t\t\t\t<div class=\"elementor-wrapper elementor-open-inline\">\n\t\t\t<div class=\"elementor-video\"><\/div>\t\t<\/div>\n\t\t\t\t<\/div>\n\t\t\t\t<\/div>\n\t\t\t\t\t<\/div>\n\t\t<\/div>\n\t\t\t\t\t<\/div>\n\t\t<\/section>\n\t\t\t\t<\/div>\n\t\t","protected":false},"excerpt":{"rendered":"<p>Em 2016, a IS lan\u00e7ou o terceiro Edital de Incuba\u00e7\u00e3o, o\u00a0 p\u00fablico alvo foram\u00a0 grupos em situa\u00e7\u00e3o de vulnerabilidade social, j\u00e1 organizados ou em processo de organiza\u00e7\u00e3o solid\u00e1ria. Participaram do ciclo 6 grupos\/empreendimentos, os quais voc\u00ea pode conhecer um pouco mais no v\u00eddeo abaixo: Ar\u00e1 Dudu &#8211; Coletivo de Arte e Cultura Negra As discuss\u00f5es [&hellip;]<\/p>\n","protected":false},"author":159,"featured_media":0,"parent":0,"menu_order":0,"comment_status":"closed","ping_status":"closed","template":"","meta":{"footnotes":""},"categories":[],"tags":[],"class_list":["post-192","page","type-page","status-publish","hentry"],"acf":[],"_links":{"self":[{"href":"https:\/\/www.ufsm.br\/pro-reitorias\/pre\/incubadora-social\/wp-json\/wp\/v2\/pages\/192","targetHints":{"allow":["GET"]}}],"collection":[{"href":"https:\/\/www.ufsm.br\/pro-reitorias\/pre\/incubadora-social\/wp-json\/wp\/v2\/pages"}],"about":[{"href":"https:\/\/www.ufsm.br\/pro-reitorias\/pre\/incubadora-social\/wp-json\/wp\/v2\/types\/page"}],"author":[{"embeddable":true,"href":"https:\/\/www.ufsm.br\/pro-reitorias\/pre\/incubadora-social\/wp-json\/wp\/v2\/users\/159"}],"replies":[{"embeddable":true,"href":"https:\/\/www.ufsm.br\/pro-reitorias\/pre\/incubadora-social\/wp-json\/wp\/v2\/comments?post=192"}],"version-history":[{"count":0,"href":"https:\/\/www.ufsm.br\/pro-reitorias\/pre\/incubadora-social\/wp-json\/wp\/v2\/pages\/192\/revisions"}],"wp:attachment":[{"href":"https:\/\/www.ufsm.br\/pro-reitorias\/pre\/incubadora-social\/wp-json\/wp\/v2\/media?parent=192"}],"wp:term":[{"taxonomy":"category","embeddable":true,"href":"https:\/\/www.ufsm.br\/pro-reitorias\/pre\/incubadora-social\/wp-json\/wp\/v2\/categories?post=192"},{"taxonomy":"post_tag","embeddable":true,"href":"https:\/\/www.ufsm.br\/pro-reitorias\/pre\/incubadora-social\/wp-json\/wp\/v2\/tags?post=192"}],"curies":[{"name":"wp","href":"https:\/\/api.w.org\/{rel}","templated":true}]}}